{"id":86,"date":"2023-03-21T16:41:33","date_gmt":"2023-03-21T19:41:33","guid":{"rendered":"https:\/\/sites.uel.br\/vitrinetecnologica\/?page_id=86"},"modified":"2023-06-01T15:35:53","modified_gmt":"2023-06-01T18:35:53","slug":"tecnologia-verde-e-sustentavel","status":"publish","type":"page","link":"https:\/\/sites.uel.br\/vitrinetecnologica\/tecnologia-verde-e-sustentavel\/","title":{"rendered":"Tecnologia Verde e Sustent\u00e1vel"},"content":{"rendered":"\n<p><\/p>\n\n\n<ul class=\"wp-block-latest-posts__list is-grid columns-3 wp-block-latest-posts\"><li><div class=\"wp-block-latest-posts__featured-image aligncenter\"><img loading=\"lazy\" decoding=\"async\" width=\"300\" height=\"169\" src=\"https:\/\/sites.uel.br\/vitrinetecnologica\/wp-content\/uploads\/2023\/06\/Vitrine-Tecnologica-UEL-2023-54-300x169.png\" class=\"attachment-medium size-medium wp-post-image\" alt=\"\" style=\"\" srcset=\"https:\/\/sites.uel.br\/vitrinetecnologica\/wp-content\/uploads\/2023\/06\/Vitrine-Tecnologica-UEL-2023-54-300x169.png 300w, https:\/\/sites.uel.br\/vitrinetecnologica\/wp-content\/uploads\/2023\/06\/Vitrine-Tecnologica-UEL-2023-54-1024x576.png 1024w, https:\/\/sites.uel.br\/vitrinetecnologica\/wp-content\/uploads\/2023\/06\/Vitrine-Tecnologica-UEL-2023-54-768x432.png 768w, https:\/\/sites.uel.br\/vitrinetecnologica\/wp-content\/uploads\/2023\/06\/Vitrine-Tecnologica-UEL-2023-54-1536x864.png 1536w, https:\/\/sites.uel.br\/vitrinetecnologica\/wp-content\/uploads\/2023\/06\/Vitrine-Tecnologica-UEL-2023-54.png 1920w\" sizes=\"auto, (max-width: 300px) 100vw, 300px\" \/><\/div><a class=\"wp-block-latest-posts__post-title\" href=\"https:\/\/sites.uel.br\/vitrinetecnologica\/tecnologia-verde-e-sustentavel\/2023\/05\/26\/filmes-orodispersives-a-partir-de-uma-matriz-polimerica-biodegradavel-de-fontes-renovavel\/\">Filmes orodispers\u00edves a partir de uma matriz polim\u00e9rica biodegrad\u00e1vel de fontes renov\u00e1vel<\/a><div class=\"wp-block-latest-posts__post-excerpt\">A presente inven\u00e7\u00e3o se refere a filmes orodispers\u00edveis definidos como pel\u00edculas finas empregadas como carreadoras de f\u00e1rmacos para absor\u00e7\u00e3o direta na cavidade bucal. As matrizes polim\u00e9ricas descritas no presente pedido s\u00e3o 100% de fonte renov\u00e1vel e biodegrad\u00e1vel, sendo facilmente solubilizadas na boca, podendo ser empregadas preferencialmente para a veicula\u00e7\u00e3o de f\u00e1rmacos hidrossol\u00faveis. As formula\u00e7\u00f5es das\u2026 <a class=\"wp-block-latest-posts__read-more\" href=\"https:\/\/sites.uel.br\/vitrinetecnologica\/tecnologia-verde-e-sustentavel\/2023\/05\/26\/filmes-orodispersives-a-partir-de-uma-matriz-polimerica-biodegradavel-de-fontes-renovavel\/\" rel=\"noopener noreferrer\">Leia mais<span class=\"screen-reader-text\">: Filmes orodispers\u00edves a partir de uma matriz polim\u00e9rica biodegrad\u00e1vel de fontes renov\u00e1vel<\/span><\/a><\/div><\/li>\n<\/ul>","protected":false},"excerpt":{"rendered":"","protected":false},"author":8,"featured_media":0,"parent":0,"menu_order":0,"comment_status":"closed","ping_status":"closed","template":"","meta":{"footnotes":""},"class_list":["post-86","page","type-page","status-publish","hentry"],"acf":[],"_links":{"self":[{"href":"https:\/\/sites.uel.br\/vitrinetecnologica\/wp-json\/wp\/v2\/pages\/86","targetHints":{"allow":["GET"]}}],"collection":[{"href":"https:\/\/sites.uel.br\/vitrinetecnologica\/wp-json\/wp\/v2\/pages"}],"about":[{"href":"https:\/\/sites.uel.br\/vitrinetecnologica\/wp-json\/wp\/v2\/types\/page"}],"author":[{"embeddable":true,"href":"https:\/\/sites.uel.br\/vitrinetecnologica\/wp-json\/wp\/v2\/users\/8"}],"replies":[{"embeddable":true,"href":"https:\/\/sites.uel.br\/vitrinetecnologica\/wp-json\/wp\/v2\/comments?post=86"}],"version-history":[{"count":7,"href":"https:\/\/sites.uel.br\/vitrinetecnologica\/wp-json\/wp\/v2\/pages\/86\/revisions"}],"predecessor-version":[{"id":758,"href":"https:\/\/sites.uel.br\/vitrinetecnologica\/wp-json\/wp\/v2\/pages\/86\/revisions\/758"}],"wp:attachment":[{"href":"https:\/\/sites.uel.br\/vitrinetecnologica\/wp-json\/wp\/v2\/media?parent=86"}],"curies":[{"name":"wp","href":"https:\/\/api.w.org\/{rel}","templated":true}]}}