{"id":82,"date":"2023-03-21T16:40:24","date_gmt":"2023-03-21T19:40:24","guid":{"rendered":"https:\/\/sites.uel.br\/vitrinetecnologica\/?page_id=82"},"modified":"2023-06-01T15:37:08","modified_gmt":"2023-06-01T18:37:08","slug":"tecnologia-assistiva","status":"publish","type":"page","link":"https:\/\/sites.uel.br\/vitrinetecnologica\/tecnologia-assistiva\/","title":{"rendered":"Tecnologia Assistiva"},"content":{"rendered":"\n<p><\/p>\n\n\n<ul class=\"wp-block-latest-posts__list is-grid columns-3 wp-block-latest-posts\"><li><div class=\"wp-block-latest-posts__featured-image aligncenter\"><img loading=\"lazy\" decoding=\"async\" width=\"300\" height=\"169\" src=\"https:\/\/sites.uel.br\/vitrinetecnologica\/wp-content\/uploads\/2023\/05\/Vitrine-Tecnologica-UEL-2023-77-300x169.png\" class=\"attachment-medium size-medium wp-post-image\" alt=\"\" style=\"max-width:300px;max-height:300px;\" srcset=\"https:\/\/sites.uel.br\/vitrinetecnologica\/wp-content\/uploads\/2023\/05\/Vitrine-Tecnologica-UEL-2023-77-300x169.png 300w, https:\/\/sites.uel.br\/vitrinetecnologica\/wp-content\/uploads\/2023\/05\/Vitrine-Tecnologica-UEL-2023-77-1024x576.png 1024w, https:\/\/sites.uel.br\/vitrinetecnologica\/wp-content\/uploads\/2023\/05\/Vitrine-Tecnologica-UEL-2023-77-768x432.png 768w, https:\/\/sites.uel.br\/vitrinetecnologica\/wp-content\/uploads\/2023\/05\/Vitrine-Tecnologica-UEL-2023-77-1536x864.png 1536w, https:\/\/sites.uel.br\/vitrinetecnologica\/wp-content\/uploads\/2023\/05\/Vitrine-Tecnologica-UEL-2023-77.png 1920w\" sizes=\"auto, (max-width: 300px) 100vw, 300px\" \/><\/div><a class=\"wp-block-latest-posts__post-title\" href=\"https:\/\/sites.uel.br\/vitrinetecnologica\/tecnologia-assistiva\/2023\/05\/29\/estimulador-de-caminhada-para-reabilitacao-de-pacientes-paraplegicos\/\">Estimulador de caminhada para reabilita\u00e7\u00e3o de pacientes parapl\u00e9gicos<\/a><div class=\"wp-block-latest-posts__post-excerpt\">A presente inven\u00e7\u00e3o consiste em um equipamento estimulador de caminhada atrav\u00e9s de eletroestimula\u00e7\u00e3o, o qual busca auxiliar na reabilita\u00e7\u00e3o de pacientes parapl\u00e9gicos. Atrav\u00e9s de uma estrutura elaborada, \u00e9 poss\u00edvel simular uma marcha constante, assim, oferecendo melhor desempenho na reabilita\u00e7\u00e3o do paciente.<\/div><\/li>\n<li><div class=\"wp-block-latest-posts__featured-image aligncenter\"><img loading=\"lazy\" decoding=\"async\" width=\"300\" height=\"169\" src=\"https:\/\/sites.uel.br\/vitrinetecnologica\/wp-content\/uploads\/2023\/05\/Vitrine-Tecnologica-UEL-2023-78-300x169.png\" class=\"attachment-medium size-medium wp-post-image\" alt=\"\" style=\"max-width:300px;max-height:300px;\" srcset=\"https:\/\/sites.uel.br\/vitrinetecnologica\/wp-content\/uploads\/2023\/05\/Vitrine-Tecnologica-UEL-2023-78-300x169.png 300w, https:\/\/sites.uel.br\/vitrinetecnologica\/wp-content\/uploads\/2023\/05\/Vitrine-Tecnologica-UEL-2023-78-1024x576.png 1024w, https:\/\/sites.uel.br\/vitrinetecnologica\/wp-content\/uploads\/2023\/05\/Vitrine-Tecnologica-UEL-2023-78-768x432.png 768w, https:\/\/sites.uel.br\/vitrinetecnologica\/wp-content\/uploads\/2023\/05\/Vitrine-Tecnologica-UEL-2023-78-1536x864.png 1536w, https:\/\/sites.uel.br\/vitrinetecnologica\/wp-content\/uploads\/2023\/05\/Vitrine-Tecnologica-UEL-2023-78.png 1920w\" sizes=\"auto, (max-width: 300px) 100vw, 300px\" \/><\/div><a class=\"wp-block-latest-posts__post-title\" href=\"https:\/\/sites.uel.br\/vitrinetecnologica\/tecnologia-assistiva\/2023\/05\/29\/motorizacao-de-cadeiras-de-rodas-por-motores-de-inducao-trifasicos-com-controle-vetorial-e-comando-por-joystick-e-sopro-succao\/\">Motoriza\u00e7\u00e3o de cadeiras de rodas por motores de indu\u00e7\u00e3o trif\u00e1sicos com controle vetorial e comando por joystick e sopro\/suc\u00e7\u00e3o<\/a><div class=\"wp-block-latest-posts__post-excerpt\">A presente inven\u00e7\u00e3o \u00e9 caracterizada pelo fato das cadeiras de rodas serem acionadas por motores de indu\u00e7\u00e3o de alto rendimento. Proporcionando a deficientes f\u00edsicos um meio de locomo\u00e7\u00e3o por cadeiras de rodas controlada tanto por joystick, quanto por uma interface de sopro e suc\u00e7\u00e3o abrangendo assim pacientes tetrapl\u00e9gicos e oferecendo assim a eles um menor\u2026 <a class=\"wp-block-latest-posts__read-more\" href=\"https:\/\/sites.uel.br\/vitrinetecnologica\/tecnologia-assistiva\/2023\/05\/29\/motorizacao-de-cadeiras-de-rodas-por-motores-de-inducao-trifasicos-com-controle-vetorial-e-comando-por-joystick-e-sopro-succao\/\" rel=\"noopener noreferrer\">Leia mais<span class=\"screen-reader-text\">: Motoriza\u00e7\u00e3o de cadeiras de rodas por motores de indu\u00e7\u00e3o trif\u00e1sicos com controle vetorial e comando por joystick e sopro\/suc\u00e7\u00e3o<\/span><\/a><\/div><\/li>\n<\/ul>","protected":false},"excerpt":{"rendered":"","protected":false},"author":8,"featured_media":0,"parent":0,"menu_order":0,"comment_status":"closed","ping_status":"closed","template":"","meta":{"footnotes":""},"class_list":["post-82","page","type-page","status-publish","hentry"],"acf":[],"_links":{"self":[{"href":"https:\/\/sites.uel.br\/vitrinetecnologica\/wp-json\/wp\/v2\/pages\/82","targetHints":{"allow":["GET"]}}],"collection":[{"href":"https:\/\/sites.uel.br\/vitrinetecnologica\/wp-json\/wp\/v2\/pages"}],"about":[{"href":"https:\/\/sites.uel.br\/vitrinetecnologica\/wp-json\/wp\/v2\/types\/page"}],"author":[{"embeddable":true,"href":"https:\/\/sites.uel.br\/vitrinetecnologica\/wp-json\/wp\/v2\/users\/8"}],"replies":[{"embeddable":true,"href":"https:\/\/sites.uel.br\/vitrinetecnologica\/wp-json\/wp\/v2\/comments?post=82"}],"version-history":[{"count":7,"href":"https:\/\/sites.uel.br\/vitrinetecnologica\/wp-json\/wp\/v2\/pages\/82\/revisions"}],"predecessor-version":[{"id":761,"href":"https:\/\/sites.uel.br\/vitrinetecnologica\/wp-json\/wp\/v2\/pages\/82\/revisions\/761"}],"wp:attachment":[{"href":"https:\/\/sites.uel.br\/vitrinetecnologica\/wp-json\/wp\/v2\/media?parent=82"}],"curies":[{"name":"wp","href":"https:\/\/api.w.org\/{rel}","templated":true}]}}