{"id":73,"date":"2023-03-21T16:38:30","date_gmt":"2023-03-21T19:38:30","guid":{"rendered":"https:\/\/sites.uel.br\/vitrinetecnologica\/?page_id=73"},"modified":"2023-06-01T15:35:12","modified_gmt":"2023-06-01T18:35:12","slug":"engenharia","status":"publish","type":"page","link":"https:\/\/sites.uel.br\/vitrinetecnologica\/engenharia\/","title":{"rendered":"Engenharia"},"content":{"rendered":"\n<p><\/p>\n\n\n<ul class=\"wp-block-latest-posts__list is-grid columns-3 wp-block-latest-posts\"><li><div class=\"wp-block-latest-posts__featured-image aligncenter\"><img loading=\"lazy\" decoding=\"async\" width=\"300\" height=\"169\" src=\"https:\/\/sites.uel.br\/vitrinetecnologica\/wp-content\/uploads\/2023\/06\/Vitrine-Tecnologica-UEL-2023-52-300x169.png\" class=\"attachment-medium size-medium wp-post-image\" alt=\"\" style=\"\" srcset=\"https:\/\/sites.uel.br\/vitrinetecnologica\/wp-content\/uploads\/2023\/06\/Vitrine-Tecnologica-UEL-2023-52-300x169.png 300w, https:\/\/sites.uel.br\/vitrinetecnologica\/wp-content\/uploads\/2023\/06\/Vitrine-Tecnologica-UEL-2023-52-1024x576.png 1024w, https:\/\/sites.uel.br\/vitrinetecnologica\/wp-content\/uploads\/2023\/06\/Vitrine-Tecnologica-UEL-2023-52-768x432.png 768w, https:\/\/sites.uel.br\/vitrinetecnologica\/wp-content\/uploads\/2023\/06\/Vitrine-Tecnologica-UEL-2023-52-1536x864.png 1536w, https:\/\/sites.uel.br\/vitrinetecnologica\/wp-content\/uploads\/2023\/06\/Vitrine-Tecnologica-UEL-2023-52.png 1920w\" sizes=\"auto, (max-width: 300px) 100vw, 300px\" \/><\/div><a class=\"wp-block-latest-posts__post-title\" href=\"https:\/\/sites.uel.br\/vitrinetecnologica\/engenharia\/2023\/05\/29\/sistema-construtivo-leve-de-alto-desempenho-para-vedacao-vertical\/\">Sistema construtivo leve de alto desempenho para veda\u00e7\u00e3o vertical<\/a><div class=\"wp-block-latest-posts__post-excerpt\">Sistema construtivo leve de alto desempenho para veda\u00e7\u00e3o vertical. A presente inven\u00e7\u00e3o consiste no desenvolvimento de um sistema construtivo que se subdivide em: ossatura em madeira de reflorestamento, utilizado como estrutura, e placas ciment\u00edcias leves, utilizadas em camada dupla para veda\u00e7\u00e3o vertical, destinado a Habita\u00e7\u00f5es de Interesse Social (HIS) e, na avalia\u00e7\u00e3o deste em rela\u00e7\u00e3o\u2026 <a class=\"wp-block-latest-posts__read-more\" href=\"https:\/\/sites.uel.br\/vitrinetecnologica\/engenharia\/2023\/05\/29\/sistema-construtivo-leve-de-alto-desempenho-para-vedacao-vertical\/\" rel=\"noopener noreferrer\">Leia mais<span class=\"screen-reader-text\">: Sistema construtivo leve de alto desempenho para veda\u00e7\u00e3o vertical<\/span><\/a><\/div><\/li>\n<li><div class=\"wp-block-latest-posts__featured-image aligncenter\"><img loading=\"lazy\" decoding=\"async\" width=\"300\" height=\"169\" src=\"https:\/\/sites.uel.br\/vitrinetecnologica\/wp-content\/uploads\/2023\/06\/Vitrine-Tecnologica-UEL-2023-53-300x169.png\" class=\"attachment-medium size-medium wp-post-image\" alt=\"\" style=\"\" srcset=\"https:\/\/sites.uel.br\/vitrinetecnologica\/wp-content\/uploads\/2023\/06\/Vitrine-Tecnologica-UEL-2023-53-300x169.png 300w, https:\/\/sites.uel.br\/vitrinetecnologica\/wp-content\/uploads\/2023\/06\/Vitrine-Tecnologica-UEL-2023-53-1024x576.png 1024w, https:\/\/sites.uel.br\/vitrinetecnologica\/wp-content\/uploads\/2023\/06\/Vitrine-Tecnologica-UEL-2023-53-768x432.png 768w, https:\/\/sites.uel.br\/vitrinetecnologica\/wp-content\/uploads\/2023\/06\/Vitrine-Tecnologica-UEL-2023-53-1536x864.png 1536w, https:\/\/sites.uel.br\/vitrinetecnologica\/wp-content\/uploads\/2023\/06\/Vitrine-Tecnologica-UEL-2023-53.png 1920w\" sizes=\"auto, (max-width: 300px) 100vw, 300px\" \/><\/div><a class=\"wp-block-latest-posts__post-title\" href=\"https:\/\/sites.uel.br\/vitrinetecnologica\/engenharia\/2023\/05\/29\/vigotas-pre-fabricaas-e-bambu-concreto-zero-aco-para-lajes\/\">Vigotas pr\u00e9-fabricadas de bambu-concreto (zero a\u00e7o) para lajes<\/a><div class=\"wp-block-latest-posts__post-excerpt\">A presente inven\u00e7\u00e3o busca garantir a seguran\u00e7a estrutural ao passo em que seja poss\u00edvel substituir completamente o a\u00e7o pelo material natural apresentado: o bambu-concreto. O material possui alta durabilidade e se configura como um sistema leve, respectivamente, devido ao tratamento pr\u00e9vio com tanino e, ainda, ao uso de concreto de baixa densidade no preenchimento parcial\u2026 <a class=\"wp-block-latest-posts__read-more\" href=\"https:\/\/sites.uel.br\/vitrinetecnologica\/engenharia\/2023\/05\/29\/vigotas-pre-fabricaas-e-bambu-concreto-zero-aco-para-lajes\/\" rel=\"noopener noreferrer\">Leia mais<span class=\"screen-reader-text\">: Vigotas pr\u00e9-fabricadas de bambu-concreto (zero a\u00e7o) para lajes<\/span><\/a><\/div><\/li>\n<\/ul>","protected":false},"excerpt":{"rendered":"","protected":false},"author":8,"featured_media":0,"parent":0,"menu_order":0,"comment_status":"closed","ping_status":"closed","template":"","meta":{"footnotes":""},"class_list":["post-73","page","type-page","status-publish","hentry"],"acf":[],"_links":{"self":[{"href":"https:\/\/sites.uel.br\/vitrinetecnologica\/wp-json\/wp\/v2\/pages\/73","targetHints":{"allow":["GET"]}}],"collection":[{"href":"https:\/\/sites.uel.br\/vitrinetecnologica\/wp-json\/wp\/v2\/pages"}],"about":[{"href":"https:\/\/sites.uel.br\/vitrinetecnologica\/wp-json\/wp\/v2\/types\/page"}],"author":[{"embeddable":true,"href":"https:\/\/sites.uel.br\/vitrinetecnologica\/wp-json\/wp\/v2\/users\/8"}],"replies":[{"embeddable":true,"href":"https:\/\/sites.uel.br\/vitrinetecnologica\/wp-json\/wp\/v2\/comments?post=73"}],"version-history":[{"count":9,"href":"https:\/\/sites.uel.br\/vitrinetecnologica\/wp-json\/wp\/v2\/pages\/73\/revisions"}],"predecessor-version":[{"id":757,"href":"https:\/\/sites.uel.br\/vitrinetecnologica\/wp-json\/wp\/v2\/pages\/73\/revisions\/757"}],"wp:attachment":[{"href":"https:\/\/sites.uel.br\/vitrinetecnologica\/wp-json\/wp\/v2\/media?parent=73"}],"curies":[{"name":"wp","href":"https:\/\/api.w.org\/{rel}","templated":true}]}}