{"id":67,"date":"2023-03-21T16:35:45","date_gmt":"2023-03-21T19:35:45","guid":{"rendered":"https:\/\/sites.uel.br\/vitrinetecnologica\/?page_id=67"},"modified":"2023-06-01T13:56:01","modified_gmt":"2023-06-01T16:56:01","slug":"alimentacao","status":"publish","type":"page","link":"https:\/\/sites.uel.br\/vitrinetecnologica\/alimentacao\/","title":{"rendered":"Alimenta\u00e7\u00e3o"},"content":{"rendered":"\n<p><\/p>\n\n\n<ul class=\"wp-block-latest-posts__list is-grid columns-3 wp-block-latest-posts\"><li><div class=\"wp-block-latest-posts__featured-image aligncenter\"><img loading=\"lazy\" decoding=\"async\" width=\"300\" height=\"169\" src=\"https:\/\/sites.uel.br\/vitrinetecnologica\/wp-content\/uploads\/2023\/06\/Vitrine-Tecnologica-UEL-2023-41-300x169.png\" class=\"attachment-medium size-medium wp-post-image\" alt=\"\" style=\"max-width:300px;max-height:300px;\" srcset=\"https:\/\/sites.uel.br\/vitrinetecnologica\/wp-content\/uploads\/2023\/06\/Vitrine-Tecnologica-UEL-2023-41-300x169.png 300w, https:\/\/sites.uel.br\/vitrinetecnologica\/wp-content\/uploads\/2023\/06\/Vitrine-Tecnologica-UEL-2023-41-1024x576.png 1024w, https:\/\/sites.uel.br\/vitrinetecnologica\/wp-content\/uploads\/2023\/06\/Vitrine-Tecnologica-UEL-2023-41-768x432.png 768w, https:\/\/sites.uel.br\/vitrinetecnologica\/wp-content\/uploads\/2023\/06\/Vitrine-Tecnologica-UEL-2023-41-1536x864.png 1536w, https:\/\/sites.uel.br\/vitrinetecnologica\/wp-content\/uploads\/2023\/06\/Vitrine-Tecnologica-UEL-2023-41.png 1920w\" sizes=\"auto, (max-width: 300px) 100vw, 300px\" \/><\/div><a class=\"wp-block-latest-posts__post-title\" href=\"https:\/\/sites.uel.br\/vitrinetecnologica\/alimentacao\/2023\/05\/30\/processo-e-kit-para-a-deteccao-rapida-de-formaldeido-em-leite-utilizando-um-reagente\/\">Processo e kit para a detec\u00e7\u00e3o r\u00e1pida de formalde\u00eddo em leite utilizando um reagente<\/a><div class=\"wp-block-latest-posts__post-excerpt\">A presente inven\u00e7\u00e3o busca facilitar a detec\u00e7\u00e3o de formol (formalde\u00eddo) no leite com precis\u00e3o, alta velocidade e menor custo no processo. O leite \u00e9 um dos principais meios de nutrientes da popula\u00e7\u00e3o, de modo que passa por an\u00e1lise qu\u00edmica para avaliar a presen\u00e7a de subst\u00e2ncias t\u00f3xicas, como o formol. Desse modo, o kit para detec\u00e7\u00e3o,\u2026 <a class=\"wp-block-latest-posts__read-more\" href=\"https:\/\/sites.uel.br\/vitrinetecnologica\/alimentacao\/2023\/05\/30\/processo-e-kit-para-a-deteccao-rapida-de-formaldeido-em-leite-utilizando-um-reagente\/\" rel=\"noopener noreferrer\">Leia mais<span class=\"screen-reader-text\">: Processo e kit para a detec\u00e7\u00e3o r\u00e1pida de formalde\u00eddo em leite utilizando um reagente<\/span><\/a><\/div><\/li>\n<li><div class=\"wp-block-latest-posts__featured-image aligncenter\"><img loading=\"lazy\" decoding=\"async\" width=\"300\" height=\"169\" src=\"https:\/\/sites.uel.br\/vitrinetecnologica\/wp-content\/uploads\/2023\/06\/Vitrine-Tecnologica-UEL-2023-42-300x169.png\" class=\"attachment-medium size-medium wp-post-image\" alt=\"\" style=\"max-width:300px;max-height:300px;\" srcset=\"https:\/\/sites.uel.br\/vitrinetecnologica\/wp-content\/uploads\/2023\/06\/Vitrine-Tecnologica-UEL-2023-42-300x169.png 300w, https:\/\/sites.uel.br\/vitrinetecnologica\/wp-content\/uploads\/2023\/06\/Vitrine-Tecnologica-UEL-2023-42-1024x576.png 1024w, https:\/\/sites.uel.br\/vitrinetecnologica\/wp-content\/uploads\/2023\/06\/Vitrine-Tecnologica-UEL-2023-42-768x432.png 768w, https:\/\/sites.uel.br\/vitrinetecnologica\/wp-content\/uploads\/2023\/06\/Vitrine-Tecnologica-UEL-2023-42-1536x864.png 1536w, https:\/\/sites.uel.br\/vitrinetecnologica\/wp-content\/uploads\/2023\/06\/Vitrine-Tecnologica-UEL-2023-42.png 1920w\" sizes=\"auto, (max-width: 300px) 100vw, 300px\" \/><\/div><a class=\"wp-block-latest-posts__post-title\" href=\"https:\/\/sites.uel.br\/vitrinetecnologica\/alimentacao\/2023\/05\/29\/processo-para-o-preparo-de-produto-simbiotico-a-partir-de-soro-de-leite-em-po-gaos-de-kefir-cultura-de-kefir-liofilizada-e-bagaco-de-laranja-e-o-produto-simbiotico-obtido\/\">Processo para o preparo de produto simbi\u00f3tico a partir de soro de leite em p\u00f3, g\u00e3os de kefir, cultura de kefir liofilizada e baga\u00e7o de laranja, e, o produto simbi\u00f3tico obtido<\/a><div class=\"wp-block-latest-posts__post-excerpt\">A presente inven\u00e7\u00e3o descreve um processo para produ\u00e7\u00e3o deproduto simbi\u00f3tico, para consumo humano, a partir da utiliza\u00e7\u00e3o de res\u00edduos industriais de latic\u00ednios e citros, utilizando como fonte de mat\u00e9ria-prima soro de leite em p\u00f3 e baga\u00e7o de laranja. Os microrganismos probi\u00f3ticos e os ingredientes prebi\u00f3ticos podem ser potencializados, atrav\u00e9s de sua associa\u00e7\u00e3o, dando origem aos\u2026 <a class=\"wp-block-latest-posts__read-more\" href=\"https:\/\/sites.uel.br\/vitrinetecnologica\/alimentacao\/2023\/05\/29\/processo-para-o-preparo-de-produto-simbiotico-a-partir-de-soro-de-leite-em-po-gaos-de-kefir-cultura-de-kefir-liofilizada-e-bagaco-de-laranja-e-o-produto-simbiotico-obtido\/\" rel=\"noopener noreferrer\">Leia mais<span class=\"screen-reader-text\">: Processo para o preparo de produto simbi\u00f3tico a partir de soro de leite em p\u00f3, g\u00e3os de kefir, cultura de kefir liofilizada e baga\u00e7o de laranja, e, o produto simbi\u00f3tico obtido<\/span><\/a><\/div><\/li>\n<li><div class=\"wp-block-latest-posts__featured-image aligncenter\"><img loading=\"lazy\" decoding=\"async\" width=\"300\" height=\"169\" src=\"https:\/\/sites.uel.br\/vitrinetecnologica\/wp-content\/uploads\/2023\/06\/Vitrine-Tecnologica-UEL-2023-43-300x169.png\" class=\"attachment-medium size-medium wp-post-image\" alt=\"\" style=\"max-width:300px;max-height:300px;\" srcset=\"https:\/\/sites.uel.br\/vitrinetecnologica\/wp-content\/uploads\/2023\/06\/Vitrine-Tecnologica-UEL-2023-43-300x169.png 300w, https:\/\/sites.uel.br\/vitrinetecnologica\/wp-content\/uploads\/2023\/06\/Vitrine-Tecnologica-UEL-2023-43-1024x576.png 1024w, https:\/\/sites.uel.br\/vitrinetecnologica\/wp-content\/uploads\/2023\/06\/Vitrine-Tecnologica-UEL-2023-43-768x432.png 768w, https:\/\/sites.uel.br\/vitrinetecnologica\/wp-content\/uploads\/2023\/06\/Vitrine-Tecnologica-UEL-2023-43-1536x864.png 1536w, https:\/\/sites.uel.br\/vitrinetecnologica\/wp-content\/uploads\/2023\/06\/Vitrine-Tecnologica-UEL-2023-43.png 1920w\" sizes=\"auto, (max-width: 300px) 100vw, 300px\" \/><\/div><a class=\"wp-block-latest-posts__post-title\" href=\"https:\/\/sites.uel.br\/vitrinetecnologica\/alimentacao\/2023\/05\/29\/analizador-de-parboilizacao-de-arroz-com-imageamento-digital\/\">Analizador de parboiliza\u00e7\u00e3o de arroz com imageamento digital<\/a><div class=\"wp-block-latest-posts__post-excerpt\">Equipamento de visualiza\u00e7\u00e3o e capta\u00e7\u00e3o de imagens digitais de gr\u00e3os de arroz parboilizados. A presente inven\u00e7\u00e3o capta imagens diretamente atrav\u00e9s de uma c\u00e2mera de v\u00eddeo, a qual permite o f\u00e1cil, r\u00e1pido e eficiente compartilhamento. Desse modo, a an\u00e1lise de gr\u00e3os poder\u00e1 ser feita simultaneamente por v\u00e1rios profissionais da \u00e1rea, bem como permitir a cria\u00e7\u00e3o de\u2026 <a class=\"wp-block-latest-posts__read-more\" href=\"https:\/\/sites.uel.br\/vitrinetecnologica\/alimentacao\/2023\/05\/29\/analizador-de-parboilizacao-de-arroz-com-imageamento-digital\/\" rel=\"noopener noreferrer\">Leia mais<span class=\"screen-reader-text\">: Analizador de parboiliza\u00e7\u00e3o de arroz com imageamento digital<\/span><\/a><\/div><\/li>\n<li><div class=\"wp-block-latest-posts__featured-image aligncenter\"><img loading=\"lazy\" decoding=\"async\" width=\"300\" height=\"169\" src=\"https:\/\/sites.uel.br\/vitrinetecnologica\/wp-content\/uploads\/2023\/06\/Vitrine-Tecnologica-UEL-2023-44.png\" class=\"attachment-medium size-medium wp-post-image\" alt=\"\" style=\"max-width:300px;max-height:300px;\" \/><\/div><a class=\"wp-block-latest-posts__post-title\" href=\"https:\/\/sites.uel.br\/vitrinetecnologica\/alimentacao\/2023\/05\/29\/processo-e-kit-para-a-deteccao-rapida-de-formaldeido-em-leite-utilizando-dois-reagentes\/\">Processo e kit para a detec\u00e7\u00e3o r\u00e1pida de formalde\u00eddo em leite utilizando dois reagentes<\/a><div class=\"wp-block-latest-posts__post-excerpt\">A presente inven\u00e7\u00e3o busca facilitar a detec\u00e7\u00e3o a partir de dois reagentes de formol (formalde\u00eddo) no leite com precis\u00e3o, alta velocidade e menor custo no processo. O leite \u00e9 um dos principais meios de nutrientes da popula\u00e7\u00e3o, de modo que passa por an\u00e1lise qu\u00edmica para avaliar a presen\u00e7a de subst\u00e2ncias t\u00f3xicas, como o formol. Desse\u2026 <a class=\"wp-block-latest-posts__read-more\" href=\"https:\/\/sites.uel.br\/vitrinetecnologica\/alimentacao\/2023\/05\/29\/processo-e-kit-para-a-deteccao-rapida-de-formaldeido-em-leite-utilizando-dois-reagentes\/\" rel=\"noopener noreferrer\">Leia mais<span class=\"screen-reader-text\">: Processo e kit para a detec\u00e7\u00e3o r\u00e1pida de formalde\u00eddo em leite utilizando dois reagentes<\/span><\/a><\/div><\/li>\n<li><div class=\"wp-block-latest-posts__featured-image aligncenter\"><img loading=\"lazy\" decoding=\"async\" width=\"300\" height=\"169\" src=\"https:\/\/sites.uel.br\/vitrinetecnologica\/wp-content\/uploads\/2023\/06\/Vitrine-Tecnologica-UEL-2023-45-300x169.png\" class=\"attachment-medium size-medium wp-post-image\" alt=\"\" style=\"max-width:300px;max-height:300px;\" srcset=\"https:\/\/sites.uel.br\/vitrinetecnologica\/wp-content\/uploads\/2023\/06\/Vitrine-Tecnologica-UEL-2023-45-300x169.png 300w, https:\/\/sites.uel.br\/vitrinetecnologica\/wp-content\/uploads\/2023\/06\/Vitrine-Tecnologica-UEL-2023-45-1024x576.png 1024w, https:\/\/sites.uel.br\/vitrinetecnologica\/wp-content\/uploads\/2023\/06\/Vitrine-Tecnologica-UEL-2023-45-768x432.png 768w, https:\/\/sites.uel.br\/vitrinetecnologica\/wp-content\/uploads\/2023\/06\/Vitrine-Tecnologica-UEL-2023-45-1536x864.png 1536w, https:\/\/sites.uel.br\/vitrinetecnologica\/wp-content\/uploads\/2023\/06\/Vitrine-Tecnologica-UEL-2023-45.png 1920w\" sizes=\"auto, (max-width: 300px) 100vw, 300px\" \/><\/div><a class=\"wp-block-latest-posts__post-title\" href=\"https:\/\/sites.uel.br\/vitrinetecnologica\/alimentacao\/2023\/05\/26\/achocolatado-e-po-simbiotico-adicionado-de-lactobacillus-acidophilus-e-de-fruto-oligossacarideos-de-bacillus-subtilisnatto\/\">Achocolatado e p\u00f3 simbi\u00f3tico adicionado de lactobacillus acidophilus e de fruto &#8211; oligossacar\u00eddeos de bacillus subtilisnatto<\/a><div class=\"wp-block-latest-posts__post-excerpt\">A presente inven\u00e7\u00e3o refere-se ao desenvolvimento de achocolatado em p\u00f3 simbi\u00f3tico contendo o probi\u00f3tico Lactobacillus acidophilus e o prebi\u00f3tico fruto-oligossacar\u00eddeos de Bacillus subtilis natto. O produto apresenta elevada import\u00e2ncia industrial, visando \u00e0 comercializa\u00e7\u00e3o de um achocolatado com propriedades funcionais. Tamb\u00e9m se torna um processo relevante, principalmente no setor aliment\u00edcio, visando o desenvolvimento de produtos promissores\u2026 <a class=\"wp-block-latest-posts__read-more\" href=\"https:\/\/sites.uel.br\/vitrinetecnologica\/alimentacao\/2023\/05\/26\/achocolatado-e-po-simbiotico-adicionado-de-lactobacillus-acidophilus-e-de-fruto-oligossacarideos-de-bacillus-subtilisnatto\/\" rel=\"noopener noreferrer\">Leia mais<span class=\"screen-reader-text\">: Achocolatado e p\u00f3 simbi\u00f3tico adicionado de lactobacillus acidophilus e de fruto &#8211; oligossacar\u00eddeos de bacillus subtilisnatto<\/span><\/a><\/div><\/li>\n<li><div class=\"wp-block-latest-posts__featured-image aligncenter\"><img loading=\"lazy\" decoding=\"async\" width=\"300\" height=\"169\" src=\"https:\/\/sites.uel.br\/vitrinetecnologica\/wp-content\/uploads\/2023\/05\/Vitrine-Tecnologica-UEL-2023-46-300x169.png\" class=\"attachment-medium size-medium wp-post-image\" alt=\"\" style=\"max-width:300px;max-height:300px;\" srcset=\"https:\/\/sites.uel.br\/vitrinetecnologica\/wp-content\/uploads\/2023\/05\/Vitrine-Tecnologica-UEL-2023-46-300x169.png 300w, https:\/\/sites.uel.br\/vitrinetecnologica\/wp-content\/uploads\/2023\/05\/Vitrine-Tecnologica-UEL-2023-46-1024x576.png 1024w, https:\/\/sites.uel.br\/vitrinetecnologica\/wp-content\/uploads\/2023\/05\/Vitrine-Tecnologica-UEL-2023-46-768x432.png 768w, https:\/\/sites.uel.br\/vitrinetecnologica\/wp-content\/uploads\/2023\/05\/Vitrine-Tecnologica-UEL-2023-46-1536x864.png 1536w, https:\/\/sites.uel.br\/vitrinetecnologica\/wp-content\/uploads\/2023\/05\/Vitrine-Tecnologica-UEL-2023-46.png 1920w\" sizes=\"auto, (max-width: 300px) 100vw, 300px\" \/><\/div><a class=\"wp-block-latest-posts__post-title\" href=\"https:\/\/sites.uel.br\/vitrinetecnologica\/alimentacao\/2023\/05\/26\/bebida-probiotica-de-lichia-e-erva-mate-e-seu-processo-de-producao-2\/\">Bebida probi\u00f3tica de lichia e seu processo de produ\u00e7\u00e3o<\/a><div class=\"wp-block-latest-posts__post-excerpt\">A presente inven\u00e7\u00e3o refere-se a uma bebida probi\u00f3tica produzida com o excedente da colheita de lichia &#8211; originalmente isolado a partir da pr\u00f3pria fruta &#8211; e a levedura saccharomyces boulardii. A inven\u00e7\u00e3o prop\u00f5e a produ\u00e7\u00e3o de uma bebida com propriedades probi\u00f3ticas e potencial benef\u00edcio \u00e0 sa\u00fade a partir da fruta em quest\u00e3o, visando uma poss\u00edvel\u2026 <a class=\"wp-block-latest-posts__read-more\" href=\"https:\/\/sites.uel.br\/vitrinetecnologica\/alimentacao\/2023\/05\/26\/bebida-probiotica-de-lichia-e-erva-mate-e-seu-processo-de-producao-2\/\" rel=\"noopener noreferrer\">Leia mais<span class=\"screen-reader-text\">: Bebida probi\u00f3tica de lichia e seu processo de produ\u00e7\u00e3o<\/span><\/a><\/div><\/li>\n<li><div class=\"wp-block-latest-posts__featured-image aligncenter\"><img loading=\"lazy\" decoding=\"async\" width=\"300\" height=\"169\" src=\"https:\/\/sites.uel.br\/vitrinetecnologica\/wp-content\/uploads\/2023\/06\/Vitrine-Tecnologica-UEL-2023-47-300x169.png\" class=\"attachment-medium size-medium wp-post-image\" alt=\"\" style=\"max-width:300px;max-height:300px;\" srcset=\"https:\/\/sites.uel.br\/vitrinetecnologica\/wp-content\/uploads\/2023\/06\/Vitrine-Tecnologica-UEL-2023-47-300x169.png 300w, https:\/\/sites.uel.br\/vitrinetecnologica\/wp-content\/uploads\/2023\/06\/Vitrine-Tecnologica-UEL-2023-47-1024x576.png 1024w, https:\/\/sites.uel.br\/vitrinetecnologica\/wp-content\/uploads\/2023\/06\/Vitrine-Tecnologica-UEL-2023-47-768x432.png 768w, https:\/\/sites.uel.br\/vitrinetecnologica\/wp-content\/uploads\/2023\/06\/Vitrine-Tecnologica-UEL-2023-47-1536x864.png 1536w, https:\/\/sites.uel.br\/vitrinetecnologica\/wp-content\/uploads\/2023\/06\/Vitrine-Tecnologica-UEL-2023-47.png 1920w\" sizes=\"auto, (max-width: 300px) 100vw, 300px\" \/><\/div><a class=\"wp-block-latest-posts__post-title\" href=\"https:\/\/sites.uel.br\/vitrinetecnologica\/alimentacao\/2023\/05\/26\/bebida-probiotica-de-lichia-e-erva-mate-e-seu-processo-de-producao\/\">Bebida probi\u00f3tica de lichia e erva-mate e seu processo de produ\u00e7\u00e3o<\/a><div class=\"wp-block-latest-posts__post-excerpt\">A presente inven\u00e7\u00e3o refere-se a uma bebida probi\u00f3tica contendo polpa de lichia, infus\u00e3o de erva-mate e a levedura Saccharomyces boulardii. A inven\u00e7\u00e3o prop\u00f5e a mistura da infus\u00e3o das folhas de erva-mate e do excedente da produ\u00e7\u00e3o de lichia para a produ\u00e7\u00e3o de uma bebida com caracter\u00edsticas probi\u00f3ticas, adicionada da levedura Saccharomyces boulardii com viabilidade de\u2026 <a class=\"wp-block-latest-posts__read-more\" href=\"https:\/\/sites.uel.br\/vitrinetecnologica\/alimentacao\/2023\/05\/26\/bebida-probiotica-de-lichia-e-erva-mate-e-seu-processo-de-producao\/\" rel=\"noopener noreferrer\">Leia mais<span class=\"screen-reader-text\">: Bebida probi\u00f3tica de lichia e erva-mate e seu processo de produ\u00e7\u00e3o<\/span><\/a><\/div><\/li>\n<li><div class=\"wp-block-latest-posts__featured-image aligncenter\"><img loading=\"lazy\" decoding=\"async\" width=\"300\" height=\"169\" src=\"https:\/\/sites.uel.br\/vitrinetecnologica\/wp-content\/uploads\/2023\/06\/Vitrine-Tecnologica-UEL-2023-48.png\" class=\"attachment-medium size-medium wp-post-image\" alt=\"\" style=\"max-width:300px;max-height:300px;\" \/><\/div><a class=\"wp-block-latest-posts__post-title\" href=\"https:\/\/sites.uel.br\/vitrinetecnologica\/alimentacao\/2023\/05\/26\/vinho-de-lichia-e-erva-mate-e-seu-processo-de-producao\/\">Vinho de lichia e erva-mate e seu processo de produ\u00e7\u00e3o<\/a><div class=\"wp-block-latest-posts__post-excerpt\">A presente inven\u00e7\u00e3o refere-se a um vinho contendo polpa de lichia, infus\u00e3o de erva- mate e a levedura Saccharomyces boulardii. A combina\u00e7\u00e3o desses elementos apresenta diversos compostos com propriedades antioxidantes, antibacterianas, anti-inflamat\u00f3rias, antial\u00e9rgicas, antic\u00e2ncer, vasodilatadoras, prote\u00e7\u00e3o cardiovascular, estimulantes do sistema nervoso central, al\u00e9m de a\u00e7\u00e3o antimutag\u00eanica. A bebida, levemente alco\u00f3lica, \u00e9 suave e adocicada, saborosa\u2026 <a class=\"wp-block-latest-posts__read-more\" href=\"https:\/\/sites.uel.br\/vitrinetecnologica\/alimentacao\/2023\/05\/26\/vinho-de-lichia-e-erva-mate-e-seu-processo-de-producao\/\" rel=\"noopener noreferrer\">Leia mais<span class=\"screen-reader-text\">: Vinho de lichia e erva-mate e seu processo de produ\u00e7\u00e3o<\/span><\/a><\/div><\/li>\n<li><div class=\"wp-block-latest-posts__featured-image aligncenter\"><img loading=\"lazy\" decoding=\"async\" width=\"300\" height=\"169\" src=\"https:\/\/sites.uel.br\/vitrinetecnologica\/wp-content\/uploads\/2023\/06\/Vitrine-Tecnologica-UEL-2023-49-300x169.png\" class=\"attachment-medium size-medium wp-post-image\" alt=\"\" style=\"max-width:300px;max-height:300px;\" srcset=\"https:\/\/sites.uel.br\/vitrinetecnologica\/wp-content\/uploads\/2023\/06\/Vitrine-Tecnologica-UEL-2023-49-300x169.png 300w, https:\/\/sites.uel.br\/vitrinetecnologica\/wp-content\/uploads\/2023\/06\/Vitrine-Tecnologica-UEL-2023-49-1024x576.png 1024w, https:\/\/sites.uel.br\/vitrinetecnologica\/wp-content\/uploads\/2023\/06\/Vitrine-Tecnologica-UEL-2023-49-768x432.png 768w, https:\/\/sites.uel.br\/vitrinetecnologica\/wp-content\/uploads\/2023\/06\/Vitrine-Tecnologica-UEL-2023-49-1536x864.png 1536w, https:\/\/sites.uel.br\/vitrinetecnologica\/wp-content\/uploads\/2023\/06\/Vitrine-Tecnologica-UEL-2023-49.png 1920w\" sizes=\"auto, (max-width: 300px) 100vw, 300px\" \/><\/div><a class=\"wp-block-latest-posts__post-title\" href=\"https:\/\/sites.uel.br\/vitrinetecnologica\/alimentacao\/2023\/05\/26\/processo-para-desinfeccao-de-casca-de-ovos-com-oleo-essencial-de-oregano\/\">Processo para desinfec\u00e7\u00e3o de casca de ovos com \u00f3leo essencial de or\u00e9gano<\/a><div class=\"wp-block-latest-posts__post-excerpt\">A presente inven\u00e7\u00e3o trata-se de um processo para desinfec\u00e7\u00e3o dos ovos com \u00f3leo essencial de or\u00e9gano e seu uso como agente antimicrobiano. Durante a etapa de descontamina\u00e7\u00e3o de casca de ovos destinados \u00e0 alimenta\u00e7\u00e3o humana, o uso desse \u00f3leo em uma nova etapa do processo demonstrou uma redu\u00e7\u00e3o significativa no n\u00famero da popula\u00e7\u00e3o de salmonella\u2026 <a class=\"wp-block-latest-posts__read-more\" href=\"https:\/\/sites.uel.br\/vitrinetecnologica\/alimentacao\/2023\/05\/26\/processo-para-desinfeccao-de-casca-de-ovos-com-oleo-essencial-de-oregano\/\" rel=\"noopener noreferrer\">Leia mais<span class=\"screen-reader-text\">: Processo para desinfec\u00e7\u00e3o de casca de ovos com \u00f3leo essencial de or\u00e9gano<\/span><\/a><\/div><\/li>\n<li><div class=\"wp-block-latest-posts__featured-image aligncenter\"><img loading=\"lazy\" decoding=\"async\" width=\"300\" height=\"169\" src=\"https:\/\/sites.uel.br\/vitrinetecnologica\/wp-content\/uploads\/2023\/05\/Vitrine-Tecnologica-UEL-2023-50-300x169.png\" class=\"attachment-medium size-medium wp-post-image\" alt=\"\" style=\"max-width:300px;max-height:300px;\" srcset=\"https:\/\/sites.uel.br\/vitrinetecnologica\/wp-content\/uploads\/2023\/05\/Vitrine-Tecnologica-UEL-2023-50-300x169.png 300w, https:\/\/sites.uel.br\/vitrinetecnologica\/wp-content\/uploads\/2023\/05\/Vitrine-Tecnologica-UEL-2023-50-1024x576.png 1024w, https:\/\/sites.uel.br\/vitrinetecnologica\/wp-content\/uploads\/2023\/05\/Vitrine-Tecnologica-UEL-2023-50-768x432.png 768w, https:\/\/sites.uel.br\/vitrinetecnologica\/wp-content\/uploads\/2023\/05\/Vitrine-Tecnologica-UEL-2023-50-1536x864.png 1536w, https:\/\/sites.uel.br\/vitrinetecnologica\/wp-content\/uploads\/2023\/05\/Vitrine-Tecnologica-UEL-2023-50.png 1920w\" sizes=\"auto, (max-width: 300px) 100vw, 300px\" \/><\/div><a class=\"wp-block-latest-posts__post-title\" href=\"https:\/\/sites.uel.br\/vitrinetecnologica\/alimentacao\/2023\/05\/25\/processo-de-aplicacao-de-oleo-essencial-de-oregano-no-processo-de-fabricacao-de-queijos-e-seu-produto-resultante\/\">Processo de aplica\u00e7\u00e3o de \u00f3leo essencial de or\u00e9gano no processo de fabrica\u00e7\u00e3o de queijos e seu produto resultante<\/a><div class=\"wp-block-latest-posts__post-excerpt\">A presente inven\u00e7\u00e3o descreve um processo de queijo utilizando um antimicrobiano natural, \u00f3leo de or\u00e9gano em substitui\u00e7\u00e3o aos aditivos convencionais.<\/div><\/li>\n<li><div class=\"wp-block-latest-posts__featured-image aligncenter\"><img loading=\"lazy\" decoding=\"async\" width=\"300\" height=\"169\" src=\"https:\/\/sites.uel.br\/vitrinetecnologica\/wp-content\/uploads\/2023\/05\/Vitrine-Tecnologica-UEL-2023-51-300x169.png\" class=\"attachment-medium size-medium wp-post-image\" alt=\"\" style=\"max-width:300px;max-height:300px;\" srcset=\"https:\/\/sites.uel.br\/vitrinetecnologica\/wp-content\/uploads\/2023\/05\/Vitrine-Tecnologica-UEL-2023-51-300x169.png 300w, https:\/\/sites.uel.br\/vitrinetecnologica\/wp-content\/uploads\/2023\/05\/Vitrine-Tecnologica-UEL-2023-51-1024x576.png 1024w, https:\/\/sites.uel.br\/vitrinetecnologica\/wp-content\/uploads\/2023\/05\/Vitrine-Tecnologica-UEL-2023-51-768x432.png 768w, https:\/\/sites.uel.br\/vitrinetecnologica\/wp-content\/uploads\/2023\/05\/Vitrine-Tecnologica-UEL-2023-51-1536x864.png 1536w, https:\/\/sites.uel.br\/vitrinetecnologica\/wp-content\/uploads\/2023\/05\/Vitrine-Tecnologica-UEL-2023-51.png 1920w\" sizes=\"auto, (max-width: 300px) 100vw, 300px\" \/><\/div><a class=\"wp-block-latest-posts__post-title\" href=\"https:\/\/sites.uel.br\/vitrinetecnologica\/alimentacao\/2023\/05\/25\/processo-fisico-quimico-de-hidrolise-da-lactose\/\">Processo f\u00edsico-qu\u00edmico de hidr\u00f3lise da lactose<\/a><div class=\"wp-block-latest-posts__post-excerpt\">A presente tecnologia se refere ao desenvolvimento de um processo f\u00edsico-qu\u00edmico de hidr\u00f3lise da lactose, se configurando como uma alternativa aos m\u00e9todos j\u00e1 existentes e empregados pela ind\u00fastria, na sua maioria baseada na hidr\u00f3lise enzim\u00e1tica empregando-se a enzima lactase.<\/div><\/li>\n<\/ul>","protected":false},"excerpt":{"rendered":"","protected":false},"author":8,"featured_media":0,"parent":0,"menu_order":0,"comment_status":"closed","ping_status":"closed","template":"","meta":{"footnotes":""},"class_list":["post-67","page","type-page","status-publish","hentry"],"acf":[],"_links":{"self":[{"href":"https:\/\/sites.uel.br\/vitrinetecnologica\/wp-json\/wp\/v2\/pages\/67","targetHints":{"allow":["GET"]}}],"collection":[{"href":"https:\/\/sites.uel.br\/vitrinetecnologica\/wp-json\/wp\/v2\/pages"}],"about":[{"href":"https:\/\/sites.uel.br\/vitrinetecnologica\/wp-json\/wp\/v2\/types\/page"}],"author":[{"embeddable":true,"href":"https:\/\/sites.uel.br\/vitrinetecnologica\/wp-json\/wp\/v2\/users\/8"}],"replies":[{"embeddable":true,"href":"https:\/\/sites.uel.br\/vitrinetecnologica\/wp-json\/wp\/v2\/comments?post=67"}],"version-history":[{"count":10,"href":"https:\/\/sites.uel.br\/vitrinetecnologica\/wp-json\/wp\/v2\/pages\/67\/revisions"}],"predecessor-version":[{"id":696,"href":"https:\/\/sites.uel.br\/vitrinetecnologica\/wp-json\/wp\/v2\/pages\/67\/revisions\/696"}],"wp:attachment":[{"href":"https:\/\/sites.uel.br\/vitrinetecnologica\/wp-json\/wp\/v2\/media?parent=67"}],"curies":[{"name":"wp","href":"https:\/\/api.w.org\/{rel}","templated":true}]}}