{"id":26,"date":"2023-03-17T14:45:58","date_gmt":"2023-03-17T17:45:58","guid":{"rendered":"https:\/\/sites.uel.br\/vitrinetecnologica\/?page_id=26"},"modified":"2023-05-31T15:19:58","modified_gmt":"2023-05-31T18:19:58","slug":"categorias","status":"publish","type":"page","link":"https:\/\/sites.uel.br\/vitrinetecnologica\/categorias\/","title":{"rendered":"Categorias"},"content":{"rendered":"<p>S\u00e3o categorias constantes na Vitrine Tecnol\u00f3gica da UEL:<\/p>\n<ul>\n<li><a href=\"https:\/\/sites.uel.br\/vitrinetecnologica\/agro-e-saude-animal\/\">Agro e Sa\u00fade Animal<\/a><\/li>\n<li><a href=\"https:\/\/sites.uel.br\/vitrinetecnologica\/alimentacao\/\">Alimenta\u00e7\u00e3o<\/a><\/li>\n<li><a href=\"https:\/\/sites.uel.br\/vitrinetecnologica\/biotecnologia\/\">Biotecnologia<\/a><\/li>\n<li><a href=\"https:\/\/sites.uel.br\/vitrinetecnologica\/energia\/\">Energia<\/a><\/li>\n<li><a href=\"https:\/\/sites.uel.br\/vitrinetecnologica\/engenharia\">Engenharia<\/a><\/li>\n<li><a href=\"https:\/\/sites.uel.br\/vitrinetecnologica\/novos-materiais\/\">Novos Materiais<\/a><\/li>\n<li><a href=\"https:\/\/sites.uel.br\/vitrinetecnologica\/saude-humana\/\">Sa\u00fade Humana<\/a><\/li>\n<li><a href=\"https:\/\/sites.uel.br\/vitrinetecnologica\/softwares\/\">Softwares<\/a><\/li>\n<li><a href=\"https:\/\/sites.uel.br\/vitrinetecnologica\/tecnologia-assistiva\/\">Tecnologia Assistiva<\/a><\/li>\n<li><a href=\"https:\/\/sites.uel.br\/vitrinetecnologica\/tecnologia-de-informacao\/\">Tecnologia de Informa\u00e7\u00e3o<\/a><\/li>\n<li><a href=\"https:\/\/sites.uel.br\/vitrinetecnologica\/tecnologia-verde-e-sustentavel\/\">Tecnologia Verde\/Sustent\u00e1vel<\/a><\/li>\n<\/ul>\n","protected":false},"excerpt":{"rendered":"<p>S\u00e3o categorias constantes na Vitrine Tecnol\u00f3gica da UEL: Agro e Sa\u00fade Animal Alimenta\u00e7\u00e3o Biotecnologia Energia Engenharia Novos Materiais Sa\u00fade Humana Softwares Tecnologia Assistiva Tecnologia de Informa\u00e7\u00e3o Tecnologia Verde\/Sustent\u00e1vel<\/p>\n","protected":false},"author":7,"featured_media":0,"parent":0,"menu_order":0,"comment_status":"closed","ping_status":"closed","template":"","meta":{"footnotes":""},"class_list":["post-26","page","type-page","status-publish","hentry"],"acf":[],"_links":{"self":[{"href":"https:\/\/sites.uel.br\/vitrinetecnologica\/wp-json\/wp\/v2\/pages\/26","targetHints":{"allow":["GET"]}}],"collection":[{"href":"https:\/\/sites.uel.br\/vitrinetecnologica\/wp-json\/wp\/v2\/pages"}],"about":[{"href":"https:\/\/sites.uel.br\/vitrinetecnologica\/wp-json\/wp\/v2\/types\/page"}],"author":[{"embeddable":true,"href":"https:\/\/sites.uel.br\/vitrinetecnologica\/wp-json\/wp\/v2\/users\/7"}],"replies":[{"embeddable":true,"href":"https:\/\/sites.uel.br\/vitrinetecnologica\/wp-json\/wp\/v2\/comments?post=26"}],"version-history":[{"count":2,"href":"https:\/\/sites.uel.br\/vitrinetecnologica\/wp-json\/wp\/v2\/pages\/26\/revisions"}],"predecessor-version":[{"id":603,"href":"https:\/\/sites.uel.br\/vitrinetecnologica\/wp-json\/wp\/v2\/pages\/26\/revisions\/603"}],"wp:attachment":[{"href":"https:\/\/sites.uel.br\/vitrinetecnologica\/wp-json\/wp\/v2\/media?parent=26"}],"curies":[{"name":"wp","href":"https:\/\/api.w.org\/{rel}","templated":true}]}}