{"id":20,"date":"2023-03-17T14:43:05","date_gmt":"2023-03-17T17:43:05","guid":{"rendered":"https:\/\/sites.uel.br\/vitrinetecnologica\/?page_id=20"},"modified":"2023-05-31T15:06:50","modified_gmt":"2023-05-31T18:06:50","slug":"apresentacao","status":"publish","type":"page","link":"https:\/\/sites.uel.br\/vitrinetecnologica\/","title":{"rendered":""},"content":{"rendered":"<div class=\"wp-block-image\">\n<figure class=\"aligncenter size-full is-resized\"><img loading=\"lazy\" decoding=\"async\" src=\"https:\/\/sites.uel.br\/vitrinetecnologica\/wp-content\/uploads\/2023\/05\/Vitrine-tecnologica-uel-2.png\" alt=\"\" class=\"wp-image-116\" width=\"352\" height=\"352\" srcset=\"https:\/\/sites.uel.br\/vitrinetecnologica\/wp-content\/uploads\/2023\/05\/Vitrine-tecnologica-uel-2.png 500w, https:\/\/sites.uel.br\/vitrinetecnologica\/wp-content\/uploads\/2023\/05\/Vitrine-tecnologica-uel-2-300x300.png 300w, https:\/\/sites.uel.br\/vitrinetecnologica\/wp-content\/uploads\/2023\/05\/Vitrine-tecnologica-uel-2-150x150.png 150w\" sizes=\"auto, (max-width: 352px) 100vw, 352px\" \/><\/figure>\n<\/div>\n\n<form role=\"search\" method=\"get\" action=\"https:\/\/sites.uel.br\/vitrinetecnologica\/\" class=\"wp-block-search__button-inside wp-block-search__icon-button aligncenter wp-block-search\"    ><label class=\"wp-block-search__label screen-reader-text\" for=\"wp-block-search__input-1\" >Pesquisar<\/label><div class=\"wp-block-search__inside-wrapper\"  style=\"width: 824px\"><input class=\"wp-block-search__input\" id=\"wp-block-search__input-1\" placeholder=\"\" value=\"\" type=\"search\" name=\"s\" required \/><button aria-label=\"Pesquisar\" class=\"wp-block-search__button has-icon wp-element-button\" type=\"submit\" ><svg class=\"search-icon\" viewBox=\"0 0 24 24\" width=\"24\" height=\"24\">\n\t\t\t\t\t<path d=\"M13 5c-3.3 0-6 2.7-6 6 0 1.4.5 2.7 1.3 3.7l-3.8 3.8 1.1 1.1 3.8-3.8c1 .8 2.3 1.3 3.7 1.3 3.3 0 6-2.7 6-6S16.3 5 13 5zm0 10.5c-2.5 0-4.5-2-4.5-4.5s2-4.5 4.5-4.5 4.5 2 4.5 4.5-2 4.5-4.5 4.5z\"><\/path>\n\t\t\t\t<\/svg><\/button><\/div><\/form>\n\n\n<p><\/p>\n\n\n\n<p class=\"has-text-align-center\">A Vitrine Tecnol\u00f3gica da UEL re\u00fane tecnologias da UEL que est\u00e3o dispon\u00edveis para licenciamento exclusivo ou n\u00e3o exclusivo pelo setor empresarial, industrial ou pelas institui\u00e7\u00f5es p\u00fablicas.\u00a0<\/p>\n\n\n\n<p><\/p>\n\n\n\n<p class=\"has-text-align-center\">Para maiores informa\u00e7\u00f5es, o \u00f3rg\u00e3o respons\u00e1vel pela transfer\u00eancia de tecnologias \u00e9 a <a href=\"http:\/\/www.sites.uel.br\/aintec\">AINTEC &#8211; Ag\u00eancia de Inova\u00e7\u00e3o Tecnol\u00f3gica da UEL<\/a>.<\/p>\n\n\n\n<p class=\"has-text-align-center\"><\/p>\n","protected":false},"excerpt":{"rendered":"<p>A Vitrine Tecnol\u00f3gica da UEL re\u00fane tecnologias da UEL que est\u00e3o dispon\u00edveis para licenciamento exclusivo ou n\u00e3o exclusivo pelo setor empresarial, industrial ou pelas institui\u00e7\u00f5es p\u00fablicas.\u00a0 Para maiores informa\u00e7\u00f5es, o \u00f3rg\u00e3o respons\u00e1vel pela transfer\u00eancia de tecnologias \u00e9 a AINTEC &#8211; Ag\u00eancia de Inova\u00e7\u00e3o Tecnol\u00f3gica da UEL.<\/p>\n","protected":false},"author":7,"featured_media":0,"parent":0,"menu_order":0,"comment_status":"closed","ping_status":"closed","template":"","meta":{"footnotes":""},"class_list":["post-20","page","type-page","status-publish","hentry"],"acf":[],"_links":{"self":[{"href":"https:\/\/sites.uel.br\/vitrinetecnologica\/wp-json\/wp\/v2\/pages\/20","targetHints":{"allow":["GET"]}}],"collection":[{"href":"https:\/\/sites.uel.br\/vitrinetecnologica\/wp-json\/wp\/v2\/pages"}],"about":[{"href":"https:\/\/sites.uel.br\/vitrinetecnologica\/wp-json\/wp\/v2\/types\/page"}],"author":[{"embeddable":true,"href":"https:\/\/sites.uel.br\/vitrinetecnologica\/wp-json\/wp\/v2\/users\/7"}],"replies":[{"embeddable":true,"href":"https:\/\/sites.uel.br\/vitrinetecnologica\/wp-json\/wp\/v2\/comments?post=20"}],"version-history":[{"count":11,"href":"https:\/\/sites.uel.br\/vitrinetecnologica\/wp-json\/wp\/v2\/pages\/20\/revisions"}],"predecessor-version":[{"id":596,"href":"https:\/\/sites.uel.br\/vitrinetecnologica\/wp-json\/wp\/v2\/pages\/20\/revisions\/596"}],"wp:attachment":[{"href":"https:\/\/sites.uel.br\/vitrinetecnologica\/wp-json\/wp\/v2\/media?parent=20"}],"curies":[{"name":"wp","href":"https:\/\/api.w.org\/{rel}","templated":true}]}}