{"id":142,"date":"2023-05-25T15:17:42","date_gmt":"2023-05-25T18:17:42","guid":{"rendered":"https:\/\/sites.uel.br\/vitrinetecnologica\/?page_id=142"},"modified":"2023-05-31T15:12:03","modified_gmt":"2023-05-31T18:12:03","slug":"aintec","status":"publish","type":"page","link":"https:\/\/sites.uel.br\/vitrinetecnologica\/aintec\/","title":{"rendered":"AINTEC"},"content":{"rendered":"<div class=\"wp-block-image\">\n<figure class=\"aligncenter size-large is-resized\"><img loading=\"lazy\" decoding=\"async\" src=\"https:\/\/sites.uel.br\/vitrinetecnologica\/wp-content\/uploads\/2023\/05\/Logo-Aintec-JPG-1024x510.jpg\" alt=\"\" class=\"wp-image-598\" width=\"379\" height=\"189\" srcset=\"https:\/\/sites.uel.br\/vitrinetecnologica\/wp-content\/uploads\/2023\/05\/Logo-Aintec-JPG-1024x510.jpg 1024w, https:\/\/sites.uel.br\/vitrinetecnologica\/wp-content\/uploads\/2023\/05\/Logo-Aintec-JPG-300x149.jpg 300w, https:\/\/sites.uel.br\/vitrinetecnologica\/wp-content\/uploads\/2023\/05\/Logo-Aintec-JPG-768x382.jpg 768w, https:\/\/sites.uel.br\/vitrinetecnologica\/wp-content\/uploads\/2023\/05\/Logo-Aintec-JPG-1536x764.jpg 1536w, https:\/\/sites.uel.br\/vitrinetecnologica\/wp-content\/uploads\/2023\/05\/Logo-Aintec-JPG.jpg 1640w\" sizes=\"auto, (max-width: 379px) 100vw, 379px\" \/><\/figure>\n<\/div>\n\n\n<p class=\"has-text-align-center\">A Ag\u00eancia de Inova\u00e7\u00e3o Tecnol\u00f3gica da Universidade Estadual de Londrina (AINTEC), tem como objetivo viabilizar os processos de inova\u00e7\u00e3o, sendo interface entre a Universidade, as empresas, a sociedade e o setor governamental neste tema.<\/p>\n\n\n\n<p class=\"has-text-align-center\"><br>\u00c9 composta quatro unidades, a Incubadora Internacional de Empresas de Base Tecnol\u00f3gica (INTUEL), o Escrit\u00f3rio de Propriedade Intelectual (EPI), o Escrit\u00f3rio de Transfer\u00eancia de Tecnologia (ETT) e o Escrit\u00f3rio de Design (EDN) desenvolvem, em conjunto com a UEL e com seus parceiros, a\u00e7\u00f5es para transferir para a sociedade conhecimentos e tecnologia que resultem em inova\u00e7\u00f5es, ao mesmo tempo em que procura atender suas demandas sociais e de mercado.<\/p>\n\n\n\n<p><\/p>\n\n\n\n<p class=\"has-text-align-center\">Entendemos que a transfer\u00eancia de tecnologia \u00e9 uma poderosa ferramenta pela qual a universidade pode impactar positivamente a sociedade. Essas tecnologias podem abranger \u00e1reas como sa\u00fade, energia renov\u00e1vel, meio ambiente, transporte, entre outras, contribuindo para o avan\u00e7o cient\u00edfico, a sustentabilidade e o bem-estar da sociedade em geral.<\/p>\n\n\n\n<p class=\"has-text-align-center\">A transfer\u00eancia de tecnologia envolve a&nbsp;<strong>transfer\u00eancia de know-how<\/strong>,&nbsp;<strong>patentes, desenhos industriais e expertise t\u00e9cnica,<\/strong>&nbsp;por meio de acordos de licenciamento, cess\u00e3o, parcerias estrat\u00e9gicas ou outras formas de colabora\u00e7\u00e3o. Esse processo permite que as empresas aproveitem os avan\u00e7os cient\u00edficos e tecnol\u00f3gicos, acelerando sua capacidade de inova\u00e7\u00e3o e fortalecendo sua competitividade no mercado.&nbsp;<\/p>\n\n\n\n<p class=\"has-text-align-center\"><br>Para entrar em contato com a AINTEC para ter maiores informa\u00e7\u00f5es sobre qualquer patente ou tecnologia da Universidade, acesse o site da <a href=\"https:\/\/sites.uel.br\/aintec\/\" data-type=\"URL\" data-id=\"https:\/\/sites.uel.br\/aintec\/\">AINTEC<\/a> ou envie email para <a href=\"https:\/\/sites.uel.br\/vitrinetecnologica\/?page_id=599\" data-type=\"page\" data-id=\"599\">aintec.ett@uel.br.<\/a><\/p>\n","protected":false},"excerpt":{"rendered":"<p>A Ag\u00eancia de Inova\u00e7\u00e3o Tecnol\u00f3gica da Universidade Estadual de Londrina (AINTEC), tem como objetivo viabilizar os processos de inova\u00e7\u00e3o, sendo interface entre a Universidade, as empresas, a sociedade e o setor governamental neste tema. \u00c9 composta quatro unidades, a Incubadora Internacional de Empresas de Base Tecnol\u00f3gica (INTUEL), o Escrit\u00f3rio de Propriedade Intelectual (EPI), o Escrit\u00f3rio [&hellip;]<\/p>\n","protected":false},"author":7,"featured_media":0,"parent":0,"menu_order":0,"comment_status":"closed","ping_status":"closed","template":"","meta":{"footnotes":""},"class_list":["post-142","page","type-page","status-publish","hentry"],"acf":[],"_links":{"self":[{"href":"https:\/\/sites.uel.br\/vitrinetecnologica\/wp-json\/wp\/v2\/pages\/142","targetHints":{"allow":["GET"]}}],"collection":[{"href":"https:\/\/sites.uel.br\/vitrinetecnologica\/wp-json\/wp\/v2\/pages"}],"about":[{"href":"https:\/\/sites.uel.br\/vitrinetecnologica\/wp-json\/wp\/v2\/types\/page"}],"author":[{"embeddable":true,"href":"https:\/\/sites.uel.br\/vitrinetecnologica\/wp-json\/wp\/v2\/users\/7"}],"replies":[{"embeddable":true,"href":"https:\/\/sites.uel.br\/vitrinetecnologica\/wp-json\/wp\/v2\/comments?post=142"}],"version-history":[{"count":3,"href":"https:\/\/sites.uel.br\/vitrinetecnologica\/wp-json\/wp\/v2\/pages\/142\/revisions"}],"predecessor-version":[{"id":601,"href":"https:\/\/sites.uel.br\/vitrinetecnologica\/wp-json\/wp\/v2\/pages\/142\/revisions\/601"}],"wp:attachment":[{"href":"https:\/\/sites.uel.br\/vitrinetecnologica\/wp-json\/wp\/v2\/media?parent=142"}],"curies":[{"name":"wp","href":"https:\/\/api.w.org\/{rel}","templated":true}]}}