{"id":514,"date":"2025-05-05T12:12:39","date_gmt":"2025-05-05T15:12:39","guid":{"rendered":"https:\/\/sites.uel.br\/vestibular\/?page_id=514"},"modified":"2026-03-11T17:02:42","modified_gmt":"2026-03-11T20:02:42","slug":"sobre-o-vestibular","status":"publish","type":"page","link":"https:\/\/sites.uel.br\/vestibular\/sobre-o-vestibular\/","title":{"rendered":"Sobre o Vestibular UEL"},"content":{"rendered":"\n<div style=\"height:30px\" aria-hidden=\"true\" class=\"wp-block-spacer\"><\/div>\n\n\n\n<p>O Vestibular da Universidade Estadual de Londrina (UEL) \u00e9 o principal processo seletivo para ingresso nos <a href=\"https:\/\/sites.uel.br\/vestibular\/catalogo-dos-cursos-de-graduacao\/\" target=\"_blank\" rel=\"noreferrer noopener\">cursos de gradua\u00e7\u00e3o presenciais <\/a>da institui\u00e7\u00e3o. Organizado pela <a href=\"https:\/\/sites.uel.br\/vestibular\/cops\/\" target=\"_blank\" rel=\"noreferrer noopener\">Coordenadoria de Processos Seletivos (Cops)<\/a>, o concurso \u00e9 reconhecido pela seriedade, transpar\u00eancia e qualidade t\u00e9cnica, sendo refer\u00eancia entre as universidades p\u00fablicas do Brasil.<\/p>\n\n\n\n<p>Realizado anualmente, o Vestibular da UEL atrai milhares de candidatos de todo o pa\u00eds. O processo \u00e9 composto atualmente por fase \u00fanica, aplicada em dois dias, que avaliam conhecimentos nas diversas \u00e1reas do ensino m\u00e9dio e incluem uma prova de reda\u00e7\u00e3o. As diretrizes pedag\u00f3gicas referentes aos concursos e processos seletivos da UEL s\u00e3o de responsabilidade da <a href=\"https:\/\/sites.uel.br\/vestibular\/copese\/\" target=\"_blank\" rel=\"noreferrer noopener\">Comiss\u00e3o Permanente de Avalia\u00e7\u00e3o (Copese)<\/a>.&nbsp;<\/p>\n\n\n\n<p>Os candidatos concorrem a vagas em cursos de todas as \u00e1reas do conhecimento, com oportunidades distribu\u00eddas entre a ampla concorr\u00eancia e os sistemas de cotas sociais e raciais, al\u00e9m de reserva para pessoas com defici\u00eancia (PcD), reafirmando o compromisso da UEL com a inclus\u00e3o e a diversidade.<\/p>\n\n\n\n<p>A UEL \u00e9 uma das maiores e mais respeitadas universidades estaduais do pa\u00eds. Ao escolher a institui\u00e7\u00e3o, o estudante tem acesso a ensino de qualidade, infraestrutura acad\u00eamica s\u00f3lida e oportunidades em pesquisa, extens\u00e3o, cultura e inova\u00e7\u00e3o.&nbsp;<\/p>\n\n\n\n<p><strong>Outras formas de ingresso<\/strong><\/p>\n\n\n\n<p>Al\u00e9m do Vestibular, a <a href=\"https:\/\/sites.uel.br\/prograd\/formas-de-ingresso\/\" target=\"_blank\" rel=\"noreferrer noopener\">UEL conta com outras formas de ingresso<\/a>. Parte das vagas dos cursos de gradua\u00e7\u00e3o tamb\u00e9m \u00e9 disponibilizada por meio do Sistema de Sele\u00e7\u00e3o Unificada (SiSU), com base nas notas do Exame Nacional do Ensino M\u00e9dio (Enem).&nbsp;<\/p>\n\n\n\n<p>Recentemente, foi iniciada a sele\u00e7\u00e3o pelo sistema Aprova Paran\u00e1 Universidades, por meio da nota da Prova Paran\u00e1 Mais.&nbsp;<\/p>\n\n\n\n<p>A universidade oferece ainda vagas remanescentes, vagas para portadores de diploma do ensino superior e transfer\u00eancia externa.<\/p>\n","protected":false},"excerpt":{"rendered":"<p>O Vestibular da Universidade Estadual de Londrina (UEL) \u00e9 o principal processo seletivo para ingresso nos cursos de gradua\u00e7\u00e3o presenciais da institui\u00e7\u00e3o. Organizado pela Coordenadoria de Processos Seletivos (Cops), o concurso \u00e9 reconhecido pela seriedade, transpar\u00eancia e qualidade t\u00e9cnica, sendo refer\u00eancia entre as universidades p\u00fablicas do Brasil. Realizado anualmente, o Vestibular da UEL atrai milhares [&hellip;]<\/p>\n","protected":false},"author":8,"featured_media":0,"parent":0,"menu_order":0,"comment_status":"closed","ping_status":"closed","template":"","meta":{"_acf_changed":false,"_themeisle_gutenberg_block_has_review":false,"footnotes":""},"class_list":["post-514","page","type-page","status-publish","hentry"],"acf":[],"publishpress_future_action":{"enabled":false,"date":"2026-04-26 12:03:23","action":"change-status","newStatus":"draft","terms":[],"taxonomy":"","extraData":[]},"publishpress_future_workflow_manual_trigger":{"enabledWorkflows":[]},"_links":{"self":[{"href":"https:\/\/sites.uel.br\/vestibular\/wp-json\/wp\/v2\/pages\/514","targetHints":{"allow":["GET"]}}],"collection":[{"href":"https:\/\/sites.uel.br\/vestibular\/wp-json\/wp\/v2\/pages"}],"about":[{"href":"https:\/\/sites.uel.br\/vestibular\/wp-json\/wp\/v2\/types\/page"}],"author":[{"embeddable":true,"href":"https:\/\/sites.uel.br\/vestibular\/wp-json\/wp\/v2\/users\/8"}],"replies":[{"embeddable":true,"href":"https:\/\/sites.uel.br\/vestibular\/wp-json\/wp\/v2\/comments?post=514"}],"version-history":[{"count":4,"href":"https:\/\/sites.uel.br\/vestibular\/wp-json\/wp\/v2\/pages\/514\/revisions"}],"predecessor-version":[{"id":1263,"href":"https:\/\/sites.uel.br\/vestibular\/wp-json\/wp\/v2\/pages\/514\/revisions\/1263"}],"wp:attachment":[{"href":"https:\/\/sites.uel.br\/vestibular\/wp-json\/wp\/v2\/media?parent=514"}],"curies":[{"name":"wp","href":"https:\/\/api.w.org\/{rel}","templated":true}]}}