{"id":511,"date":"2025-05-05T11:56:24","date_gmt":"2025-05-05T14:56:24","guid":{"rendered":"https:\/\/sites.uel.br\/vestibular\/?page_id=511"},"modified":"2025-05-08T13:30:32","modified_gmt":"2025-05-08T16:30:32","slug":"copese","status":"publish","type":"page","link":"https:\/\/sites.uel.br\/vestibular\/copese\/","title":{"rendered":"Copese"},"content":{"rendered":"\n<div style=\"height:30px\" aria-hidden=\"true\" class=\"wp-block-spacer\"><\/div>\n\n\n\n<p>A Copese \u00e9 constitu\u00edda pelo Coordenador da Cops, como seu presidente, pelas pessoas que ocupam os cargos de Diretor Pedag\u00f3gico, Diretor Administrativo e Diretor de Desenvolvimento em Inform\u00e1tica e por um representante indicado por cada Centro de Estudos da Universidade e aprovado pelo Conselho Universit\u00e1rio a cada dois anos.<\/p>\n\n\n\n<p><strong>Estrutura atual da Copese<\/strong><\/p>\n\n\n\n<ul class=\"wp-block-list\">\n<li>Ana Heloisa Molina\/CLCH<\/li>\n\n\n\n<li>Dalberto Luiz De Santo\/CEFE<\/li>\n\n\n\n<li>Daniel da Silva Barros\/CESA<\/li>\n\n\n\n<li>Karina K. Marques da Costa Flaiban\/CCA<\/li>\n\n\n\n<li>Luiz Carlos Fabr\u00edcio de Melo\/COPS<\/li>\n\n\n\n<li>Marcelo de Carvalho\/CCB<\/li>\n\n\n\n<li>M\u00e1rcia Eiko Karino\/CCS<\/li>\n\n\n\n<li>Nilson Magagnin Filho\/CTU<\/li>\n\n\n\n<li>Ricardo Vertuan\/COPS<\/li>\n\n\n\n<li>Roberto Mantoani\/COPS<\/li>\n\n\n\n<li>Sandra Malta Barbosa\/CCE<\/li>\n\n\n\n<li>Sandra Regina de Oliveira Garcia\/COPS<\/li>\n\n\n\n<li>Silvia Alves dos Santos\/CECA<\/li>\n<\/ul>\n\n\n\n<p><strong>Atribui\u00e7\u00f5es da Copese<\/strong><\/p>\n\n\n\n<ul class=\"wp-block-list\">\n<li>Propor ao Conselho de Ensino, Pesquisa e Extens\u00e3o ou ao Conselho de Administra\u00e7\u00e3o as diretrizes acad\u00eamicas referentes aos processos seletivos e concursos organizados pela Coordenadoria de Processos Seletivos;<\/li>\n\n\n\n<li>Encaminhar para aprova\u00e7\u00e3o, ap\u00f3s an\u00e1lise preliminar, as propostas de abertura de licita\u00e7\u00f5es, contratos e conv\u00eanios em todas as suas modalidades, afetos \u00e0 Coordenadoria, aos \u00f3rg\u00e3os competentes da Institui\u00e7\u00e3o;<\/li>\n\n\n\n<li>Acompanhar e analisar os processos seletivos e concursos realizados pela Coordenadoria;<\/li>\n\n\n\n<li>Aprovar os impressos e material de divulga\u00e7\u00e3o dos processos seletivos e concursos, elaborados e apresentados pela Coordenadoria;<\/li>\n\n\n\n<li>Analisar os relat\u00f3rios e a presta\u00e7\u00e3o de contas dos processos seletivos e concursos organizados pela Coordenadoria, para posterior encaminhamento ao Conselho de Administra\u00e7\u00e3o e \u00e0 Auditoria Interna.<\/li>\n<\/ul>\n","protected":false},"excerpt":{"rendered":"<p>A Copese \u00e9 constitu\u00edda pelo Coordenador da Cops, como seu presidente, pelas pessoas que ocupam os cargos de Diretor Pedag\u00f3gico, Diretor Administrativo e Diretor de Desenvolvimento em Inform\u00e1tica e por um representante indicado por cada Centro de Estudos da Universidade e aprovado pelo Conselho Universit\u00e1rio a cada dois anos. Estrutura atual da Copese Atribui\u00e7\u00f5es da [&hellip;]<\/p>\n","protected":false},"author":8,"featured_media":0,"parent":0,"menu_order":0,"comment_status":"closed","ping_status":"closed","template":"","meta":{"_acf_changed":false,"_themeisle_gutenberg_block_has_review":false,"footnotes":""},"class_list":["post-511","page","type-page","status-publish","hentry"],"acf":[],"publishpress_future_action":{"enabled":false,"date":"2026-04-26 10:03:41","action":"change-status","newStatus":"draft","terms":[],"taxonomy":"","extraData":[]},"publishpress_future_workflow_manual_trigger":{"enabledWorkflows":[]},"_links":{"self":[{"href":"https:\/\/sites.uel.br\/vestibular\/wp-json\/wp\/v2\/pages\/511","targetHints":{"allow":["GET"]}}],"collection":[{"href":"https:\/\/sites.uel.br\/vestibular\/wp-json\/wp\/v2\/pages"}],"about":[{"href":"https:\/\/sites.uel.br\/vestibular\/wp-json\/wp\/v2\/types\/page"}],"author":[{"embeddable":true,"href":"https:\/\/sites.uel.br\/vestibular\/wp-json\/wp\/v2\/users\/8"}],"replies":[{"embeddable":true,"href":"https:\/\/sites.uel.br\/vestibular\/wp-json\/wp\/v2\/comments?post=511"}],"version-history":[{"count":2,"href":"https:\/\/sites.uel.br\/vestibular\/wp-json\/wp\/v2\/pages\/511\/revisions"}],"predecessor-version":[{"id":562,"href":"https:\/\/sites.uel.br\/vestibular\/wp-json\/wp\/v2\/pages\/511\/revisions\/562"}],"wp:attachment":[{"href":"https:\/\/sites.uel.br\/vestibular\/wp-json\/wp\/v2\/media?parent=511"}],"curies":[{"name":"wp","href":"https:\/\/api.w.org\/{rel}","templated":true}]}}