{"id":508,"date":"2025-05-05T11:55:47","date_gmt":"2025-05-05T14:55:47","guid":{"rendered":"https:\/\/sites.uel.br\/vestibular\/?page_id=508"},"modified":"2025-09-26T18:02:54","modified_gmt":"2025-09-26T21:02:54","slug":"cops","status":"publish","type":"page","link":"https:\/\/sites.uel.br\/vestibular\/cops\/","title":{"rendered":"Cops"},"content":{"rendered":"\n<div style=\"height:30px\" aria-hidden=\"true\" class=\"wp-block-spacer\"><\/div>\n\n\n\n<p>A <a href=\"https:\/\/www.cops.uel.br\/v2\/\" target=\"_blank\" rel=\"noreferrer noopener\">Coordenadoria de Processos Seletivos (Cops),<\/a> da Universidade Estadual de Londrina, foi criada pela R<a href=\"https:\/\/sistemas.uel.br\/files\/atonormativo\/RESOLUCOES\/2003\/160.pdf\">esolu\u00e7\u00e3o do Conselho Universit\u00e1rio n\u00ba 160\/03,<\/a> em 18 de setembro de 2003 e regulamentada pela <a href=\"https:\/\/sistemas.uel.br\/files\/atonormativo\/RESOLUCOES\/2003\/176.pdf\">Resolu\u00e7\u00e3o do Conselho de Administra\u00e7\u00e3o n. 176\/03<\/a>, em 24 de setembro de 2003 e dedica-se \u00e0 realiza\u00e7\u00e3o de processos de sele\u00e7\u00e3o no \u00e2mbito interno e externo \u00e0 Universidade.<\/p>\n\n\n\n<p>A Cops \u00e9 um \u00f3rg\u00e3o executivo da Reitoria, respons\u00e1vel pelo planejamento, coordena\u00e7\u00e3o, supervis\u00e3o e execu\u00e7\u00e3o de Concursos, Processos Seletivos e Avalia\u00e7\u00f5es Educacionais.<\/p>\n\n\n\n<p>A presta\u00e7\u00e3o de servi\u00e7os a entidades externas tem o compromisso de selecionar os melhores profissionais para as vagas dispon\u00edveis, por meio de provas elaboradas especificamente a partir das descri\u00e7\u00f5es das fun\u00e7\u00f5es, por equipe multidisciplinar competente, designada para este fim.<\/p>\n\n\n\n<p>A realiza\u00e7\u00e3o de processos seletivos de ingresso \u00e0 Universidade tem, por outro lado, compromissos institucionais mediados pelo perfil dos ingressantes e pelos efeitos das provas sobre a educa\u00e7\u00e3o b\u00e1sica. <\/p>\n\n\n\n<p>Em conformidade com o Art. 51, da Lei de Diretrizes e Bases (Lei n\u00ba 9.394\/96), a Cops deve deliberar sobre crit\u00e9rios e normas de sele\u00e7\u00e3o e admiss\u00e3o de estudantes considerando os impactos que isto gera sobre o ensino m\u00e9dio. Neste sentido, prende-se a uma vis\u00e3o pedag\u00f3gica, com vistas ao aperfei\u00e7oamento das pol\u00edticas educacionais e \u00e0 integra\u00e7\u00e3o da UEL com o ensino b\u00e1sico.<\/p>\n\n\n\n<p>A Cops \u00e9 academicamente subordinada \u00e0 <a href=\"https:\/\/sites.uel.br\/vestibular\/copese\/\">Comiss\u00e3o Permanente de Sele\u00e7\u00e3o (Copese)<\/a>, \u00e0 qual compete propor ao Conselho de Ensino, Pesquisa e Extens\u00e3o (Cepe) as diretrizes pedag\u00f3gicas referentes aos Concursos e Processos Seletivos que organiza.<\/p>\n\n\n\n<p><strong>Miss\u00e3o da Cops<\/strong><\/p>\n\n\n\n<p>Prestar servi\u00e7os com excel\u00eancia, visando a selecionar os melhores candidatos para as vagas a serem preenchidas, por meio de processos realizados com profissionalismo, lisura e transpar\u00eancia, em equil\u00edbrio com os interesses da Universidade e do bem p\u00fablico.<\/p>\n\n\n\n<p><strong>Organograma<\/strong><\/p>\n\n\n<div class=\"wp-block-image\">\n<figure class=\"aligncenter size-large\"><img decoding=\"async\" src=\"https:\/\/www.cops.uel.br\/v2\/system\/general\/app_files\/media\/img\/organograma.png\" alt=\"\" \/><\/figure>\n<\/div>\n\n\n<p><strong>Equipe<\/strong><\/p>\n\n\n\n<figure class=\"wp-block-table has-small-font-size\"><table><thead><tr><th>Setor<\/th><th>Respons\u00e1vel<\/th><th>Cargo\/Fun\u00e7\u00e3o<\/th><th>Contato<\/th><\/tr><\/thead><tbody><tr><td><strong>Coordenadoria de Processos Seletivos<\/strong><\/td><td><strong>Prof\u00aa Dr\u00aa Sandra Regina de Oliveira Garcia<\/strong><\/td><td><strong>Coordenadora<\/strong><\/td><td><strong>cops.coordenacao@uel.br<\/strong><\/td><\/tr><tr><td>Secretaria Executiva<\/td><td>Rosaly dos Santos Garcia<\/td><td>Secret\u00e1ria Executiva<\/td><td>&nbsp;<\/td><\/tr><tr><td><a href=\"https:\/\/www.cops.uel.br\/v2\/Pagina\/Visualizar\/id\/9\">Comiss\u00e3o Permanente de Sele\u00e7\u00e3o<\/a><\/td><td>&nbsp;<\/td><td>&nbsp;<\/td><td>&nbsp;<\/td><\/tr><tr><td><strong>Diretoria Pedag\u00f3gica<\/strong><\/td><td><strong>Luiz Carlos Fabr\u00edcio de Melo<\/strong><\/td><td><strong>Diretor Pedag\u00f3gico<\/strong><\/td><td><strong>copsped@uel.br<\/strong><\/td><\/tr><tr><td>Se\u00e7\u00e3o de Apoio Pedag\u00f3gico<\/td><td>&nbsp;<\/td><td>&nbsp;<\/td><td>&nbsp;<\/td><\/tr><tr><td><strong>Diretoria Administrativa<\/strong><\/td><td><strong>Roberto Mantoani<\/strong><\/td><td><strong>Diretor Administrativo<\/strong><\/td><td><strong>cops.dad@uel.br<\/strong><\/td><\/tr><tr><td>Divis\u00e3o de Log\u00edstica e Opera\u00e7\u00e3o<\/td><td>Maria Lucia Ferraro<\/td><td>Chefe da Divis\u00e3o<\/td><td>&nbsp;<\/td><\/tr><tr><td>Divis\u00e3o de Apoio T\u00e9cnico-Administrativo<\/td><td>Ana Cristina Nader Costa Carvalho<\/td><td>Chefe da Divis\u00e3o<\/td><td>&nbsp;<\/td><\/tr><tr><td>&nbsp;<\/td><td>Luiz Claudio Medeiros<\/td><td>T\u00e9cnico Administrativo<\/td><td>&nbsp;<\/td><\/tr><tr><td><strong>Diretoria de Desenvolvimento em Inform\u00e1tica<\/strong><\/td><td><strong>Ricardo Vertuan<\/strong><\/td><td><strong>Diretor de Desenvolvimento em Inform\u00e1tica<\/strong><\/td><td><strong>copsddi@uel.br<\/strong><\/td><\/tr><\/tbody><\/table><\/figure>\n","protected":false},"excerpt":{"rendered":"<p>A Coordenadoria de Processos Seletivos (Cops), da Universidade Estadual de Londrina, foi criada pela Resolu\u00e7\u00e3o do Conselho Universit\u00e1rio n\u00ba 160\/03, em 18 de setembro de 2003 e regulamentada pela Resolu\u00e7\u00e3o do Conselho de Administra\u00e7\u00e3o n. 176\/03, em 24 de setembro de 2003 e dedica-se \u00e0 realiza\u00e7\u00e3o de processos de sele\u00e7\u00e3o no \u00e2mbito interno e externo [&hellip;]<\/p>\n","protected":false},"author":8,"featured_media":0,"parent":0,"menu_order":0,"comment_status":"closed","ping_status":"closed","template":"","meta":{"_acf_changed":false,"_themeisle_gutenberg_block_has_review":false,"footnotes":""},"class_list":["post-508","page","type-page","status-publish","hentry"],"acf":[],"publishpress_future_action":{"enabled":false,"date":"2026-05-16 11:42:10","action":"change-status","newStatus":"draft","terms":[],"taxonomy":"","extraData":[]},"publishpress_future_workflow_manual_trigger":{"enabledWorkflows":[]},"_links":{"self":[{"href":"https:\/\/sites.uel.br\/vestibular\/wp-json\/wp\/v2\/pages\/508","targetHints":{"allow":["GET"]}}],"collection":[{"href":"https:\/\/sites.uel.br\/vestibular\/wp-json\/wp\/v2\/pages"}],"about":[{"href":"https:\/\/sites.uel.br\/vestibular\/wp-json\/wp\/v2\/types\/page"}],"author":[{"embeddable":true,"href":"https:\/\/sites.uel.br\/vestibular\/wp-json\/wp\/v2\/users\/8"}],"replies":[{"embeddable":true,"href":"https:\/\/sites.uel.br\/vestibular\/wp-json\/wp\/v2\/comments?post=508"}],"version-history":[{"count":8,"href":"https:\/\/sites.uel.br\/vestibular\/wp-json\/wp\/v2\/pages\/508\/revisions"}],"predecessor-version":[{"id":1033,"href":"https:\/\/sites.uel.br\/vestibular\/wp-json\/wp\/v2\/pages\/508\/revisions\/1033"}],"wp:attachment":[{"href":"https:\/\/sites.uel.br\/vestibular\/wp-json\/wp\/v2\/media?parent=508"}],"curies":[{"name":"wp","href":"https:\/\/api.w.org\/{rel}","templated":true}]}}