{"id":173,"date":"2025-04-15T15:20:25","date_gmt":"2025-04-15T18:20:25","guid":{"rendered":"https:\/\/sites.uel.br\/vestibular\/?page_id=173"},"modified":"2026-03-11T17:11:47","modified_gmt":"2026-03-11T20:11:47","slug":"contato","status":"publish","type":"page","link":"https:\/\/sites.uel.br\/vestibular\/contato\/","title":{"rendered":"Contato"},"content":{"rendered":"\n<div style=\"height:30px\" aria-hidden=\"true\" class=\"wp-block-spacer\"><\/div>\n\n\n\n<div class=\"wp-block-columns is-layout-flex wp-container-core-columns-is-layout-9d6595d7 wp-block-columns-is-layout-flex\">\n<div class=\"wp-block-column is-layout-flow wp-block-column-is-layout-flow\">\n<p><strong>Dias da semana: <\/strong><br>Segunda a sexta-feira<\/p>\n\n\n\n<p><strong>Hor\u00e1rios:<\/strong><br>08h \u00e0s 12h<br>14h \u00e0s 17h<\/p>\n\n\n\n<p><strong>Local:<\/strong><br>Coordenadoria de Processos Seletivos (Cops)<br>Universidade Estadual de Londrina<br>Campus Universit\u00e1rio &#8211; Londrina\/PR<\/p>\n\n\n\n<p><strong>E-mail:<\/strong> <br><a href=\"mailto:cops@uel.br?subject=[PORTAL]\">cops@uel.br<\/a><\/p>\n\n\n\n<p><strong>Telefone: <\/strong><br>(43) 3371-4393<\/p>\n<\/div>\n<\/div>\n","protected":false},"excerpt":{"rendered":"<p>Dias da semana: Segunda a sexta-feira Hor\u00e1rios:08h \u00e0s 12h14h \u00e0s 17h Local:Coordenadoria de Processos Seletivos (Cops)Universidade Estadual de LondrinaCampus Universit\u00e1rio &#8211; Londrina\/PR E-mail: cops@uel.br Telefone: (43) 3371-4393<\/p>\n","protected":false},"author":8,"featured_media":0,"parent":0,"menu_order":0,"comment_status":"closed","ping_status":"closed","template":"","meta":{"_acf_changed":false,"_themeisle_gutenberg_block_has_review":false,"footnotes":""},"class_list":["post-173","page","type-page","status-publish","hentry"],"acf":[],"publishpress_future_action":{"enabled":false,"date":"2026-05-16 15:29:17","action":"change-status","newStatus":"draft","terms":[],"taxonomy":"","extraData":[]},"publishpress_future_workflow_manual_trigger":{"enabledWorkflows":[]},"_links":{"self":[{"href":"https:\/\/sites.uel.br\/vestibular\/wp-json\/wp\/v2\/pages\/173","targetHints":{"allow":["GET"]}}],"collection":[{"href":"https:\/\/sites.uel.br\/vestibular\/wp-json\/wp\/v2\/pages"}],"about":[{"href":"https:\/\/sites.uel.br\/vestibular\/wp-json\/wp\/v2\/types\/page"}],"author":[{"embeddable":true,"href":"https:\/\/sites.uel.br\/vestibular\/wp-json\/wp\/v2\/users\/8"}],"replies":[{"embeddable":true,"href":"https:\/\/sites.uel.br\/vestibular\/wp-json\/wp\/v2\/comments?post=173"}],"version-history":[{"count":8,"href":"https:\/\/sites.uel.br\/vestibular\/wp-json\/wp\/v2\/pages\/173\/revisions"}],"predecessor-version":[{"id":1273,"href":"https:\/\/sites.uel.br\/vestibular\/wp-json\/wp\/v2\/pages\/173\/revisions\/1273"}],"wp:attachment":[{"href":"https:\/\/sites.uel.br\/vestibular\/wp-json\/wp\/v2\/media?parent=173"}],"curies":[{"name":"wp","href":"https:\/\/api.w.org\/{rel}","templated":true}]}}