{"id":1245,"date":"2026-03-11T16:36:05","date_gmt":"2026-03-11T19:36:05","guid":{"rendered":"https:\/\/sites.uel.br\/vestibular\/?page_id=1245"},"modified":"2026-03-11T16:59:13","modified_gmt":"2026-03-11T19:59:13","slug":"isencao-ou-desconto","status":"publish","type":"page","link":"https:\/\/sites.uel.br\/vestibular\/isencao-ou-desconto\/","title":{"rendered":"Isen\u00e7\u00e3o ou desconto"},"content":{"rendered":"\n<div style=\"height:25px\" aria-hidden=\"true\" class=\"wp-block-spacer\"><\/div>\n\n\n\n<p>A isen\u00e7\u00e3o ou desconto do pagamento do pre\u00e7o p\u00fablico referente \u00e0 inscri\u00e7\u00e3o do Vestibular UEL \u00e9 destinada aos&nbsp;<strong>estudantes de baixa renda<\/strong>.&nbsp;<\/p>\n\n\n\n<p>Podem participar do processo para isen\u00e7\u00e3o os candidatos que frequentaram o Ensino Fundamental (6\u00ba ao 9\u00ba ano) e o Ensino M\u00e9dio Completo na rede p\u00fablica de ensino, educa\u00e7\u00e3o de jovens e adultos (EJA) e bolsistas da rede privada de ensino (bolsa integral).<\/p>\n\n\n\n<p>S\u00e3o duas modalidades:<\/p>\n\n\n\n<div style=\"height:25px\" aria-hidden=\"true\" class=\"wp-block-spacer\"><\/div>\n\n\n\n<h3 class=\"wp-block-heading\"><strong>1) Isen\u00e7\u00e3o pelo NIS\/Cad\u00danico<\/strong><\/h3>\n\n\n\n<p>Para candidatos que possuam N\u00famero de Identifica\u00e7\u00e3o Social (NIS) atribu\u00eddo pelo Cad\u00danico atualizado, basta informar o n\u00famero no&nbsp;<a href=\"https:\/\/www.cops.uel.br\/v2\/Isencao\/RequererIsencaoNis\/Selecao\/370\/Atividade\/20237\" target=\"_blank\" rel=\"noreferrer noopener\">site da Cops<\/a>, no per\u00edodo que estiver estipulado.<\/p>\n\n\n\n<p>Tem isen\u00e7\u00e3o do valor total do pre\u00e7o p\u00fablico de inscri\u00e7\u00e3o para o candidato que, cumulativamente:<br>a) Estiver inscrito no Cadastro \u00danico para Programas Sociais do Governo Federal \u2013 Cad\u00danico;<br>b) For membro de fam\u00edlia de baixa renda.<\/p>\n\n\n\n<p><strong>Cronograma de execu\u00e7\u00e3o pelo NIS\/Cad\u00danico<\/strong><\/p>\n\n\n\n<figure class=\"wp-block-table has-small-font-size\"><table class=\"has-fixed-layout\"><tbody><tr><td><strong>ETAPAS<\/strong><\/td><td><strong>PER\u00cdODO<\/strong><\/td><\/tr><tr><td>Inscri\u00e7\u00e3o pelo NIS\/Cad\u00danico<\/td><td>Ainda n\u00e3o definido<\/td><\/tr><tr><td>Resultado \u2013 Pedidos Indeferidos e Deferidos<\/td><td><\/td><\/tr><tr><td>Pedido de Recurso<\/td><td><br><\/td><\/tr><tr><td>Edital Resultado Recurso e Edital Final da Sele\u00e7\u00e3o pelo NIS<\/td><td><\/td><\/tr><tr><td>Ap\u00f3s o Resultado Final, ser\u00e1&nbsp;<strong>obrigat\u00f3rio<\/strong>&nbsp;o preenchimento do Formul\u00e1rio de Inscri\u00e7\u00e3o no Processo Seletivo Vestibular 2027, no endere\u00e7o eletr\u00f4nico&nbsp;<a href=\"http:\/\/www.cops.uel.br\/\">www.cops.uel.br<\/a><\/td><td><\/td><\/tr><\/tbody><\/table><\/figure>\n\n\n\n<div style=\"height:25px\" aria-hidden=\"true\" class=\"wp-block-spacer\"><\/div>\n\n\n\n<h3 class=\"wp-block-heading\"><strong>2) Isen\u00e7\u00e3o ou desconto de 50% ou 30% por An\u00e1lise Socioecon\u00f4mica<\/strong><\/h3>\n\n\n\n<p>Para os demais candidatos \u00e9 poss\u00edvel conseguir isen\u00e7\u00e3o ou desconto no pre\u00e7o p\u00fablico por meio do Processo de An\u00e1lise Socioecon\u00f4mica do&nbsp;<a href=\"https:\/\/www.uel.br\/sebec\/\" target=\"_blank\" rel=\"noreferrer noopener\">Servi\u00e7o de Bem-estar \u00e0 Comunidade (Sebec)<\/a>.<\/p>\n\n\n\n<p>Os interessados devem enviar os documentos exigidos pela internet, no formato JPG, PDF ou PNG, no prazo a ser determinado. Confira todas as informa\u00e7\u00f5es na&nbsp;<strong>Instru\u00e7\u00e3o de Servi\u00e7o<\/strong>.<\/p>\n\n\n\n<p><strong>Crit\u00e9rios<\/strong><\/p>\n\n\n\n<p>A an\u00e1lise socioecon\u00f4mica ser\u00e1 realizada por assistentes sociais do Sebec e considerar\u00e1 as informa\u00e7\u00f5es prestadas pelo candidato no&nbsp;<strong>preenchimento do&nbsp;formul\u00e1rio&nbsp;e an\u00e1lise documental<\/strong>, sendo imprescind\u00edvel a comprova\u00e7\u00e3o de todas as informa\u00e7\u00f5es prestadas, de forma a tornar o conte\u00fado coerente;<\/p>\n\n\n\n<p>Os crit\u00e9rios de isen\u00e7\u00e3o ser\u00e3o definidos a partir da renda per capita do grupo familiar e da condi\u00e7\u00e3o escolar. Observando rigorosamente os crit\u00e9rios:<\/p>\n\n\n\n<ul class=\"wp-block-list\">\n<li>Renda per capita n\u00e3o poder\u00e1 ser superior \u00e0 de um sal\u00e1rio-m\u00ednimo federal (R$1.518,00);<\/li>\n\n\n\n<li>Candidato proveniente da rede p\u00fablica de ensino que j\u00e1 tenha conclu\u00eddo ou que esteja cursando o \u00faltimo ano do Ensino M\u00e9dio (seja pelo Ensino M\u00e9dio Integrado\/t\u00e9cnico, ENCEJA ou EJA).<\/li>\n\n\n\n<li>Bolsistas da Rede Privada de Ensino com isen\u00e7\u00e3o (bolsa integral) \u2013 Renda per capita at\u00e9 R$ 1.518,00.<\/li>\n<\/ul>\n\n\n\n<p>Os descontos ser\u00e3o de 50% ou de 30% do valor do pre\u00e7o p\u00fablico da inscri\u00e7\u00e3o do Vestibular UEL 2027.<\/p>\n\n\n\n<figure class=\"wp-block-table has-small-font-size\"><table class=\"has-fixed-layout\"><tbody><tr><td><strong>Descontos<\/strong><\/td><td><strong>Renda per capita<\/strong><\/td><\/tr><tr><td>Isen\u00e7\u00e3o<\/td><td>At\u00e9 R$ 1.518,00<\/td><\/tr><tr><td>50%<\/td><td>De R$ 1.518,01 at\u00e9 R$ 2.277,00<\/td><\/tr><tr><td>30%<\/td><td>De R$ 2.277,01 at\u00e9 R$ 3.036,00<\/td><\/tr><\/tbody><\/table><\/figure>\n\n\n\n<div style=\"height:25px\" aria-hidden=\"true\" class=\"wp-block-spacer\"><\/div>\n\n\n\n<p><strong>Cronograma de execu\u00e7\u00e3o por an\u00e1lise socioecon\u00f4mica do Sebec<\/strong><\/p>\n\n\n\n<figure class=\"wp-block-table has-small-font-size\"><table class=\"has-fixed-layout\"><tbody><tr><td><strong>ETAPAS<\/strong><\/td><td><strong>PER\u00cdODO<\/strong><\/td><\/tr><tr><td>Inscri\u00e7\u00e3o<\/td><td>Ainda n\u00e3o definido<\/td><\/tr><tr><td>Resultado \u2013 Pedidos Indeferidos e Deferidos <\/td><td><\/td><\/tr><tr><td>Pedido de Recurso<\/td><td><\/td><\/tr><tr><td>Resultado Recurso \u2013 Deferidos e Indeferidos <\/td><td><\/td><\/tr><tr><td>Ap\u00f3s o Resultado Final, ser\u00e1&nbsp;<strong>obrigat\u00f3rio<\/strong>&nbsp;o preenchimento do Formul\u00e1rio de Inscri\u00e7\u00e3o no Processo Seletivo Vestibular 2027, no endere\u00e7o eletr\u00f4nico&nbsp;<a href=\"http:\/\/www.cops.uel.br\/\">www.cops.uel.br<\/a><\/td><td><\/td><\/tr><\/tbody><\/table><\/figure>\n\n\n\n<div style=\"height:25px\" aria-hidden=\"true\" class=\"wp-block-spacer\"><\/div>\n\n\n\n<p><strong>Documenta\u00e7\u00e3o obrigat\u00f3ria<\/strong><\/p>\n\n\n\n<p>Importante:&nbsp;<strong><em>A falta de qualquer um dos documentos solicitados exclui o candidato do processo.<\/em><\/strong><\/p>\n\n\n\n<p>IDENTIFICA\u00c7\u00c3O<br>\u2013 C\u00f3pia do RG (frente e verso) e CPF ou CNH de todos os membros da composi\u00e7\u00e3o familiar com mais de 18 anos completos;<br>\u2013 Certid\u00e3o de nascimento ou RG (para menores de 18 anos);<\/p>\n\n\n\n<p>SITUA\u00c7\u00c3O DE TRABALHO E RENDA (<em>necess\u00e1rio comprovar renda de todos os membros da composi\u00e7\u00e3o familiar com mais de 18 anos completos<\/em>).<br>\u2013 Trabalho formal \u2013 holerite ou declara\u00e7\u00e3o do\/a empregador\/a, constando cargo e sal\u00e1rio mensal;<br>\u2013 Trabalho informal (bolsista, benef\u00edcio, pens\u00e3o, dentre outras fontes de renda) \u2013 declara\u00e7\u00e3o individual (Anexo II), constando atividade desenvolvida e o valor aproximado da renda mensal;<br>\u2013 Caso n\u00e3o trabalhe ou n\u00e3o tenha renda \u2013 declara\u00e7\u00e3o individual (Anexo II), informando que n\u00e3o est\u00e1 exercendo atividades laborais, ou que n\u00e3o tenha renda, e a forma de subsist\u00eancia;<\/p>\n\n\n\n<p>HIST\u00d3RICO ESCOLAR<br>(<em>O candidato que realizou\/concluiu o Ensino M\u00e9dio e\/ou Fundamental na Rede Privada de Ensino com bolsa 100%, deve apresentar comprovante\/declara\u00e7\u00e3o do recebimento de bolsa integral<\/em>).<br>\u2013 Ensino Fundamental (5\u00aa s\u00e9rie\/6\u00ba ano a 8\u00aa s\u00e9rie\/9\u00ba ano) (caso n\u00e3o possua hist\u00f3rico escolar do Ensino Fundamental, apresentar declara\u00e7\u00e3o do estabelecimento de ensino, informando onde estudou em cada s\u00e9rie);<br>\u2013 Ensino M\u00e9dio (caso n\u00e3o possua hist\u00f3rico escolar do Ensino M\u00e9dio ou que ainda n\u00e3o o tenha conclu\u00eddo, deve apresentar declara\u00e7\u00e3o do estabelecimento de ensino, informando onde estudou e\/ou estuda em cada s\u00e9rie do Ensino M\u00e9dio).<\/p>\n\n\n\n<div style=\"height:25px\" aria-hidden=\"true\" class=\"wp-block-spacer\"><\/div>\n\n\n\n<h3 class=\"wp-block-heading\"><strong>3) Isen\u00e7\u00e3o para servidores da UEL e dependentes de servidores da UEL<\/strong><\/h3>\n\n\n\n<p>Para esta categoria de candidatos, a isen\u00e7\u00e3o ou desconto do pre\u00e7o p\u00fablico da inscri\u00e7\u00e3o do Processo Seletivo Vestibular UEL 2027 obedecer\u00e3o aos crit\u00e9rios descritos na&nbsp;<strong>Instru\u00e7\u00e3o de Servi\u00e7o<\/strong>.<\/p>\n\n\n\n<figure class=\"wp-block-table has-small-font-size\"><table class=\"has-fixed-layout\"><tbody><tr><td><strong>DESCONTOS<\/strong><\/td><td><strong>P\u00daBLICO<\/strong><\/td><\/tr><tr><td>Isen\u00e7\u00e3o<\/td><td><strong>Servidores&nbsp;<\/strong>com vencimentos equivalentes a at\u00e9 5 (cinco) sal\u00e1rios m\u00ednimos e que n\u00e3o tenham conclu\u00eddo curso superior<\/td><\/tr><tr><td>50%<\/td><td><strong>Servidores&nbsp;<\/strong>com vencimentos acima do equivalente a 5 (cinco) sal\u00e1rios m\u00ednimos<\/td><\/tr><tr><td>50%<\/td><td><strong>Dependentes&nbsp;de servidores&nbsp;<\/strong>(devidamente comprovados)<\/td><\/tr><tr><td>30%<\/td><td><strong>Servidores&nbsp;<\/strong>com vencimentos equivalentes a at\u00e9 5 (cinco) sal\u00e1rios m\u00ednimos e que tenham conclu\u00eddo curso superior<\/td><\/tr><\/tbody><\/table><\/figure>\n\n\n\n<div style=\"height:25px\" aria-hidden=\"true\" class=\"wp-block-spacer\"><\/div>\n\n\n\n<p><strong>Cronograma de execu\u00e7\u00e3o<\/strong><\/p>\n\n\n\n<figure class=\"wp-block-table has-small-font-size\"><table class=\"has-fixed-layout\"><tbody><tr><td><strong>ETAPAS<\/strong><\/td><td><strong>PER\u00cdODO<\/strong><\/td><\/tr><tr><td>Inscri\u00e7\u00e3o<\/td><td><\/td><\/tr><tr><td>Resultado \u2013 Pedidos&nbsp;Deferidos&nbsp;<br>Resultado \u2013 Pedidos&nbsp;Indeferidos<\/td><td><\/td><\/tr><tr><td>Pedido de&nbsp;Recurso<\/td><td><\/td><\/tr><tr><td>Resultado Recurso \u2013&nbsp;anexo \u2013 Deferidos ap\u00f3s an\u00e1lise recursos<br>Resultado Recurso \u2013&nbsp;anexo \u2013 Indeferidos ap\u00f3s an\u00e1lise recursos<\/td><td><\/td><\/tr><tr><td>Ap\u00f3s o Resultado Final, ser\u00e1&nbsp;<strong>obrigat\u00f3rio<\/strong>&nbsp;o preenchimento do Formul\u00e1rio de Inscri\u00e7\u00e3o no Processo Seletivo Vestibular 2027 no endere\u00e7o eletr\u00f4nico&nbsp;<a href=\"http:\/\/www.cops.uel.br\/\">www.cops.uel.br<\/a><\/td><td><\/td><\/tr><\/tbody><\/table><\/figure>\n\n\n\n<div style=\"height:25px\" aria-hidden=\"true\" class=\"wp-block-spacer\"><\/div>\n\n\n\n<h3 class=\"wp-block-heading\"><strong>Inscri\u00e7\u00e3o no Vestibular UEL<\/strong><\/h3>\n\n\n\n<p>Os candidatos que obtiverem isen\u00e7\u00e3o do pagamento do pre\u00e7o p\u00fablico de inscri\u00e7\u00e3o no Vestibular,<strong>&nbsp;s\u00f3 ter\u00e3o a inscri\u00e7\u00e3o efetivada ap\u00f3s o preenchimento do Formul\u00e1rio de Inscri\u00e7\u00e3o<\/strong>&nbsp;no site da Cops.<\/p>\n\n\n\n<p><\/p>\n","protected":false},"excerpt":{"rendered":"<p>A isen\u00e7\u00e3o ou desconto do pagamento do pre\u00e7o p\u00fablico referente \u00e0 inscri\u00e7\u00e3o do Vestibular UEL \u00e9 destinada aos&nbsp;estudantes de baixa renda.&nbsp; Podem participar do processo para isen\u00e7\u00e3o os candidatos que frequentaram o Ensino Fundamental (6\u00ba ao 9\u00ba ano) e o Ensino M\u00e9dio Completo na rede p\u00fablica de ensino, educa\u00e7\u00e3o de jovens e adultos (EJA) e [&hellip;]<\/p>\n","protected":false},"author":8,"featured_media":0,"parent":0,"menu_order":0,"comment_status":"closed","ping_status":"closed","template":"","meta":{"_acf_changed":false,"_themeisle_gutenberg_block_has_review":false,"footnotes":""},"class_list":["post-1245","page","type-page","status-publish","hentry"],"acf":[],"publishpress_future_action":{"enabled":false,"date":"2026-04-26 08:32:36","action":"change-status","newStatus":"draft","terms":[],"taxonomy":"","extraData":[]},"publishpress_future_workflow_manual_trigger":{"enabledWorkflows":[]},"_links":{"self":[{"href":"https:\/\/sites.uel.br\/vestibular\/wp-json\/wp\/v2\/pages\/1245","targetHints":{"allow":["GET"]}}],"collection":[{"href":"https:\/\/sites.uel.br\/vestibular\/wp-json\/wp\/v2\/pages"}],"about":[{"href":"https:\/\/sites.uel.br\/vestibular\/wp-json\/wp\/v2\/types\/page"}],"author":[{"embeddable":true,"href":"https:\/\/sites.uel.br\/vestibular\/wp-json\/wp\/v2\/users\/8"}],"replies":[{"embeddable":true,"href":"https:\/\/sites.uel.br\/vestibular\/wp-json\/wp\/v2\/comments?post=1245"}],"version-history":[{"count":4,"href":"https:\/\/sites.uel.br\/vestibular\/wp-json\/wp\/v2\/pages\/1245\/revisions"}],"predecessor-version":[{"id":1259,"href":"https:\/\/sites.uel.br\/vestibular\/wp-json\/wp\/v2\/pages\/1245\/revisions\/1259"}],"wp:attachment":[{"href":"https:\/\/sites.uel.br\/vestibular\/wp-json\/wp\/v2\/media?parent=1245"}],"curies":[{"name":"wp","href":"https:\/\/api.w.org\/{rel}","templated":true}]}}