{"id":1239,"date":"2026-03-11T16:15:51","date_gmt":"2026-03-11T19:15:51","guid":{"rendered":"https:\/\/sites.uel.br\/vestibular\/?page_id=1239"},"modified":"2026-04-08T09:49:41","modified_gmt":"2026-04-08T12:49:41","slug":"inscricao","status":"publish","type":"page","link":"https:\/\/sites.uel.br\/vestibular\/inscricao\/","title":{"rendered":"Inscri\u00e7\u00e3o"},"content":{"rendered":"\n<div style=\"height:25px\" aria-hidden=\"true\" class=\"wp-block-spacer\"><\/div>\n\n\n\n<p>A inscri\u00e7\u00e3o para o Processo Seletivo Vestibular UEL \u00e9 realizada em duas etapas:<\/p>\n\n\n\n<ol class=\"wp-block-list\">\n<li>Cadastro no site da Cops.<\/li>\n\n\n\n<li>Preenchimento do Formul\u00e1rio de Inscri\u00e7\u00e3o.<\/li>\n<\/ol>\n\n\n\n<p><strong>As inscri\u00e7\u00e3o do Vestibular UEL 2027 ainda n\u00e3o est\u00e3o definidas.<\/strong><\/p>\n\n\n\n<p>Somente ap\u00f3s o pagamento do pre\u00e7o p\u00fablico da inscri\u00e7\u00e3o a inscri\u00e7\u00e3o ser\u00e1 efetivada \u2013 exceto para os casos de isen\u00e7\u00e3o total do pre\u00e7o p\u00fablico.<\/p>\n\n\n\n<h3 class=\"wp-block-heading\"><strong>Cadastro no site da Cops<\/strong><\/h3>\n\n\n\n<p>Para a realiza\u00e7\u00e3o da inscri\u00e7\u00e3o no Processo Seletivo Vestibular, o candidato dever\u00e1 ter cadastro atualizado ou efetiv\u00e1-lo por meio do site da Cops.<\/p>\n\n\n\n<p>No momento do cadastro, ser\u00e1 exigido o envio de:<\/p>\n\n\n\n<ul class=\"wp-block-list\">\n<li>C\u00f3pia digitalizada do documento de identifica\u00e7\u00e3o original e pessoal;<\/li>\n\n\n\n<li>Foto individual, atualizada, colorida, com fundo claro, enquadrada desde a cabe\u00e7a at\u00e9 os ombros, de rosto inteiro, sem o uso de \u00f3culos escuros e artigos de chapelaria (bon\u00e9, chap\u00e9u, viseira, gorro ou similares).<\/li>\n<\/ul>\n\n\n\n<p>Os arquivos dever\u00e3o ser anexados na forma de upload, em formato JPG ou PNG.<\/p>\n\n\n\n<p>O documento e a foto do candidato poder\u00e3o ser objetos de compara\u00e7\u00e3o com o documento original a ser apresentado no dia da prova.<\/p>\n","protected":false},"excerpt":{"rendered":"<p>A inscri\u00e7\u00e3o para o Processo Seletivo Vestibular UEL \u00e9 realizada em duas etapas: As inscri\u00e7\u00e3o do Vestibular UEL 2027 ainda n\u00e3o est\u00e3o definidas. Somente ap\u00f3s o pagamento do pre\u00e7o p\u00fablico da inscri\u00e7\u00e3o a inscri\u00e7\u00e3o ser\u00e1 efetivada \u2013 exceto para os casos de isen\u00e7\u00e3o total do pre\u00e7o p\u00fablico. Cadastro no site da Cops Para a realiza\u00e7\u00e3o [&hellip;]<\/p>\n","protected":false},"author":8,"featured_media":0,"parent":0,"menu_order":0,"comment_status":"closed","ping_status":"closed","template":"","meta":{"_acf_changed":false,"_themeisle_gutenberg_block_has_review":false,"footnotes":""},"class_list":["post-1239","page","type-page","status-publish","hentry"],"acf":[],"publishpress_future_action":{"enabled":false,"date":"2026-04-26 10:04:28","action":"change-status","newStatus":"draft","terms":[],"taxonomy":"","extraData":[]},"publishpress_future_workflow_manual_trigger":{"enabledWorkflows":[]},"_links":{"self":[{"href":"https:\/\/sites.uel.br\/vestibular\/wp-json\/wp\/v2\/pages\/1239","targetHints":{"allow":["GET"]}}],"collection":[{"href":"https:\/\/sites.uel.br\/vestibular\/wp-json\/wp\/v2\/pages"}],"about":[{"href":"https:\/\/sites.uel.br\/vestibular\/wp-json\/wp\/v2\/types\/page"}],"author":[{"embeddable":true,"href":"https:\/\/sites.uel.br\/vestibular\/wp-json\/wp\/v2\/users\/8"}],"replies":[{"embeddable":true,"href":"https:\/\/sites.uel.br\/vestibular\/wp-json\/wp\/v2\/comments?post=1239"}],"version-history":[{"count":3,"href":"https:\/\/sites.uel.br\/vestibular\/wp-json\/wp\/v2\/pages\/1239\/revisions"}],"predecessor-version":[{"id":1512,"href":"https:\/\/sites.uel.br\/vestibular\/wp-json\/wp\/v2\/pages\/1239\/revisions\/1512"}],"wp:attachment":[{"href":"https:\/\/sites.uel.br\/vestibular\/wp-json\/wp\/v2\/media?parent=1239"}],"curies":[{"name":"wp","href":"https:\/\/api.w.org\/{rel}","templated":true}]}}