{"id":29306,"date":"2026-04-15T17:08:30","date_gmt":"2026-04-15T20:08:30","guid":{"rendered":"https:\/\/sites.uel.br\/tvuel\/?page_id=29306"},"modified":"2026-04-16T11:17:04","modified_gmt":"2026-04-16T14:17:04","slug":"tv-parana-turismo","status":"publish","type":"page","link":"https:\/\/sites.uel.br\/tvuel\/tv-parana-turismo\/","title":{"rendered":"TV Paran\u00e1 Turismo"},"content":{"rendered":"\n<hr class=\"wp-block-separator has-text-color has-verde-escuro-color has-alpha-channel-opacity has-verde-escuro-background-color has-background is-style-wide\"\/>\n\n\n\n<p>A emissora tem convenio com a <a href=\"https:\/\/www.comunicacao.pr.gov.br\/tv-ao-vivo\">Tv Paran\u00e1 Turismo do Governo do Estado<\/a>, que \u00e9 a respons\u00e1vel pela manuten\u00e7\u00e3o e outras adequa\u00e7\u00f5es exigidas pela \u00a0Anatel (Ag\u00eancia Nacional de telecomunica\u00e7\u00f5es), n\u00e3o trazendo implica\u00e7\u00f5es para a TV UEL, uma vez que a RTVE instalou o sistema digital em sua sede em Curitiba e retransmite a sua programa\u00e7\u00e3o na antena instalada na Universidade Estadual de Londrina sistema esse \u00a0operando desde dezembro de 2025.<\/p>\n","protected":false},"excerpt":{"rendered":"<p>A emissora tem convenio com a Tv Paran\u00e1 Turismo do Governo do Estado, que \u00e9 a respons\u00e1vel pela manuten\u00e7\u00e3o e outras adequa\u00e7\u00f5es exigidas pela \u00a0Anatel (Ag\u00eancia Nacional de telecomunica\u00e7\u00f5es), n\u00e3o trazendo implica\u00e7\u00f5es para a TV UEL, uma vez que a RTVE instalou o sistema digital em sua sede em Curitiba e retransmite a sua programa\u00e7\u00e3o [&hellip;]<\/p>\n","protected":false},"author":6,"featured_media":0,"parent":0,"menu_order":0,"comment_status":"closed","ping_status":"closed","template":"","meta":{"_acf_changed":false,"footnotes":""},"class_list":["post-29306","page","type-page","status-publish","hentry"],"acf":[],"_links":{"self":[{"href":"https:\/\/sites.uel.br\/tvuel\/wp-json\/wp\/v2\/pages\/29306","targetHints":{"allow":["GET"]}}],"collection":[{"href":"https:\/\/sites.uel.br\/tvuel\/wp-json\/wp\/v2\/pages"}],"about":[{"href":"https:\/\/sites.uel.br\/tvuel\/wp-json\/wp\/v2\/types\/page"}],"author":[{"embeddable":true,"href":"https:\/\/sites.uel.br\/tvuel\/wp-json\/wp\/v2\/users\/6"}],"replies":[{"embeddable":true,"href":"https:\/\/sites.uel.br\/tvuel\/wp-json\/wp\/v2\/comments?post=29306"}],"version-history":[{"count":4,"href":"https:\/\/sites.uel.br\/tvuel\/wp-json\/wp\/v2\/pages\/29306\/revisions"}],"predecessor-version":[{"id":29319,"href":"https:\/\/sites.uel.br\/tvuel\/wp-json\/wp\/v2\/pages\/29306\/revisions\/29319"}],"wp:attachment":[{"href":"https:\/\/sites.uel.br\/tvuel\/wp-json\/wp\/v2\/media?parent=29306"}],"curies":[{"name":"wp","href":"https:\/\/api.w.org\/{rel}","templated":true}]}}