{"id":29295,"date":"2026-04-15T17:00:08","date_gmt":"2026-04-15T20:00:08","guid":{"rendered":"https:\/\/sites.uel.br\/tvuel\/?page_id=29295"},"modified":"2026-04-16T17:34:22","modified_gmt":"2026-04-16T20:34:22","slug":"resolucoes-tv-uel","status":"publish","type":"page","link":"https:\/\/sites.uel.br\/tvuel\/resolucoes-tv-uel\/","title":{"rendered":"Resolu\u00e7\u00f5es TV UEL"},"content":{"rendered":"\n<hr class=\"wp-block-separator has-text-color has-verde-escuro-color has-alpha-channel-opacity has-verde-escuro-background-color has-background is-style-wide\"\/>\n\n\n\n<p><a href=\"https:\/\/sites.uel.br\/tvuel\/wp-content\/uploads\/2026\/04\/Regimento-tv-uel-1.pdf\">Resolu\u00e7\u00e3o C.A. C.U. N\u00ba 0158\/2009 (Folha 1):<\/a> Cria\u00e7\u00e3o TV UEL<\/p>\n\n\n\n<p><a href=\"https:\/\/sites.uel.br\/tvuel\/wp-content\/uploads\/2026\/04\/Resolucao-CACU-Cria-a-TV-UEL-Folha-2.pdf\">Resolu\u00e7\u00e3o C.A. C.U. N\u00ba 0158\/2009 (Folha 2):<\/a> Cria\u00e7\u00e3o TV UEL<\/p>\n\n\n\n<p><a href=\"https:\/\/sites.uel.br\/tvuel\/wp-content\/uploads\/2026\/04\/Conselho-Diretor-da-TV-UEL.pdf\">Portaria N\u00ba 0447 de 28\/02\/2024:<\/a> Conselho Diretor da TV UEL<\/p>\n\n\n\n<p><a href=\"https:\/\/sites.uel.br\/tvuel\/wp-content\/uploads\/2026\/04\/Regimento-tv-uel-1.pdf\">Resolu\u00e7\u00e3o N\u00ba 0201\/2009:<\/a> Regimento TV UEL<\/p>\n\n\n\n<p><a href=\"https:\/\/sites.uel.br\/tvuel\/wp-content\/uploads\/2026\/04\/Missao-e-Valores-da-TV-UEL-2026.pdf\">Miss\u00e3o e Valores da TV UEL<\/a><\/p>\n\n\n\n<p><\/p>\n","protected":false},"excerpt":{"rendered":"<p>Resolu\u00e7\u00e3o C.A. C.U. N\u00ba 0158\/2009 (Folha 1): Cria\u00e7\u00e3o TV UEL Resolu\u00e7\u00e3o C.A. C.U. N\u00ba 0158\/2009 (Folha 2): Cria\u00e7\u00e3o TV UEL Portaria N\u00ba 0447 de 28\/02\/2024: Conselho Diretor da TV UEL Resolu\u00e7\u00e3o N\u00ba 0201\/2009: Regimento TV UEL Miss\u00e3o e Valores da TV UEL<\/p>\n","protected":false},"author":6,"featured_media":0,"parent":0,"menu_order":0,"comment_status":"closed","ping_status":"closed","template":"","meta":{"_acf_changed":false,"footnotes":""},"class_list":["post-29295","page","type-page","status-publish","hentry"],"acf":[],"_links":{"self":[{"href":"https:\/\/sites.uel.br\/tvuel\/wp-json\/wp\/v2\/pages\/29295","targetHints":{"allow":["GET"]}}],"collection":[{"href":"https:\/\/sites.uel.br\/tvuel\/wp-json\/wp\/v2\/pages"}],"about":[{"href":"https:\/\/sites.uel.br\/tvuel\/wp-json\/wp\/v2\/types\/page"}],"author":[{"embeddable":true,"href":"https:\/\/sites.uel.br\/tvuel\/wp-json\/wp\/v2\/users\/6"}],"replies":[{"embeddable":true,"href":"https:\/\/sites.uel.br\/tvuel\/wp-json\/wp\/v2\/comments?post=29295"}],"version-history":[{"count":12,"href":"https:\/\/sites.uel.br\/tvuel\/wp-json\/wp\/v2\/pages\/29295\/revisions"}],"predecessor-version":[{"id":29366,"href":"https:\/\/sites.uel.br\/tvuel\/wp-json\/wp\/v2\/pages\/29295\/revisions\/29366"}],"wp:attachment":[{"href":"https:\/\/sites.uel.br\/tvuel\/wp-json\/wp\/v2\/media?parent=29295"}],"curies":[{"name":"wp","href":"https:\/\/api.w.org\/{rel}","templated":true}]}}