{"id":29260,"date":"2026-04-15T11:02:50","date_gmt":"2026-04-15T14:02:50","guid":{"rendered":"https:\/\/sites.uel.br\/tvuel\/?page_id=29260"},"modified":"2026-04-15T16:46:19","modified_gmt":"2026-04-15T19:46:19","slug":"missao","status":"publish","type":"page","link":"https:\/\/sites.uel.br\/tvuel\/missao\/","title":{"rendered":"Miss\u00e3o"},"content":{"rendered":"\n<hr class=\"wp-block-separator has-text-color has-verde-escuro-color has-alpha-channel-opacity has-verde-escuro-background-color has-background is-style-wide\"\/>\n\n\n\n<p><strong>MISS\u00c3O: <\/strong>Disseminar o conhecimento cient\u00edfico produzido nos \u00e2mbitos de ensino, pesquisa e extens\u00e3o dentro da Universidade. Informar a comunidade universit\u00e1ria sobre os principais acontecimentos do Campus de acordo com a perspectiva sociocultural.<\/p>\n\n\n\n<p><strong>VIS\u00c3O:<\/strong> Amplia\u00e7\u00e3o da infraestrutura e equipe para aperfei\u00e7oamento de seu desempenho. Tornar-se conhecida na comunidade interna e externa da UEL, efetivando seus relacionamentos com os seus p\u00fablicos, at\u00e9 2026.<\/p>\n\n\n\n<p><strong>VALORES: <\/strong>A \u00e9tica \u00e9 um valor fundamental para a TV UEL por estar lidando com a comunica\u00e7\u00e3o e a informa\u00e7\u00e3o. \u00c9 necess\u00e1rio que a equipe de profissionais conduza suas atividades pautada na \u00e9tica para obter confian\u00e7a de seus p\u00fablicos.<\/p>\n\n\n\n<p><strong>OBJETIVO:<\/strong> A TV UEL tem por objetivo promover, sem fins comerciais, atividades jornal\u00edsticas, educacionais, cient\u00edficas, culturais e de entretenimento, (<a href=\"https:\/\/sites.uel.br\/tvuel\/wp-content\/uploads\/2026\/04\/Regimento-tv-uel.pdf\">Art. 4\u00ba, Regimento da TV UEL \u2013 Resolu\u00e7\u00e3o CU n\u00ba 0201\/2009<\/a>), por meio do seu canal de RTVE e demais m\u00eddias correlatas, entre elas, o seu s\u00edtio ancorado no Portal da UEL.<\/p>\n\n\n\n<p><\/p>\n","protected":false},"excerpt":{"rendered":"<p>MISS\u00c3O: Disseminar o conhecimento cient\u00edfico produzido nos \u00e2mbitos de ensino, pesquisa e extens\u00e3o dentro da Universidade. Informar a comunidade universit\u00e1ria sobre os principais acontecimentos do Campus de acordo com a perspectiva sociocultural. VIS\u00c3O: Amplia\u00e7\u00e3o da infraestrutura e equipe para aperfei\u00e7oamento de seu desempenho. Tornar-se conhecida na comunidade interna e externa da UEL, efetivando seus relacionamentos [&hellip;]<\/p>\n","protected":false},"author":6,"featured_media":0,"parent":0,"menu_order":0,"comment_status":"closed","ping_status":"closed","template":"","meta":{"_acf_changed":false,"footnotes":""},"class_list":["post-29260","page","type-page","status-publish","hentry"],"acf":[],"_links":{"self":[{"href":"https:\/\/sites.uel.br\/tvuel\/wp-json\/wp\/v2\/pages\/29260","targetHints":{"allow":["GET"]}}],"collection":[{"href":"https:\/\/sites.uel.br\/tvuel\/wp-json\/wp\/v2\/pages"}],"about":[{"href":"https:\/\/sites.uel.br\/tvuel\/wp-json\/wp\/v2\/types\/page"}],"author":[{"embeddable":true,"href":"https:\/\/sites.uel.br\/tvuel\/wp-json\/wp\/v2\/users\/6"}],"replies":[{"embeddable":true,"href":"https:\/\/sites.uel.br\/tvuel\/wp-json\/wp\/v2\/comments?post=29260"}],"version-history":[{"count":7,"href":"https:\/\/sites.uel.br\/tvuel\/wp-json\/wp\/v2\/pages\/29260\/revisions"}],"predecessor-version":[{"id":29283,"href":"https:\/\/sites.uel.br\/tvuel\/wp-json\/wp\/v2\/pages\/29260\/revisions\/29283"}],"wp:attachment":[{"href":"https:\/\/sites.uel.br\/tvuel\/wp-json\/wp\/v2\/media?parent=29260"}],"curies":[{"name":"wp","href":"https:\/\/api.w.org\/{rel}","templated":true}]}}