{"id":29256,"date":"2026-04-15T10:57:33","date_gmt":"2026-04-15T13:57:33","guid":{"rendered":"https:\/\/sites.uel.br\/tvuel\/?page_id=29256"},"modified":"2026-04-16T11:16:18","modified_gmt":"2026-04-16T14:16:18","slug":"contato","status":"publish","type":"page","link":"https:\/\/sites.uel.br\/tvuel\/contato\/","title":{"rendered":"Contato"},"content":{"rendered":"\n<hr class=\"wp-block-separator has-text-color has-verde-escuro-color has-alpha-channel-opacity has-verde-escuro-background-color has-background is-style-wide\"\/>\n\n\n\n<p><strong>C\u00e9lio dos Santos Costa<\/strong><br><strong>Diretoria<\/strong><br>Fone: (43) 3371-5508<br>e-mail: tv@uel.br<\/p>\n\n\n\n<p><strong>Marco Ant\u00f4nio de Barros J\u00fanior<\/strong><br><strong>Reda\u00e7\u00e3o <\/strong><br>Fone: (43) 3371-5477<br>e-mail: tv@uel.br<\/p>\n\n\n\n<p><\/p>\n\n\n\n<p><\/p>\n\n\n\n<p><br><\/p>\n","protected":false},"excerpt":{"rendered":"<p>C\u00e9lio dos Santos CostaDiretoriaFone: (43) 3371-5508e-mail: tv@uel.br Marco Ant\u00f4nio de Barros J\u00faniorReda\u00e7\u00e3o Fone: (43) 3371-5477e-mail: tv@uel.br<\/p>\n","protected":false},"author":6,"featured_media":0,"parent":0,"menu_order":0,"comment_status":"closed","ping_status":"closed","template":"","meta":{"_acf_changed":false,"footnotes":""},"class_list":["post-29256","page","type-page","status-publish","hentry"],"acf":[],"_links":{"self":[{"href":"https:\/\/sites.uel.br\/tvuel\/wp-json\/wp\/v2\/pages\/29256","targetHints":{"allow":["GET"]}}],"collection":[{"href":"https:\/\/sites.uel.br\/tvuel\/wp-json\/wp\/v2\/pages"}],"about":[{"href":"https:\/\/sites.uel.br\/tvuel\/wp-json\/wp\/v2\/types\/page"}],"author":[{"embeddable":true,"href":"https:\/\/sites.uel.br\/tvuel\/wp-json\/wp\/v2\/users\/6"}],"replies":[{"embeddable":true,"href":"https:\/\/sites.uel.br\/tvuel\/wp-json\/wp\/v2\/comments?post=29256"}],"version-history":[{"count":5,"href":"https:\/\/sites.uel.br\/tvuel\/wp-json\/wp\/v2\/pages\/29256\/revisions"}],"predecessor-version":[{"id":29316,"href":"https:\/\/sites.uel.br\/tvuel\/wp-json\/wp\/v2\/pages\/29256\/revisions\/29316"}],"wp:attachment":[{"href":"https:\/\/sites.uel.br\/tvuel\/wp-json\/wp\/v2\/media?parent=29256"}],"curies":[{"name":"wp","href":"https:\/\/api.w.org\/{rel}","templated":true}]}}