{"id":23637,"date":"2026-03-10T12:11:06","date_gmt":"2026-03-10T15:11:06","guid":{"rendered":"https:\/\/sites.uel.br\/tvuel\/?page_id=23637"},"modified":"2026-05-05T15:31:12","modified_gmt":"2026-05-05T18:31:12","slug":"pagina-inicial","status":"publish","type":"page","link":"https:\/\/sites.uel.br\/tvuel\/","title":{"rendered":"P\u00e1gina Inicial"},"content":{"rendered":"<section class=\"videos-tvuel template-option-2\"><h1>TV UEL<\/h1><div class=\"row mb-4\"><div class=\"col-lg-6 col-md-12 first-col\"><div class=\"video-card-wrapper h-100\"><a class=\"video-card\" target=\"_blank\" href=\"https:\/\/www.youtube.com\/watch?v=jj6Y1hYMltM\"><div class=\"video-card__image-wrapper\"><img decoding=\"async\" src=\"https:\/\/i.ytimg.com\/vi\/jj6Y1hYMltM\/maxresdefault.jpg\" alt=\"Entrevista Especial - Erradica\u00e7\u00e3o da pobreza, redu\u00e7\u00e3o das desigualdades e desenvolvimento\" class=\"video-card__image\" \/><div class=\"video-card__play-overlay\"><div class=\"video-card__play-icon\"><\/div><\/div><\/div><div class=\"video-card__content\"><h3 class=\"video-card__title\">Entrevista Especial &#8211; Erradica\u00e7\u00e3o da pobreza, redu\u00e7\u00e3o das desigualdades e desenvolvimento<\/h3><time class=\"video-card__date\">15\/04\/2026<\/time><div class=\"video-card__description\">Em Entrevista Especial \u00e0 TV UEL, o professor Baltazar Muianga comentou sobre a tem\u00e1tica &#8220;Erradica\u00e7\u00e3o da pobreza, redu\u00e7\u00e3o das desigualdades e desenvolvimento&#8221;.  Muianga \u00e9 docente do Departamento de Sociologia da Universidade Eduardo Mondlane (UEM), localizada em Maputo (Mo\u00e7ambique). \nA tem\u00e1tica sobre a qual o professor falou faz parte da programa\u00e7\u00e3o do II Simp\u00f3sio Internacional Pr\u00e1xis Itinerante: Juventudes e Direitos Humanos. O evento \u00e9 realizado entre 13 e 15 de abril, na UEL.<\/div><\/div><\/a><\/div><\/div><div class=\"col-lg-6 col-md-12\"><div class=\"row mb-4\"><div class=\"col-lg-6 col-md-12\"><div class=\"video-card-wrapper h-100\"><a class=\"video-card\" target=\"_blank\" href=\"https:\/\/www.youtube.com\/watch?v=rW1f_dTcu2c\"><div class=\"video-card__image-wrapper\"><img decoding=\"async\" src=\"https:\/\/i.ytimg.com\/vi\/rW1f_dTcu2c\/maxresdefault.jpg\" alt=\"Come\u00e7a a Expo Londrina 2026\" class=\"video-card__image\" \/><div class=\"video-card__play-overlay\"><div class=\"video-card__play-icon\"><\/div><\/div><\/div><div class=\"video-card__content\"><h3 class=\"video-card__title\">Come\u00e7a a Expo Londrina 2026<\/h3><time class=\"video-card__date\">15\/04\/2026<\/time><\/div><\/a><\/div><\/div><div class=\"col-lg-6 col-md-12\"><div class=\"video-card-wrapper h-100\"><a class=\"video-card\" target=\"_blank\" href=\"https:\/\/www.youtube.com\/watch?v=nqGKl5XW6GM\"><div class=\"video-card__image-wrapper\"><img decoding=\"async\" src=\"https:\/\/i.ytimg.com\/vi\/nqGKl5XW6GM\/maxresdefault.jpg\" alt=\"Projeto da UEL realiza caminhada no cal\u00e7ad\u00e3o da universidade em prol da doen\u00e7a de Parkinson\" class=\"video-card__image\" \/><div class=\"video-card__play-overlay\"><div class=\"video-card__play-icon\"><\/div><\/div><\/div><div class=\"video-card__content\"><h3 class=\"video-card__title\">Projeto da UEL realiza caminhada no cal\u00e7ad\u00e3o da universidade em prol da doen\u00e7a de Parkinson<\/h3><time class=\"video-card__date\">15\/04\/2026<\/time><\/div><\/a><\/div><\/div><\/div><div class=\"row \"><div class=\"col-lg-6 col-md-12\"><div class=\"video-card-wrapper h-100\"><a class=\"video-card\" target=\"_blank\" href=\"https:\/\/www.youtube.com\/watch?v=zy8c1OE7tGc\"><div class=\"video-card__image-wrapper\"><img decoding=\"async\" src=\"https:\/\/i.ytimg.com\/vi\/zy8c1OE7tGc\/maxresdefault.jpg\" alt=\"COPS anuncia identidade visual do Vestibular 2027 da UEL\" class=\"video-card__image\" \/><div class=\"video-card__play-overlay\"><div class=\"video-card__play-icon\"><\/div><\/div><\/div><div class=\"video-card__content\"><h3 class=\"video-card__title\">COPS anuncia identidade visual do Vestibular 2027 da UEL<\/h3><time class=\"video-card__date\">07\/04\/2026<\/time><\/div><\/a><\/div><\/div><div class=\"col-lg-6 col-md-12\"><div class=\"video-card-wrapper h-100\"><a class=\"video-card\" target=\"_blank\" href=\"https:\/\/www.youtube.com\/watch?v=QjJG1KcBPgI\"><div class=\"video-card__image-wrapper\"><img decoding=\"async\" src=\"https:\/\/i.ytimg.com\/vi\/QjJG1KcBPgI\/maxresdefault.jpg\" alt=\"Reforma do Museu Hist\u00f3rico de Londrina, org\u00e3o suplementar da UEL, entra na fase de finaliza\u00e7\u00e3o\" class=\"video-card__image\" \/><div class=\"video-card__play-overlay\"><div class=\"video-card__play-icon\"><\/div><\/div><\/div><div class=\"video-card__content\"><h3 class=\"video-card__title\">Reforma do Museu Hist\u00f3rico de Londrina, org\u00e3o suplementar da UEL, entra na fase de finaliza\u00e7\u00e3o<\/h3><time class=\"video-card__date\">07\/04\/2026<\/time><\/div><\/a><\/div><\/div><\/div><\/div><\/div><div class=\"text-center\"><a href=\"https:\/\/sites.uel.br\/tvuel\/playlist\/tv-uel\" class=\"btn-see-more-tvuel\">Acessar a playlist<\/a><\/div><\/section>\n\n<section class=\"videos-tvuel template-option-2\"><h1>Cursos de A a Z<\/h1><div class=\"row mb-4\"><div class=\"col-lg-6 col-md-12 first-col\"><div class=\"video-card-wrapper h-100\"><a class=\"video-card\" target=\"_blank\" href=\"https:\/\/www.youtube.com\/watch?v=i77kUmG_SYg\"><div class=\"video-card__image-wrapper\"><img decoding=\"async\" src=\"https:\/\/i.ytimg.com\/vi\/i77kUmG_SYg\/maxresdefault.jpg\" alt=\"Matem\u00e1tica - Cursos de A a Z\" class=\"video-card__image\" \/><div class=\"video-card__play-overlay\"><div class=\"video-card__play-icon\"><\/div><\/div><\/div><div class=\"video-card__content\"><h3 class=\"video-card__title\">Matem\u00e1tica &#8211; Cursos de A a Z<\/h3><time class=\"video-card__date\">15\/01\/2026<\/time><div class=\"video-card__description\">O curso de Matem\u00e1tica da UEL tem quase 60 anos de hist\u00f3ria e forma professores, pesquisadores e profissionais de diferentes \u00e1reas da sociedade. Com um corpo docente integralmente formado por professores doutores, os estudantes possuem uma forte base te\u00f3rica, al\u00e9m de experi\u00eancias pr\u00e1ticas, como projetos de pesquisa, extens\u00e3o e outros programas oferecidos pela universidade.<\/div><\/div><\/a><\/div><\/div><div class=\"col-lg-6 col-md-12\"><div class=\"row mb-4\"><div class=\"col-lg-6 col-md-12\"><div class=\"video-card-wrapper h-100\"><a class=\"video-card\" target=\"_blank\" href=\"https:\/\/www.youtube.com\/watch?v=GS7XxDD6r2o\"><div class=\"video-card__image-wrapper\"><img decoding=\"async\" src=\"https:\/\/i.ytimg.com\/vi\/GS7XxDD6r2o\/maxresdefault.jpg\" alt=\"Enfermagem - Cursos de A a Z\" class=\"video-card__image\" \/><div class=\"video-card__play-overlay\"><div class=\"video-card__play-icon\"><\/div><\/div><\/div><div class=\"video-card__content\"><h3 class=\"video-card__title\">Enfermagem &#8211; Cursos de A a Z<\/h3><time class=\"video-card__date\">19\/12\/2025<\/time><\/div><\/a><\/div><\/div><div class=\"col-lg-6 col-md-12\"><div class=\"video-card-wrapper h-100\"><a class=\"video-card\" target=\"_blank\" href=\"https:\/\/www.youtube.com\/watch?v=qV30HB35lB4\"><div class=\"video-card__image-wrapper\"><img decoding=\"async\" src=\"https:\/\/i.ytimg.com\/vi\/qV30HB35lB4\/maxresdefault.jpg\" alt=\"Direito - Cursos de A a Z\" class=\"video-card__image\" \/><div class=\"video-card__play-overlay\"><div class=\"video-card__play-icon\"><\/div><\/div><\/div><div class=\"video-card__content\"><h3 class=\"video-card__title\">Direito &#8211; Cursos de A a Z<\/h3><time class=\"video-card__date\">12\/12\/2025<\/time><\/div><\/a><\/div><\/div><\/div><div class=\"row \"><div class=\"col-lg-6 col-md-12\"><div class=\"video-card-wrapper h-100\"><a class=\"video-card\" target=\"_blank\" href=\"https:\/\/www.youtube.com\/watch?v=LeWknOPzqPg\"><div class=\"video-card__image-wrapper\"><img decoding=\"async\" src=\"https:\/\/i.ytimg.com\/vi\/LeWknOPzqPg\/maxresdefault.jpg\" alt=\"Fisioterapia - Cursos de A a Z\" class=\"video-card__image\" \/><div class=\"video-card__play-overlay\"><div class=\"video-card__play-icon\"><\/div><\/div><\/div><div class=\"video-card__content\"><h3 class=\"video-card__title\">Fisioterapia &#8211; Cursos de A a Z<\/h3><time class=\"video-card__date\">10\/12\/2025<\/time><\/div><\/a><\/div><\/div><div class=\"col-lg-6 col-md-12\"><div class=\"video-card-wrapper h-100\"><a class=\"video-card\" target=\"_blank\" href=\"https:\/\/www.youtube.com\/watch?v=jkVwG3Y8PiE\"><div class=\"video-card__image-wrapper\"><img decoding=\"async\" src=\"https:\/\/i.ytimg.com\/vi\/jkVwG3Y8PiE\/maxresdefault.jpg\" alt=\"Ci\u00eancia de Dados e Intelig\u00eancia Artificial - Cursos de A a Z\" class=\"video-card__image\" \/><div class=\"video-card__play-overlay\"><div class=\"video-card__play-icon\"><\/div><\/div><\/div><div class=\"video-card__content\"><h3 class=\"video-card__title\">Ci\u00eancia de Dados e Intelig\u00eancia Artificial &#8211; Cursos de A a Z<\/h3><time class=\"video-card__date\">10\/12\/2025<\/time><\/div><\/a><\/div><\/div><\/div><\/div><\/div><div class=\"text-center\"><a href=\"https:\/\/sites.uel.br\/tvuel\/playlist\/cursos-de-a-a-z\" class=\"btn-see-more-tvuel\">Acessar a playlist<\/a><\/div><\/section>\n\n<section class=\"videos-tvuel template-option-1\"><h1>VIVER UEL<\/h1><div class=\"row mb-4\"><div class=\"col-lg-4 col-md-12 mb-4 mb-lg-0\"><div class=\"video-card-wrapper h-100\"><a class=\"video-card\" target=\"_blank\" href=\"https:\/\/www.youtube.com\/watch?v=dTIE0q523KI\"><div class=\"video-card__image-wrapper\"><img decoding=\"async\" src=\"https:\/\/i.ytimg.com\/vi\/dTIE0q523KI\/maxresdefault.jpg\" alt=\"VIVER UEL - EAAJ\" class=\"video-card__image\" \/><div class=\"video-card__play-overlay\"><div class=\"video-card__play-icon\"><\/div><\/div><\/div><div class=\"video-card__content\"><h3 class=\"video-card__title\">VIVER UEL &#8211; EAAJ<\/h3><time class=\"video-card__date\">04\/04\/2019<\/time><\/div><\/a><\/div><\/div><div class=\"col-lg-4 col-md-12 mb-4 mb-lg-0\"><div class=\"video-card-wrapper h-100\"><a class=\"video-card\" target=\"_blank\" href=\"https:\/\/www.youtube.com\/watch?v=0J_05BHWP4o\"><div class=\"video-card__image-wrapper\"><img decoding=\"async\" src=\"https:\/\/i.ytimg.com\/vi\/0J_05BHWP4o\/maxresdefault.jpg\" alt=\"Viver UEL - PROGRAD\" class=\"video-card__image\" \/><div class=\"video-card__play-overlay\"><div class=\"video-card__play-icon\"><\/div><\/div><\/div><div class=\"video-card__content\"><h3 class=\"video-card__title\">Viver UEL &#8211; PROGRAD<\/h3><time class=\"video-card__date\">25\/07\/2018<\/time><\/div><\/a><\/div><\/div><div class=\"col-lg-4 col-md-12 mb-4 mb-lg-0\"><div class=\"video-card-wrapper h-100\"><a class=\"video-card\" target=\"_blank\" href=\"https:\/\/www.youtube.com\/watch?v=3DZBI5C4DqM\"><div class=\"video-card__image-wrapper\"><img decoding=\"async\" src=\"https:\/\/i.ytimg.com\/vi\/3DZBI5C4DqM\/maxresdefault.jpg\" alt=\"Viver UEL - Moradia Estudantil\" class=\"video-card__image\" \/><div class=\"video-card__play-overlay\"><div class=\"video-card__play-icon\"><\/div><\/div><\/div><div class=\"video-card__content\"><h3 class=\"video-card__title\">Viver UEL &#8211; Moradia Estudantil<\/h3><time class=\"video-card__date\">26\/07\/2018<\/time><\/div><\/a><\/div><\/div><\/div><div class=\"row\"><div class=\"col-lg-4 col-md-12 mb-4 mb-lg-0\"><div class=\"video-card-wrapper h-100\"><a class=\"video-card\" target=\"_blank\" href=\"https:\/\/www.youtube.com\/watch?v=dQMALGT6y1Q\"><div class=\"video-card__image-wrapper\"><img decoding=\"async\" src=\"https:\/\/i.ytimg.com\/vi\/dQMALGT6y1Q\/maxresdefault.jpg\" alt=\"Viver UEL  -  Restaurante Universit\u00e1rio\" class=\"video-card__image\" \/><div class=\"video-card__play-overlay\"><div class=\"video-card__play-icon\"><\/div><\/div><\/div><div class=\"video-card__content\"><h3 class=\"video-card__title\">Viver UEL  &#8211;  Restaurante Universit\u00e1rio<\/h3><time class=\"video-card__date\">13\/08\/2018<\/time><\/div><\/a><\/div><\/div><div class=\"col-lg-4 col-md-12 mb-4 mb-lg-0\"><div class=\"video-card-wrapper h-100\"><a class=\"video-card\" target=\"_blank\" href=\"https:\/\/www.youtube.com\/watch?v=wkcDFQgAtfo\"><div class=\"video-card__image-wrapper\"><img decoding=\"async\" src=\"https:\/\/i.ytimg.com\/vi\/wkcDFQgAtfo\/hqdefault.jpg\" alt=\"Viver UEL - Sistema de Bibliotecas\" class=\"video-card__image\" \/><div class=\"video-card__play-overlay\"><div class=\"video-card__play-icon\"><\/div><\/div><\/div><div class=\"video-card__content\"><h3 class=\"video-card__title\">Viver UEL &#8211; Sistema de Bibliotecas<\/h3><time class=\"video-card__date\">18\/09\/2018<\/time><\/div><\/a><\/div><\/div><div class=\"col-lg-4 col-md-12 mb-4 mb-lg-0\"><div class=\"video-card-wrapper h-100\"><a class=\"video-card\" target=\"_blank\" href=\"https:\/\/www.youtube.com\/watch?v=ASapexnou8Y\"><div class=\"video-card__image-wrapper\"><img decoding=\"async\" src=\"https:\/\/i.ytimg.com\/vi\/ASapexnou8Y\/maxresdefault.jpg\" alt=\"Viver UEL \u2013 NAFI\" class=\"video-card__image\" \/><div class=\"video-card__play-overlay\"><div class=\"video-card__play-icon\"><\/div><\/div><\/div><div class=\"video-card__content\"><h3 class=\"video-card__title\">Viver UEL \u2013 NAFI<\/h3><time class=\"video-card__date\">01\/10\/2018<\/time><\/div><\/a><\/div><\/div><\/div><div class=\"text-center\"><a href=\"https:\/\/sites.uel.br\/tvuel\/playlist\/viver-uel\" class=\"btn-see-more-tvuel\">Acessar a playlist<\/a><\/div><\/section>","protected":false},"excerpt":{"rendered":"","protected":false},"author":8,"featured_media":0,"parent":0,"menu_order":0,"comment_status":"closed","ping_status":"closed","template":"","meta":{"_acf_changed":false,"footnotes":""},"class_list":["post-23637","page","type-page","status-publish","hentry"],"acf":[],"_links":{"self":[{"href":"https:\/\/sites.uel.br\/tvuel\/wp-json\/wp\/v2\/pages\/23637","targetHints":{"allow":["GET"]}}],"collection":[{"href":"https:\/\/sites.uel.br\/tvuel\/wp-json\/wp\/v2\/pages"}],"about":[{"href":"https:\/\/sites.uel.br\/tvuel\/wp-json\/wp\/v2\/types\/page"}],"author":[{"embeddable":true,"href":"https:\/\/sites.uel.br\/tvuel\/wp-json\/wp\/v2\/users\/8"}],"replies":[{"embeddable":true,"href":"https:\/\/sites.uel.br\/tvuel\/wp-json\/wp\/v2\/comments?post=23637"}],"version-history":[{"count":3,"href":"https:\/\/sites.uel.br\/tvuel\/wp-json\/wp\/v2\/pages\/23637\/revisions"}],"predecessor-version":[{"id":29378,"href":"https:\/\/sites.uel.br\/tvuel\/wp-json\/wp\/v2\/pages\/23637\/revisions\/29378"}],"wp:attachment":[{"href":"https:\/\/sites.uel.br\/tvuel\/wp-json\/wp\/v2\/media?parent=23637"}],"curies":[{"name":"wp","href":"https:\/\/api.w.org\/{rel}","templated":true}]}}