{"id":59,"date":"2025-08-20T16:28:35","date_gmt":"2025-08-20T19:28:35","guid":{"rendered":"https:\/\/sites.uel.br\/teatroouroverde\/?page_id=59"},"modified":"2025-09-10T11:52:03","modified_gmt":"2025-09-10T14:52:03","slug":"equipe","status":"publish","type":"page","link":"https:\/\/sites.uel.br\/teatroouroverde\/equipe\/","title":{"rendered":"Equipe"},"content":{"rendered":"\n<div style=\"height:var(--wp--preset--spacing--60)\" aria-hidden=\"true\" class=\"wp-block-spacer\"><\/div>\n\n\n\n<p><strong>Respons\u00e1veis:<\/strong><\/p>\n\n\n\n<p>Jo\u00e3o Manoel Martins<\/p>\n\n\n\n<p>Ana Paula&nbsp;da Silva<\/p>\n\n\n\n<p><\/p>\n\n\n\n<p>\u200b\u200b<\/p>\n\n\n\n<p><\/p>\n\n\n\n<p><strong>Bilheteira\/Portaria:<\/strong><\/p>\n\n\n\n<p>Maria Madalena de Souza&nbsp;<\/p>\n\n\n\n<p>\u200b\u200b<\/p>\n\n\n\n<p><\/p>\n\n\n\n<p><\/p>\n\n\n\n<p><strong>Supervisor de montagem de eventos:<\/strong><\/p>\n\n\n\n<p>Benedito Luciano da Silva <\/p>\n\n\n\n<p>\u200b\u200b<\/p>\n\n\n\n<p><\/p>\n\n\n\n<p><\/p>\n\n\n\n<p><strong>Assistente t\u00e9cnico de eventos:<\/strong><\/p>\n\n\n\n<p>Paulo S\u00e9rgio de Carvalho<\/p>\n\n\n\n<p><\/p>\n\n\n\n<p><strong>&nbsp;<\/strong><\/p>\n\n\n\n<p><strong>T\u00e9cnico-administrativo:&nbsp;<\/strong><\/p>\n\n\n\n<p>Priscila Dutra de Oliveira&nbsp;<\/p>\n\n\n\n<p>\u200b\u200b<\/p>\n\n\n\n<p><strong>&nbsp;Auxiliar operacional (zeladoria):<\/strong><\/p>\n\n\n\n<p>O teatro disp\u00f5e de servi\u00e7o de limpeza terceirizada das 8h \u00e0s 17h, de segunda \u00e0 sexta-feira. Para eventos nos fins de semana ou feriados \u00e9 preciso consultar a administra\u00e7\u00e3o do teatro para saber a necessidade de contrata\u00e7\u00e3o pela produ\u00e7\u00e3o do evento de profissionais para esse servi\u00e7o.<\/p>\n\n\n\n<p>\u200b\u200b<\/p>\n\n\n\n<p><\/p>\n\n\n\n<p><strong>Vigias:<\/strong><\/p>\n\n\n\n<p>O teatro disp\u00f5e de servi\u00e7o de Agentes de Seguran\u00e7a Interna, apenas para controle de acesso e guarda do patrim\u00f4nio.<\/p>\n\n\n\n<p>\u200b<\/p>\n\n\n\n<p><strong>Bombeiros Civis<\/strong><\/p>\n\n\n\n<p>De acordo com as normas de seguran\u00e7a \u00e9 obrigat\u00f3ria a contrata\u00e7\u00e3o pelo cession\u00e1rio do teatro de 03 (tr\u00eas) a 05 (cinco) Bombeiros Civis, para atuarem durante a(s) apresenta\u00e7\u00e3o(\u00f5es), conforme a lota\u00e7\u00e3o do espa\u00e7o.<\/p>\n\n\n\n<p>A contrata\u00e7\u00e3o de seguran\u00e7as para o evento \u00e9 opcional, cabendo ao produtor do evento decidir por sua necessidade.  <\/p>\n\n\n\n<p>* Observa\u00e7\u00e3o: Ap\u00f3s reuni\u00e3o t\u00e9cnica entre a equipe do teatro e o cession\u00e1rio, as condi\u00e7\u00f5es ser\u00e3o definidas detalhadamente.<\/p>\n\n\n\n<div class=\"wp-block-columns is-layout-flex wp-container-core-columns-is-layout-9d6595d7 wp-block-columns-is-layout-flex\">\n<div class=\"wp-block-column is-layout-flow wp-block-column-is-layout-flow\">\n<hr class=\"wp-block-separator has-alpha-channel-opacity\"\/>\n<\/div>\n<\/div>\n\n\n\n<p><\/p>\n","protected":false},"excerpt":{"rendered":"<p>Respons\u00e1veis: Jo\u00e3o Manoel Martins Ana Paula&nbsp;da Silva \u200b\u200b Bilheteira\/Portaria: Maria Madalena de Souza&nbsp; \u200b\u200b Supervisor de montagem de eventos: Benedito Luciano da Silva \u200b\u200b Assistente t\u00e9cnico de eventos: Paulo S\u00e9rgio de Carvalho &nbsp; T\u00e9cnico-administrativo:&nbsp; Priscila Dutra de Oliveira&nbsp; \u200b\u200b &nbsp;Auxiliar operacional (zeladoria): O teatro disp\u00f5e de servi\u00e7o de limpeza terceirizada das 8h \u00e0s 17h, de [&hellip;]<\/p>\n","protected":false},"author":6,"featured_media":0,"parent":0,"menu_order":0,"comment_status":"closed","ping_status":"closed","template":"","meta":{"_acf_changed":false,"_themeisle_gutenberg_block_has_review":false,"footnotes":""},"class_list":["post-59","page","type-page","status-publish","hentry"],"acf":[],"_links":{"self":[{"href":"https:\/\/sites.uel.br\/teatroouroverde\/wp-json\/wp\/v2\/pages\/59","targetHints":{"allow":["GET"]}}],"collection":[{"href":"https:\/\/sites.uel.br\/teatroouroverde\/wp-json\/wp\/v2\/pages"}],"about":[{"href":"https:\/\/sites.uel.br\/teatroouroverde\/wp-json\/wp\/v2\/types\/page"}],"author":[{"embeddable":true,"href":"https:\/\/sites.uel.br\/teatroouroverde\/wp-json\/wp\/v2\/users\/6"}],"replies":[{"embeddable":true,"href":"https:\/\/sites.uel.br\/teatroouroverde\/wp-json\/wp\/v2\/comments?post=59"}],"version-history":[{"count":19,"href":"https:\/\/sites.uel.br\/teatroouroverde\/wp-json\/wp\/v2\/pages\/59\/revisions"}],"predecessor-version":[{"id":573,"href":"https:\/\/sites.uel.br\/teatroouroverde\/wp-json\/wp\/v2\/pages\/59\/revisions\/573"}],"wp:attachment":[{"href":"https:\/\/sites.uel.br\/teatroouroverde\/wp-json\/wp\/v2\/media?parent=59"}],"curies":[{"name":"wp","href":"https:\/\/api.w.org\/{rel}","templated":true}]}}