{"id":574,"date":"2025-09-10T15:13:49","date_gmt":"2025-09-10T18:13:49","guid":{"rendered":"https:\/\/sites.uel.br\/teatroouroverde\/?page_id=574"},"modified":"2025-09-23T15:48:29","modified_gmt":"2025-09-23T18:48:29","slug":"reservas-ii","status":"publish","type":"page","link":"https:\/\/sites.uel.br\/teatroouroverde\/reservas-ii\/","title":{"rendered":"Reservas"},"content":{"rendered":"\n<div style=\"height:24px\" aria-hidden=\"true\" class=\"wp-block-spacer\"><\/div>\n\n\n\n<p>O Cine Teatro Universit\u00e1rio Ouro Verde, administrado pela Universidade Estadual de Londrina (UEL), \u00e9 um espa\u00e7o cultural com capacidade para 726 pessoas e recursos t\u00e9cnicos que atendem as atividades art\u00edstico-culturais promovidas pela Casa de Cultura da UEL, pelo Centro de Educa\u00e7\u00e3o Cultura e Artes, pela Orquestra Sinf\u00f4nica da UEL (Osuel), as sess\u00f5es de cinema da Divis\u00e3o de Cinema e V\u00eddeo e os demais setores da UEL. Contudo, dentro da disponibilidade de agenda, tamb\u00e9m abre as portas para a realiza\u00e7\u00e3o de outras atividades de interesse cultural de Londrina.<\/p>\n\n\n\n<p>Para fazer uso das depend\u00eancias do Cine Teatro Universit\u00e1rio Ouro Verde \u00e9 preciso fazer a reserva de loca\u00e7\u00e3o seguindo as diretrizes definidas na Resolu\u00e7\u00e3o n\u00ba 040\/2022, que consta para download neste site, na aba Resolu\u00e7\u00e3o. Mais informa\u00e7\u00f5es sobre os procedimentos para loca\u00e7\u00e3o do espa\u00e7o est\u00e3o dispon\u00edveis na aba Orienta\u00e7\u00f5es. <\/p>\n\n\n\n<p>Antes de protocolar um pedido de agenda, os interessados devem estar atentos \u00e0 informa\u00e7\u00e3o de que devido as atividades da Orquestra Sinf\u00f4nica da UEL (Osuel) e das sess\u00f5es de cinema da Divis\u00e3o de Cinema e V\u00eddeo da Casa de Cultura da UEL, a agenda t\u00eam dias indispon\u00edveis para loca\u00e7\u00e3o e visita\u00e7\u00e3o. Ressaltamos aten\u00e7\u00e3o para o artigo 7\u00ba da resolu\u00e7\u00e3o, que determina ser vedada a cess\u00e3o de espa\u00e7o para eventos religiosos, pol\u00edtico-partid\u00e1rios, de propaganda pol\u00edtica e afins.\u00a0<\/p>\n\n\n\n<p><\/p>\n\n\n\n<div class=\"wp-block-buttons is-content-justification-center is-layout-flex wp-container-core-buttons-is-layout-16018d1d wp-block-buttons-is-layout-flex\">\n<div class=\"wp-block-button is-style-outline is-style-outline--1\"><a class=\"wp-block-button__link has-text-align-center wp-element-button\" href=\"https:\/\/sites.uel.br\/teatroouroverde\/reserva\/\">Saiba mais &#8230;<\/a><\/div>\n<\/div>\n\n\n\n<hr class=\"wp-block-separator has-alpha-channel-opacity\"\/>\n\n\n\n<p><\/p>\n","protected":false},"excerpt":{"rendered":"<p>O Cine Teatro Universit\u00e1rio Ouro Verde, administrado pela Universidade Estadual de Londrina (UEL), \u00e9 um espa\u00e7o cultural com capacidade para 726 pessoas e recursos t\u00e9cnicos que atendem as atividades art\u00edstico-culturais promovidas pela Casa de Cultura da UEL, pelo Centro de Educa\u00e7\u00e3o Cultura e Artes, pela Orquestra Sinf\u00f4nica da UEL (Osuel), as sess\u00f5es de cinema da [&hellip;]<\/p>\n","protected":false},"author":8,"featured_media":0,"parent":0,"menu_order":0,"comment_status":"closed","ping_status":"closed","template":"","meta":{"_acf_changed":false,"_themeisle_gutenberg_block_has_review":false,"footnotes":""},"class_list":["post-574","page","type-page","status-publish","hentry"],"acf":[],"_links":{"self":[{"href":"https:\/\/sites.uel.br\/teatroouroverde\/wp-json\/wp\/v2\/pages\/574","targetHints":{"allow":["GET"]}}],"collection":[{"href":"https:\/\/sites.uel.br\/teatroouroverde\/wp-json\/wp\/v2\/pages"}],"about":[{"href":"https:\/\/sites.uel.br\/teatroouroverde\/wp-json\/wp\/v2\/types\/page"}],"author":[{"embeddable":true,"href":"https:\/\/sites.uel.br\/teatroouroverde\/wp-json\/wp\/v2\/users\/8"}],"replies":[{"embeddable":true,"href":"https:\/\/sites.uel.br\/teatroouroverde\/wp-json\/wp\/v2\/comments?post=574"}],"version-history":[{"count":6,"href":"https:\/\/sites.uel.br\/teatroouroverde\/wp-json\/wp\/v2\/pages\/574\/revisions"}],"predecessor-version":[{"id":639,"href":"https:\/\/sites.uel.br\/teatroouroverde\/wp-json\/wp\/v2\/pages\/574\/revisions\/639"}],"wp:attachment":[{"href":"https:\/\/sites.uel.br\/teatroouroverde\/wp-json\/wp\/v2\/media?parent=574"}],"curies":[{"name":"wp","href":"https:\/\/api.w.org\/{rel}","templated":true}]}}