{"id":57,"date":"2025-08-20T16:28:12","date_gmt":"2025-08-20T19:28:12","guid":{"rendered":"https:\/\/sites.uel.br\/teatroouroverde\/?page_id=57"},"modified":"2025-09-05T15:27:34","modified_gmt":"2025-09-05T18:27:34","slug":"resolucao","status":"publish","type":"page","link":"https:\/\/sites.uel.br\/teatroouroverde\/resolucao\/","title":{"rendered":"Resolu\u00e7\u00e3o"},"content":{"rendered":"\n<div style=\"height:20px\" aria-hidden=\"true\" class=\"wp-block-spacer\"><\/div>\n\n\n\n<p>Todos os procedimentos referentes a utiliza\u00e7\u00e3o e cess\u00e3o do Cine Teatro Universit\u00e1rio Ouro Verde est\u00e3o aparados pelas normas estabelecidas pela Resolu\u00e7\u00e3o CA 040\/2022, aprovada pelo Conselho de Administra\u00e7\u00e3o da UEL, que pode ser consultada abaixo.<\/p>\n\n\n\n<div data-wp-interactive=\"core\/file\" class=\"wp-block-file\"><object data-wp-bind--hidden=\"!state.hasPdfPreview\" hidden class=\"wp-block-file__embed\" data=\"https:\/\/sites.uel.br\/teatroouroverde\/wp-content\/uploads\/2025\/08\/resolucao-040-2022.pdf\" type=\"application\/pdf\" style=\"width:100%;height:600px\" aria-label=\"Incorporado de resolucao-040-2022.\"><\/object><a id=\"wp-block-file--media-71785df2-fc66-4515-b310-2331da0e6588\" href=\"https:\/\/sites.uel.br\/teatroouroverde\/wp-content\/uploads\/2025\/08\/resolucao-040-2022.pdf\">resolucao-040-2022<\/a><a href=\"https:\/\/sites.uel.br\/teatroouroverde\/wp-content\/uploads\/2025\/08\/resolucao-040-2022.pdf\" class=\"wp-block-file__button wp-element-button\" download aria-describedby=\"wp-block-file--media-71785df2-fc66-4515-b310-2331da0e6588\">Baixar<\/a><\/div>\n\n\n\n<div style=\"height:19px\" aria-hidden=\"true\" class=\"wp-block-spacer\"><\/div>\n\n\n\n<h3 class=\"wp-block-heading\"><strong>Observa\u00e7\u00f5es:<\/strong> <\/h3>\n\n\n\n<p>Devido a Resolu\u00e7\u00e3o 040\/2022 estar em processo de atualiza\u00e7\u00e3o, existem alguns pontos divergentes que precisam ser retificados e os apresentamos a seguir: <\/p>\n\n\n\n<p>* No Art. 8\u00ba, item VI &#8211; apresenta que temos dispon\u00edveis os auxiliares de limpeza. No entanto, \u00e9 importante salientar que esse servi\u00e7o n\u00e3o est\u00e1 dispon\u00edvel aos finais de semana e feriados. Ent\u00e3o o cession\u00e1rio deve consultar a necessidade de contrata\u00e7\u00e3o desses profissionais para seu evento;<\/p>\n\n\n\n<p>* No Art. 26 &#8211; Sobre o recebimento de valores, onde se l\u00ea Banco do Brasil, no momento a conta foi alterada para Banco Ita\u00fa. Consulte a administra\u00e7\u00e3o do Teatro para mais informa\u00e7\u00f5es;<\/p>\n\n\n\n<p>* Nos pontos em que se refere ao sistema SAUEL, informamos que atualmente o sistema utilizado \u00e9 o eProtocolo do Estado do Paran\u00e1, conforme instru\u00e7\u00f5es em link na p\u00e1gina Reservas.<\/p>\n\n\n\n<hr class=\"wp-block-separator has-alpha-channel-opacity\"\/>\n","protected":false},"excerpt":{"rendered":"<p>Todos os procedimentos referentes a utiliza\u00e7\u00e3o e cess\u00e3o do Cine Teatro Universit\u00e1rio Ouro Verde est\u00e3o aparados pelas normas estabelecidas pela Resolu\u00e7\u00e3o CA 040\/2022, aprovada pelo Conselho de Administra\u00e7\u00e3o da UEL, que pode ser consultada abaixo. Observa\u00e7\u00f5es: Devido a Resolu\u00e7\u00e3o 040\/2022 estar em processo de atualiza\u00e7\u00e3o, existem alguns pontos divergentes que precisam ser retificados e os [&hellip;]<\/p>\n","protected":false},"author":6,"featured_media":0,"parent":0,"menu_order":0,"comment_status":"closed","ping_status":"closed","template":"","meta":{"_acf_changed":false,"_themeisle_gutenberg_block_has_review":false,"footnotes":""},"class_list":["post-57","page","type-page","status-publish","hentry"],"acf":[],"_links":{"self":[{"href":"https:\/\/sites.uel.br\/teatroouroverde\/wp-json\/wp\/v2\/pages\/57","targetHints":{"allow":["GET"]}}],"collection":[{"href":"https:\/\/sites.uel.br\/teatroouroverde\/wp-json\/wp\/v2\/pages"}],"about":[{"href":"https:\/\/sites.uel.br\/teatroouroverde\/wp-json\/wp\/v2\/types\/page"}],"author":[{"embeddable":true,"href":"https:\/\/sites.uel.br\/teatroouroverde\/wp-json\/wp\/v2\/users\/6"}],"replies":[{"embeddable":true,"href":"https:\/\/sites.uel.br\/teatroouroverde\/wp-json\/wp\/v2\/comments?post=57"}],"version-history":[{"count":9,"href":"https:\/\/sites.uel.br\/teatroouroverde\/wp-json\/wp\/v2\/pages\/57\/revisions"}],"predecessor-version":[{"id":517,"href":"https:\/\/sites.uel.br\/teatroouroverde\/wp-json\/wp\/v2\/pages\/57\/revisions\/517"}],"wp:attachment":[{"href":"https:\/\/sites.uel.br\/teatroouroverde\/wp-json\/wp\/v2\/media?parent=57"}],"curies":[{"name":"wp","href":"https:\/\/api.w.org\/{rel}","templated":true}]}}