{"id":506,"date":"2025-09-05T11:16:48","date_gmt":"2025-09-05T14:16:48","guid":{"rendered":"https:\/\/sites.uel.br\/teatroouroverde\/?page_id=506"},"modified":"2025-09-05T15:18:25","modified_gmt":"2025-09-05T18:18:25","slug":"valores","status":"publish","type":"page","link":"https:\/\/sites.uel.br\/teatroouroverde\/valores\/","title":{"rendered":"Valores"},"content":{"rendered":"\n<div style=\"height:25px\" aria-hidden=\"true\" class=\"wp-block-spacer\"><\/div>\n\n\n\n<p>Apresentamos a seguir a tabela de valores para utiliza\u00e7\u00e3o do espa\u00e7o, conforme anexo II da Resolu\u00e7\u00e3o CA 040\/2022. Para mais informa\u00e7\u00f5es consultar a administra\u00e7\u00e3o do Teatro. <\/p>\n\n\n\n<div data-wp-interactive=\"core\/file\" class=\"wp-block-file\"><object data-wp-bind--hidden=\"!state.hasPdfPreview\" hidden class=\"wp-block-file__embed\" data=\"https:\/\/sites.uel.br\/teatroouroverde\/wp-content\/uploads\/2025\/09\/valores-2.pdf\" type=\"application\/pdf\" style=\"width:100%;height:600px\" aria-label=\"Incorporado de valores.\"><\/object><a id=\"wp-block-file--media-9fadd612-4aaa-41b2-9942-05a0ae1a37d3\" href=\"https:\/\/sites.uel.br\/teatroouroverde\/wp-content\/uploads\/2025\/09\/valores-2.pdf\">valores<\/a><a href=\"https:\/\/sites.uel.br\/teatroouroverde\/wp-content\/uploads\/2025\/09\/valores-2.pdf\" class=\"wp-block-file__button wp-element-button\" download aria-describedby=\"wp-block-file--media-9fadd612-4aaa-41b2-9942-05a0ae1a37d3\">Baixar<\/a><\/div>\n\n\n\n<h3 class=\"wp-block-heading\"><strong>Observa\u00e7\u00f5es: <\/strong><\/h3>\n\n\n\n<p>* \u00c9 importante ressaltar que a referida taxa \u00e9 uma esp\u00e9cie de cau\u00e7\u00e3o de bloqueio da data solicitada, entretanto a resolu\u00e7\u00e3o determina tamb\u00e9m a cobran\u00e7a de 10% da bilheteria bruta por apresenta\u00e7\u00e3o, prevalecendo o maior valor, ou seja, se for realizada uma apresenta\u00e7\u00e3o cujo percentual for inferior a taxa, paga-se somente a taxa, se o percentual for superior complementa-se o pagamento por apresenta\u00e7\u00e3o. Os valores, s\u00e3o calculados no fechamento do border\u00f4 da produ\u00e7\u00e3o com o teatro, atrav\u00e9s da apresenta\u00e7\u00e3o de relat\u00f3rio de vendas.<\/p>\n\n\n\n<hr class=\"wp-block-separator has-alpha-channel-opacity\"\/>\n\n\n\n<p><\/p>\n","protected":false},"excerpt":{"rendered":"<p>Apresentamos a seguir a tabela de valores para utiliza\u00e7\u00e3o do espa\u00e7o, conforme anexo II da Resolu\u00e7\u00e3o CA 040\/2022. Para mais informa\u00e7\u00f5es consultar a administra\u00e7\u00e3o do Teatro. Observa\u00e7\u00f5es: * \u00c9 importante ressaltar que a referida taxa \u00e9 uma esp\u00e9cie de cau\u00e7\u00e3o de bloqueio da data solicitada, entretanto a resolu\u00e7\u00e3o determina tamb\u00e9m a cobran\u00e7a de 10% da [&hellip;]<\/p>\n","protected":false},"author":8,"featured_media":0,"parent":0,"menu_order":0,"comment_status":"closed","ping_status":"closed","template":"","meta":{"_acf_changed":false,"_themeisle_gutenberg_block_has_review":false,"footnotes":""},"class_list":["post-506","page","type-page","status-publish","hentry"],"acf":[],"_links":{"self":[{"href":"https:\/\/sites.uel.br\/teatroouroverde\/wp-json\/wp\/v2\/pages\/506","targetHints":{"allow":["GET"]}}],"collection":[{"href":"https:\/\/sites.uel.br\/teatroouroverde\/wp-json\/wp\/v2\/pages"}],"about":[{"href":"https:\/\/sites.uel.br\/teatroouroverde\/wp-json\/wp\/v2\/types\/page"}],"author":[{"embeddable":true,"href":"https:\/\/sites.uel.br\/teatroouroverde\/wp-json\/wp\/v2\/users\/8"}],"replies":[{"embeddable":true,"href":"https:\/\/sites.uel.br\/teatroouroverde\/wp-json\/wp\/v2\/comments?post=506"}],"version-history":[{"count":4,"href":"https:\/\/sites.uel.br\/teatroouroverde\/wp-json\/wp\/v2\/pages\/506\/revisions"}],"predecessor-version":[{"id":515,"href":"https:\/\/sites.uel.br\/teatroouroverde\/wp-json\/wp\/v2\/pages\/506\/revisions\/515"}],"wp:attachment":[{"href":"https:\/\/sites.uel.br\/teatroouroverde\/wp-json\/wp\/v2\/media?parent=506"}],"curies":[{"name":"wp","href":"https:\/\/api.w.org\/{rel}","templated":true}]}}