{"id":31,"date":"2025-08-20T15:10:59","date_gmt":"2025-08-20T18:10:59","guid":{"rendered":"https:\/\/sites.uel.br\/teatroouroverde\/?page_id=31"},"modified":"2025-09-01T15:38:08","modified_gmt":"2025-09-01T18:38:08","slug":"sobre","status":"publish","type":"page","link":"https:\/\/sites.uel.br\/teatroouroverde\/sobre\/","title":{"rendered":"O Teatro"},"content":{"rendered":"\n<div style=\"height:var(--wp--preset--spacing--50)\" aria-hidden=\"true\" class=\"wp-block-spacer\"><\/div>\n\n\n\n<figure class=\"wp-block-image size-full is-resized\"><img loading=\"lazy\" decoding=\"async\" width=\"640\" height=\"427\" src=\"https:\/\/sites.uel.br\/teatroouroverde\/wp-content\/uploads\/2025\/08\/WhatsApp-Image-2025-08-19-at-14.46.07.jpeg\" alt=\"\" class=\"wp-image-19\" style=\"object-fit:cover;width:1200px;height:300px\" srcset=\"https:\/\/sites.uel.br\/teatroouroverde\/wp-content\/uploads\/2025\/08\/WhatsApp-Image-2025-08-19-at-14.46.07.jpeg 640w, https:\/\/sites.uel.br\/teatroouroverde\/wp-content\/uploads\/2025\/08\/WhatsApp-Image-2025-08-19-at-14.46.07-300x200.jpeg 300w\" sizes=\"auto, (max-width: 640px) 100vw, 640px\" \/><\/figure>\n\n\n\n<p class=\"has-text-align-center\">O Cine Teatro Universit\u00e1rio Ouro Verde \u00e9 um equipamento cultural, cuja finalidades s\u00e3o preferencialmente nas \u00e1reas de cinema, espet\u00e1culos musicais, de dan\u00e7a e&nbsp;teatro, circo, artes pl\u00e1sticas e visuais. Situado \u00e0 rua Maranh\u00e3o, 85, no cal\u00e7ad\u00e3o central de Londrina e \u00e9 refer\u00eancia cultural na regi\u00e3o.&nbsp;<\/p>\n\n\n\n<p class=\"has-text-align-center\">Projetado pelo arquiteto Jo\u00e3o Batista Vilanova Artigas, teve o nome \u201cOuro Verde\u201d fazendo alus\u00e3o \u00e0 cultura cafeeira, que impulsionou o progresso material, social e econ\u00f4mico do Norte Pioneiro do Paran\u00e1, nas d\u00e9cadas de 1940 a 1970.<\/p>\n\n\n\n<p class=\"has-text-align-center\">O espa\u00e7o \u00e9 mantido pelo governo do estado, e administrado pela Universidade Estadual de Londrina (UEL) e \u00e9 tombado pelo Patrim\u00f4nio Hist\u00f3rico Cultural do Estado do Paran\u00e1 desde 1999.<\/p>\n\n\n\n<div class=\"wp-block-buttons is-content-justification-center is-layout-flex wp-container-core-buttons-is-layout-16018d1d wp-block-buttons-is-layout-flex\">\n<div class=\"wp-block-button is-style-outline is-style-outline--1\"><a class=\"wp-block-button__link has-text-align-center wp-element-button\" href=\"https:\/\/sites.uel.br\/teatroouroverde\/historico\/\">Saiba mais &#8230;<\/a><\/div>\n<\/div>\n\n\n\n<hr class=\"wp-block-separator has-alpha-channel-opacity\"\/>\n\n\n\n<p><\/p>\n","protected":false},"excerpt":{"rendered":"<p>O Cine Teatro Universit\u00e1rio Ouro Verde \u00e9 um equipamento cultural, cuja finalidades s\u00e3o preferencialmente nas \u00e1reas de cinema, espet\u00e1culos musicais, de dan\u00e7a e&nbsp;teatro, circo, artes pl\u00e1sticas e visuais. Situado \u00e0 rua Maranh\u00e3o, 85, no cal\u00e7ad\u00e3o central de Londrina e \u00e9 refer\u00eancia cultural na regi\u00e3o.&nbsp; Projetado pelo arquiteto Jo\u00e3o Batista Vilanova Artigas, teve o nome \u201cOuro [&hellip;]<\/p>\n","protected":false},"author":6,"featured_media":0,"parent":0,"menu_order":0,"comment_status":"closed","ping_status":"closed","template":"","meta":{"_acf_changed":false,"_themeisle_gutenberg_block_has_review":false,"footnotes":""},"class_list":["post-31","page","type-page","status-publish","hentry"],"acf":[],"_links":{"self":[{"href":"https:\/\/sites.uel.br\/teatroouroverde\/wp-json\/wp\/v2\/pages\/31","targetHints":{"allow":["GET"]}}],"collection":[{"href":"https:\/\/sites.uel.br\/teatroouroverde\/wp-json\/wp\/v2\/pages"}],"about":[{"href":"https:\/\/sites.uel.br\/teatroouroverde\/wp-json\/wp\/v2\/types\/page"}],"author":[{"embeddable":true,"href":"https:\/\/sites.uel.br\/teatroouroverde\/wp-json\/wp\/v2\/users\/6"}],"replies":[{"embeddable":true,"href":"https:\/\/sites.uel.br\/teatroouroverde\/wp-json\/wp\/v2\/comments?post=31"}],"version-history":[{"count":14,"href":"https:\/\/sites.uel.br\/teatroouroverde\/wp-json\/wp\/v2\/pages\/31\/revisions"}],"predecessor-version":[{"id":447,"href":"https:\/\/sites.uel.br\/teatroouroverde\/wp-json\/wp\/v2\/pages\/31\/revisions\/447"}],"wp:attachment":[{"href":"https:\/\/sites.uel.br\/teatroouroverde\/wp-json\/wp\/v2\/media?parent=31"}],"curies":[{"name":"wp","href":"https:\/\/api.w.org\/{rel}","templated":true}]}}