{"id":276,"date":"2025-08-26T16:41:16","date_gmt":"2025-08-26T19:41:16","guid":{"rendered":"https:\/\/sites.uel.br\/teatroouroverde\/?page_id=276"},"modified":"2025-09-01T15:49:35","modified_gmt":"2025-09-01T18:49:35","slug":"visitas-agendadas","status":"publish","type":"page","link":"https:\/\/sites.uel.br\/teatroouroverde\/visitas-agendadas\/","title":{"rendered":"Visitas Agendadas"},"content":{"rendered":"\n<div style=\"height:var(--wp--preset--spacing--50)\" aria-hidden=\"true\" class=\"wp-block-spacer\"><\/div>\n\n\n\n<p>Se voc\u00ea quer conhecer o Cine Teatro Universit\u00e1rio Ouro Verde\u00a0ou trazer um grupo para uma visita, \u00e9 importante saber que precisa realizar um agendamento antecipado. N\u00e3o s\u00e3o permitidas visitas n\u00e3o programadas.<\/p>\n\n\n\n<p>O interessado deve enviar um e-mail para <strong><u>ouroverde@uel.br<\/u><\/strong>&nbsp;solicitando a visita, informando a data e hor\u00e1rio pretendidos, assim como a quantidade de pessoas.&nbsp;<\/p>\n\n\n\n<p>\u00c9 importante ressaltar que para realizar essas visitas deve-se observar os hor\u00e1rios j\u00e1 reservados para atividades fixas, como as sess\u00f5es de cinema \u00e0s\u00a0segundas, ter\u00e7as e quartas-feiras no per\u00edodo da tarde e da noite, per\u00edodo que o espa\u00e7o \u00e9 utilizado pela Divis\u00e3o de Cinema e V\u00eddeo e tamb\u00e9m os hor\u00e1rios de ensaios da Orquestra.\u00a0<\/p>\n\n\n\n<p>Estamos \u00e0 disposi\u00e7\u00e3o para agendar de forma compat\u00edvel para te atender.&nbsp;<\/p>\n\n\n\n<p>Qualquer d\u00favida entre em contato pelo telefone: (43) 3322-6381 ou pelo e-mail: ouroverde@uel.br.<\/p>\n\n\n\n<p><\/p>\n\n\n<div class=\"wp-block-image\">\n<figure class=\"aligncenter size-large is-resized\"><img loading=\"lazy\" decoding=\"async\" width=\"1024\" height=\"682\" src=\"https:\/\/sites.uel.br\/teatroouroverde\/wp-content\/uploads\/2025\/08\/WhatsApp-Image-2025-08-19-at-14.46.17-1024x682.jpeg\" alt=\"\" class=\"wp-image-27\" style=\"width:858px;height:auto\" srcset=\"https:\/\/sites.uel.br\/teatroouroverde\/wp-content\/uploads\/2025\/08\/WhatsApp-Image-2025-08-19-at-14.46.17-1024x682.jpeg 1024w, https:\/\/sites.uel.br\/teatroouroverde\/wp-content\/uploads\/2025\/08\/WhatsApp-Image-2025-08-19-at-14.46.17-300x200.jpeg 300w, https:\/\/sites.uel.br\/teatroouroverde\/wp-content\/uploads\/2025\/08\/WhatsApp-Image-2025-08-19-at-14.46.17-768x512.jpeg 768w, https:\/\/sites.uel.br\/teatroouroverde\/wp-content\/uploads\/2025\/08\/WhatsApp-Image-2025-08-19-at-14.46.17-1536x1023.jpeg 1536w, https:\/\/sites.uel.br\/teatroouroverde\/wp-content\/uploads\/2025\/08\/WhatsApp-Image-2025-08-19-at-14.46.17.jpeg 1600w\" sizes=\"auto, (max-width: 1024px) 100vw, 1024px\" \/><\/figure>\n<\/div>\n\n\n<hr class=\"wp-block-separator has-alpha-channel-opacity\"\/>\n","protected":false},"excerpt":{"rendered":"<p>Se voc\u00ea quer conhecer o Cine Teatro Universit\u00e1rio Ouro Verde\u00a0ou trazer um grupo para uma visita, \u00e9 importante saber que precisa realizar um agendamento antecipado. N\u00e3o s\u00e3o permitidas visitas n\u00e3o programadas. O interessado deve enviar um e-mail para ouroverde@uel.br&nbsp;solicitando a visita, informando a data e hor\u00e1rio pretendidos, assim como a quantidade de pessoas.&nbsp; \u00c9 importante [&hellip;]<\/p>\n","protected":false},"author":8,"featured_media":0,"parent":0,"menu_order":0,"comment_status":"closed","ping_status":"closed","template":"","meta":{"_acf_changed":false,"_themeisle_gutenberg_block_has_review":false,"footnotes":""},"class_list":["post-276","page","type-page","status-publish","hentry"],"acf":[],"_links":{"self":[{"href":"https:\/\/sites.uel.br\/teatroouroverde\/wp-json\/wp\/v2\/pages\/276","targetHints":{"allow":["GET"]}}],"collection":[{"href":"https:\/\/sites.uel.br\/teatroouroverde\/wp-json\/wp\/v2\/pages"}],"about":[{"href":"https:\/\/sites.uel.br\/teatroouroverde\/wp-json\/wp\/v2\/types\/page"}],"author":[{"embeddable":true,"href":"https:\/\/sites.uel.br\/teatroouroverde\/wp-json\/wp\/v2\/users\/8"}],"replies":[{"embeddable":true,"href":"https:\/\/sites.uel.br\/teatroouroverde\/wp-json\/wp\/v2\/comments?post=276"}],"version-history":[{"count":5,"href":"https:\/\/sites.uel.br\/teatroouroverde\/wp-json\/wp\/v2\/pages\/276\/revisions"}],"predecessor-version":[{"id":455,"href":"https:\/\/sites.uel.br\/teatroouroverde\/wp-json\/wp\/v2\/pages\/276\/revisions\/455"}],"wp:attachment":[{"href":"https:\/\/sites.uel.br\/teatroouroverde\/wp-json\/wp\/v2\/media?parent=276"}],"curies":[{"name":"wp","href":"https:\/\/api.w.org\/{rel}","templated":true}]}}