{"id":263,"date":"2025-08-26T15:43:43","date_gmt":"2025-08-26T18:43:43","guid":{"rendered":"https:\/\/sites.uel.br\/teatroouroverde\/?page_id=263"},"modified":"2025-09-05T10:54:49","modified_gmt":"2025-09-05T13:54:49","slug":"comissao-de-pauta","status":"publish","type":"page","link":"https:\/\/sites.uel.br\/teatroouroverde\/comissao-de-pauta\/","title":{"rendered":"Comiss\u00e3o de Pauta"},"content":{"rendered":"\n<div style=\"height:var(--wp--preset--spacing--60)\" aria-hidden=\"true\" class=\"wp-block-spacer\"><\/div>\n\n\n\n<p>A seguir temos a apresenta\u00e7\u00e3o dos membros que comp\u00f5em a Comiss\u00e3o de Pauta, que \u00e9 respons\u00e1vel pela an\u00e1lise dos pedidos de utiliza\u00e7\u00e3o do espa\u00e7o do teatro:<\/p>\n\n\n\n<p><\/p>\n\n\n\n<p><strong>Diretora da Casa de Cultura:<\/strong>\u00a0Profa. Dra. Marta Dantas da Silva<\/p>\n\n\n\n<p>\u200b<strong>Chefe da&nbsp;Divis\u00e3o de Artes Pl\u00e1sticas:<\/strong>&nbsp;Prof. Danillo Gimenes Villa<\/p>\n\n\n\n<p><strong>Chefe da Divis\u00e3o de Cinema e V\u00eddeo:<\/strong>&nbsp;Erasmo Cambui de Melo Filho<\/p>\n\n\n\n<p><strong>Chefe da Divis\u00e3o de M\u00fasica:<\/strong>\u00a0Erna Veronica Vogler Chaves<\/p>\n\n\n\n<p><strong>Chefe da Divis\u00e3o de Artes C\u00eanicas:&nbsp;<\/strong>Prof. Aguinaldo Moreira de Souza<\/p>\n\n\n\n<p><strong>Respons\u00e1vel pelo CTUOV: <\/strong>Jo\u00e3o Manoel Martins<\/p>\n\n\n\n<p><strong>Coordenador do Colegiado de M\u00fasica:<\/strong>\u00a0Prof\u00aa. Helena Ester Munari Nicolau Loureiro<\/p>\n\n\n\n<p><strong>Coordenadora do Colegiado de Artes C\u00eanicas:<\/strong>&nbsp;Profa. Sandra Parra Furlanete<\/p>\n\n\n\n<hr class=\"wp-block-separator has-alpha-channel-opacity\"\/>\n","protected":false},"excerpt":{"rendered":"<p>A seguir temos a apresenta\u00e7\u00e3o dos membros que comp\u00f5em a Comiss\u00e3o de Pauta, que \u00e9 respons\u00e1vel pela an\u00e1lise dos pedidos de utiliza\u00e7\u00e3o do espa\u00e7o do teatro: Diretora da Casa de Cultura:\u00a0Profa. Dra. Marta Dantas da Silva \u200bChefe da&nbsp;Divis\u00e3o de Artes Pl\u00e1sticas:&nbsp;Prof. Danillo Gimenes Villa Chefe da Divis\u00e3o de Cinema e V\u00eddeo:&nbsp;Erasmo Cambui de Melo Filho [&hellip;]<\/p>\n","protected":false},"author":8,"featured_media":0,"parent":0,"menu_order":0,"comment_status":"closed","ping_status":"closed","template":"","meta":{"_acf_changed":false,"_themeisle_gutenberg_block_has_review":false,"footnotes":""},"class_list":["post-263","page","type-page","status-publish","hentry"],"acf":[],"_links":{"self":[{"href":"https:\/\/sites.uel.br\/teatroouroverde\/wp-json\/wp\/v2\/pages\/263","targetHints":{"allow":["GET"]}}],"collection":[{"href":"https:\/\/sites.uel.br\/teatroouroverde\/wp-json\/wp\/v2\/pages"}],"about":[{"href":"https:\/\/sites.uel.br\/teatroouroverde\/wp-json\/wp\/v2\/types\/page"}],"author":[{"embeddable":true,"href":"https:\/\/sites.uel.br\/teatroouroverde\/wp-json\/wp\/v2\/users\/8"}],"replies":[{"embeddable":true,"href":"https:\/\/sites.uel.br\/teatroouroverde\/wp-json\/wp\/v2\/comments?post=263"}],"version-history":[{"count":10,"href":"https:\/\/sites.uel.br\/teatroouroverde\/wp-json\/wp\/v2\/pages\/263\/revisions"}],"predecessor-version":[{"id":503,"href":"https:\/\/sites.uel.br\/teatroouroverde\/wp-json\/wp\/v2\/pages\/263\/revisions\/503"}],"wp:attachment":[{"href":"https:\/\/sites.uel.br\/teatroouroverde\/wp-json\/wp\/v2\/media?parent=263"}],"curies":[{"name":"wp","href":"https:\/\/api.w.org\/{rel}","templated":true}]}}