{"id":247,"date":"2025-08-26T11:41:08","date_gmt":"2025-08-26T14:41:08","guid":{"rendered":"https:\/\/sites.uel.br\/teatroouroverde\/?page_id=247"},"modified":"2025-09-11T16:29:26","modified_gmt":"2025-09-11T19:29:26","slug":"historico","status":"publish","type":"page","link":"https:\/\/sites.uel.br\/teatroouroverde\/historico\/","title":{"rendered":"Hist\u00f3rico"},"content":{"rendered":"\n<div style=\"height:var(--wp--preset--spacing--50)\" aria-hidden=\"true\" class=\"wp-block-spacer\"><\/div>\n\n\n\n<div class=\"wp-block-columns is-layout-flex wp-container-core-columns-is-layout-9d6595d7 wp-block-columns-is-layout-flex\">\n<div class=\"wp-block-column is-layout-flow wp-block-column-is-layout-flow\" style=\"flex-basis:100%\">\n<figure class=\"wp-block-image size-full is-resized\"><img loading=\"lazy\" decoding=\"async\" width=\"640\" height=\"260\" src=\"https:\/\/sites.uel.br\/teatroouroverde\/wp-content\/uploads\/2025\/08\/WhatsApp-Image-2025-08-19-at-14.46.16.jpeg\" alt=\"\" class=\"wp-image-25\" style=\"width:1014px;height:auto\" srcset=\"https:\/\/sites.uel.br\/teatroouroverde\/wp-content\/uploads\/2025\/08\/WhatsApp-Image-2025-08-19-at-14.46.16.jpeg 640w, https:\/\/sites.uel.br\/teatroouroverde\/wp-content\/uploads\/2025\/08\/WhatsApp-Image-2025-08-19-at-14.46.16-300x122.jpeg 300w\" sizes=\"auto, (max-width: 640px) 100vw, 640px\" \/><figcaption class=\"wp-element-caption\">Ouro Verde na d\u00e9cada de 1950<\/figcaption><\/figure>\n<\/div>\n<\/div>\n\n\n\n<p>Em 1924, chegou ao Paran\u00e1 um grupo de capitalistas ingleses chefiados por Lord Lovat, e tiveram a aten\u00e7\u00e3o despertada pela faixa de terras existente entre os rios Tibagi, Iva\u00ed e Paranapanema. Entusiasmados pela exuber\u00e2ncia da terra, adquiriram do Governo do Estado do Paran\u00e1 500 mil alqueires de terras nesta regi\u00e3o e fundaram a Companhia de Terras Norte do Paran\u00e1, que tinha como principal acionista a Paran\u00e1 Plantations Limitada de Londres, isto entre 1925 e 1927.<\/p>\n\n\n\n<p>No ano de 1948, na Autolon \u2013 Sociedade Auto Comercial de Londrina, revendedora da marca Chevrolet, os s\u00f3cios Celso Garcia Cid, \u00c2ngelo Pesarini, Jord\u00e3o Santoro e outros, planejaram construir um grande edif\u00edcio comercial na esquina das ruas Maranh\u00e3o e Minas Gerais. Foi quando Jord\u00e3o Santoro lan\u00e7ou a ideia de aproveitar parte desse terreno para construir um grande e luxuoso cinema. Assim, a venda de autom\u00f3veis estava ligada ao cinema que era a grande divers\u00e3o popular nos anos cinquenta, e servia para atrair clientela para a Autolon.<\/p>\n\n\n\n<p>A ideia foi aceita pelos s\u00f3cios e o Jord\u00e3o Santoro foi encarregado de encomendar os projetos para o Edif\u00edcio Autolon para venda de autom\u00f3veis e do Cine Ouro Verde ao arquiteto Jo\u00e3o Batista Vilanova Artigas, de S\u00e3o Paulo. A execu\u00e7\u00e3o do projeto esteve a cargo do engenheiro Rubens Cascaldi, assessorado por seu irm\u00e3o Carlos Cascaldi que era s\u00f3cio de Vilanova Artigas e constru\u00eddo na rua Maranh\u00e3o, 85 (atual cal\u00e7ad\u00e3o central de Londrina), se tornando refer\u00eancia cultural na regi\u00e3o. O nome \u201cOuro Verde\u201d faz alus\u00e3o \u00e0 cultura cafeeira, que impulsionou o progresso material, social e econ\u00f4mico do Norte Pioneiro, nas d\u00e9cadas de 1940 a 1970.<\/p>\n\n\n\n<p>O Cine Ouro Verde foi inaugurado no dia 24 de dezembro de 1952, como um requintado cinema, com esmerados detalhes que v\u00e3o desde a arquitetura, \u00e0s cortinas de veludo, poltronas de couro estofadas, ar-condicionado, aparelhagem de som e imagem das mais modernas na \u00e9poca. O cinema comportava 1500 pessoas, sendo 1100 no sal\u00e3o principal e 400 no balc\u00e3o.\u200b<\/p>\n\n\n\n<p>Pela resolu\u00e7\u00e3o n.\u00ba 451, de 7 de abril de 1978, a Funda\u00e7\u00e3o Universidade Estadual de Londrina autorizou o reitor a proceder a aquisi\u00e7\u00e3o do Cinema Ouro Verde pelo valor de Cr$ 10.000.000,00 (dez milh\u00f5es de cruzeiros), recurso esse originado do Governo Federal \u2013 Minist\u00e9rio da Educa\u00e7\u00e3o e Cultura \u2013 e Governo do Estado do Paran\u00e1. Assina a resolu\u00e7\u00e3o o Professor Reitor Oscar Alves, e teve uma adapta\u00e7\u00e3o no nome para Cine Teatro Universit\u00e1rio Ouro Verde.<\/p>\n\n\n<div class=\"wp-block-image\">\n<figure class=\"aligncenter size-full is-resized\"><img loading=\"lazy\" decoding=\"async\" width=\"350\" height=\"232\" src=\"https:\/\/sites.uel.br\/teatroouroverde\/wp-content\/uploads\/2025\/08\/cine8.png\" alt=\"\" class=\"wp-image-230\" style=\"width:540px;height:auto\" srcset=\"https:\/\/sites.uel.br\/teatroouroverde\/wp-content\/uploads\/2025\/08\/cine8.png 350w, https:\/\/sites.uel.br\/teatroouroverde\/wp-content\/uploads\/2025\/08\/cine8-300x199.png 300w\" sizes=\"auto, (max-width: 350px) 100vw, 350px\" \/><figcaption class=\"wp-element-caption\">Espa\u00e7o j\u00e1 sob administra\u00e7\u00e3o da UEL<\/figcaption><\/figure>\n<\/div>\n\n\n<p>A partir da\u00ed, al\u00e9m da programa\u00e7\u00e3o cinematogr\u00e1fica, o espa\u00e7o passou a abrigar diversas manifesta\u00e7\u00f5es art\u00edsticas: concertos, shows, montagens teatrais, espet\u00e1culos de dan\u00e7a, etc. Desde a d\u00e9cada de 1980, o cineteatro vem sediando o Festival Internacional de Teatro \u2013 Filo, o Festival de M\u00fasica de Londrina e v\u00e1rios outros festivais promovidos e realizados na comunidade. Em 08 de novembro de 1999, foi tombado como Patrim\u00f4nio Hist\u00f3rico do Paran\u00e1 pela Coordena\u00e7\u00e3o do Patrim\u00f4nio Cultural (CPC), setor da Secretaria de Estado da Cultura do Estado do Paran\u00e1, sob o n\u00famero de Inscri\u00e7\u00e3o: Tombo 126-II \u2013 Processo N\u00famero 02\/98.<\/p>\n\n\n\n<div class=\"wp-block-buttons is-layout-flex wp-block-buttons-is-layout-flex\">\n<div class=\"wp-block-button is-style-outline is-style-outline--1\"><a class=\"wp-block-button__link wp-element-button\" href=\"https:\/\/www.patrimoniocultural.pr.gov.br\/Bem-Tombado\/Cine-Teatro-Ouro-Verde-Londrina\" target=\"_blank\" rel=\"noreferrer noopener\">Consulte o registro de Patrim\u00f4nio Hist\u00f3rico Cultural do Teatro<\/a><\/div>\n<\/div>\n\n\n\n<div style=\"height:var(--wp--preset--spacing--50)\" aria-hidden=\"true\" class=\"wp-block-spacer\"><\/div>\n\n\n\n<p>O projeto \u201cVelho Cinema Novo\u201d, proposto pela Secretaria de Estado da Cultura, incluiu o Teatro Ouro Verde para passar por reformas no ano de 2002. O objetivo do projeto era reformar 13 salas de exibi\u00e7\u00e3o localizadas no Paran\u00e1, consideradas pelo setor estadual de patrim\u00f4nio como de valor hist\u00f3rico, arquitet\u00f4nico e social. As obras duraram seis meses e o Teatro Ouro Verde voltou a funcionar no in\u00edcio de 2003, embora apenas como teatro e com a capacidade para 853 espectadores. \u200b<\/p>\n\n\n\n<p>Em 12 de fevereiro de 2012, um curto-circuito causou um inc\u00eandio que comprometeu grande parte de estrutura do teatro, levando a suspens\u00e3o das atividades. Constitui-se uma Comiss\u00e3o para acompanhar o processo de reconstru\u00e7\u00e3o e, em 2013, terminou-se o processo de licita\u00e7\u00e3o para o in\u00edcio das obras.<\/p>\n\n\n\n<p>Em 16 de janeiro de 2014, o Governo do Estado do Paran\u00e1 assinou o contrato e a ordem de servi\u00e7o para o in\u00edcio das obras de reconstru\u00e7\u00e3o do Teatro Ouro Verde. Depois de cinco anos e muitas dificuldades no caminho, a reinaugura\u00e7\u00e3o do Teatro Ouro Verde aconteceu no dia 30 de junho de 2017, com uma programa\u00e7\u00e3o exclusiva para convidados.<\/p>\n\n\n\n<p>A antiga estrutura foi mantida e o palco, plateia e camarins foram adaptados e modernizados. Os espa\u00e7os do Teatro receberam estrutura para proporcionar acesso f\u00edsico facilitado e preferencial, com corrim\u00e3os, elevadores e sanit\u00e1rios apropriados para pessoas portadoras de necessidades especiais, com dificuldades de locomo\u00e7\u00e3o e para idosos. Tamb\u00e9m locais para cadeirantes e acentos especiais para pessoas acima do peso. Com as adapta\u00e7\u00f5es de seguran\u00e7a o total de p\u00fablico foi reduzido, contando agora com 512 lugares nos setores 1 e 2 e 214 no setor 3 (balc\u00e3o).<\/p>\n\n\n\n<p>Desde 2017, o espa\u00e7o voltou a receber in\u00fameros espet\u00e1culos nacionais e internacionais, al\u00e9m de ser palco para os principais Festivais de Londrina, entre eles o Festival Internacional de M\u00fasica de Londrina, FILO, Festival de Dan\u00e7a de Londrina, Festival Unicanto de Corais, entre outros.<\/p>\n\n\n\n<p>A partir de 13 de mar\u00e7o de 2020, o espa\u00e7o teve suas atividades presenciais suspensas atrav\u00e9s de Atos Executivos da Reitoria da Universidade Estadual de Londrina, Decretos Estaduais e Municipais em virtude da Pandemia COVID-19, at\u00e9 ulterior delibera\u00e7\u00e3o.\u200b<\/p>\n\n\n<div class=\"wp-block-image\">\n<figure class=\"aligncenter size-large is-resized\"><img loading=\"lazy\" decoding=\"async\" width=\"1024\" height=\"758\" src=\"https:\/\/sites.uel.br\/teatroouroverde\/wp-content\/uploads\/2025\/08\/WhatsApp-Image-2025-08-19-at-14.46.06-1024x758.jpeg\" alt=\"\" class=\"wp-image-18\" style=\"aspect-ratio:1.7777777777777777;object-fit:cover;width:846px;height:auto\" srcset=\"https:\/\/sites.uel.br\/teatroouroverde\/wp-content\/uploads\/2025\/08\/WhatsApp-Image-2025-08-19-at-14.46.06-1024x758.jpeg 1024w, https:\/\/sites.uel.br\/teatroouroverde\/wp-content\/uploads\/2025\/08\/WhatsApp-Image-2025-08-19-at-14.46.06-300x222.jpeg 300w, https:\/\/sites.uel.br\/teatroouroverde\/wp-content\/uploads\/2025\/08\/WhatsApp-Image-2025-08-19-at-14.46.06-768x568.jpeg 768w, https:\/\/sites.uel.br\/teatroouroverde\/wp-content\/uploads\/2025\/08\/WhatsApp-Image-2025-08-19-at-14.46.06.jpeg 1080w\" sizes=\"auto, (max-width: 1024px) 100vw, 1024px\" \/><figcaption class=\"wp-element-caption\">Fachada atual<\/figcaption><\/figure>\n<\/div>\n\n\n<p>O Cine Teatro Universit\u00e1rio Ouro Verde \u00e9 um dos espa\u00e7os da Casa de Cultura da UEL, e encontra-se na Rua Maranh\u00e3o, 85 \u2013 Centro \u2013 Londrina Pr.<\/p>\n\n\n\n<hr class=\"wp-block-separator has-alpha-channel-opacity\"\/>\n","protected":false},"excerpt":{"rendered":"<p>Em 1924, chegou ao Paran\u00e1 um grupo de capitalistas ingleses chefiados por Lord Lovat, e tiveram a aten\u00e7\u00e3o despertada pela faixa de terras existente entre os rios Tibagi, Iva\u00ed e Paranapanema. Entusiasmados pela exuber\u00e2ncia da terra, adquiriram do Governo do Estado do Paran\u00e1 500 mil alqueires de terras nesta regi\u00e3o e fundaram a Companhia de [&hellip;]<\/p>\n","protected":false},"author":8,"featured_media":0,"parent":0,"menu_order":0,"comment_status":"closed","ping_status":"closed","template":"","meta":{"_acf_changed":false,"_themeisle_gutenberg_block_has_review":false,"footnotes":""},"class_list":["post-247","page","type-page","status-publish","hentry"],"acf":[],"_links":{"self":[{"href":"https:\/\/sites.uel.br\/teatroouroverde\/wp-json\/wp\/v2\/pages\/247","targetHints":{"allow":["GET"]}}],"collection":[{"href":"https:\/\/sites.uel.br\/teatroouroverde\/wp-json\/wp\/v2\/pages"}],"about":[{"href":"https:\/\/sites.uel.br\/teatroouroverde\/wp-json\/wp\/v2\/types\/page"}],"author":[{"embeddable":true,"href":"https:\/\/sites.uel.br\/teatroouroverde\/wp-json\/wp\/v2\/users\/8"}],"replies":[{"embeddable":true,"href":"https:\/\/sites.uel.br\/teatroouroverde\/wp-json\/wp\/v2\/comments?post=247"}],"version-history":[{"count":7,"href":"https:\/\/sites.uel.br\/teatroouroverde\/wp-json\/wp\/v2\/pages\/247\/revisions"}],"predecessor-version":[{"id":618,"href":"https:\/\/sites.uel.br\/teatroouroverde\/wp-json\/wp\/v2\/pages\/247\/revisions\/618"}],"wp:attachment":[{"href":"https:\/\/sites.uel.br\/teatroouroverde\/wp-json\/wp\/v2\/media?parent=247"}],"curies":[{"name":"wp","href":"https:\/\/api.w.org\/{rel}","templated":true}]}}