{"id":3316,"date":"2023-02-11T10:53:44","date_gmt":"2023-02-11T13:53:44","guid":{"rendered":"https:\/\/sites.uel.br\/sustentabilidade\/?page_id=3316"},"modified":"2023-04-22T19:13:55","modified_gmt":"2023-04-22T22:13:55","slug":"uel-sustentavel","status":"publish","type":"page","link":"https:\/\/sites.uel.br\/sustentabilidade\/uel-sustentavel\/","title":{"rendered":"UEL Sustent\u00e1vel"},"content":{"rendered":"\n<p><a href=\"http:\/\/www.uel.br\/programas\/reciclauel\/pages\/arquivos\/Resolucao%20CA%20101-2012%20%20Obrigatoriedade%20da%20coleta%20seletiva.pdf\">Coleta seletiva<\/a><\/p>\n\n\n\n<p><a href=\"http:\/\/www.uel.br\/programas\/reciclauel\/pages\/arquivos\/Resolucao%20CA%20113-2011.PDF\">Programa de Gest\u00e3o Ambiental &#8211; Recicla UEL <\/a><\/p>\n\n\n\n<p><a href=\"http:\/\/www.uel.br\/proplan\/Plano_residuos_%20final.pdf\">Plano de gerenciamento de res\u00edduos s\u00f3lidos<\/a><\/p>\n\n\n\n<p><a href=\"https:\/\/sistemas.uel.br\/files\/atonormativo\/PORTARIA\/2022\/1921.pdf\">Grupo de trabalho Plano de Gest\u00e3o Ambiental<\/a><\/p>\n\n\n\n<p><a href=\"https:\/\/operobal.uel.br\/inovacao\/2020\/12\/18\/uel-eficiencia-energetica-biogas\/\">Efici\u00eancia Energ\u00e9tica<\/a><\/p>\n\n\n\n<p><a href=\"http:\/\/www.uel.br\/com\/agenciaueldenoticias\/index.php?arq=ARQ_not&amp;id=29595\">Gera\u00e7\u00e3o de energia<\/a><\/p>\n\n\n\n<p><a href=\"https:\/\/sites.uel.br\/pcu\/dsg\/\">Preserva\u00e7\u00e3o das \u00e1reas verdes<\/a><\/p>\n\n\n\n<p><a href=\"https:\/\/sites.uel.br\/pcu\/dsg\/\">Preserva\u00e7\u00e3o da fauna<\/a><\/p>\n\n\n\n<p><a href=\"https:\/\/sites.uel.br\/pcu\/dsg\/\">Preserva\u00e7\u00e3o da flora<\/a><\/p>\n","protected":false},"excerpt":{"rendered":"<p>Coleta seletiva Programa de Gest\u00e3o Ambiental &#8211; Recicla UEL Plano de gerenciamento de res\u00edduos s\u00f3lidos Grupo de trabalho Plano de Gest\u00e3o Ambiental Efici\u00eancia Energ\u00e9tica Gera\u00e7\u00e3o de energia Preserva\u00e7\u00e3o das \u00e1reas verdes Preserva\u00e7\u00e3o da fauna Preserva\u00e7\u00e3o da flora<\/p>\n","protected":false},"author":5,"featured_media":0,"parent":0,"menu_order":0,"comment_status":"closed","ping_status":"closed","template":"","meta":{"footnotes":""},"class_list":["post-3316","page","type-page","status-publish","hentry"],"acf":[],"_links":{"self":[{"href":"https:\/\/sites.uel.br\/sustentabilidade\/wp-json\/wp\/v2\/pages\/3316","targetHints":{"allow":["GET"]}}],"collection":[{"href":"https:\/\/sites.uel.br\/sustentabilidade\/wp-json\/wp\/v2\/pages"}],"about":[{"href":"https:\/\/sites.uel.br\/sustentabilidade\/wp-json\/wp\/v2\/types\/page"}],"author":[{"embeddable":true,"href":"https:\/\/sites.uel.br\/sustentabilidade\/wp-json\/wp\/v2\/users\/5"}],"replies":[{"embeddable":true,"href":"https:\/\/sites.uel.br\/sustentabilidade\/wp-json\/wp\/v2\/comments?post=3316"}],"version-history":[{"count":5,"href":"https:\/\/sites.uel.br\/sustentabilidade\/wp-json\/wp\/v2\/pages\/3316\/revisions"}],"predecessor-version":[{"id":4085,"href":"https:\/\/sites.uel.br\/sustentabilidade\/wp-json\/wp\/v2\/pages\/3316\/revisions\/4085"}],"wp:attachment":[{"href":"https:\/\/sites.uel.br\/sustentabilidade\/wp-json\/wp\/v2\/media?parent=3316"}],"curies":[{"name":"wp","href":"https:\/\/api.w.org\/{rel}","templated":true}]}}