{"id":330,"date":"2022-09-09T09:16:25","date_gmt":"2022-09-09T12:16:25","guid":{"rendered":"https:\/\/sites.uel.br\/sustentabilidade\/?page_id=330"},"modified":"2025-05-30T17:18:59","modified_gmt":"2025-05-30T20:18:59","slug":"erradicacao-da-pobreza","status":"publish","type":"page","link":"https:\/\/sites.uel.br\/sustentabilidade\/erradicacao-da-pobreza\/","title":{"rendered":"Erradica\u00e7\u00e3o da Pobreza"},"content":{"rendered":"<div class=\"n2_clear\"><ss3-force-full-width data-overflow-x=\"body\" data-horizontal-selector=\"body\"><div class=\"n2-section-smartslider fitvidsignore  n2_clear\" data-ssid=\"53\"><div id=\"n2-ss-53-align\" class=\"n2-ss-align\"><div class=\"n2-padding\"><div id=\"n2-ss-53\" data-creator=\"Smart Slider 3\" data-responsive=\"fullwidth\" class=\"n2-ss-slider n2-ow n2-has-hover n2notransition  \">\n        <div class=\"n2-ss-slider-1 n2_ss__touch_element n2-ow\">\n            <div class=\"n2-ss-slider-2 n2-ow\">\n                                                <div class=\"n2-ss-slider-3 n2-ow\">\n\n                    <div class=\"n2-ss-slide-backgrounds n2-ow-all\"><div class=\"n2-ss-slide-background\" data-public-id=\"1\" data-mode=\"fill\"><div data-color=\"RGBA(255,255,255,0)\" style=\"background-color: RGBA(255,255,255,0);\" class=\"n2-ss-slide-background-color\"><\/div><\/div><\/div>                    <div class=\"n2-ss-slider-4 n2-ow\">\n                        <svg xmlns=\"http:\/\/www.w3.org\/2000\/svg\" viewBox=\"0 0 1200 250\" data-related-device=\"desktopPortrait\" class=\"n2-ow n2-ss-preserve-size n2-ss-preserve-size--slider n2-ss-slide-limiter\"><\/svg><div data-first=\"1\" data-slide-duration=\"0\" data-id=\"77\" data-slide-public-id=\"1\" data-title=\"Slide\" class=\"n2-ss-slide n2-ow  n2-ss-slide-77\"><div role=\"note\" class=\"n2-ss-slide--focus\" tabindex=\"-1\">Slide<\/div><div class=\"n2-ss-layers-container n2-ss-slide-limiter n2-ow\"><div class=\"n2-ss-layer n2-ow n-uc-DIvktle9RsQ9\" data-sstype=\"slide\" data-pm=\"default\"><div class=\"n2-ss-layer n2-ow n-uc-PxKYy7Eqq6V2\" data-pm=\"default\" data-sstype=\"content\" data-hasbackground=\"0\"><div class=\"n2-ss-section-main-content n2-ss-layer-with-background n2-ss-layer-content n2-ow n-uc-PxKYy7Eqq6V2-inner\"><div class=\"n2-ss-layer n2-ow n-uc-PurP1ycFDxmz\" data-pm=\"absolute\" data-responsiveposition=\"1\" data-desktopportraitleft=\"355\" data-mobileportraitleft=\"412\" data-desktopportraittop=\"0\" data-mobileportraittop=\"0\" data-responsivesize=\"1\" data-desktopportraitwidth=\"250\" data-mobileportraitwidth=\"225\" data-desktopportraitheight=\"auto\" data-mobileportraitheight=\"auto\" data-desktopportraitalign=\"center\" data-mobileportraitalign=\"center\" data-desktopportraitvalign=\"middle\" data-mobileportraitvalign=\"middle\" data-parentid=\"\" data-desktopportraitparentalign=\"center\" data-desktopportraitparentvalign=\"middle\" data-sstype=\"layer\"><div class=\" n2-ss-item-image-content n2-ss-item-content n2-ow-all\"><img loading=\"lazy\" decoding=\"async\" id=\"n2-ss-53item1\" alt=\"\" class=\"skip-lazy\" style=\"width:250px;height:auto\" width=\"1772\" height=\"1772\" data-skip-lazy=\"1\" src=\"\/\/sites.uel.br\/sustentabilidade\/wp-content\/uploads\/2022\/08\/pobreza.jpg\" \/><\/div><\/div><div class=\"n2-ss-layer n2-ow n-uc-ltU5CUf7NbDt\" data-pm=\"absolute\" data-responsiveposition=\"1\" data-desktopportraitleft=\"-173\" data-tabletportraitleft=\"-179\" data-mobileportraitleft=\"-174\" data-desktopportraittop=\"37\" data-tabletportraittop=\"0\" data-mobileportraittop=\"-1\" data-responsivesize=\"1\" data-desktopportraitwidth=\"718\" data-desktopportraitheight=\"126\" data-desktopportraitalign=\"center\" data-desktopportraitvalign=\"middle\" data-parentid=\"\" data-desktopportraitparentalign=\"center\" data-desktopportraitparentvalign=\"middle\" data-sstype=\"layer\"><div id=\"n2-ss-53item2\" class=\"n2-font-b49e17bcb90599b7fb0fce13a7174394-hover n2-style-7161d6057a31700d91e130269b7e65ff-heading   n2-ss-item-content n2-ss-text n2-ow\" style=\"display:block;\">Acabar com a pobreza em todas as suas formas, em todos os lugares<\/div><\/div><\/div><\/div><\/div><\/div><\/div>                    <\/div>\n\n                                    <\/div>\n            <\/div>\n        <\/div>\n        <\/div><ss3-loader><\/ss3-loader><\/div><\/div><div class=\"n2_clear\"><\/div><\/div><\/ss3-force-full-width><\/div>\n\n<div class=\"n2_clear\"><ss3-force-full-width data-overflow-x=\"none\" data-horizontal-selector=\"body\"><div class=\"n2-section-smartslider fitvidsignore  n2_clear\" data-ssid=\"23\"><div id=\"n2-ss-23-align\" class=\"n2-ss-align\"><div class=\"n2-padding\"><div id=\"n2-ss-23\" data-creator=\"Smart Slider 3\" data-responsive=\"fullwidth\" class=\"n2-ss-slider n2-ow n2-has-hover n2notransition  \">\n        <div class=\"n2-ss-slider-1 n2-ow\">\n            <div class=\"n2-ss-slider-2 n2-ow\">\n                <div class=\"n2-ss-slide-backgrounds n2-ow-all\"><div class=\"n2-ss-slide-background\" data-public-id=\"1\" data-mode=\"fill\"><div data-color=\"RGBA(255,255,255,0)\" style=\"background-color: RGBA(255,255,255,0);\" class=\"n2-ss-slide-background-color\"><\/div><\/div><\/div>                <div class=\"n2-ss-slider-3 n2-ow\">\n                    <svg xmlns=\"http:\/\/www.w3.org\/2000\/svg\" viewBox=\"0 0 1200 1100\" data-related-device=\"desktopPortrait\" class=\"n2-ow n2-ss-preserve-size n2-ss-preserve-size--slider n2-ss-slide-limiter\"><\/svg><div data-first=\"1\" data-slide-duration=\"0\" data-id=\"47\" data-slide-public-id=\"1\" data-title=\"Slide\" class=\"n2-ss-slide n2-ow  n2-ss-slide-47\"><div role=\"note\" class=\"n2-ss-slide--focus\" tabindex=\"-1\">Slide<\/div><div class=\"n2-ss-layers-container n2-ss-slide-limiter n2-ow\"><div class=\"n2-ss-layer n2-ow n-uc-RFAU6aweLlP3\" data-sstype=\"slide\" data-pm=\"default\"><div class=\"n2-ss-layer n2-ow n-uc-HmUhC6oRgHRi\" data-pm=\"default\" data-sstype=\"content\" data-hasbackground=\"0\"><div class=\"n2-ss-section-main-content n2-ss-layer-with-background n2-ss-layer-content n2-ow n-uc-HmUhC6oRgHRi-inner\"><div class=\"n2-ss-layer n2-ow n-uc-SykqI0vbZbqz\" data-pm=\"absolute\" data-responsiveposition=\"1\" data-desktopportraitleft=\"-274\" data-tabletportraitleft=\"-289\" data-mobileportraitleft=\"-399\" data-desktopportraittop=\"-293\" data-tabletportraittop=\"-238\" data-mobileportraittop=\"-407\" data-responsivesize=\"1\" data-desktopportraitwidth=\"562\" data-tabletportraitwidth=\"450\" data-mobileportraitwidth=\"350\" data-desktopportraitheight=\"auto\" data-mobileportraitheight=\"199\" data-desktopportraitalign=\"center\" data-mobileportraitalign=\"center\" data-desktopportraitvalign=\"middle\" data-mobileportraitvalign=\"middle\" data-parentid=\"\" data-desktopportraitparentalign=\"center\" data-desktopportraitparentvalign=\"middle\" data-sstype=\"layer\"><div class=\" n2-ss-item-image-content n2-ss-item-content n2-ow-all\"><a href=\"https:\/\/sites.uel.br\/sustentabilidade\/educacao-financeira\/\"><img loading=\"lazy\" decoding=\"async\" id=\"n2-ss-23item1\" alt=\"\" class=\"skip-lazy\" style=\"width:450px;height:auto\" width=\"1123\" height=\"794\" data-skip-lazy=\"1\" src=\"\/\/sites.uel.br\/sustentabilidade\/wp-content\/uploads\/2022\/11\/ods1-mat-financeira.jpg\" \/><\/a><\/div><\/div><div class=\"n2-ss-layer n2-ow n-uc-SBntIMu1jB2J\" data-pm=\"absolute\" data-responsiveposition=\"1\" data-desktopportraitleft=\"287\" data-tabletportraitleft=\"258\" data-mobileportraitleft=\"-399\" data-desktopportraittop=\"-293\" data-tabletportraittop=\"-187\" data-mobileportraittop=\"-161\" data-responsivesize=\"1\" data-desktopportraitwidth=\"607\" data-tabletportraitwidth=\"450\" data-mobileportraitwidth=\"350\" data-desktopportraitheight=\"auto\" data-tabletportraitheight=\"auto\" data-mobileportraitheight=\"158\" data-desktopportraitalign=\"center\" data-tabletportraitalign=\"center\" data-mobileportraitalign=\"center\" data-desktopportraitvalign=\"middle\" data-tabletportraitvalign=\"middle\" data-mobileportraitvalign=\"middle\" data-parentid=\"\" data-desktopportraitparentalign=\"center\" data-desktopportraitparentvalign=\"middle\" data-sstype=\"layer\"><div class=\" n2-ss-item-image-content n2-ss-item-content n2-ow-all\"><a href=\"https:\/\/sites.uel.br\/sustentabilidade\/bolsa-permanencia\/\"><img loading=\"lazy\" decoding=\"async\" id=\"n2-ss-23item2\" alt=\"\" class=\"skip-lazy\" style=\"width:450px;height:auto\" width=\"1123\" height=\"794\" data-skip-lazy=\"1\" src=\"\/\/sites.uel.br\/sustentabilidade\/wp-content\/uploads\/2022\/11\/ods2-sebec.jpg\" \/><\/a><\/div><\/div><div class=\"n2-ss-layer n2-ow n-uc-DyhamR3ZE66u\" data-pm=\"absolute\" data-responsiveposition=\"1\" data-desktopportraitleft=\"-266\" data-tabletportraitleft=\"-289\" data-mobileportraitleft=\"-399\" data-desktopportraittop=\"207\" data-tabletportraittop=\"332\" data-mobileportraittop=\"113\" data-responsivesize=\"1\" data-desktopportraitwidth=\"545\" data-tabletportraitwidth=\"450\" data-mobileportraitwidth=\"350\" data-desktopportraitheight=\"auto\" data-mobileportraitheight=\"188\" data-desktopportraitalign=\"center\" data-mobileportraitalign=\"center\" data-desktopportraitvalign=\"middle\" data-mobileportraitvalign=\"middle\" data-parentid=\"\" data-desktopportraitparentalign=\"center\" data-desktopportraitparentvalign=\"middle\" data-sstype=\"layer\"><div class=\" n2-ss-item-image-content n2-ss-item-content n2-ow-all\"><a href=\"https:\/\/sites.uel.br\/sustentabilidade\/fatores-sociopoliticos\/\"><img loading=\"lazy\" decoding=\"async\" id=\"n2-ss-23item3\" alt=\"\" class=\"skip-lazy\" style=\"width:450px;height:auto\" width=\"1123\" height=\"794\" data-skip-lazy=\"1\" src=\"\/\/sites.uel.br\/sustentabilidade\/wp-content\/uploads\/2023\/02\/MODELO-ODS1.jpg\" \/><\/a><\/div><\/div><div class=\"n2-ss-layer n2-ow n-uc-170aa2a9dc248\" data-pm=\"absolute\" data-responsiveposition=\"1\" data-desktopportraitleft=\"287\" data-tabletportraitleft=\"-289\" data-mobileportraitleft=\"-399\" data-desktopportraittop=\"207\" data-tabletportraittop=\"332\" data-mobileportraittop=\"113\" data-responsivesize=\"1\" data-desktopportraitwidth=\"541\" data-tabletportraitwidth=\"450\" data-mobileportraitwidth=\"350\" data-desktopportraitheight=\"auto\" data-mobileportraitheight=\"188\" data-desktopportraitalign=\"center\" data-mobileportraitalign=\"center\" data-desktopportraitvalign=\"middle\" data-mobileportraitvalign=\"middle\" data-parentid=\"\" data-desktopportraitparentalign=\"center\" data-desktopportraitparentvalign=\"middle\" data-sstype=\"layer\"><div class=\" n2-ss-item-image-content n2-ss-item-content n2-ow-all\"><a href=\"https:\/\/sites.uel.br\/sustentabilidade\/a-lideranca-feminina-e-as-redes -de-solidariedade\/\"><img loading=\"lazy\" decoding=\"async\" id=\"n2-ss-23item4\" alt=\"\" class=\"skip-lazy\" style=\"width:450px;height:auto\" width=\"1123\" height=\"794\" data-skip-lazy=\"1\" src=\"\/\/sites.uel.br\/sustentabilidade\/wp-content\/uploads\/2024\/03\/AmigasSJ-1.jpg\" \/><\/a><\/div><\/div><div class=\"n2-ss-layer n2-ow n-uc-Woyf7DxXISHa\" data-pm=\"absolute\" data-responsiveposition=\"1\" data-desktopportraitleft=\"-274\" data-tabletportraitleft=\"-288\" data-mobileportraitleft=\"184\" data-desktopportraittop=\"-496\" data-tabletportraittop=\"-481\" data-mobileportraittop=\"-446\" data-responsivesize=\"1\" data-desktopportraitwidth=\"450\" data-tabletportraitwidth=\"450\" data-mobileportraitwidth=\"757\" data-desktopportraitheight=\"59\" data-tabletportraitheight=\"82\" data-mobileportraitheight=\"124\" data-desktopportraitalign=\"center\" data-tabletportraitalign=\"center\" data-mobileportraitalign=\"center\" data-desktopportraitvalign=\"middle\" data-tabletportraitvalign=\"middle\" data-mobileportraitvalign=\"middle\" data-parentid=\"\" data-desktopportraitparentalign=\"center\" data-desktopportraitparentvalign=\"middle\" data-sstype=\"layer\"><div id=\"n2-ss-23item5\" class=\"  n2-ss-item-content n2-ss-text n2-ow\" style=\"display:block;\"><a class=\"n2-ow n2-font-11d1c638541bad9aeeb2454f66620187-hover n2-style-c184fe0ce956b301bf75307fc3aa9ba2-heading \" style=\"display:block;\" href=\"https:\/\/sites.uel.br\/sustentabilidade\/educacao-financeira\/\">Educa\u00e7\u00e3o Financeira: Matematica, economia e cidadania<\/a><\/div><\/div><div class=\"n2-ss-layer n2-ow n-uc-15fc2f8f7106b\" data-pm=\"absolute\" data-responsiveposition=\"1\" data-desktopportraitleft=\"287\" data-tabletportraitleft=\"258\" data-mobileportraitleft=\"184\" data-desktopportraittop=\"-488\" data-tabletportraittop=\"-362\" data-mobileportraittop=\"-176\" data-responsivesize=\"1\" data-desktopportraitwidth=\"450\" data-tabletportraitwidth=\"450\" data-mobileportraitwidth=\"757\" data-desktopportraitheight=\"34\" data-tabletportraitheight=\"82\" data-mobileportraitheight=\"127\" data-desktopportraitalign=\"center\" data-tabletportraitalign=\"center\" data-mobileportraitalign=\"center\" data-desktopportraitvalign=\"middle\" data-tabletportraitvalign=\"middle\" data-mobileportraitvalign=\"middle\" data-parentid=\"\" data-desktopportraitparentalign=\"center\" data-desktopportraitparentvalign=\"middle\" data-sstype=\"layer\"><div id=\"n2-ss-23item6\" class=\"  n2-ss-item-content n2-ss-text n2-ow\" style=\"display:block;\"><a class=\"n2-ow n2-font-11d1c638541bad9aeeb2454f66620187-hover n2-style-c184fe0ce956b301bf75307fc3aa9ba2-heading \" style=\"display:block;\" href=\"https:\/\/sites.uel.br\/sustentabilidade\/bolsa-permanencia\/\">Bolsa perman\u00eancia da UEL<\/a><\/div><\/div><div class=\"n2-ss-layer n2-ow n-uc-1fbddf786e065\" data-pm=\"absolute\" data-responsiveposition=\"1\" data-desktopportraitleft=\"-265\" data-tabletportraitleft=\"-289\" data-mobileportraitleft=\"184\" data-desktopportraittop=\"-11\" data-tabletportraittop=\"51\" data-mobileportraittop=\"84\" data-responsivesize=\"1\" data-desktopportraitwidth=\"450\" data-tabletportraitwidth=\"450\" data-mobileportraitwidth=\"757\" data-desktopportraitheight=\"82\" data-tabletportraitheight=\"82\" data-mobileportraitheight=\"127\" data-desktopportraitalign=\"center\" data-tabletportraitalign=\"center\" data-mobileportraitalign=\"center\" data-desktopportraitvalign=\"middle\" data-tabletportraitvalign=\"middle\" data-mobileportraitvalign=\"middle\" data-parentid=\"\" data-desktopportraitparentalign=\"center\" data-desktopportraitparentvalign=\"middle\" data-sstype=\"layer\"><div id=\"n2-ss-23item7\" class=\"  n2-ss-item-content n2-ss-text n2-ow\" style=\"display:block;\"><a class=\"n2-ow n2-font-11d1c638541bad9aeeb2454f66620187-hover n2-style-c184fe0ce956b301bf75307fc3aa9ba2-heading \" style=\"display:block;\" href=\"https:\/\/sites.uel.br\/sustentabilidade\/fatores-sociopoliticos\/\">Fatores sociopol\u00edticos, econ\u00f4micos e hist\u00f3ricos de implanta\u00e7\u00e3o do sistema de cotas no ensino superior<br><\/a><\/div><\/div><div class=\"n2-ss-layer n2-ow n-uc-1c93cdb24ff0e\" data-pm=\"absolute\" data-responsiveposition=\"1\" data-desktopportraitleft=\"287\" data-tabletportraitleft=\"-289\" data-mobileportraitleft=\"184\" data-desktopportraittop=\"-23\" data-tabletportraittop=\"51\" data-mobileportraittop=\"84\" data-responsivesize=\"1\" data-desktopportraitwidth=\"450\" data-tabletportraitwidth=\"450\" data-mobileportraitwidth=\"757\" data-desktopportraitheight=\"106\" data-tabletportraitheight=\"82\" data-mobileportraitheight=\"127\" data-desktopportraitalign=\"center\" data-tabletportraitalign=\"center\" data-mobileportraitalign=\"center\" data-desktopportraitvalign=\"middle\" data-tabletportraitvalign=\"middle\" data-mobileportraitvalign=\"middle\" data-parentid=\"\" data-desktopportraitparentalign=\"center\" data-desktopportraitparentvalign=\"middle\" data-sstype=\"layer\"><div id=\"n2-ss-23item8\" class=\"  n2-ss-item-content n2-ss-text n2-ow\" style=\"display:block;\"><a class=\"n2-ow n2-font-11d1c638541bad9aeeb2454f66620187-hover n2-style-c184fe0ce956b301bf75307fc3aa9ba2-heading \" style=\"display:block;\" href=\"https:\/\/sites.uel.br\/sustentabilidade\/a-lideranca-feminina-e-as-redes -de-solidariedade\/\">Interseeccionalidade e o direito \u00e0 moradia: Alideran\u00e7a feminina e as redes de solidariedade da ocupa\u00e7\u00e3o Nossa Senhora Aparecida em Londrina<\/a><\/div><\/div><\/div><\/div><\/div><\/div><\/div>                <\/div>\n                            <\/div>\n        <\/div>\n        <\/div><ss3-loader><\/ss3-loader><\/div><\/div><div class=\"n2_clear\"><\/div><\/div><\/ss3-force-full-width><\/div>\n\n\n<div class=\"wp-block-columns is-layout-flex wp-container-core-columns-is-layout-9d6595d7 wp-block-columns-is-layout-flex\">\n<div class=\"wp-block-column is-layout-flow wp-block-column-is-layout-flow\"><\/div>\n\n\n\n<div class=\"wp-block-column is-layout-flow wp-block-column-is-layout-flow\"><\/div>\n<\/div>\n","protected":false},"excerpt":{"rendered":"","protected":false},"author":6,"featured_media":0,"parent":0,"menu_order":0,"comment_status":"closed","ping_status":"closed","template":"","meta":{"footnotes":""},"class_list":["post-330","page","type-page","status-publish","hentry"],"acf":[],"_links":{"self":[{"href":"https:\/\/sites.uel.br\/sustentabilidade\/wp-json\/wp\/v2\/pages\/330","targetHints":{"allow":["GET"]}}],"collection":[{"href":"https:\/\/sites.uel.br\/sustentabilidade\/wp-json\/wp\/v2\/pages"}],"about":[{"href":"https:\/\/sites.uel.br\/sustentabilidade\/wp-json\/wp\/v2\/types\/page"}],"author":[{"embeddable":true,"href":"https:\/\/sites.uel.br\/sustentabilidade\/wp-json\/wp\/v2\/users\/6"}],"replies":[{"embeddable":true,"href":"https:\/\/sites.uel.br\/sustentabilidade\/wp-json\/wp\/v2\/comments?post=330"}],"version-history":[{"count":18,"href":"https:\/\/sites.uel.br\/sustentabilidade\/wp-json\/wp\/v2\/pages\/330\/revisions"}],"predecessor-version":[{"id":5964,"href":"https:\/\/sites.uel.br\/sustentabilidade\/wp-json\/wp\/v2\/pages\/330\/revisions\/5964"}],"wp:attachment":[{"href":"https:\/\/sites.uel.br\/sustentabilidade\/wp-json\/wp\/v2\/media?parent=330"}],"curies":[{"name":"wp","href":"https:\/\/api.w.org\/{rel}","templated":true}]}}