{"id":325,"date":"2022-09-09T09:07:12","date_gmt":"2022-09-09T12:07:12","guid":{"rendered":"https:\/\/sites.uel.br\/sustentabilidade\/?page_id=325"},"modified":"2023-04-22T16:41:35","modified_gmt":"2023-04-22T19:41:35","slug":"325-2","status":"publish","type":"page","link":"https:\/\/sites.uel.br\/sustentabilidade\/325-2\/","title":{"rendered":"Vida Terrestre"},"content":{"rendered":"<div class=\"n2_clear\"><ss3-force-full-width data-overflow-x=\"body\" data-horizontal-selector=\"body\"><div class=\"n2-section-smartslider fitvidsignore  n2_clear\" data-ssid=\"70\"><div id=\"n2-ss-70-align\" class=\"n2-ss-align\"><div class=\"n2-padding\"><div id=\"n2-ss-70\" data-creator=\"Smart Slider 3\" data-responsive=\"fullwidth\" class=\"n2-ss-slider n2-ow n2-has-hover n2notransition  \">\n        <div class=\"n2-ss-slider-1 n2_ss__touch_element n2-ow\">\n            <div class=\"n2-ss-slider-2 n2-ow\">\n                                                <div class=\"n2-ss-slider-3 n2-ow\">\n\n                    <div class=\"n2-ss-slide-backgrounds n2-ow-all\"><div class=\"n2-ss-slide-background\" data-public-id=\"1\" data-mode=\"fill\"><div data-color=\"RGBA(255,255,255,0)\" style=\"background-color: RGBA(255,255,255,0);\" class=\"n2-ss-slide-background-color\"><\/div><\/div><\/div>                    <div class=\"n2-ss-slider-4 n2-ow\">\n                        <svg xmlns=\"http:\/\/www.w3.org\/2000\/svg\" viewBox=\"0 0 1200 250\" data-related-device=\"desktopPortrait\" class=\"n2-ow n2-ss-preserve-size n2-ss-preserve-size--slider n2-ss-slide-limiter\"><\/svg><div data-first=\"1\" data-slide-duration=\"0\" data-id=\"95\" data-slide-public-id=\"1\" data-title=\"Slide\" class=\"n2-ss-slide n2-ow  n2-ss-slide-95\"><div role=\"note\" class=\"n2-ss-slide--focus\" tabindex=\"-1\">Slide<\/div><div class=\"n2-ss-layers-container n2-ss-slide-limiter n2-ow\"><div class=\"n2-ss-layer n2-ow n-uc-nwboLP9axxcF\" data-sstype=\"slide\" data-pm=\"default\"><div class=\"n2-ss-layer n2-ow n-uc-q2AD7MLeStZx\" data-pm=\"default\" data-sstype=\"content\" data-hasbackground=\"0\"><div class=\"n2-ss-section-main-content n2-ss-layer-with-background n2-ss-layer-content n2-ow n-uc-q2AD7MLeStZx-inner\"><div class=\"n2-ss-layer n2-ow n-uc-xZlet2s5Y7jm\" data-pm=\"absolute\" data-responsiveposition=\"1\" data-desktopportraitleft=\"355\" data-mobileportraitleft=\"412\" data-desktopportraittop=\"0\" data-mobileportraittop=\"0\" data-responsivesize=\"1\" data-desktopportraitwidth=\"250\" data-mobileportraitwidth=\"225\" data-desktopportraitheight=\"auto\" data-mobileportraitheight=\"auto\" data-desktopportraitalign=\"center\" data-mobileportraitalign=\"center\" data-desktopportraitvalign=\"middle\" data-mobileportraitvalign=\"middle\" data-parentid=\"\" data-desktopportraitparentalign=\"center\" data-desktopportraitparentvalign=\"middle\" data-sstype=\"layer\"><div class=\" n2-ss-item-image-content n2-ss-item-content n2-ow-all\"><img loading=\"lazy\" decoding=\"async\" id=\"n2-ss-70item1\" alt=\"\" class=\"skip-lazy\" style=\"width:250px;height:auto\" width=\"466\" height=\"466\" data-skip-lazy=\"1\" src=\"\/\/sites.uel.br\/sustentabilidade\/wp-content\/uploads\/2022\/09\/ods15.png\" \/><\/div><\/div><div class=\"n2-ss-layer n2-ow n-uc-3i6DDNtLi0Dg\" data-pm=\"absolute\" data-responsiveposition=\"1\" data-desktopportraitleft=\"-174\" data-tabletportraitleft=\"-186\" data-mobileportraitleft=\"-143\" data-desktopportraittop=\"-5\" data-tabletportraittop=\"-45\" data-mobileportraittop=\"-30\" data-responsivesize=\"1\" data-desktopportraitwidth=\"718\" data-tabletportraitwidth=\"796\" data-mobileportraitwidth=\"840\" data-desktopportraitheight=\"126\" data-tabletportraitheight=\"127\" data-mobileportraitheight=\"112\" data-desktopportraitalign=\"center\" data-tabletportraitalign=\"center\" data-mobileportraitalign=\"center\" data-desktopportraitvalign=\"middle\" data-tabletportraitvalign=\"middle\" data-mobileportraitvalign=\"middle\" data-parentid=\"\" data-desktopportraitparentalign=\"center\" data-desktopportraitparentvalign=\"middle\" data-sstype=\"layer\"><div id=\"n2-ss-70item2\" class=\"n2-font-4f27c8a3bfc6d7910df6b5126bd2045c-hover n2-style-7161d6057a31700d91e130269b7e65ff-heading   n2-ss-item-content n2-ss-text n2-ow\" style=\"display:block;\">Proteger, recuperar e promover o uso sustent\u00e1vel dos ecossistemas terrestres, gerir de forma sustent\u00e1vel as florestas, combater a desertifica\u00e7\u00e3o, deter e reverter a degrada\u00e7\u00e3o da terra e deter a perda de biodiversidade<\/div><\/div><\/div><\/div><\/div><\/div><\/div>                    <\/div>\n\n                                    <\/div>\n            <\/div>\n        <\/div>\n        <\/div><ss3-loader><\/ss3-loader><\/div><\/div><div class=\"n2_clear\"><\/div><\/div><\/ss3-force-full-width><\/div>\n\n<div class=\"n2_clear\"><ss3-force-full-width data-overflow-x=\"none\" data-horizontal-selector=\"body\"><div class=\"n2-section-smartslider fitvidsignore  n2_clear\" data-ssid=\"35\"><div id=\"n2-ss-35-align\" class=\"n2-ss-align\"><div class=\"n2-padding\"><div id=\"n2-ss-35\" data-creator=\"Smart Slider 3\" data-responsive=\"fullwidth\" class=\"n2-ss-slider n2-ow n2-has-hover n2notransition  \">\n        <div class=\"n2-ss-slider-1 n2-ow\">\n            <div class=\"n2-ss-slider-2 n2-ow\">\n                <div class=\"n2-ss-slide-backgrounds n2-ow-all\"><div class=\"n2-ss-slide-background\" data-public-id=\"1\" data-mode=\"fill\"><div data-color=\"RGBA(255,255,255,0)\" style=\"background-color: RGBA(255,255,255,0);\" class=\"n2-ss-slide-background-color\"><\/div><\/div><\/div>                <div class=\"n2-ss-slider-3 n2-ow\">\n                    <svg xmlns=\"http:\/\/www.w3.org\/2000\/svg\" viewBox=\"0 0 1200 1100\" data-related-device=\"desktopPortrait\" class=\"n2-ow n2-ss-preserve-size n2-ss-preserve-size--slider n2-ss-slide-limiter\"><\/svg><div data-first=\"1\" data-slide-duration=\"0\" data-id=\"59\" data-slide-public-id=\"1\" data-title=\"Slide\" class=\"n2-ss-slide n2-ow  n2-ss-slide-59\"><div role=\"note\" class=\"n2-ss-slide--focus\" tabindex=\"-1\">Slide<\/div><div class=\"n2-ss-layers-container n2-ss-slide-limiter n2-ow\"><div class=\"n2-ss-layer n2-ow n-uc-SSk4VcLOrAAb\" data-sstype=\"slide\" data-pm=\"default\"><div class=\"n2-ss-layer n2-ow n-uc-u4k25xOYWtxW\" data-pm=\"default\" data-sstype=\"content\" data-hasbackground=\"0\"><div class=\"n2-ss-section-main-content n2-ss-layer-with-background n2-ss-layer-content n2-ow n-uc-u4k25xOYWtxW-inner\"><div class=\"n2-ss-layer n2-ow n-uc-XzBnKHmdNHnf\" data-pm=\"absolute\" data-responsiveposition=\"1\" data-desktopportraitleft=\"-257\" data-tabletportraitleft=\"-289\" data-mobileportraitleft=\"-396\" data-desktopportraittop=\"-244\" data-tabletportraittop=\"-216\" data-mobileportraittop=\"-442\" data-responsivesize=\"1\" data-desktopportraitwidth=\"499\" data-tabletportraitwidth=\"450\" data-mobileportraitwidth=\"350\" data-desktopportraitheight=\"auto\" data-mobileportraitheight=\"158\" data-desktopportraitalign=\"center\" data-mobileportraitalign=\"center\" data-desktopportraitvalign=\"middle\" data-mobileportraitvalign=\"middle\" data-parentid=\"\" data-desktopportraitparentalign=\"center\" data-desktopportraitparentvalign=\"middle\" data-sstype=\"layer\"><div class=\" n2-ss-item-image-content n2-ss-item-content n2-ow-all\"><a href=\"https:\/\/sites.uel.br\/sustentabilidade\/restauracao-ecologica\/\"><img loading=\"lazy\" decoding=\"async\" id=\"n2-ss-35item1\" alt=\"\" class=\"skip-lazy\" style=\"width:450px;height:auto\" width=\"1123\" height=\"794\" data-skip-lazy=\"1\" src=\"\/\/sites.uel.br\/sustentabilidade\/wp-content\/uploads\/2022\/11\/MODELO-ODS15-f4-1.jpg\" \/><\/a><\/div><\/div><div class=\"n2-ss-layer n2-ow n-uc-dp8CKoUEikkH\" data-pm=\"absolute\" data-responsiveposition=\"1\" data-desktopportraitleft=\"275\" data-tabletportraitleft=\"269\" data-mobileportraitleft=\"-399\" data-desktopportraittop=\"-244\" data-tabletportraittop=\"-177\" data-mobileportraittop=\"-173\" data-responsivesize=\"1\" data-desktopportraitwidth=\"546\" data-tabletportraitwidth=\"450\" data-mobileportraitwidth=\"350\" data-desktopportraitheight=\"auto\" data-tabletportraitheight=\"auto\" data-mobileportraitheight=\"158\" data-desktopportraitalign=\"center\" data-tabletportraitalign=\"center\" data-mobileportraitalign=\"center\" data-desktopportraitvalign=\"middle\" data-tabletportraitvalign=\"middle\" data-mobileportraitvalign=\"middle\" data-parentid=\"\" data-desktopportraitparentalign=\"center\" data-desktopportraitparentvalign=\"middle\" data-sstype=\"layer\"><div class=\" n2-ss-item-image-content n2-ss-item-content n2-ow-all\"><a href=\"https:\/\/sites.uel.br\/sustentabilidade\/orquidario-uel\/\"><img loading=\"lazy\" decoding=\"async\" id=\"n2-ss-35item2\" alt=\"\" class=\"skip-lazy\" style=\"width:450px;height:auto\" width=\"1123\" height=\"794\" data-skip-lazy=\"1\" src=\"\/\/sites.uel.br\/sustentabilidade\/wp-content\/uploads\/2022\/11\/MODELO-ODS15-f4-2.jpg\" \/><\/a><\/div><\/div><div class=\"n2-ss-layer n2-ow n-uc-2sv4WiQLjjLL\" data-pm=\"absolute\" data-responsiveposition=\"1\" data-desktopportraitleft=\"272\" data-tabletportraitleft=\"270\" data-mobileportraitleft=\"-399\" data-desktopportraittop=\"290\" data-tabletportraittop=\"361\" data-mobileportraittop=\"363\" data-responsivesize=\"1\" data-desktopportraitwidth=\"551\" data-tabletportraitwidth=\"450\" data-mobileportraitwidth=\"350\" data-desktopportraitheight=\"auto\" data-mobileportraitheight=\"158\" data-desktopportraitalign=\"center\" data-mobileportraitalign=\"center\" data-desktopportraitvalign=\"middle\" data-mobileportraitvalign=\"middle\" data-parentid=\"\" data-desktopportraitparentalign=\"center\" data-desktopportraitparentvalign=\"middle\" data-sstype=\"layer\"><div class=\" n2-ss-item-image-content n2-ss-item-content n2-ow-all\"><a href=\"https:\/\/sites.uel.br\/sustentabilidade\/aves-uel\/\"><img loading=\"lazy\" decoding=\"async\" id=\"n2-ss-35item3\" alt=\"\" class=\"skip-lazy\" style=\"width:450px;height:auto\" width=\"1123\" height=\"794\" data-skip-lazy=\"1\" src=\"\/\/sites.uel.br\/sustentabilidade\/wp-content\/uploads\/2022\/11\/MODELO-ODS15-1-1.jpg\" \/><\/a><\/div><\/div><div class=\"n2-ss-layer n2-ow n-uc-IOAbPkbqDvvm\" data-pm=\"absolute\" data-responsiveposition=\"1\" data-desktopportraitleft=\"-257\" data-tabletportraitleft=\"-289\" data-mobileportraitleft=\"-399\" data-desktopportraittop=\"290\" data-tabletportraittop=\"301\" data-mobileportraittop=\"112\" data-responsivesize=\"1\" data-desktopportraitwidth=\"546\" data-tabletportraitwidth=\"450\" data-mobileportraitwidth=\"350\" data-desktopportraitheight=\"auto\" data-mobileportraitheight=\"188\" data-desktopportraitalign=\"center\" data-mobileportraitalign=\"center\" data-desktopportraitvalign=\"middle\" data-mobileportraitvalign=\"middle\" data-parentid=\"\" data-desktopportraitparentalign=\"center\" data-desktopportraitparentvalign=\"middle\" data-sstype=\"layer\"><div class=\" n2-ss-item-image-content n2-ss-item-content n2-ow-all\"><a href=\"https:\/\/sites.uel.br\/sustentabilidade\/mamiferos-cidades\/\"><img loading=\"lazy\" decoding=\"async\" id=\"n2-ss-35item4\" alt=\"\" class=\"skip-lazy\" style=\"width:450px;height:auto\" width=\"1123\" height=\"794\" data-skip-lazy=\"1\" src=\"\/\/sites.uel.br\/sustentabilidade\/wp-content\/uploads\/2022\/11\/MODELO-ODS15-3.jpg\" \/><\/a><\/div><\/div><div class=\"n2-ss-layer n2-ow n-uc-rVuRBvVm7jr0\" data-pm=\"absolute\" data-responsiveposition=\"1\" data-desktopportraitleft=\"-257\" data-tabletportraitleft=\"-289\" data-mobileportraitleft=\"180\" data-desktopportraittop=\"-442\" data-tabletportraittop=\"-443\" data-mobileportraittop=\"-451\" data-responsivesize=\"1\" data-desktopportraitwidth=\"450\" data-tabletportraitwidth=\"450\" data-mobileportraitwidth=\"765\" data-desktopportraitheight=\"59\" data-tabletportraitheight=\"82\" data-mobileportraitheight=\"124\" data-desktopportraitalign=\"center\" data-tabletportraitalign=\"center\" data-mobileportraitalign=\"center\" data-desktopportraitvalign=\"middle\" data-tabletportraitvalign=\"middle\" data-mobileportraitvalign=\"middle\" data-parentid=\"\" data-desktopportraitparentalign=\"center\" data-desktopportraitparentvalign=\"middle\" data-sstype=\"layer\"><div id=\"n2-ss-35item5\" class=\"  n2-ss-item-content n2-ss-text n2-ow\" style=\"display:block;\"><a class=\"n2-ow n2-font-11d1c638541bad9aeeb2454f66620187-hover n2-style-98808a6682e6fac709efd140a32ab4ac-heading \" style=\"display:block;\" href=\"https:\/\/sites.uel.br\/sustentabilidade\/restauracao-ecologica\/\">Restaura\u00e7\u00e3o ecol\u00f3gica e adequa\u00e7\u00e3o ambiental na zona rural <\/a><\/div><\/div><div class=\"n2-ss-layer n2-ow n-uc-IeZjnCDet7Kv\" data-pm=\"absolute\" data-responsiveposition=\"1\" data-desktopportraitleft=\"275\" data-tabletportraitleft=\"270\" data-mobileportraitleft=\"180\" data-desktopportraittop=\"-441\" data-tabletportraittop=\"-433\" data-mobileportraittop=\"-183\" data-responsivesize=\"1\" data-desktopportraitwidth=\"450\" data-tabletportraitwidth=\"450\" data-mobileportraitwidth=\"765\" data-desktopportraitheight=\"106\" data-tabletportraitheight=\"82\" data-mobileportraitheight=\"124\" data-desktopportraitalign=\"center\" data-tabletportraitalign=\"center\" data-mobileportraitalign=\"center\" data-desktopportraitvalign=\"middle\" data-tabletportraitvalign=\"middle\" data-mobileportraitvalign=\"middle\" data-parentid=\"\" data-desktopportraitparentalign=\"center\" data-desktopportraitparentvalign=\"middle\" data-sstype=\"layer\"><div id=\"n2-ss-35item6\" class=\"  n2-ss-item-content n2-ss-text n2-ow\" style=\"display:block;\"><a class=\"n2-ow n2-font-11d1c638541bad9aeeb2454f66620187-hover n2-style-98808a6682e6fac709efd140a32ab4ac-heading \" style=\"display:block;\" href=\"https:\/\/sites.uel.br\/sustentabilidade\/orquidario-uel\/\">Visitas monitoradas no orquid\u00e1rio UEL, visando a educa\u00e7\u00e3o  ambiental para grupos de estudantes<br><\/a><\/div><\/div><div class=\"n2-ss-layer n2-ow n-uc-yXevkWrJgFKc\" data-pm=\"absolute\" data-responsiveposition=\"1\" data-desktopportraitleft=\"-257\" data-tabletportraitleft=\"-289\" data-mobileportraitleft=\"180\" data-desktopportraittop=\"82\" data-tabletportraittop=\"68\" data-mobileportraittop=\"88\" data-responsivesize=\"1\" data-desktopportraitwidth=\"450\" data-tabletportraitwidth=\"450\" data-mobileportraitwidth=\"765\" data-desktopportraitheight=\"83\" data-tabletportraitheight=\"82\" data-mobileportraitheight=\"124\" data-desktopportraitalign=\"center\" data-tabletportraitalign=\"center\" data-mobileportraitalign=\"center\" data-desktopportraitvalign=\"middle\" data-tabletportraitvalign=\"middle\" data-mobileportraitvalign=\"middle\" data-parentid=\"\" data-desktopportraitparentalign=\"center\" data-desktopportraitparentvalign=\"middle\" data-sstype=\"layer\"><div id=\"n2-ss-35item7\" class=\"  n2-ss-item-content n2-ss-text n2-ow\" style=\"display:block;\"><a class=\"n2-ow n2-font-11d1c638541bad9aeeb2454f66620187-hover n2-style-98808a6682e6fac709efd140a32ab4ac-heading \" style=\"display:block;\" href=\"https:\/\/sites.uel.br\/sustentabilidade\/mamiferos-cidades\/\">Mam\u00edferos de m\u00e9dio e grande porte em fragmentos florestais do  munic\u00edpio de Londrina<\/a><\/div><\/div><div class=\"n2-ss-layer n2-ow n-uc-GGvHpNnqCnB4\" data-pm=\"absolute\" data-responsiveposition=\"1\" data-desktopportraitleft=\"-90\" data-tabletportraitleft=\"270\" data-mobileportraitleft=\"180\" data-desktopportraittop=\"-421\" data-tabletportraittop=\"128\" data-mobileportraittop=\"349\" data-responsivesize=\"1\" data-desktopportraitwidth=\"450\" data-tabletportraitwidth=\"450\" data-mobileportraitwidth=\"765\" data-desktopportraitheight=\"57\" data-tabletportraitheight=\"82\" data-mobileportraitheight=\"124\" data-desktopportraitalign=\"right\" data-tabletportraitalign=\"center\" data-mobileportraitalign=\"center\" data-desktopportraitvalign=\"bottom\" data-tabletportraitvalign=\"middle\" data-mobileportraitvalign=\"middle\" data-parentid=\"\" data-desktopportraitparentalign=\"center\" data-desktopportraitparentvalign=\"middle\" data-sstype=\"layer\"><div id=\"n2-ss-35item8\" class=\"  n2-ss-item-content n2-ss-text n2-ow\" style=\"display:block;\"><a class=\"n2-ow n2-font-11d1c638541bad9aeeb2454f66620187-hover n2-style-98808a6682e6fac709efd140a32ab4ac-heading \" style=\"display:block;\" href=\"https:\/\/sites.uel.br\/sustentabilidade\/aves-uel\/\">Observando aves no campus da Universidade Estadual de Londrina<\/a><\/div><\/div><\/div><\/div><\/div><\/div><\/div>                <\/div>\n                            <\/div>\n        <\/div>\n        <\/div><ss3-loader><\/ss3-loader><\/div><\/div><div class=\"n2_clear\"><\/div><\/div><\/ss3-force-full-width><\/div>\n\n<div class=\"n2_clear\"><ss3-force-full-width data-overflow-x=\"none\" data-horizontal-selector=\"body\"><div class=\"n2-section-smartslider fitvidsignore  n2_clear\" data-ssid=\"66\"><div id=\"n2-ss-66-align\" class=\"n2-ss-align\"><div class=\"n2-padding\"><div id=\"n2-ss-66\" data-creator=\"Smart Slider 3\" data-responsive=\"fullwidth\" class=\"n2-ss-slider n2-ow n2-has-hover n2notransition  \">\n        <div class=\"n2-ss-slider-1 n2-ow\">\n            <div class=\"n2-ss-slider-2 n2-ow\">\n                <div class=\"n2-ss-slide-backgrounds n2-ow-all\"><div class=\"n2-ss-slide-background\" data-public-id=\"1\" data-mode=\"fill\"><div data-color=\"RGBA(255,255,255,0)\" style=\"background-color: RGBA(255,255,255,0);\" class=\"n2-ss-slide-background-color\"><\/div><\/div><\/div>                <div class=\"n2-ss-slider-3 n2-ow\">\n                    <svg xmlns=\"http:\/\/www.w3.org\/2000\/svg\" viewBox=\"0 0 1200 1100\" data-related-device=\"desktopPortrait\" class=\"n2-ow n2-ss-preserve-size n2-ss-preserve-size--slider n2-ss-slide-limiter\"><\/svg><div data-first=\"1\" data-slide-duration=\"0\" data-id=\"91\" data-slide-public-id=\"1\" data-title=\"Slide\" class=\"n2-ss-slide n2-ow  n2-ss-slide-91\"><div role=\"note\" class=\"n2-ss-slide--focus\" tabindex=\"-1\">Slide<\/div><div class=\"n2-ss-layers-container n2-ss-slide-limiter n2-ow\"><div class=\"n2-ss-layer n2-ow n-uc-VNb8lwm1Aqf9\" data-sstype=\"slide\" data-pm=\"default\"><div class=\"n2-ss-layer n2-ow n-uc-a98xCep8OBK3\" data-pm=\"default\" data-sstype=\"content\" data-hasbackground=\"0\"><div class=\"n2-ss-section-main-content n2-ss-layer-with-background n2-ss-layer-content n2-ow n-uc-a98xCep8OBK3-inner\"><div class=\"n2-ss-layer n2-ow n-uc-4r1OqqyiMNdm\" data-pm=\"absolute\" data-responsiveposition=\"1\" data-desktopportraitleft=\"-267\" data-tabletportraitleft=\"-289\" data-mobileportraitleft=\"-396\" data-desktopportraittop=\"-245\" data-tabletportraittop=\"-219\" data-mobileportraittop=\"-442\" data-responsivesize=\"1\" data-desktopportraitwidth=\"500\" data-tabletportraitwidth=\"450\" data-mobileportraitwidth=\"350\" data-desktopportraitheight=\"auto\" data-mobileportraitheight=\"158\" data-desktopportraitalign=\"center\" data-mobileportraitalign=\"center\" data-desktopportraitvalign=\"middle\" data-mobileportraitvalign=\"middle\" data-parentid=\"\" data-desktopportraitparentalign=\"center\" data-desktopportraitparentvalign=\"middle\" data-sstype=\"layer\"><div class=\" n2-ss-item-image-content n2-ss-item-content n2-ow-all\"><a href=\"https:\/\/sites.uel.br\/sustentabilidade\/mamiferos-manp\/\"><img loading=\"lazy\" decoding=\"async\" id=\"n2-ss-66item1\" alt=\"\" class=\"skip-lazy\" style=\"width:450px;height:auto\" width=\"1123\" height=\"794\" data-skip-lazy=\"1\" src=\"\/\/sites.uel.br\/sustentabilidade\/wp-content\/uploads\/2022\/11\/MODELO-ODS15-1-3.jpg\" \/><\/a><\/div><\/div><div class=\"n2-ss-layer n2-ow n-uc-37RZaQ6KqKoG\" data-pm=\"absolute\" data-responsiveposition=\"1\" data-desktopportraitleft=\"278\" data-tabletportraitleft=\"269\" data-mobileportraitleft=\"-399\" data-desktopportraittop=\"-245\" data-tabletportraittop=\"-177\" data-mobileportraittop=\"-173\" data-responsivesize=\"1\" data-desktopportraitwidth=\"548\" data-tabletportraitwidth=\"450\" data-mobileportraitwidth=\"350\" data-desktopportraitheight=\"auto\" data-tabletportraitheight=\"auto\" data-mobileportraitheight=\"158\" data-desktopportraitalign=\"center\" data-tabletportraitalign=\"center\" data-mobileportraitalign=\"center\" data-desktopportraitvalign=\"middle\" data-tabletportraitvalign=\"middle\" data-mobileportraitvalign=\"middle\" data-parentid=\"\" data-desktopportraitparentalign=\"center\" data-desktopportraitparentvalign=\"middle\" data-sstype=\"layer\"><div class=\" n2-ss-item-image-content n2-ss-item-content n2-ow-all\"><a href=\"https:\/\/sites.uel.br\/sustentabilidade\/pequenos-observadores\/\"><img loading=\"lazy\" decoding=\"async\" id=\"n2-ss-66item2\" alt=\"\" class=\"skip-lazy\" style=\"width:450px;height:auto\" width=\"1123\" height=\"794\" data-skip-lazy=\"1\" src=\"\/\/sites.uel.br\/sustentabilidade\/wp-content\/uploads\/2023\/02\/MODELO-ODS15-1.jpg\" \/><\/a><\/div><\/div><div class=\"n2-ss-layer n2-ow n-uc-fJ73eMjoqYrB\" data-pm=\"absolute\" data-responsiveposition=\"1\" data-desktopportraitleft=\"-257\" data-tabletportraitleft=\"-289\" data-mobileportraitleft=\"-399\" data-desktopportraittop=\"234\" data-tabletportraittop=\"265\" data-mobileportraittop=\"114\" data-responsivesize=\"1\" data-desktopportraitwidth=\"521\" data-tabletportraitwidth=\"450\" data-mobileportraitwidth=\"350\" data-desktopportraitheight=\"auto\" data-mobileportraitheight=\"188\" data-desktopportraitalign=\"center\" data-mobileportraitalign=\"center\" data-desktopportraitvalign=\"middle\" data-mobileportraitvalign=\"middle\" data-parentid=\"\" data-desktopportraitparentalign=\"center\" data-desktopportraitparentvalign=\"middle\" data-sstype=\"layer\"><div class=\" n2-ss-item-image-content n2-ss-item-content n2-ow-all\"><a href=\"https:\/\/sites.uel.br\/sustentabilidade\/abelhas-preservacao\/\"><img loading=\"lazy\" decoding=\"async\" id=\"n2-ss-66item3\" alt=\"\" class=\"skip-lazy\" style=\"width:450px;height:auto\" width=\"1123\" height=\"794\" data-skip-lazy=\"1\" src=\"\/\/sites.uel.br\/sustentabilidade\/wp-content\/uploads\/2023\/02\/MODELO-ODS15.jpg\" \/><\/a><\/div><\/div><div class=\"n2-ss-layer n2-ow n-uc-ZiloQUDaQFKj\" data-pm=\"absolute\" data-responsiveposition=\"1\" data-desktopportraitleft=\"-267\" data-tabletportraitleft=\"-289\" data-mobileportraitleft=\"186\" data-desktopportraittop=\"-456\" data-tabletportraittop=\"-443\" data-mobileportraittop=\"-455\" data-responsivesize=\"1\" data-desktopportraitwidth=\"450\" data-tabletportraitwidth=\"450\" data-mobileportraitwidth=\"754\" data-desktopportraitheight=\"58\" data-tabletportraitheight=\"82\" data-mobileportraitheight=\"124\" data-desktopportraitalign=\"center\" data-tabletportraitalign=\"center\" data-mobileportraitalign=\"center\" data-desktopportraitvalign=\"middle\" data-tabletportraitvalign=\"middle\" data-mobileportraitvalign=\"middle\" data-parentid=\"\" data-desktopportraitparentalign=\"center\" data-desktopportraitparentvalign=\"middle\" data-sstype=\"layer\"><div id=\"n2-ss-66item4\" class=\"  n2-ss-item-content n2-ss-text n2-ow\" style=\"display:block;\"><a class=\"n2-ow n2-font-11d1c638541bad9aeeb2454f66620187-hover n2-style-98808a6682e6fac709efd140a32ab4ac-heading \" style=\"display:block;\" href=\"https:\/\/sites.uel.br\/sustentabilidade\/mamiferos-manp\/\">Conhecendo os Mam\u00edferos do sitio PELD mata atl\u00e2ntica do norte do Paran\u00e1<\/a><\/div><\/div><div class=\"n2-ss-layer n2-ow n-uc-gLGv0jYZLpL1\" data-pm=\"absolute\" data-responsiveposition=\"1\" data-desktopportraitleft=\"278\" data-tabletportraitleft=\"270\" data-mobileportraitleft=\"186\" data-desktopportraittop=\"-469\" data-tabletportraittop=\"-433\" data-mobileportraittop=\"-184\" data-responsivesize=\"1\" data-desktopportraitwidth=\"450\" data-tabletportraitwidth=\"450\" data-mobileportraitwidth=\"754\" data-desktopportraitheight=\"83\" data-tabletportraitheight=\"82\" data-mobileportraitheight=\"124\" data-desktopportraitalign=\"center\" data-tabletportraitalign=\"center\" data-mobileportraitalign=\"center\" data-desktopportraitvalign=\"middle\" data-tabletportraitvalign=\"middle\" data-mobileportraitvalign=\"middle\" data-parentid=\"\" data-desktopportraitparentalign=\"center\" data-desktopportraitparentvalign=\"middle\" data-sstype=\"layer\"><div id=\"n2-ss-66item5\" class=\"  n2-ss-item-content n2-ss-text n2-ow\" style=\"display:block;\"><a class=\"n2-ow n2-font-11d1c638541bad9aeeb2454f66620187-hover n2-style-98808a6682e6fac709efd140a32ab4ac-heading \" style=\"display:block;\" href=\"https:\/\/sites.uel.br\/sustentabilidade\/pequenos-observadores\/\">Pequenos observadores: Os insetos na vis\u00e3o de crian\u00e7as na educa\u00e7\u00e3o infantil do centro educacional infantil da UEL<\/a><\/div><\/div><div class=\"n2-ss-layer n2-ow n-uc-fZhEbsQFyLoB\" data-pm=\"absolute\" data-responsiveposition=\"1\" data-desktopportraitleft=\"-256\" data-tabletportraitleft=\"-289\" data-mobileportraitleft=\"186\" data-desktopportraittop=\"23\" data-tabletportraittop=\"63\" data-mobileportraittop=\"89\" data-responsivesize=\"1\" data-desktopportraitwidth=\"450\" data-tabletportraitwidth=\"450\" data-mobileportraitwidth=\"754\" data-desktopportraitheight=\"59\" data-tabletportraitheight=\"82\" data-mobileportraitheight=\"124\" data-desktopportraitalign=\"center\" data-tabletportraitalign=\"center\" data-mobileportraitalign=\"center\" data-desktopportraitvalign=\"middle\" data-tabletportraitvalign=\"middle\" data-mobileportraitvalign=\"middle\" data-parentid=\"\" data-desktopportraitparentalign=\"center\" data-desktopportraitparentvalign=\"middle\" data-sstype=\"layer\"><div id=\"n2-ss-66item6\" class=\"  n2-ss-item-content n2-ss-text n2-ow\" style=\"display:block;\"><a class=\"n2-ow n2-font-11d1c638541bad9aeeb2454f66620187-hover n2-style-98808a6682e6fac709efd140a32ab4ac-heading \" style=\"display:block;\" href=\"https:\/\/sites.uel.br\/sustentabilidade\/abelhas-preservacao\/\">Guardi\u00f5es das abelhas: Educando para Preservar <\/a><\/div><\/div><\/div><\/div><\/div><\/div><\/div>                <\/div>\n                            <\/div>\n        <\/div>\n        <\/div><ss3-loader><\/ss3-loader><\/div><\/div><div class=\"n2_clear\"><\/div><\/div><\/ss3-force-full-width><\/div>","protected":false},"excerpt":{"rendered":"","protected":false},"author":6,"featured_media":0,"parent":0,"menu_order":0,"comment_status":"closed","ping_status":"closed","template":"","meta":{"footnotes":""},"class_list":["post-325","page","type-page","status-publish","hentry"],"acf":[],"_links":{"self":[{"href":"https:\/\/sites.uel.br\/sustentabilidade\/wp-json\/wp\/v2\/pages\/325","targetHints":{"allow":["GET"]}}],"collection":[{"href":"https:\/\/sites.uel.br\/sustentabilidade\/wp-json\/wp\/v2\/pages"}],"about":[{"href":"https:\/\/sites.uel.br\/sustentabilidade\/wp-json\/wp\/v2\/types\/page"}],"author":[{"embeddable":true,"href":"https:\/\/sites.uel.br\/sustentabilidade\/wp-json\/wp\/v2\/users\/6"}],"replies":[{"embeddable":true,"href":"https:\/\/sites.uel.br\/sustentabilidade\/wp-json\/wp\/v2\/comments?post=325"}],"version-history":[{"count":16,"href":"https:\/\/sites.uel.br\/sustentabilidade\/wp-json\/wp\/v2\/pages\/325\/revisions"}],"predecessor-version":[{"id":4056,"href":"https:\/\/sites.uel.br\/sustentabilidade\/wp-json\/wp\/v2\/pages\/325\/revisions\/4056"}],"wp:attachment":[{"href":"https:\/\/sites.uel.br\/sustentabilidade\/wp-json\/wp\/v2\/media?parent=325"}],"curies":[{"name":"wp","href":"https:\/\/api.w.org\/{rel}","templated":true}]}}