{"id":312,"date":"2022-09-09T08:24:25","date_gmt":"2022-09-09T11:24:25","guid":{"rendered":"https:\/\/sites.uel.br\/sustentabilidade\/?page_id=312"},"modified":"2024-02-27T15:35:35","modified_gmt":"2024-02-27T18:35:35","slug":"paz-justica-e-instituicoes-eficazes","status":"publish","type":"page","link":"https:\/\/sites.uel.br\/sustentabilidade\/paz-justica-e-instituicoes-eficazes\/","title":{"rendered":"Paz, Justi\u00e7a e Institui\u00e7\u00f5es Eficazes"},"content":{"rendered":"<div class=\"n2_clear\"><ss3-force-full-width data-overflow-x=\"body\" data-horizontal-selector=\"body\"><div class=\"n2-section-smartslider fitvidsignore  n2_clear\" data-ssid=\"71\"><div id=\"n2-ss-71-align\" class=\"n2-ss-align\"><div class=\"n2-padding\"><div id=\"n2-ss-71\" data-creator=\"Smart Slider 3\" data-responsive=\"fullwidth\" class=\"n2-ss-slider n2-ow n2-has-hover n2notransition  \">\n        <div class=\"n2-ss-slider-1 n2_ss__touch_element n2-ow\">\n            <div class=\"n2-ss-slider-2 n2-ow\">\n                                                <div class=\"n2-ss-slider-3 n2-ow\">\n\n                    <div class=\"n2-ss-slide-backgrounds n2-ow-all\"><div class=\"n2-ss-slide-background\" data-public-id=\"1\" data-mode=\"fill\"><div data-color=\"RGBA(255,255,255,0)\" style=\"background-color: RGBA(255,255,255,0);\" class=\"n2-ss-slide-background-color\"><\/div><\/div><\/div>                    <div class=\"n2-ss-slider-4 n2-ow\">\n                        <svg xmlns=\"http:\/\/www.w3.org\/2000\/svg\" viewBox=\"0 0 1200 250\" data-related-device=\"desktopPortrait\" class=\"n2-ow n2-ss-preserve-size n2-ss-preserve-size--slider n2-ss-slide-limiter\"><\/svg><div data-first=\"1\" data-slide-duration=\"0\" data-id=\"96\" data-slide-public-id=\"1\" data-title=\"Slide\" class=\"n2-ss-slide n2-ow  n2-ss-slide-96\"><div role=\"note\" class=\"n2-ss-slide--focus\" tabindex=\"-1\">Slide<\/div><div class=\"n2-ss-layers-container n2-ss-slide-limiter n2-ow\"><div class=\"n2-ss-layer n2-ow n-uc-dEFHthVJKiuM\" data-sstype=\"slide\" data-pm=\"default\"><div class=\"n2-ss-layer n2-ow n-uc-TtB0MrzSY6Tc\" data-pm=\"default\" data-sstype=\"content\" data-hasbackground=\"0\"><div class=\"n2-ss-section-main-content n2-ss-layer-with-background n2-ss-layer-content n2-ow n-uc-TtB0MrzSY6Tc-inner\"><div class=\"n2-ss-layer n2-ow n-uc-rvfC30Id4rkd\" data-pm=\"absolute\" data-responsiveposition=\"1\" data-desktopportraitleft=\"355\" data-mobileportraitleft=\"412\" data-desktopportraittop=\"0\" data-mobileportraittop=\"0\" data-responsivesize=\"1\" data-desktopportraitwidth=\"250\" data-mobileportraitwidth=\"225\" data-desktopportraitheight=\"auto\" data-mobileportraitheight=\"auto\" data-desktopportraitalign=\"center\" data-mobileportraitalign=\"center\" data-desktopportraitvalign=\"middle\" data-mobileportraitvalign=\"middle\" data-parentid=\"\" data-desktopportraitparentalign=\"center\" data-desktopportraitparentvalign=\"middle\" data-sstype=\"layer\"><div class=\" n2-ss-item-image-content n2-ss-item-content n2-ow-all\"><img loading=\"lazy\" decoding=\"async\" id=\"n2-ss-71item1\" alt=\"\" class=\"skip-lazy\" style=\"width:250px;height:auto\" width=\"466\" height=\"466\" data-skip-lazy=\"1\" src=\"\/\/sites.uel.br\/sustentabilidade\/wp-content\/uploads\/2022\/09\/ods16.png\" \/><\/div><\/div><div class=\"n2-ss-layer n2-ow n-uc-YF6VqVe0VKft\" data-pm=\"absolute\" data-responsiveposition=\"1\" data-desktopportraitleft=\"-175\" data-tabletportraitleft=\"-189\" data-mobileportraitleft=\"-158\" data-desktopportraittop=\"0\" data-tabletportraittop=\"-24\" data-mobileportraittop=\"-34\" data-responsivesize=\"1\" data-desktopportraitwidth=\"718\" data-tabletportraitwidth=\"789\" data-mobileportraitwidth=\"810\" data-desktopportraitheight=\"126\" data-tabletportraitheight=\"127\" data-mobileportraitheight=\"112\" data-desktopportraitalign=\"center\" data-tabletportraitalign=\"center\" data-mobileportraitalign=\"center\" data-desktopportraitvalign=\"middle\" data-tabletportraitvalign=\"middle\" data-mobileportraitvalign=\"middle\" data-parentid=\"\" data-desktopportraitparentalign=\"center\" data-desktopportraitparentvalign=\"middle\" data-sstype=\"layer\"><div id=\"n2-ss-71item2\" class=\"n2-font-50390b320c111f62e160c179ff2207fc-hover n2-style-7161d6057a31700d91e130269b7e65ff-heading   n2-ss-item-content n2-ss-text n2-ow\" style=\"display:block;\">Promover sociedades pac\u00edficas e inclusivas para o desenvolvimento sustent\u00e1vel, proporcionar o acesso \u00e0 justi\u00e7a para todos e construir institui\u00e7\u00f5es eficazes, respons\u00e1veis e inclusivas em todos os n\u00edveis<\/div><\/div><\/div><\/div><\/div><\/div><\/div>                    <\/div>\n\n                                    <\/div>\n            <\/div>\n        <\/div>\n        <\/div><ss3-loader><\/ss3-loader><\/div><\/div><div class=\"n2_clear\"><\/div><\/div><\/ss3-force-full-width><\/div>\n\n<div class=\"n2_clear\"><ss3-force-full-width data-overflow-x=\"none\" data-horizontal-selector=\"body\"><div class=\"n2-section-smartslider fitvidsignore  n2_clear\" data-ssid=\"36\"><div id=\"n2-ss-36-align\" class=\"n2-ss-align\"><div class=\"n2-padding\"><div id=\"n2-ss-36\" data-creator=\"Smart Slider 3\" data-responsive=\"fullwidth\" class=\"n2-ss-slider n2-ow n2-has-hover n2notransition  \">\n        <div class=\"n2-ss-slider-1 n2-ow\">\n            <div class=\"n2-ss-slider-2 n2-ow\">\n                <div class=\"n2-ss-slide-backgrounds n2-ow-all\"><div class=\"n2-ss-slide-background\" data-public-id=\"1\" data-mode=\"fill\"><div data-color=\"RGBA(255,255,255,0)\" style=\"background-color: RGBA(255,255,255,0);\" class=\"n2-ss-slide-background-color\"><\/div><\/div><\/div>                <div class=\"n2-ss-slider-3 n2-ow\">\n                    <svg xmlns=\"http:\/\/www.w3.org\/2000\/svg\" viewBox=\"0 0 1200 1100\" data-related-device=\"desktopPortrait\" class=\"n2-ow n2-ss-preserve-size n2-ss-preserve-size--slider n2-ss-slide-limiter\"><\/svg><div data-first=\"1\" data-slide-duration=\"0\" data-id=\"60\" data-slide-public-id=\"1\" data-title=\"Slide\" class=\"n2-ss-slide n2-ow  n2-ss-slide-60\"><div role=\"note\" class=\"n2-ss-slide--focus\" tabindex=\"-1\">Slide<\/div><div class=\"n2-ss-layers-container n2-ss-slide-limiter n2-ow\"><div class=\"n2-ss-layer n2-ow n-uc-i0lF47krDacC\" data-sstype=\"slide\" data-pm=\"default\"><div class=\"n2-ss-layer n2-ow n-uc-qTCJwdJb3VqK\" data-pm=\"default\" data-sstype=\"content\" data-hasbackground=\"0\"><div class=\"n2-ss-section-main-content n2-ss-layer-with-background n2-ss-layer-content n2-ow n-uc-qTCJwdJb3VqK-inner\"><div class=\"n2-ss-layer n2-ow n-uc-VgecnfYaWn0S\" data-pm=\"absolute\" data-responsiveposition=\"1\" data-desktopportraitleft=\"-263\" data-tabletportraitleft=\"-289\" data-mobileportraitleft=\"-398\" data-desktopportraittop=\"-287\" data-tabletportraittop=\"-271\" data-mobileportraittop=\"-437\" data-responsivesize=\"1\" data-desktopportraitwidth=\"525\" data-tabletportraitwidth=\"450\" data-mobileportraitwidth=\"350\" data-desktopportraitheight=\"auto\" data-mobileportraitheight=\"158\" data-desktopportraitalign=\"center\" data-mobileportraitalign=\"center\" data-desktopportraitvalign=\"middle\" data-mobileportraitvalign=\"middle\" data-parentid=\"\" data-desktopportraitparentalign=\"center\" data-desktopportraitparentvalign=\"middle\" data-sstype=\"layer\"><div class=\" n2-ss-item-image-content n2-ss-item-content n2-ow-all\"><a href=\"https:\/\/sites.uel.br\/sustentabilidade\/eaaj-juridica\/\"><img loading=\"lazy\" decoding=\"async\" id=\"n2-ss-36item1\" alt=\"\" class=\"skip-lazy\" style=\"width:450px;height:auto\" width=\"1123\" height=\"794\" data-skip-lazy=\"1\" src=\"\/\/sites.uel.br\/sustentabilidade\/wp-content\/uploads\/2022\/11\/MODELO-ODS16-3.jpg\" \/><\/a><\/div><\/div><div class=\"n2-ss-layer n2-ow n-uc-Wu9K1BLBwhY2\" data-pm=\"absolute\" data-responsiveposition=\"1\" data-desktopportraitleft=\"266\" data-tabletportraitleft=\"269\" data-mobileportraitleft=\"-399\" data-desktopportraittop=\"-667\" data-tabletportraittop=\"-177\" data-mobileportraittop=\"-169\" data-responsivesize=\"1\" data-desktopportraitwidth=\"533\" data-tabletportraitwidth=\"450\" data-mobileportraitwidth=\"350\" data-desktopportraitheight=\"319\" data-tabletportraitheight=\"auto\" data-mobileportraitheight=\"158\" data-desktopportraitalign=\"center\" data-tabletportraitalign=\"center\" data-mobileportraitalign=\"center\" data-desktopportraitvalign=\"bottom\" data-tabletportraitvalign=\"middle\" data-mobileportraitvalign=\"middle\" data-parentid=\"\" data-desktopportraitparentalign=\"center\" data-desktopportraitparentvalign=\"middle\" data-sstype=\"layer\"><div class=\" n2-ss-item-image-content n2-ss-item-content n2-ow-all\"><a href=\"https:\/\/sites.uel.br\/sustentabilidade\/violencia-intrafamiliar\/\"><img loading=\"lazy\" decoding=\"async\" id=\"n2-ss-36item2\" alt=\"\" class=\"skip-lazy\" style=\"width:450px;height:auto\" width=\"1123\" height=\"794\" data-skip-lazy=\"1\" src=\"\/\/sites.uel.br\/sustentabilidade\/wp-content\/uploads\/2022\/11\/ods16-violencia-1.jpg\" \/><\/a><\/div><\/div><div class=\"n2-ss-layer n2-ow n-uc-0NgwVyX1TaFV\" data-pm=\"absolute\" data-responsiveposition=\"1\" data-desktopportraitleft=\"266\" data-tabletportraitleft=\"270\" data-mobileportraitleft=\"-399\" data-desktopportraittop=\"169\" data-tabletportraittop=\"361\" data-mobileportraittop=\"373\" data-responsivesize=\"1\" data-desktopportraitwidth=\"575\" data-tabletportraitwidth=\"450\" data-mobileportraitwidth=\"350\" data-desktopportraitheight=\"auto\" data-mobileportraitheight=\"158\" data-desktopportraitalign=\"center\" data-mobileportraitalign=\"center\" data-desktopportraitvalign=\"middle\" data-mobileportraitvalign=\"middle\" data-parentid=\"\" data-desktopportraitparentalign=\"center\" data-desktopportraitparentvalign=\"middle\" data-sstype=\"layer\"><div class=\" n2-ss-item-image-content n2-ss-item-content n2-ow-all\"><a href=\"https:\/\/sites.uel.br\/sustentabilidade\/educacaopermanente-protecaosocial\/\"><img loading=\"lazy\" decoding=\"async\" id=\"n2-ss-36item3\" alt=\"\" class=\"skip-lazy\" style=\"width:450px;height:auto\" width=\"1123\" height=\"794\" data-skip-lazy=\"1\" src=\"\/\/sites.uel.br\/sustentabilidade\/wp-content\/uploads\/2023\/01\/MODELO-ODS16.jpg\" \/><\/a><\/div><\/div><div class=\"n2-ss-layer n2-ow n-uc-sBZThtNUMuHL\" data-pm=\"absolute\" data-responsiveposition=\"1\" data-desktopportraitleft=\"-262\" data-tabletportraitleft=\"-289\" data-mobileportraitleft=\"-399\" data-desktopportraittop=\"170\" data-tabletportraittop=\"266\" data-mobileportraittop=\"119\" data-responsivesize=\"1\" data-desktopportraitwidth=\"558\" data-tabletportraitwidth=\"450\" data-mobileportraitwidth=\"350\" data-desktopportraitheight=\"320\" data-mobileportraitheight=\"188\" data-desktopportraitalign=\"center\" data-mobileportraitalign=\"center\" data-desktopportraitvalign=\"middle\" data-mobileportraitvalign=\"middle\" data-parentid=\"\" data-desktopportraitparentalign=\"center\" data-desktopportraitparentvalign=\"middle\" data-sstype=\"layer\"><div class=\" n2-ss-item-image-content n2-ss-item-content n2-ow-all\"><a href=\"https:\/\/sites.uel.br\/sustentabilidade\/neddij-uel\/\"><img loading=\"lazy\" decoding=\"async\" id=\"n2-ss-36item4\" alt=\"\" class=\"skip-lazy\" style=\"width:450px;height:auto\" width=\"1123\" height=\"794\" data-skip-lazy=\"1\" src=\"\/\/sites.uel.br\/sustentabilidade\/wp-content\/uploads\/2022\/11\/MODELO-ODS16.jpg\" \/><\/a><\/div><\/div><div class=\"n2-ss-layer n2-ow n-uc-3FBYR9XXDOxS\" data-pm=\"absolute\" data-responsiveposition=\"1\" data-desktopportraitleft=\"-259\" data-tabletportraitleft=\"-289\" data-mobileportraitleft=\"180\" data-desktopportraittop=\"-484\" data-tabletportraittop=\"-443\" data-mobileportraittop=\"-456\" data-responsivesize=\"1\" data-desktopportraitwidth=\"450\" data-tabletportraitwidth=\"450\" data-mobileportraitwidth=\"765\" data-desktopportraitheight=\"56\" data-tabletportraitheight=\"82\" data-mobileportraitheight=\"124\" data-desktopportraitalign=\"center\" data-tabletportraitalign=\"center\" data-mobileportraitalign=\"center\" data-desktopportraitvalign=\"middle\" data-tabletportraitvalign=\"middle\" data-mobileportraitvalign=\"middle\" data-parentid=\"\" data-desktopportraitparentalign=\"center\" data-desktopportraitparentvalign=\"middle\" data-sstype=\"layer\"><div id=\"n2-ss-36item5\" class=\"  n2-ss-item-content n2-ss-text n2-ow\" style=\"display:block;\"><a class=\"n2-ow n2-font-11d1c638541bad9aeeb2454f66620187-hover n2-style-8cee9c71cb3de09bbf2bd7a1756216e7-heading \" style=\"display:block;\" href=\"https:\/\/sites.uel.br\/sustentabilidade\/eaaj-juridica\/\">EAAJ (Escrit\u00f3rio de Aplica\u00e7\u00e3o de Assuntos Jur\u00eddicos)<\/a><\/div><\/div><div class=\"n2-ss-layer n2-ow n-uc-50JD4yRGOHRc\" data-pm=\"absolute\" data-responsiveposition=\"1\" data-desktopportraitleft=\"-98\" data-tabletportraitleft=\"270\" data-mobileportraitleft=\"180\" data-desktopportraittop=\"-1002\" data-tabletportraittop=\"-378\" data-mobileportraittop=\"-189\" data-responsivesize=\"1\" data-desktopportraitwidth=\"450\" data-tabletportraitwidth=\"450\" data-mobileportraitwidth=\"765\" data-desktopportraitheight=\"34\" data-tabletportraitheight=\"82\" data-mobileportraitheight=\"124\" data-desktopportraitalign=\"right\" data-tabletportraitalign=\"center\" data-mobileportraitalign=\"center\" data-desktopportraitvalign=\"bottom\" data-tabletportraitvalign=\"middle\" data-mobileportraitvalign=\"middle\" data-parentid=\"\" data-desktopportraitparentalign=\"center\" data-desktopportraitparentvalign=\"middle\" data-sstype=\"layer\"><div id=\"n2-ss-36item6\" class=\"  n2-ss-item-content n2-ss-text n2-ow\" style=\"display:block;\"><a class=\"n2-ow n2-font-11d1c638541bad9aeeb2454f66620187-hover n2-style-8cee9c71cb3de09bbf2bd7a1756216e7-heading \" style=\"display:block;\" href=\"https:\/\/sites.uel.br\/sustentabilidade\/violencia-intrafamiliar\/\">Viol\u00eancia intrafamiliar: caracteriza\u00e7\u00e3o <\/a><\/div><\/div><div class=\"n2-ss-layer n2-ow n-uc-Fsz6OyprpF65\" data-pm=\"absolute\" data-responsiveposition=\"1\" data-desktopportraitleft=\"-262\" data-tabletportraitleft=\"-289\" data-mobileportraitleft=\"180\" data-desktopportraittop=\"-30\" data-tabletportraittop=\"31\" data-mobileportraittop=\"84\" data-responsivesize=\"1\" data-desktopportraitwidth=\"450\" data-tabletportraitwidth=\"450\" data-mobileportraitwidth=\"765\" data-desktopportraitheight=\"60\" data-tabletportraitheight=\"82\" data-mobileportraitheight=\"124\" data-desktopportraitalign=\"center\" data-tabletportraitalign=\"center\" data-mobileportraitalign=\"center\" data-desktopportraitvalign=\"middle\" data-tabletportraitvalign=\"middle\" data-mobileportraitvalign=\"middle\" data-parentid=\"\" data-desktopportraitparentalign=\"center\" data-desktopportraitparentvalign=\"middle\" data-sstype=\"layer\"><div id=\"n2-ss-36item7\" class=\"  n2-ss-item-content n2-ss-text n2-ow\" style=\"display:block;\"><a class=\"n2-ow n2-font-11d1c638541bad9aeeb2454f66620187-hover n2-style-8cee9c71cb3de09bbf2bd7a1756216e7-heading \" style=\"display:block;\" href=\"https:\/\/sites.uel.br\/sustentabilidade\/neddij-uel\/\">N\u00facleo de Estudos e Defesa de Direitos da Inf\u00e2ncia e da Juventude (NEDDIJ)<\/a><\/div><\/div><div class=\"n2-ss-layer n2-ow n-uc-nGbXTV2RzX00\" data-pm=\"absolute\" data-responsiveposition=\"1\" data-desktopportraitleft=\"-98\" data-tabletportraitleft=\"270\" data-mobileportraitleft=\"180\" data-desktopportraittop=\"-540\" data-tabletportraittop=\"128\" data-mobileportraittop=\"354\" data-responsivesize=\"1\" data-desktopportraitwidth=\"450\" data-tabletportraitwidth=\"450\" data-mobileportraitwidth=\"765\" data-desktopportraitheight=\"81\" data-tabletportraitheight=\"82\" data-mobileportraitheight=\"124\" data-desktopportraitalign=\"right\" data-tabletportraitalign=\"center\" data-mobileportraitalign=\"center\" data-desktopportraitvalign=\"bottom\" data-tabletportraitvalign=\"middle\" data-mobileportraitvalign=\"middle\" data-parentid=\"\" data-desktopportraitparentalign=\"center\" data-desktopportraitparentvalign=\"middle\" data-sstype=\"layer\"><div id=\"n2-ss-36item8\" class=\"  n2-ss-item-content n2-ss-text n2-ow\" style=\"display:block;\"><a class=\"n2-ow n2-font-11d1c638541bad9aeeb2454f66620187-hover n2-style-8cee9c71cb3de09bbf2bd7a1756216e7-heading \" style=\"display:block;\" href=\"https:\/\/sites.uel.br\/sustentabilidade\/educacaopermanente-protecaosocial\/\">Educa\u00e7\u00e3o permanente para a gest\u00e3o e controle social das pol\u00edticas de prote\u00e7\u00e3o social <\/a><\/div><\/div><\/div><\/div><\/div><\/div><\/div>                <\/div>\n                            <\/div>\n        <\/div>\n        <\/div><ss3-loader><\/ss3-loader><\/div><\/div><div class=\"n2_clear\"><\/div><\/div><\/ss3-force-full-width><\/div>\n\n<div class=\"n2_clear\"><ss3-force-full-width data-overflow-x=\"none\" data-horizontal-selector=\"body\"><div class=\"n2-section-smartslider fitvidsignore  n2_clear\" data-ssid=\"101\"><div id=\"n2-ss-101-align\" class=\"n2-ss-align\"><div class=\"n2-padding\"><div id=\"n2-ss-101\" data-creator=\"Smart Slider 3\" data-responsive=\"fullwidth\" class=\"n2-ss-slider n2-ow n2-has-hover n2notransition  \">\n        <div class=\"n2-ss-slider-1 n2-ow\">\n            <div class=\"n2-ss-slider-2 n2-ow\">\n                <div class=\"n2-ss-slide-backgrounds n2-ow-all\"><div class=\"n2-ss-slide-background\" data-public-id=\"1\" data-mode=\"fill\"><div data-color=\"RGBA(255,255,255,0)\" style=\"background-color: RGBA(255,255,255,0);\" class=\"n2-ss-slide-background-color\"><\/div><\/div><\/div>                <div class=\"n2-ss-slider-3 n2-ow\">\n                    <svg xmlns=\"http:\/\/www.w3.org\/2000\/svg\" viewBox=\"0 0 1200 1100\" data-related-device=\"desktopPortrait\" class=\"n2-ow n2-ss-preserve-size n2-ss-preserve-size--slider n2-ss-slide-limiter\"><\/svg><div data-first=\"1\" data-slide-duration=\"0\" data-id=\"129\" data-slide-public-id=\"1\" data-title=\"Slide\" class=\"n2-ss-slide n2-ow  n2-ss-slide-129\"><div role=\"note\" class=\"n2-ss-slide--focus\" tabindex=\"-1\">Slide<\/div><div class=\"n2-ss-layers-container n2-ss-slide-limiter n2-ow\"><div class=\"n2-ss-layer n2-ow n-uc-MDg8afYrpOU4\" data-sstype=\"slide\" data-pm=\"default\"><div class=\"n2-ss-layer n2-ow n-uc-3VI1zdCmrVTU\" data-pm=\"default\" data-sstype=\"content\" data-hasbackground=\"0\"><div class=\"n2-ss-section-main-content n2-ss-layer-with-background n2-ss-layer-content n2-ow n-uc-3VI1zdCmrVTU-inner\"><div class=\"n2-ss-layer n2-ow n-uc-gZFO0tOwttgh\" data-pm=\"absolute\" data-responsiveposition=\"1\" data-desktopportraitleft=\"-259\" data-tabletportraitleft=\"-289\" data-mobileportraitleft=\"-398\" data-desktopportraittop=\"-275\" data-tabletportraittop=\"-271\" data-mobileportraittop=\"-437\" data-responsivesize=\"1\" data-desktopportraitwidth=\"485\" data-tabletportraitwidth=\"450\" data-mobileportraitwidth=\"350\" data-desktopportraitheight=\"auto\" data-mobileportraitheight=\"158\" data-desktopportraitalign=\"center\" data-mobileportraitalign=\"center\" data-desktopportraitvalign=\"middle\" data-mobileportraitvalign=\"middle\" data-parentid=\"\" data-desktopportraitparentalign=\"center\" data-desktopportraitparentvalign=\"middle\" data-sstype=\"layer\"><div class=\" n2-ss-item-image-content n2-ss-item-content n2-ow-all\"><a href=\"https:\/\/sites.uel.br\/sustentabilidade\/negocios-biojuridicos\/\"><img loading=\"lazy\" decoding=\"async\" id=\"n2-ss-101item1\" alt=\"\" class=\"skip-lazy\" style=\"width:450px;height:auto\" width=\"1123\" height=\"794\" data-skip-lazy=\"1\" src=\"\/\/sites.uel.br\/sustentabilidade\/wp-content\/uploads\/2023\/12\/Bioj.jpg\" \/><\/a><\/div><\/div><div class=\"n2-ss-layer n2-ow n-uc-BqeWKF9mnjxP\" data-pm=\"absolute\" data-responsiveposition=\"1\" data-desktopportraitleft=\"-259\" data-tabletportraitleft=\"-289\" data-mobileportraitleft=\"180\" data-desktopportraittop=\"-484\" data-tabletportraittop=\"-443\" data-mobileportraittop=\"-456\" data-responsivesize=\"1\" data-desktopportraitwidth=\"450\" data-tabletportraitwidth=\"450\" data-mobileportraitwidth=\"765\" data-desktopportraitheight=\"56\" data-tabletportraitheight=\"82\" data-mobileportraitheight=\"124\" data-desktopportraitalign=\"center\" data-tabletportraitalign=\"center\" data-mobileportraitalign=\"center\" data-desktopportraitvalign=\"middle\" data-tabletportraitvalign=\"middle\" data-mobileportraitvalign=\"middle\" data-parentid=\"\" data-desktopportraitparentalign=\"center\" data-desktopportraitparentvalign=\"middle\" data-sstype=\"layer\"><div id=\"n2-ss-101item2\" class=\"  n2-ss-item-content n2-ss-text n2-ow\" style=\"display:block;\"><a class=\"n2-ow n2-font-11d1c638541bad9aeeb2454f66620187-hover n2-style-8cee9c71cb3de09bbf2bd7a1756216e7-heading \" style=\"display:block;\" href=\"https:\/\/sites.uel.br\/sustentabilidade\/negocios-biojuridicos\/\">Negocios Biojur\u00eddicos: As tecnologias e o direito civil <\/a><\/div><\/div><\/div><\/div><\/div><\/div><\/div>                <\/div>\n                            <\/div>\n        <\/div>\n        <\/div><ss3-loader><\/ss3-loader><\/div><\/div><div class=\"n2_clear\"><\/div><\/div><\/ss3-force-full-width><\/div>","protected":false},"excerpt":{"rendered":"","protected":false},"author":6,"featured_media":0,"parent":0,"menu_order":0,"comment_status":"closed","ping_status":"closed","template":"","meta":{"footnotes":""},"class_list":["post-312","page","type-page","status-publish","hentry"],"acf":[],"_links":{"self":[{"href":"https:\/\/sites.uel.br\/sustentabilidade\/wp-json\/wp\/v2\/pages\/312","targetHints":{"allow":["GET"]}}],"collection":[{"href":"https:\/\/sites.uel.br\/sustentabilidade\/wp-json\/wp\/v2\/pages"}],"about":[{"href":"https:\/\/sites.uel.br\/sustentabilidade\/wp-json\/wp\/v2\/types\/page"}],"author":[{"embeddable":true,"href":"https:\/\/sites.uel.br\/sustentabilidade\/wp-json\/wp\/v2\/users\/6"}],"replies":[{"embeddable":true,"href":"https:\/\/sites.uel.br\/sustentabilidade\/wp-json\/wp\/v2\/comments?post=312"}],"version-history":[{"count":23,"href":"https:\/\/sites.uel.br\/sustentabilidade\/wp-json\/wp\/v2\/pages\/312\/revisions"}],"predecessor-version":[{"id":5534,"href":"https:\/\/sites.uel.br\/sustentabilidade\/wp-json\/wp\/v2\/pages\/312\/revisions\/5534"}],"wp:attachment":[{"href":"https:\/\/sites.uel.br\/sustentabilidade\/wp-json\/wp\/v2\/media?parent=312"}],"curies":[{"name":"wp","href":"https:\/\/api.w.org\/{rel}","templated":true}]}}