{"id":284,"date":"2022-09-08T17:54:50","date_gmt":"2022-09-08T20:54:50","guid":{"rendered":"https:\/\/sites.uel.br\/sustentabilidade\/?page_id=284"},"modified":"2023-04-22T16:39:54","modified_gmt":"2023-04-22T19:39:54","slug":"vida-na-agua","status":"publish","type":"page","link":"https:\/\/sites.uel.br\/sustentabilidade\/vida-na-agua\/","title":{"rendered":"Vida na \u00c1gua"},"content":{"rendered":"<div class=\"n2_clear\"><ss3-force-full-width data-overflow-x=\"body\" data-horizontal-selector=\"body\"><div class=\"n2-section-smartslider fitvidsignore  n2_clear\" data-ssid=\"69\"><div id=\"n2-ss-69-align\" class=\"n2-ss-align\"><div class=\"n2-padding\"><div id=\"n2-ss-69\" data-creator=\"Smart Slider 3\" data-responsive=\"fullwidth\" class=\"n2-ss-slider n2-ow n2-has-hover n2notransition  \">\n        <div class=\"n2-ss-slider-1 n2_ss__touch_element n2-ow\">\n            <div class=\"n2-ss-slider-2 n2-ow\">\n                                                <div class=\"n2-ss-slider-3 n2-ow\">\n\n                    <div class=\"n2-ss-slide-backgrounds n2-ow-all\"><div class=\"n2-ss-slide-background\" data-public-id=\"1\" data-mode=\"fill\"><div data-color=\"RGBA(255,255,255,0)\" style=\"background-color: RGBA(255,255,255,0);\" class=\"n2-ss-slide-background-color\"><\/div><\/div><\/div>                    <div class=\"n2-ss-slider-4 n2-ow\">\n                        <svg xmlns=\"http:\/\/www.w3.org\/2000\/svg\" viewBox=\"0 0 1200 250\" data-related-device=\"desktopPortrait\" class=\"n2-ow n2-ss-preserve-size n2-ss-preserve-size--slider n2-ss-slide-limiter\"><\/svg><div data-first=\"1\" data-slide-duration=\"0\" data-id=\"94\" data-slide-public-id=\"1\" data-title=\"Slide\" class=\"n2-ss-slide n2-ow  n2-ss-slide-94\"><div role=\"note\" class=\"n2-ss-slide--focus\" tabindex=\"-1\">Slide<\/div><div class=\"n2-ss-layers-container n2-ss-slide-limiter n2-ow\"><div class=\"n2-ss-layer n2-ow n-uc-bwGGvZxeoiAU\" data-sstype=\"slide\" data-pm=\"default\"><div class=\"n2-ss-layer n2-ow n-uc-FyKtKCJTG2kM\" data-pm=\"default\" data-sstype=\"content\" data-hasbackground=\"0\"><div class=\"n2-ss-section-main-content n2-ss-layer-with-background n2-ss-layer-content n2-ow n-uc-FyKtKCJTG2kM-inner\"><div class=\"n2-ss-layer n2-ow n-uc-8pjq00gygCXR\" data-pm=\"absolute\" data-responsiveposition=\"1\" data-desktopportraitleft=\"355\" data-mobileportraitleft=\"412\" data-desktopportraittop=\"0\" data-mobileportraittop=\"0\" data-responsivesize=\"1\" data-desktopportraitwidth=\"250\" data-mobileportraitwidth=\"225\" data-desktopportraitheight=\"auto\" data-mobileportraitheight=\"auto\" data-desktopportraitalign=\"center\" data-mobileportraitalign=\"center\" data-desktopportraitvalign=\"middle\" data-mobileportraitvalign=\"middle\" data-parentid=\"\" data-desktopportraitparentalign=\"center\" data-desktopportraitparentvalign=\"middle\" data-sstype=\"layer\"><div class=\" n2-ss-item-image-content n2-ss-item-content n2-ow-all\"><img loading=\"lazy\" decoding=\"async\" id=\"n2-ss-69item1\" alt=\"\" class=\"skip-lazy\" style=\"width:250px;height:auto\" width=\"466\" height=\"466\" data-skip-lazy=\"1\" src=\"\/\/sites.uel.br\/sustentabilidade\/wp-content\/uploads\/2022\/09\/ods14.png\" \/><\/div><\/div><div class=\"n2-ss-layer n2-ow n-uc-5Oo93rSYHrYg\" data-pm=\"absolute\" data-responsiveposition=\"1\" data-desktopportraitleft=\"-172\" data-tabletportraitleft=\"-173\" data-mobileportraitleft=\"-162\" data-desktopportraittop=\"7\" data-tabletportraittop=\"-33\" data-mobileportraittop=\"-50\" data-responsivesize=\"1\" data-desktopportraitwidth=\"718\" data-desktopportraitheight=\"126\" data-desktopportraitalign=\"center\" data-desktopportraitvalign=\"middle\" data-parentid=\"\" data-desktopportraitparentalign=\"center\" data-desktopportraitparentvalign=\"middle\" data-sstype=\"layer\"><div id=\"n2-ss-69item2\" class=\"n2-font-6ef9c02bb120be94ae99ad4f76703f98-hover n2-style-7161d6057a31700d91e130269b7e65ff-heading   n2-ss-item-content n2-ss-text n2-ow\" style=\"display:block;\">Conserva\u00e7\u00e3o e uso sustent\u00e1vel dos oceanos, dos mares e dos recursos marinhos para o desenvolvimento sustent\u00e1vel<\/div><\/div><\/div><\/div><\/div><\/div><\/div>                    <\/div>\n\n                                    <\/div>\n            <\/div>\n        <\/div>\n        <\/div><ss3-loader><\/ss3-loader><\/div><\/div><div class=\"n2_clear\"><\/div><\/div><\/ss3-force-full-width><\/div>\n\n<div class=\"n2_clear\"><ss3-force-full-width data-overflow-x=\"none\" data-horizontal-selector=\"body\"><div class=\"n2-section-smartslider fitvidsignore  n2_clear\" data-ssid=\"33\"><div id=\"n2-ss-33-align\" class=\"n2-ss-align\"><div class=\"n2-padding\"><div id=\"n2-ss-33\" data-creator=\"Smart Slider 3\" data-responsive=\"fullwidth\" class=\"n2-ss-slider n2-ow n2-has-hover n2notransition  \">\n        <div class=\"n2-ss-slider-1 n2-ow\">\n            <div class=\"n2-ss-slider-2 n2-ow\">\n                <div class=\"n2-ss-slide-backgrounds n2-ow-all\"><div class=\"n2-ss-slide-background\" data-public-id=\"1\" data-mode=\"fill\"><div data-color=\"RGBA(255,255,255,0)\" style=\"background-color: RGBA(255,255,255,0);\" class=\"n2-ss-slide-background-color\"><\/div><\/div><\/div>                <div class=\"n2-ss-slider-3 n2-ow\">\n                    <svg xmlns=\"http:\/\/www.w3.org\/2000\/svg\" viewBox=\"0 0 1200 1100\" data-related-device=\"desktopPortrait\" class=\"n2-ow n2-ss-preserve-size n2-ss-preserve-size--slider n2-ss-slide-limiter\"><\/svg><div data-first=\"1\" data-slide-duration=\"0\" data-id=\"57\" data-slide-public-id=\"1\" data-title=\"Slide\" class=\"n2-ss-slide n2-ow  n2-ss-slide-57\"><div role=\"note\" class=\"n2-ss-slide--focus\" tabindex=\"-1\">Slide<\/div><div class=\"n2-ss-layers-container n2-ss-slide-limiter n2-ow\"><div class=\"n2-ss-layer n2-ow n-uc-tnC0paRoWbu5\" data-sstype=\"slide\" data-pm=\"default\"><div class=\"n2-ss-layer n2-ow n-uc-CcQOUUJazesj\" data-pm=\"default\" data-sstype=\"content\" data-hasbackground=\"0\"><div class=\"n2-ss-section-main-content n2-ss-layer-with-background n2-ss-layer-content n2-ow n-uc-CcQOUUJazesj-inner\"><div class=\"n2-ss-layer n2-ow n-uc-JjOLP9oM7oa6\" data-pm=\"absolute\" data-responsiveposition=\"1\" data-desktopportraitleft=\"-256\" data-tabletportraitleft=\"-289\" data-mobileportraitleft=\"-396\" data-desktopportraittop=\"-266\" data-tabletportraittop=\"-188\" data-mobileportraittop=\"-438\" data-responsivesize=\"1\" data-desktopportraitwidth=\"535\" data-tabletportraitwidth=\"450\" data-mobileportraitwidth=\"350\" data-desktopportraitheight=\"auto\" data-mobileportraitheight=\"158\" data-desktopportraitalign=\"center\" data-mobileportraitalign=\"center\" data-desktopportraitvalign=\"middle\" data-mobileportraitvalign=\"middle\" data-parentid=\"\" data-desktopportraitparentalign=\"center\" data-desktopportraitparentvalign=\"middle\" data-sstype=\"layer\"><div class=\" n2-ss-item-image-content n2-ss-item-content n2-ow-all\"><a href=\"https:\/\/sites.uel.br\/sustentabilidade\/vida-peixes\/\"><img loading=\"lazy\" decoding=\"async\" id=\"n2-ss-33item1\" alt=\"\" class=\"skip-lazy\" style=\"width:450px;height:auto\" width=\"1123\" height=\"794\" data-skip-lazy=\"1\" src=\"\/\/sites.uel.br\/sustentabilidade\/wp-content\/uploads\/2022\/11\/MODELO-ODS14-1.jpg\" \/><\/a><\/div><\/div><div class=\"n2-ss-layer n2-ow n-uc-MBkiURFgqRgI\" data-pm=\"absolute\" data-responsiveposition=\"1\" data-desktopportraitleft=\"266\" data-tabletportraitleft=\"270\" data-mobileportraitleft=\"-399\" data-desktopportraittop=\"-266\" data-tabletportraittop=\"-140\" data-mobileportraittop=\"-169\" data-responsivesize=\"1\" data-desktopportraitwidth=\"496\" data-tabletportraitwidth=\"450\" data-mobileportraitwidth=\"350\" data-desktopportraitheight=\"auto\" data-tabletportraitheight=\"auto\" data-mobileportraitheight=\"158\" data-desktopportraitalign=\"center\" data-tabletportraitalign=\"center\" data-mobileportraitalign=\"center\" data-desktopportraitvalign=\"middle\" data-tabletportraitvalign=\"middle\" data-mobileportraitvalign=\"middle\" data-parentid=\"\" data-desktopportraitparentalign=\"center\" data-desktopportraitparentvalign=\"middle\" data-sstype=\"layer\"><div class=\" n2-ss-item-image-content n2-ss-item-content n2-ow-all\"><a href=\"https:\/\/sites.uel.br\/sustentabilidade\/achadospatologicos-parana\/\"><img loading=\"lazy\" decoding=\"async\" id=\"n2-ss-33item2\" alt=\"\" class=\"skip-lazy\" style=\"width:450px;height:auto\" width=\"1123\" height=\"794\" data-skip-lazy=\"1\" src=\"\/\/sites.uel.br\/sustentabilidade\/wp-content\/uploads\/2022\/12\/MODELO-ODS14-2.jpg\" \/><\/a><\/div><\/div><div class=\"n2-ss-layer n2-ow n-uc-wdeqsY2VFK4B\" data-pm=\"absolute\" data-responsiveposition=\"1\" data-desktopportraitleft=\"-255\" data-tabletportraitleft=\"-289\" data-mobileportraitleft=\"-399\" data-desktopportraittop=\"196\" data-tabletportraittop=\"286\" data-mobileportraittop=\"112\" data-responsivesize=\"1\" data-desktopportraitwidth=\"520\" data-tabletportraitwidth=\"450\" data-mobileportraitwidth=\"350\" data-desktopportraitheight=\"auto\" data-mobileportraitheight=\"188\" data-desktopportraitalign=\"center\" data-mobileportraitalign=\"center\" data-desktopportraitvalign=\"middle\" data-mobileportraitvalign=\"middle\" data-parentid=\"\" data-desktopportraitparentalign=\"center\" data-desktopportraitparentvalign=\"middle\" data-sstype=\"layer\"><div class=\" n2-ss-item-image-content n2-ss-item-content n2-ow-all\"><a href=\"https:\/\/sites.uel.br\/sustentabilidade\/nepag-uel\/\"><img loading=\"lazy\" decoding=\"async\" id=\"n2-ss-33item3\" alt=\"\" class=\"skip-lazy\" style=\"width:450px;height:auto\" width=\"1123\" height=\"794\" data-skip-lazy=\"1\" src=\"\/\/sites.uel.br\/sustentabilidade\/wp-content\/uploads\/2023\/01\/MODELO-ODS14-2.jpg\" \/><\/a><\/div><\/div><div class=\"n2-ss-layer n2-ow n-uc-14e782fdecec2\" data-pm=\"absolute\" data-responsiveposition=\"1\" data-desktopportraitleft=\"265\" data-tabletportraitleft=\"-289\" data-mobileportraitleft=\"-399\" data-desktopportraittop=\"196\" data-tabletportraittop=\"286\" data-mobileportraittop=\"112\" data-responsivesize=\"1\" data-desktopportraitwidth=\"500\" data-tabletportraitwidth=\"450\" data-mobileportraitwidth=\"350\" data-desktopportraitheight=\"auto\" data-mobileportraitheight=\"188\" data-desktopportraitalign=\"center\" data-mobileportraitalign=\"center\" data-desktopportraitvalign=\"middle\" data-mobileportraitvalign=\"middle\" data-parentid=\"\" data-desktopportraitparentalign=\"center\" data-desktopportraitparentvalign=\"middle\" data-sstype=\"layer\"><div class=\" n2-ss-item-image-content n2-ss-item-content n2-ow-all\"><a href=\"https:\/\/sites.uel.br\/sustentabilidade\/importancia-ecologica-da-ictiofauna -de-zonas-litoraneas\/\"><img loading=\"lazy\" decoding=\"async\" id=\"n2-ss-33item4\" alt=\"\" class=\"skip-lazy\" style=\"width:450px;height:auto\" width=\"1123\" height=\"794\" data-skip-lazy=\"1\" src=\"\/\/sites.uel.br\/sustentabilidade\/wp-content\/uploads\/2023\/09\/MODELO-ODS14-1.jpg\" \/><\/a><\/div><\/div><div class=\"n2-ss-layer n2-ow n-uc-E17zI9s6aYfr\" data-pm=\"absolute\" data-responsiveposition=\"1\" data-desktopportraitleft=\"-621\" data-tabletportraitleft=\"-289\" data-mobileportraitleft=\"184\" data-desktopportraittop=\"-976\" data-tabletportraittop=\"-443\" data-mobileportraittop=\"-447\" data-responsivesize=\"1\" data-desktopportraitwidth=\"450\" data-tabletportraitwidth=\"450\" data-mobileportraitwidth=\"758\" data-desktopportraitheight=\"82\" data-tabletportraitheight=\"82\" data-mobileportraitheight=\"124\" data-desktopportraitalign=\"right\" data-tabletportraitalign=\"center\" data-mobileportraitalign=\"center\" data-desktopportraitvalign=\"bottom\" data-tabletportraitvalign=\"middle\" data-mobileportraitvalign=\"middle\" data-parentid=\"\" data-desktopportraitparentalign=\"center\" data-desktopportraitparentvalign=\"middle\" data-sstype=\"layer\"><div id=\"n2-ss-33item5\" class=\"  n2-ss-item-content n2-ss-text n2-ow\" style=\"display:block;\"><a class=\"n2-ow n2-font-11d1c638541bad9aeeb2454f66620187-hover n2-style-5d8ec9133dea40b5c72e927490847d57-heading \" style=\"display:block;\" href=\"https:\/\/sites.uel.br\/sustentabilidade\/vida-peixes\/\">Estrat\u00e9gias de vida da assembleia de peixes do reservat\u00f3rio de  Taquaru\u00e7u, baixo rio Paranapanema, Paran\u00e1, Brasil<\/a><\/div><\/div><div class=\"n2-ss-layer n2-ow n-uc-UgMZKJAf5gVp\" data-pm=\"absolute\" data-responsiveposition=\"1\" data-desktopportraitleft=\"-99\" data-tabletportraitleft=\"270\" data-mobileportraitleft=\"184\" data-desktopportraittop=\"-977\" data-tabletportraittop=\"-372\" data-mobileportraittop=\"-183\" data-responsivesize=\"1\" data-desktopportraitwidth=\"450\" data-tabletportraitwidth=\"450\" data-mobileportraitwidth=\"758\" data-desktopportraitheight=\"81\" data-tabletportraitheight=\"82\" data-mobileportraitheight=\"124\" data-desktopportraitalign=\"right\" data-tabletportraitalign=\"center\" data-mobileportraitalign=\"center\" data-desktopportraitvalign=\"bottom\" data-tabletportraitvalign=\"middle\" data-mobileportraitvalign=\"middle\" data-parentid=\"\" data-desktopportraitparentalign=\"center\" data-desktopportraitparentvalign=\"middle\" data-sstype=\"layer\"><div id=\"n2-ss-33item6\" class=\"  n2-ss-item-content n2-ss-text n2-ow\" style=\"display:block;\"><a class=\"n2-ow n2-font-11d1c638541bad9aeeb2454f66620187-hover n2-style-5d8ec9133dea40b5c72e927490847d57-heading \" style=\"display:block;\" href=\"https:\/\/sites.uel.br\/sustentabilidade\/achadospatologicos-parana\/\">Achados Anatomopatol\u00f3gicos em animais marinhos encalhados no litoral do estado do Paran\u00e1<\/a><\/div><\/div><div class=\"n2-ss-layer n2-ow n-uc-WE93WC5lIbr7\" data-pm=\"absolute\" data-responsiveposition=\"1\" data-desktopportraitleft=\"-256\" data-tabletportraitleft=\"-289\" data-mobileportraitleft=\"184\" data-desktopportraittop=\"-8\" data-tabletportraittop=\"60\" data-mobileportraittop=\"83\" data-responsivesize=\"1\" data-desktopportraitwidth=\"450\" data-tabletportraitwidth=\"450\" data-mobileportraitwidth=\"758\" data-desktopportraitheight=\"60\" data-tabletportraitheight=\"82\" data-mobileportraitheight=\"124\" data-desktopportraitalign=\"center\" data-tabletportraitalign=\"center\" data-mobileportraitalign=\"center\" data-desktopportraitvalign=\"middle\" data-tabletportraitvalign=\"middle\" data-mobileportraitvalign=\"middle\" data-parentid=\"\" data-desktopportraitparentalign=\"center\" data-desktopportraitparentvalign=\"middle\" data-sstype=\"layer\"><div id=\"n2-ss-33item7\" class=\"  n2-ss-item-content n2-ss-text n2-ow\" style=\"display:block;\"><a class=\"n2-ow n2-font-11d1c638541bad9aeeb2454f66620187-hover n2-style-5d8ec9133dea40b5c72e927490847d57-heading \" style=\"display:block;\" href=\"https:\/\/sites.uel.br\/sustentabilidade\/nepag-uel\/\">Nepag- N\u00facleo de estudo e pesquisa em aquicultura e gen\u00e9tica<\/a><\/div><\/div><div class=\"n2-ss-layer n2-ow n-uc-161c6c463a2e3\" data-pm=\"absolute\" data-responsiveposition=\"1\" data-desktopportraitleft=\"266\" data-tabletportraitleft=\"-289\" data-mobileportraitleft=\"184\" data-desktopportraittop=\"-19\" data-tabletportraittop=\"60\" data-mobileportraittop=\"83\" data-responsivesize=\"1\" data-desktopportraitwidth=\"450\" data-tabletportraitwidth=\"450\" data-mobileportraitwidth=\"758\" data-desktopportraitheight=\"81\" data-tabletportraitheight=\"82\" data-mobileportraitheight=\"124\" data-desktopportraitalign=\"center\" data-tabletportraitalign=\"center\" data-mobileportraitalign=\"center\" data-desktopportraitvalign=\"middle\" data-tabletportraitvalign=\"middle\" data-mobileportraitvalign=\"middle\" data-parentid=\"\" data-desktopportraitparentalign=\"center\" data-desktopportraitparentvalign=\"middle\" data-sstype=\"layer\"><div id=\"n2-ss-33item8\" class=\"  n2-ss-item-content n2-ss-text n2-ow\" style=\"display:block;\"><a class=\"n2-ow n2-font-11d1c638541bad9aeeb2454f66620187-hover n2-style-5d8ec9133dea40b5c72e927490847d57-heading \" style=\"display:block;\" href=\"https:\/\/sites.uel.br\/sustentabilidade\/importancia-ecologica-da-ictiofauna -de-zonas-litoraneas\/\">Importancia ecologica da ictiofauna de zonas litoraneas, em dois reservatorios de baixo do rio Parnapanema <\/a><\/div><\/div><\/div><\/div><\/div><\/div><\/div>                <\/div>\n                            <\/div>\n        <\/div>\n        <\/div><ss3-loader><\/ss3-loader><\/div><\/div><div class=\"n2_clear\"><\/div><\/div><\/ss3-force-full-width><\/div>","protected":false},"excerpt":{"rendered":"","protected":false},"author":6,"featured_media":0,"parent":0,"menu_order":0,"comment_status":"closed","ping_status":"closed","template":"","meta":{"footnotes":""},"class_list":["post-284","page","type-page","status-publish","hentry"],"acf":[],"_links":{"self":[{"href":"https:\/\/sites.uel.br\/sustentabilidade\/wp-json\/wp\/v2\/pages\/284","targetHints":{"allow":["GET"]}}],"collection":[{"href":"https:\/\/sites.uel.br\/sustentabilidade\/wp-json\/wp\/v2\/pages"}],"about":[{"href":"https:\/\/sites.uel.br\/sustentabilidade\/wp-json\/wp\/v2\/types\/page"}],"author":[{"embeddable":true,"href":"https:\/\/sites.uel.br\/sustentabilidade\/wp-json\/wp\/v2\/users\/6"}],"replies":[{"embeddable":true,"href":"https:\/\/sites.uel.br\/sustentabilidade\/wp-json\/wp\/v2\/comments?post=284"}],"version-history":[{"count":4,"href":"https:\/\/sites.uel.br\/sustentabilidade\/wp-json\/wp\/v2\/pages\/284\/revisions"}],"predecessor-version":[{"id":4053,"href":"https:\/\/sites.uel.br\/sustentabilidade\/wp-json\/wp\/v2\/pages\/284\/revisions\/4053"}],"wp:attachment":[{"href":"https:\/\/sites.uel.br\/sustentabilidade\/wp-json\/wp\/v2\/media?parent=284"}],"curies":[{"name":"wp","href":"https:\/\/api.w.org\/{rel}","templated":true}]}}