{"id":273,"date":"2022-09-08T17:42:38","date_gmt":"2022-09-08T20:42:38","guid":{"rendered":"https:\/\/sites.uel.br\/sustentabilidade\/?page_id=273"},"modified":"2023-04-22T16:38:59","modified_gmt":"2023-04-22T19:38:59","slug":"acao-contra-a-mudanca-global-do-clima","status":"publish","type":"page","link":"https:\/\/sites.uel.br\/sustentabilidade\/acao-contra-a-mudanca-global-do-clima\/","title":{"rendered":"A\u00e7\u00e3o Contra a Mudan\u00e7a Global do Clima"},"content":{"rendered":"<div class=\"n2_clear\"><ss3-force-full-width data-overflow-x=\"body\" data-horizontal-selector=\"body\"><div class=\"n2-section-smartslider fitvidsignore  n2_clear\" data-ssid=\"68\"><div id=\"n2-ss-68-align\" class=\"n2-ss-align\"><div class=\"n2-padding\"><div id=\"n2-ss-68\" data-creator=\"Smart Slider 3\" data-responsive=\"fullwidth\" class=\"n2-ss-slider n2-ow n2-has-hover n2notransition  \">\n        <div class=\"n2-ss-slider-1 n2_ss__touch_element n2-ow\">\n            <div class=\"n2-ss-slider-2 n2-ow\">\n                                                <div class=\"n2-ss-slider-3 n2-ow\">\n\n                    <div class=\"n2-ss-slide-backgrounds n2-ow-all\"><div class=\"n2-ss-slide-background\" data-public-id=\"1\" data-mode=\"fill\"><div data-color=\"RGBA(255,255,255,0)\" style=\"background-color: RGBA(255,255,255,0);\" class=\"n2-ss-slide-background-color\"><\/div><\/div><\/div>                    <div class=\"n2-ss-slider-4 n2-ow\">\n                        <svg xmlns=\"http:\/\/www.w3.org\/2000\/svg\" viewBox=\"0 0 1200 250\" data-related-device=\"desktopPortrait\" class=\"n2-ow n2-ss-preserve-size n2-ss-preserve-size--slider n2-ss-slide-limiter\"><\/svg><div data-first=\"1\" data-slide-duration=\"0\" data-id=\"93\" data-slide-public-id=\"1\" data-title=\"Slide\" class=\"n2-ss-slide n2-ow  n2-ss-slide-93\"><div role=\"note\" class=\"n2-ss-slide--focus\" tabindex=\"-1\">Slide<\/div><div class=\"n2-ss-layers-container n2-ss-slide-limiter n2-ow\"><div class=\"n2-ss-layer n2-ow n-uc-hX5cvnqjSdop\" data-sstype=\"slide\" data-pm=\"default\"><div class=\"n2-ss-layer n2-ow n-uc-GOIPPY7knutE\" data-pm=\"default\" data-sstype=\"content\" data-hasbackground=\"0\"><div class=\"n2-ss-section-main-content n2-ss-layer-with-background n2-ss-layer-content n2-ow n-uc-GOIPPY7knutE-inner\"><div class=\"n2-ss-layer n2-ow n-uc-AMUCCDWyt55X\" data-pm=\"absolute\" data-responsiveposition=\"1\" data-desktopportraitleft=\"355\" data-mobileportraitleft=\"412\" data-desktopportraittop=\"0\" data-mobileportraittop=\"0\" data-responsivesize=\"1\" data-desktopportraitwidth=\"250\" data-mobileportraitwidth=\"225\" data-desktopportraitheight=\"auto\" data-mobileportraitheight=\"auto\" data-desktopportraitalign=\"center\" data-mobileportraitalign=\"center\" data-desktopportraitvalign=\"middle\" data-mobileportraitvalign=\"middle\" data-parentid=\"\" data-desktopportraitparentalign=\"center\" data-desktopportraitparentvalign=\"middle\" data-sstype=\"layer\"><div class=\" n2-ss-item-image-content n2-ss-item-content n2-ow-all\"><img loading=\"lazy\" decoding=\"async\" id=\"n2-ss-68item1\" alt=\"\" class=\"skip-lazy\" style=\"width:250px;height:auto\" width=\"466\" height=\"466\" data-skip-lazy=\"1\" src=\"\/\/sites.uel.br\/sustentabilidade\/wp-content\/uploads\/2022\/09\/ods13.png\" \/><\/div><\/div><div class=\"n2-ss-layer n2-ow n-uc-2q6xTQTE9liW\" data-pm=\"absolute\" data-responsiveposition=\"1\" data-desktopportraitleft=\"-177\" data-tabletportraitleft=\"-176\" data-mobileportraitleft=\"-146\" data-desktopportraittop=\"-14\" data-tabletportraittop=\"-22\" data-mobileportraittop=\"11\" data-responsivesize=\"1\" data-desktopportraitwidth=\"718\" data-tabletportraitwidth=\"717\" data-mobileportraitwidth=\"773\" data-desktopportraitheight=\"126\" data-tabletportraitheight=\"135\" data-mobileportraitheight=\"225\" data-desktopportraitalign=\"center\" data-tabletportraitalign=\"center\" data-mobileportraitalign=\"center\" data-desktopportraitvalign=\"middle\" data-tabletportraitvalign=\"middle\" data-mobileportraitvalign=\"middle\" data-parentid=\"\" data-desktopportraitparentalign=\"center\" data-desktopportraitparentvalign=\"middle\" data-sstype=\"layer\"><div id=\"n2-ss-68item2\" class=\"n2-font-3fbefa14a83cf22dc9382ac940a91c6d-hover n2-style-7161d6057a31700d91e130269b7e65ff-heading   n2-ss-item-content n2-ss-text n2-ow\" style=\"display:block;\">Tomar medidas urgentes para combater a mudan\u00e7a do clima e seus impactos (reconhecendo que a Conven\u00e7\u00e3o Quadro das Na\u00e7\u00f5es Unidas sobre Mudan\u00e7a do Clima [UNFCCC] \u00e9 o f\u00f3rum internacional intergovernamental prim\u00e1rio para negociar a resposta global \u00e0 mudan\u00e7a do clima)<br><\/div><\/div><\/div><\/div><\/div><\/div><\/div>                    <\/div>\n\n                                    <\/div>\n            <\/div>\n        <\/div>\n        <\/div><ss3-loader><\/ss3-loader><\/div><\/div><div class=\"n2_clear\"><\/div><\/div><\/ss3-force-full-width><\/div>\n\n<div class=\"n2_clear\"><ss3-force-full-width data-overflow-x=\"none\" data-horizontal-selector=\"body\"><div class=\"n2-section-smartslider fitvidsignore  n2_clear\" data-ssid=\"32\"><div id=\"n2-ss-32-align\" class=\"n2-ss-align\"><div class=\"n2-padding\"><div id=\"n2-ss-32\" data-creator=\"Smart Slider 3\" data-responsive=\"fullwidth\" class=\"n2-ss-slider n2-ow n2-has-hover n2notransition  \">\n        <div class=\"n2-ss-slider-1 n2-ow\">\n            <div class=\"n2-ss-slider-2 n2-ow\">\n                <div class=\"n2-ss-slide-backgrounds n2-ow-all\"><div class=\"n2-ss-slide-background\" data-public-id=\"1\" data-mode=\"fill\"><div data-color=\"RGBA(255,255,255,0)\" style=\"background-color: RGBA(255,255,255,0);\" class=\"n2-ss-slide-background-color\"><\/div><\/div><\/div>                <div class=\"n2-ss-slider-3 n2-ow\">\n                    <svg xmlns=\"http:\/\/www.w3.org\/2000\/svg\" viewBox=\"0 0 1200 1100\" data-related-device=\"desktopPortrait\" class=\"n2-ow n2-ss-preserve-size n2-ss-preserve-size--slider n2-ss-slide-limiter\"><\/svg><div data-first=\"1\" data-slide-duration=\"0\" data-id=\"56\" data-slide-public-id=\"1\" data-title=\"Slide\" class=\"n2-ss-slide n2-ow  n2-ss-slide-56\"><div role=\"note\" class=\"n2-ss-slide--focus\" tabindex=\"-1\">Slide<\/div><div class=\"n2-ss-layers-container n2-ss-slide-limiter n2-ow\"><div class=\"n2-ss-layer n2-ow n-uc-4BDUdld4Qc8o\" data-sstype=\"slide\" data-pm=\"default\"><div class=\"n2-ss-layer n2-ow n-uc-2UBQ86mQqsrK\" data-pm=\"default\" data-sstype=\"content\" data-hasbackground=\"0\"><div class=\"n2-ss-section-main-content n2-ss-layer-with-background n2-ss-layer-content n2-ow n-uc-2UBQ86mQqsrK-inner\"><div class=\"n2-ss-layer n2-ow n-uc-t7LGTIPRTIT9\" data-pm=\"absolute\" data-responsiveposition=\"1\" data-desktopportraitleft=\"-253\" data-tabletportraitleft=\"-289\" data-mobileportraitleft=\"-399\" data-desktopportraittop=\"-196\" data-tabletportraittop=\"-271\" data-mobileportraittop=\"-439\" data-responsivesize=\"1\" data-desktopportraitwidth=\"525\" data-tabletportraitwidth=\"450\" data-mobileportraitwidth=\"350\" data-desktopportraitheight=\"auto\" data-mobileportraitheight=\"158\" data-desktopportraitalign=\"center\" data-mobileportraitalign=\"center\" data-desktopportraitvalign=\"middle\" data-mobileportraitvalign=\"middle\" data-parentid=\"\" data-desktopportraitparentalign=\"center\" data-desktopportraitparentvalign=\"middle\" data-sstype=\"layer\"><div class=\" n2-ss-item-image-content n2-ss-item-content n2-ow-all\"><a href=\"https:\/\/sites.uel.br\/sustentabilidade\/pericia-ambiental\/\"><img loading=\"lazy\" decoding=\"async\" id=\"n2-ss-32item1\" alt=\"\" class=\"skip-lazy\" style=\"width:450px;height:auto\" width=\"1123\" height=\"794\" data-skip-lazy=\"1\" src=\"\/\/sites.uel.br\/sustentabilidade\/wp-content\/uploads\/2022\/11\/MODELO-ODS13.jpg\" \/><\/a><\/div><\/div><div class=\"n2-ss-layer n2-ow n-uc-JO8SaR6uOHaO\" data-pm=\"absolute\" data-responsiveposition=\"1\" data-desktopportraitleft=\"272\" data-tabletportraitleft=\"269\" data-mobileportraitleft=\"-399\" data-desktopportraittop=\"-196\" data-tabletportraittop=\"-177\" data-mobileportraittop=\"-169\" data-responsivesize=\"1\" data-desktopportraitwidth=\"524\" data-tabletportraitwidth=\"450\" data-mobileportraitwidth=\"350\" data-desktopportraitheight=\"auto\" data-tabletportraitheight=\"auto\" data-mobileportraitheight=\"158\" data-desktopportraitalign=\"center\" data-tabletportraitalign=\"center\" data-mobileportraitalign=\"center\" data-desktopportraitvalign=\"middle\" data-tabletportraitvalign=\"middle\" data-mobileportraitvalign=\"middle\" data-parentid=\"\" data-desktopportraitparentalign=\"center\" data-desktopportraitparentvalign=\"middle\" data-sstype=\"layer\"><div class=\" n2-ss-item-image-content n2-ss-item-content n2-ow-all\"><a href=\"https:\/\/sites.uel.br\/sustentabilidade\/restore-biodiversidade\/\"><img loading=\"lazy\" decoding=\"async\" id=\"n2-ss-32item2\" alt=\"\" class=\"skip-lazy\" style=\"width:450px;height:auto\" width=\"1123\" height=\"794\" data-skip-lazy=\"1\" src=\"\/\/sites.uel.br\/sustentabilidade\/wp-content\/uploads\/2022\/11\/MODELO-ODS13-2-1.jpg\" \/><\/a><\/div><\/div><div class=\"n2-ss-layer n2-ow n-uc-wpGsSYB5VGym\" data-pm=\"absolute\" data-responsiveposition=\"1\" data-desktopportraitleft=\"-274\" data-tabletportraitleft=\"-289\" data-mobileportraitleft=\"-399\" data-desktopportraittop=\"264\" data-tabletportraittop=\"202\" data-mobileportraittop=\"118\" data-responsivesize=\"1\" data-desktopportraitwidth=\"500\" data-tabletportraitwidth=\"450\" data-mobileportraitwidth=\"350\" data-desktopportraitheight=\"auto\" data-mobileportraitheight=\"188\" data-desktopportraitalign=\"center\" data-mobileportraitalign=\"center\" data-desktopportraitvalign=\"middle\" data-mobileportraitvalign=\"middle\" data-parentid=\"\" data-desktopportraitparentalign=\"center\" data-desktopportraitparentvalign=\"middle\" data-sstype=\"layer\"><div class=\" n2-ss-item-image-content n2-ss-item-content n2-ow-all\"><a href=\"https:\/\/sites.uel.br\/sustentabilidade\/napi-emergenciaclimatica\/\"><img loading=\"lazy\" decoding=\"async\" id=\"n2-ss-32item3\" alt=\"\" class=\"skip-lazy\" style=\"width:450px;height:auto\" width=\"1123\" height=\"794\" data-skip-lazy=\"1\" src=\"\/\/sites.uel.br\/sustentabilidade\/wp-content\/uploads\/2022\/12\/MODELO-ODS13-2.jpg\" \/><\/a><\/div><\/div><div class=\"n2-ss-layer n2-ow n-uc-1cad53c69ad89\" data-pm=\"absolute\" data-responsiveposition=\"1\" data-desktopportraitleft=\"266\" data-tabletportraitleft=\"-289\" data-mobileportraitleft=\"-399\" data-desktopportraittop=\"264\" data-tabletportraittop=\"202\" data-mobileportraittop=\"118\" data-responsivesize=\"1\" data-desktopportraitwidth=\"513\" data-tabletportraitwidth=\"450\" data-mobileportraitwidth=\"350\" data-desktopportraitheight=\"auto\" data-mobileportraitheight=\"188\" data-desktopportraitalign=\"center\" data-mobileportraitalign=\"center\" data-desktopportraitvalign=\"middle\" data-mobileportraitvalign=\"middle\" data-parentid=\"\" data-desktopportraitparentalign=\"center\" data-desktopportraitparentvalign=\"middle\" data-sstype=\"layer\"><div class=\" n2-ss-item-image-content n2-ss-item-content n2-ow-all\"><a href=\"https:\/\/sites.uel.br\/sustentabilidade\/qualidade-fisica-de-solos\/\"><img loading=\"lazy\" decoding=\"async\" id=\"n2-ss-32item4\" alt=\"\" class=\"skip-lazy\" style=\"width:450px;height:auto\" width=\"1123\" height=\"794\" data-skip-lazy=\"1\" src=\"\/\/sites.uel.br\/sustentabilidade\/wp-content\/uploads\/2023\/06\/Solos.agr_.jpg\" \/><\/a><\/div><\/div><div class=\"n2-ss-layer n2-ow n-uc-gXqL8v61WHcW\" data-pm=\"absolute\" data-responsiveposition=\"1\" data-desktopportraitleft=\"-615\" data-tabletportraitleft=\"-289\" data-mobileportraitleft=\"184\" data-desktopportraittop=\"-916\" data-tabletportraittop=\"-443\" data-mobileportraittop=\"-459\" data-responsivesize=\"1\" data-desktopportraitwidth=\"454\" data-tabletportraitwidth=\"450\" data-mobileportraitwidth=\"758\" data-desktopportraitheight=\"82\" data-tabletportraitheight=\"82\" data-mobileportraitheight=\"124\" data-desktopportraitalign=\"right\" data-tabletportraitalign=\"center\" data-mobileportraitalign=\"center\" data-desktopportraitvalign=\"bottom\" data-tabletportraitvalign=\"middle\" data-mobileportraitvalign=\"middle\" data-parentid=\"\" data-desktopportraitparentalign=\"center\" data-desktopportraitparentvalign=\"middle\" data-sstype=\"layer\"><div id=\"n2-ss-32item5\" class=\"  n2-ss-item-content n2-ss-text n2-ow\" style=\"display:block;\"><a class=\"n2-ow n2-font-11d1c638541bad9aeeb2454f66620187-hover n2-style-d61433da0f7e8dc2289205ad170c242b-heading \" style=\"display:block;\" href=\"https:\/\/sites.uel.br\/sustentabilidade\/pericia-ambiental\/\">&#8220;Teoria e pr\u00e1tica em per\u00edcia ambiental: compartilhamento de saberes em Londrina e regi\u00e3o&#8221;<\/a><\/div><\/div><div class=\"n2-ss-layer n2-ow n-uc-NLxfGaq3Yb7Z\" data-pm=\"absolute\" data-responsiveposition=\"1\" data-desktopportraitleft=\"267\" data-tabletportraitleft=\"270\" data-mobileportraitleft=\"184\" data-desktopportraittop=\"-417\" data-tabletportraittop=\"-413\" data-mobileportraittop=\"-189\" data-responsivesize=\"1\" data-desktopportraitwidth=\"450\" data-tabletportraitwidth=\"450\" data-mobileportraitwidth=\"758\" data-desktopportraitheight=\"82\" data-tabletportraitheight=\"82\" data-mobileportraitheight=\"124\" data-desktopportraitalign=\"center\" data-tabletportraitalign=\"center\" data-mobileportraitalign=\"center\" data-desktopportraitvalign=\"middle\" data-tabletportraitvalign=\"middle\" data-mobileportraitvalign=\"middle\" data-parentid=\"\" data-desktopportraitparentalign=\"center\" data-desktopportraitparentvalign=\"middle\" data-sstype=\"layer\"><div id=\"n2-ss-32item6\" class=\"  n2-ss-item-content n2-ss-text n2-ow\" style=\"display:block;\"><a class=\"n2-ow n2-font-11d1c638541bad9aeeb2454f66620187-hover n2-style-d61433da0f7e8dc2289205ad170c242b-heading \" style=\"display:block;\" href=\"https:\/\/sites.uel.br\/sustentabilidade\/restore-biodiversidade\/\">Napi Biodiversidade RESTORE (natuRe-basEd SoluTions for imprOving REforestation) <\/a><\/div><\/div><div class=\"n2-ss-layer n2-ow n-uc-mUhAoM1d5luF\" data-pm=\"absolute\" data-responsiveposition=\"1\" data-desktopportraitleft=\"-274\" data-tabletportraitleft=\"-289\" data-mobileportraitleft=\"184\" data-desktopportraittop=\"65\" data-tabletportraittop=\"22\" data-mobileportraittop=\"84\" data-responsivesize=\"1\" data-desktopportraitwidth=\"454\" data-tabletportraitwidth=\"450\" data-mobileportraitwidth=\"758\" data-desktopportraitheight=\"36\" data-tabletportraitheight=\"82\" data-mobileportraitheight=\"124\" data-desktopportraitalign=\"center\" data-tabletportraitalign=\"center\" data-mobileportraitalign=\"center\" data-desktopportraitvalign=\"middle\" data-tabletportraitvalign=\"middle\" data-mobileportraitvalign=\"middle\" data-parentid=\"\" data-desktopportraitparentalign=\"center\" data-desktopportraitparentvalign=\"middle\" data-sstype=\"layer\"><div id=\"n2-ss-32item7\" class=\"  n2-ss-item-content n2-ss-text n2-ow\" style=\"display:block;\"><a class=\"n2-ow n2-font-11d1c638541bad9aeeb2454f66620187-hover n2-style-d61433da0f7e8dc2289205ad170c242b-heading \" style=\"display:block;\" href=\"https:\/\/sites.uel.br\/sustentabilidade\/napi-emergenciaclimatica\/\">NAPI &#8211; I \u2013 Emerg\u00eancia Clim\u00e1tica <\/a><\/div><\/div><div class=\"n2-ss-layer n2-ow n-uc-18766f1cdfdde\" data-pm=\"absolute\" data-responsiveposition=\"1\" data-desktopportraitleft=\"267\" data-tabletportraitleft=\"-289\" data-mobileportraitleft=\"184\" data-desktopportraittop=\"54\" data-tabletportraittop=\"22\" data-mobileportraittop=\"84\" data-responsivesize=\"1\" data-desktopportraitwidth=\"450\" data-tabletportraitwidth=\"450\" data-mobileportraitwidth=\"758\" data-desktopportraitheight=\"57\" data-tabletportraitheight=\"82\" data-mobileportraitheight=\"124\" data-desktopportraitalign=\"center\" data-tabletportraitalign=\"center\" data-mobileportraitalign=\"center\" data-desktopportraitvalign=\"middle\" data-tabletportraitvalign=\"middle\" data-mobileportraitvalign=\"middle\" data-parentid=\"\" data-desktopportraitparentalign=\"center\" data-desktopportraitparentvalign=\"middle\" data-sstype=\"layer\"><div id=\"n2-ss-32item8\" class=\"  n2-ss-item-content n2-ss-text n2-ow\" style=\"display:block;\"><a class=\"n2-ow n2-font-11d1c638541bad9aeeb2454f66620187-hover n2-style-d61433da0f7e8dc2289205ad170c242b-heading \" style=\"display:block;\" href=\"https:\/\/sites.uel.br\/sustentabilidade\/qualidade-fisica-de-solos\/\">Qualidade f\u00edsica de solos sob diferentes manejos agr\u00edcolas <\/a><\/div><\/div><\/div><\/div><\/div><\/div><\/div>                <\/div>\n                            <\/div>\n        <\/div>\n        <\/div><ss3-loader><\/ss3-loader><\/div><\/div><div class=\"n2_clear\"><\/div><\/div><\/ss3-force-full-width><\/div>","protected":false},"excerpt":{"rendered":"","protected":false},"author":6,"featured_media":0,"parent":0,"menu_order":0,"comment_status":"closed","ping_status":"closed","template":"","meta":{"footnotes":""},"class_list":["post-273","page","type-page","status-publish","hentry"],"acf":[],"_links":{"self":[{"href":"https:\/\/sites.uel.br\/sustentabilidade\/wp-json\/wp\/v2\/pages\/273","targetHints":{"allow":["GET"]}}],"collection":[{"href":"https:\/\/sites.uel.br\/sustentabilidade\/wp-json\/wp\/v2\/pages"}],"about":[{"href":"https:\/\/sites.uel.br\/sustentabilidade\/wp-json\/wp\/v2\/types\/page"}],"author":[{"embeddable":true,"href":"https:\/\/sites.uel.br\/sustentabilidade\/wp-json\/wp\/v2\/users\/6"}],"replies":[{"embeddable":true,"href":"https:\/\/sites.uel.br\/sustentabilidade\/wp-json\/wp\/v2\/comments?post=273"}],"version-history":[{"count":18,"href":"https:\/\/sites.uel.br\/sustentabilidade\/wp-json\/wp\/v2\/pages\/273\/revisions"}],"predecessor-version":[{"id":6004,"href":"https:\/\/sites.uel.br\/sustentabilidade\/wp-json\/wp\/v2\/pages\/273\/revisions\/6004"}],"wp:attachment":[{"href":"https:\/\/sites.uel.br\/sustentabilidade\/wp-json\/wp\/v2\/media?parent=273"}],"curies":[{"name":"wp","href":"https:\/\/api.w.org\/{rel}","templated":true}]}}