{"id":254,"date":"2022-09-08T17:04:12","date_gmt":"2022-09-08T20:04:12","guid":{"rendered":"https:\/\/sites.uel.br\/sustentabilidade\/?page_id=254"},"modified":"2024-02-27T15:09:30","modified_gmt":"2024-02-27T18:09:30","slug":"energia-limpa-e-acessivel","status":"publish","type":"page","link":"https:\/\/sites.uel.br\/sustentabilidade\/energia-limpa-e-acessivel\/","title":{"rendered":"Energia Limpa e Acess\u00edvel"},"content":{"rendered":"<div class=\"n2_clear\"><ss3-force-full-width data-overflow-x=\"body\" data-horizontal-selector=\"body\"><div class=\"n2-section-smartslider fitvidsignore  n2_clear\" data-ssid=\"56\"><div id=\"n2-ss-56-align\" class=\"n2-ss-align\"><div class=\"n2-padding\"><div id=\"n2-ss-56\" data-creator=\"Smart Slider 3\" data-responsive=\"fullwidth\" class=\"n2-ss-slider n2-ow n2-has-hover n2notransition  \">\n        <div class=\"n2-ss-slider-1 n2_ss__touch_element n2-ow\">\n            <div class=\"n2-ss-slider-2 n2-ow\">\n                                                <div class=\"n2-ss-slider-3 n2-ow\">\n\n                    <div class=\"n2-ss-slide-backgrounds n2-ow-all\"><div class=\"n2-ss-slide-background\" data-public-id=\"1\" data-mode=\"fill\"><div data-color=\"RGBA(255,255,255,0)\" style=\"background-color: RGBA(255,255,255,0);\" class=\"n2-ss-slide-background-color\"><\/div><\/div><\/div>                    <div class=\"n2-ss-slider-4 n2-ow\">\n                        <svg xmlns=\"http:\/\/www.w3.org\/2000\/svg\" viewBox=\"0 0 1200 250\" data-related-device=\"desktopPortrait\" class=\"n2-ow n2-ss-preserve-size n2-ss-preserve-size--slider n2-ss-slide-limiter\"><\/svg><div data-first=\"1\" data-slide-duration=\"0\" data-id=\"80\" data-slide-public-id=\"1\" data-title=\"Slide\" class=\"n2-ss-slide n2-ow  n2-ss-slide-80\"><div role=\"note\" class=\"n2-ss-slide--focus\" tabindex=\"-1\">Slide<\/div><div class=\"n2-ss-layers-container n2-ss-slide-limiter n2-ow\"><div class=\"n2-ss-layer n2-ow n-uc-cXOhxEXTHBoH\" data-sstype=\"slide\" data-pm=\"default\"><div class=\"n2-ss-layer n2-ow n-uc-9LjBCnjXpGk2\" data-pm=\"default\" data-sstype=\"content\" data-hasbackground=\"0\"><div class=\"n2-ss-section-main-content n2-ss-layer-with-background n2-ss-layer-content n2-ow n-uc-9LjBCnjXpGk2-inner\"><div class=\"n2-ss-layer n2-ow n-uc-alwqXuQNMBDE\" data-pm=\"absolute\" data-responsiveposition=\"1\" data-desktopportraitleft=\"355\" data-mobileportraitleft=\"412\" data-desktopportraittop=\"0\" data-mobileportraittop=\"0\" data-responsivesize=\"1\" data-desktopportraitwidth=\"250\" data-mobileportraitwidth=\"225\" data-desktopportraitheight=\"auto\" data-mobileportraitheight=\"auto\" data-desktopportraitalign=\"center\" data-mobileportraitalign=\"center\" data-desktopportraitvalign=\"middle\" data-mobileportraitvalign=\"middle\" data-parentid=\"\" data-desktopportraitparentalign=\"center\" data-desktopportraitparentvalign=\"middle\" data-sstype=\"layer\"><div class=\" n2-ss-item-image-content n2-ss-item-content n2-ow-all\"><img loading=\"lazy\" decoding=\"async\" id=\"n2-ss-56item1\" alt=\"\" class=\"skip-lazy\" style=\"width:250px;height:auto\" width=\"466\" height=\"466\" data-skip-lazy=\"1\" src=\"\/\/sites.uel.br\/sustentabilidade\/wp-content\/uploads\/2022\/09\/ods7.png\" \/><\/div><\/div><div class=\"n2-ss-layer n2-ow n-uc-rJZYiVBV8lue\" data-pm=\"absolute\" data-responsiveposition=\"1\" data-desktopportraitleft=\"-173\" data-tabletportraitleft=\"-175\" data-mobileportraitleft=\"-170\" data-desktopportraittop=\"37\" data-tabletportraittop=\"0\" data-mobileportraittop=\"-1\" data-responsivesize=\"1\" data-desktopportraitwidth=\"718\" data-desktopportraitheight=\"126\" data-desktopportraitalign=\"center\" data-desktopportraitvalign=\"middle\" data-parentid=\"\" data-desktopportraitparentalign=\"center\" data-desktopportraitparentvalign=\"middle\" data-sstype=\"layer\"><div id=\"n2-ss-56item2\" class=\"n2-font-e922f6b09233dc12745c201a924e94fb-hover n2-style-7161d6057a31700d91e130269b7e65ff-heading   n2-ss-item-content n2-ss-text n2-ow\" style=\"display:block;\">Garantir acesso \u00e0 energia barata, confi\u00e1vel, sustent\u00e1vel e renov\u00e1vel para todos<\/div><\/div><\/div><\/div><\/div><\/div><\/div>                    <\/div>\n\n                                    <\/div>\n            <\/div>\n        <\/div>\n        <\/div><ss3-loader><\/ss3-loader><\/div><\/div><div class=\"n2_clear\"><\/div><\/div><\/ss3-force-full-width><\/div>\n\n<div class=\"n2_clear\"><ss3-force-full-width data-overflow-x=\"none\" data-horizontal-selector=\"body\"><div class=\"n2-section-smartslider fitvidsignore  n2_clear\" data-ssid=\"27\"><div id=\"n2-ss-27-align\" class=\"n2-ss-align\"><div class=\"n2-padding\"><div id=\"n2-ss-27\" data-creator=\"Smart Slider 3\" data-responsive=\"fullwidth\" class=\"n2-ss-slider n2-ow n2-has-hover n2notransition  \">\n        <div class=\"n2-ss-slider-1 n2-ow\">\n            <div class=\"n2-ss-slider-2 n2-ow\">\n                <div class=\"n2-ss-slide-backgrounds n2-ow-all\"><div class=\"n2-ss-slide-background\" data-public-id=\"1\" data-mode=\"fill\"><div data-color=\"RGBA(255,255,255,0)\" style=\"background-color: RGBA(255,255,255,0);\" class=\"n2-ss-slide-background-color\"><\/div><\/div><\/div>                <div class=\"n2-ss-slider-3 n2-ow\">\n                    <svg xmlns=\"http:\/\/www.w3.org\/2000\/svg\" viewBox=\"0 0 1200 1100\" data-related-device=\"desktopPortrait\" class=\"n2-ow n2-ss-preserve-size n2-ss-preserve-size--slider n2-ss-slide-limiter\"><\/svg><div data-first=\"1\" data-slide-duration=\"0\" data-id=\"51\" data-slide-public-id=\"1\" data-title=\"Slide\" class=\"n2-ss-slide n2-ow  n2-ss-slide-51\"><div role=\"note\" class=\"n2-ss-slide--focus\" tabindex=\"-1\">Slide<\/div><div class=\"n2-ss-layers-container n2-ss-slide-limiter n2-ow\"><div class=\"n2-ss-layer n2-ow n-uc-GhscFm25Rah5\" data-sstype=\"slide\" data-pm=\"default\"><div class=\"n2-ss-layer n2-ow n-uc-PSBMTH348Hjo\" data-pm=\"default\" data-sstype=\"content\" data-hasbackground=\"0\"><div class=\"n2-ss-section-main-content n2-ss-layer-with-background n2-ss-layer-content n2-ow n-uc-PSBMTH348Hjo-inner\"><div class=\"n2-ss-layer n2-ow n-uc-sFDM2s8cL4as\" data-pm=\"absolute\" data-responsiveposition=\"1\" data-desktopportraitleft=\"-262\" data-tabletportraitleft=\"-289\" data-mobileportraitleft=\"-395\" data-desktopportraittop=\"-224\" data-tabletportraittop=\"-243\" data-mobileportraittop=\"-441\" data-responsivesize=\"1\" data-desktopportraitwidth=\"535\" data-tabletportraitwidth=\"450\" data-mobileportraitwidth=\"350\" data-desktopportraitheight=\"auto\" data-mobileportraitheight=\"158\" data-desktopportraitalign=\"center\" data-mobileportraitalign=\"center\" data-desktopportraitvalign=\"middle\" data-mobileportraitvalign=\"middle\" data-parentid=\"\" data-desktopportraitparentalign=\"center\" data-desktopportraitparentvalign=\"middle\" data-sstype=\"layer\"><div class=\" n2-ss-item-image-content n2-ss-item-content n2-ow-all\"><a href=\"https:\/\/sites.uel.br\/sustentabilidade\/energia-leds\/\"><img loading=\"lazy\" decoding=\"async\" id=\"n2-ss-27item1\" alt=\"\" class=\"skip-lazy\" style=\"width:450px;height:auto\" width=\"1123\" height=\"794\" data-skip-lazy=\"1\" src=\"\/\/sites.uel.br\/sustentabilidade\/wp-content\/uploads\/2022\/11\/MODELO-ODS7-2-2.jpg\" \/><\/a><\/div><\/div><div class=\"n2-ss-layer n2-ow n-uc-KKIvsanyqaL5\" data-pm=\"absolute\" data-responsiveposition=\"1\" data-desktopportraitleft=\"263\" data-tabletportraitleft=\"270\" data-mobileportraitleft=\"-395\" data-desktopportraittop=\"-224\" data-tabletportraittop=\"-165\" data-mobileportraittop=\"-176\" data-responsivesize=\"1\" data-desktopportraitwidth=\"526\" data-tabletportraitwidth=\"450\" data-mobileportraitwidth=\"350\" data-desktopportraitheight=\"auto\" data-tabletportraitheight=\"auto\" data-mobileportraitheight=\"158\" data-desktopportraitalign=\"center\" data-tabletportraitalign=\"center\" data-mobileportraitalign=\"center\" data-desktopportraitvalign=\"middle\" data-tabletportraitvalign=\"middle\" data-mobileportraitvalign=\"middle\" data-parentid=\"\" data-desktopportraitparentalign=\"center\" data-desktopportraitparentvalign=\"middle\" data-sstype=\"layer\"><div class=\" n2-ss-item-image-content n2-ss-item-content n2-ow-all\"><a href=\"https:\/\/sites.uel.br\/sustentabilidade\/biogas-energiaeletrica\/\"><img loading=\"lazy\" decoding=\"async\" id=\"n2-ss-27item2\" alt=\"\" class=\"skip-lazy\" style=\"width:450px;height:auto\" width=\"1123\" height=\"794\" data-skip-lazy=\"1\" src=\"\/\/sites.uel.br\/sustentabilidade\/wp-content\/uploads\/2022\/11\/MODELO-ODS7-1-1.jpg\" \/><\/a><\/div><\/div><div class=\"n2-ss-layer n2-ow n-uc-pK6XZawhtre4\" data-pm=\"absolute\" data-responsiveposition=\"1\" data-desktopportraitleft=\"261\" data-tabletportraitleft=\"270\" data-mobileportraitleft=\"-395\" data-desktopportraittop=\"301\" data-tabletportraittop=\"361\" data-mobileportraittop=\"367\" data-responsivesize=\"1\" data-desktopportraitwidth=\"529\" data-tabletportraitwidth=\"450\" data-mobileportraitwidth=\"350\" data-desktopportraitheight=\"auto\" data-mobileportraitheight=\"158\" data-desktopportraitalign=\"center\" data-mobileportraitalign=\"center\" data-desktopportraitvalign=\"middle\" data-mobileportraitvalign=\"middle\" data-parentid=\"\" data-desktopportraitparentalign=\"center\" data-desktopportraitparentvalign=\"middle\" data-sstype=\"layer\"><div class=\" n2-ss-item-image-content n2-ss-item-content n2-ow-all\"><a href=\"https:\/\/sites.uel.br\/sustentabilidade\/sf-terraindigena-energiaeletrica\/\"><img loading=\"lazy\" decoding=\"async\" id=\"n2-ss-27item3\" alt=\"\" class=\"skip-lazy\" style=\"width:450px;height:auto\" width=\"1123\" height=\"794\" data-skip-lazy=\"1\" src=\"\/\/sites.uel.br\/sustentabilidade\/wp-content\/uploads\/2023\/01\/MODELO-ODS7-1.jpg\" \/><\/a><\/div><\/div><div class=\"n2-ss-layer n2-ow n-uc-oGIjP2eRGRbF\" data-pm=\"absolute\" data-responsiveposition=\"1\" data-desktopportraitleft=\"-262\" data-tabletportraitleft=\"-289\" data-mobileportraitleft=\"-397\" data-desktopportraittop=\"301\" data-tabletportraittop=\"257\" data-mobileportraittop=\"112\" data-responsivesize=\"1\" data-desktopportraitwidth=\"509\" data-tabletportraitwidth=\"450\" data-mobileportraitwidth=\"350\" data-desktopportraitheight=\"auto\" data-mobileportraitheight=\"188\" data-desktopportraitalign=\"center\" data-mobileportraitalign=\"center\" data-desktopportraitvalign=\"middle\" data-mobileportraitvalign=\"middle\" data-parentid=\"\" data-desktopportraitparentalign=\"center\" data-desktopportraitparentvalign=\"middle\" data-sstype=\"layer\"><div class=\" n2-ss-item-image-content n2-ss-item-content n2-ow-all\"><a href=\"https:\/\/sites.uel.br\/sustentabilidade\/energialimpa-feculademandioca\/\"><img loading=\"lazy\" decoding=\"async\" id=\"n2-ss-27item4\" alt=\"\" class=\"skip-lazy\" style=\"width:450px;height:auto\" width=\"1123\" height=\"794\" data-skip-lazy=\"1\" src=\"\/\/sites.uel.br\/sustentabilidade\/wp-content\/uploads\/2022\/11\/MODELO-ODS7-2-1.jpg\" \/><\/a><\/div><\/div><div class=\"n2-ss-layer n2-ow n-uc-vkABCIXH5N6P\" data-pm=\"absolute\" data-responsiveposition=\"1\" data-desktopportraitleft=\"-259\" data-tabletportraitleft=\"-289\" data-mobileportraitleft=\"184\" data-desktopportraittop=\"-430\" data-tabletportraittop=\"-474\" data-mobileportraittop=\"-459\" data-responsivesize=\"1\" data-desktopportraitwidth=\"450\" data-tabletportraitwidth=\"450\" data-mobileportraitwidth=\"758\" data-desktopportraitheight=\"59\" data-tabletportraitheight=\"82\" data-mobileportraitheight=\"124\" data-desktopportraitalign=\"center\" data-tabletportraitalign=\"center\" data-mobileportraitalign=\"center\" data-desktopportraitvalign=\"middle\" data-tabletportraitvalign=\"middle\" data-mobileportraitvalign=\"middle\" data-parentid=\"\" data-desktopportraitparentalign=\"center\" data-desktopportraitparentvalign=\"middle\" data-sstype=\"layer\"><div id=\"n2-ss-27item5\" class=\"  n2-ss-item-content n2-ss-text n2-ow\" style=\"display:block;\"><a class=\"n2-ow n2-font-11d1c638541bad9aeeb2454f66620187-hover n2-style-04a29c5cb8de4347f678feccc9d11ee2-heading \" style=\"display:block;\" href=\"https:\/\/sites.uel.br\/sustentabilidade\/energia-leds\/\">Laborat\u00f3rio de Energia e Desenvolvimento Sustent\u00e1vel (LEDS) <\/a><\/div><\/div><div class=\"n2-ss-layer n2-ow n-uc-wYtB1wwAmnFc\" data-pm=\"absolute\" data-responsiveposition=\"1\" data-desktopportraitleft=\"262\" data-tabletportraitleft=\"270\" data-mobileportraitleft=\"184\" data-desktopportraittop=\"-442\" data-tabletportraittop=\"-433\" data-mobileportraittop=\"-193\" data-responsivesize=\"1\" data-desktopportraitwidth=\"450\" data-tabletportraitwidth=\"450\" data-mobileportraitwidth=\"758\" data-desktopportraitheight=\"84\" data-tabletportraitheight=\"82\" data-mobileportraitheight=\"124\" data-desktopportraitalign=\"center\" data-tabletportraitalign=\"center\" data-mobileportraitalign=\"center\" data-desktopportraitvalign=\"middle\" data-tabletportraitvalign=\"middle\" data-mobileportraitvalign=\"middle\" data-parentid=\"\" data-desktopportraitparentalign=\"center\" data-desktopportraitparentvalign=\"middle\" data-sstype=\"layer\"><div id=\"n2-ss-27item6\" class=\"  n2-ss-item-content n2-ss-text n2-ow\" style=\"display:block;\"><a class=\"n2-ow n2-font-11d1c638541bad9aeeb2454f66620187-hover n2-style-04a29c5cb8de4347f678feccc9d11ee2-heading \" style=\"display:block;\" href=\"https:\/\/sites.uel.br\/sustentabilidade\/biogas-energiaeletrica\/\">Gera\u00e7\u00e3o de energia el\u00e9trica por metaniza\u00e7\u00e3o e gaseifica\u00e7\u00e3o, a partir de res\u00edduos s\u00f3lidos org\u00e2nicos<\/a><\/div><\/div><div class=\"n2-ss-layer n2-ow n-uc-221QXJywxPl9\" data-pm=\"absolute\" data-responsiveposition=\"1\" data-desktopportraitleft=\"-261\" data-tabletportraitleft=\"-289\" data-mobileportraitleft=\"184\" data-desktopportraittop=\"95\" data-tabletportraittop=\"-2\" data-mobileportraittop=\"77\" data-responsivesize=\"1\" data-desktopportraitwidth=\"450\" data-tabletportraitwidth=\"450\" data-mobileportraitwidth=\"758\" data-desktopportraitheight=\"106\" data-tabletportraitheight=\"82\" data-mobileportraitheight=\"124\" data-desktopportraitalign=\"center\" data-tabletportraitalign=\"center\" data-mobileportraitalign=\"center\" data-desktopportraitvalign=\"middle\" data-tabletportraitvalign=\"middle\" data-mobileportraitvalign=\"middle\" data-parentid=\"\" data-desktopportraitparentalign=\"center\" data-desktopportraitparentvalign=\"middle\" data-sstype=\"layer\"><div id=\"n2-ss-27item7\" class=\"  n2-ss-item-content n2-ss-text n2-ow\" style=\"display:block;\"><a class=\"n2-ow n2-font-11d1c638541bad9aeeb2454f66620187-hover n2-style-04a29c5cb8de4347f678feccc9d11ee2-heading \" style=\"display:block;\" href=\"https:\/\/sites.uel.br\/sustentabilidade\/energialimpa-feculademandioca\/\">Valoriza\u00e7\u00e3o dos res\u00edduos da ind\u00fastria de f\u00e9cula de mandioca em sistema anaer\u00f3bio de duas fases<\/a><\/div><\/div><div class=\"n2-ss-layer n2-ow n-uc-DVfTwH41VyhE\" data-pm=\"absolute\" data-responsiveposition=\"1\" data-desktopportraitleft=\"262\" data-tabletportraitleft=\"270\" data-mobileportraitleft=\"184\" data-desktopportraittop=\"84\" data-tabletportraittop=\"128\" data-mobileportraittop=\"347\" data-responsivesize=\"1\" data-desktopportraitwidth=\"450\" data-tabletportraitwidth=\"450\" data-mobileportraitwidth=\"758\" data-desktopportraitheight=\"84\" data-tabletportraitheight=\"82\" data-mobileportraitheight=\"124\" data-desktopportraitalign=\"center\" data-tabletportraitalign=\"center\" data-mobileportraitalign=\"center\" data-desktopportraitvalign=\"middle\" data-tabletportraitvalign=\"middle\" data-mobileportraitvalign=\"middle\" data-parentid=\"\" data-desktopportraitparentalign=\"center\" data-desktopportraitparentvalign=\"middle\" data-sstype=\"layer\"><div id=\"n2-ss-27item8\" class=\"  n2-ss-item-content n2-ss-text n2-ow\" style=\"display:block;\"><a class=\"n2-ow n2-font-11d1c638541bad9aeeb2454f66620187-hover n2-style-04a29c5cb8de4347f678feccc9d11ee2-heading \" style=\"display:block;\" href=\"https:\/\/sites.uel.br\/sustentabilidade\/sf-terraindigena-energiaeletrica\/\">A Rela\u00e7\u00e3o do povo habitante da terra ind\u00edgena com o territ\u00f3rio e a energia el\u00e9trica <\/a><\/div><\/div><\/div><\/div><\/div><\/div><\/div>                <\/div>\n                            <\/div>\n        <\/div>\n        <\/div><ss3-loader><\/ss3-loader><\/div><\/div><div class=\"n2_clear\"><\/div><\/div><\/ss3-force-full-width><\/div>\n\n<div class=\"n2_clear\"><ss3-force-full-width data-overflow-x=\"none\" data-horizontal-selector=\"body\"><div class=\"n2-section-smartslider fitvidsignore  n2_clear\" data-ssid=\"48\"><div id=\"n2-ss-48-align\" class=\"n2-ss-align\"><div class=\"n2-padding\"><div id=\"n2-ss-48\" data-creator=\"Smart Slider 3\" data-responsive=\"fullwidth\" class=\"n2-ss-slider n2-ow n2-has-hover n2notransition  \">\n        <div class=\"n2-ss-slider-1 n2-ow\">\n            <div class=\"n2-ss-slider-2 n2-ow\">\n                <div class=\"n2-ss-slide-backgrounds n2-ow-all\"><div class=\"n2-ss-slide-background\" data-public-id=\"1\" data-mode=\"fill\"><div data-color=\"RGBA(255,255,255,0)\" style=\"background-color: RGBA(255,255,255,0);\" class=\"n2-ss-slide-background-color\"><\/div><\/div><\/div>                <div class=\"n2-ss-slider-3 n2-ow\">\n                    <svg xmlns=\"http:\/\/www.w3.org\/2000\/svg\" viewBox=\"0 0 1200 1100\" data-related-device=\"desktopPortrait\" class=\"n2-ow n2-ss-preserve-size n2-ss-preserve-size--slider n2-ss-slide-limiter\"><\/svg><div data-first=\"1\" data-slide-duration=\"0\" data-id=\"72\" data-slide-public-id=\"1\" data-title=\"Slide\" class=\"n2-ss-slide n2-ow  n2-ss-slide-72\"><div role=\"note\" class=\"n2-ss-slide--focus\" tabindex=\"-1\">Slide<\/div><div class=\"n2-ss-layers-container n2-ss-slide-limiter n2-ow\"><div class=\"n2-ss-layer n2-ow n-uc-FxeLz3oX3aAJ\" data-sstype=\"slide\" data-pm=\"default\"><div class=\"n2-ss-layer n2-ow n-uc-GlFRH3UD0XTW\" data-pm=\"default\" data-sstype=\"content\" data-hasbackground=\"0\"><div class=\"n2-ss-section-main-content n2-ss-layer-with-background n2-ss-layer-content n2-ow n-uc-GlFRH3UD0XTW-inner\"><div class=\"n2-ss-layer n2-ow n-uc-1b193a570eec8\" data-pm=\"absolute\" data-responsiveposition=\"1\" data-desktopportraitleft=\"-277\" data-tabletportraitleft=\"-289\" data-mobileportraitleft=\"-397\" data-desktopportraittop=\"-262\" data-tabletportraittop=\"-271\" data-mobileportraittop=\"-449\" data-responsivesize=\"1\" data-desktopportraitwidth=\"520\" data-tabletportraitwidth=\"450\" data-mobileportraitwidth=\"350\" data-desktopportraitheight=\"auto\" data-mobileportraitheight=\"158\" data-desktopportraitalign=\"center\" data-mobileportraitalign=\"center\" data-desktopportraitvalign=\"middle\" data-mobileportraitvalign=\"middle\" data-parentid=\"\" data-desktopportraitparentalign=\"center\" data-desktopportraitparentvalign=\"middle\" data-sstype=\"layer\"><div class=\" n2-ss-item-image-content n2-ss-item-content n2-ow-all\"><a href=\"https:\/\/sites.uel.br\/sustentabilidade\/auditoria-sistema-fotovoltaicos\/\"><img loading=\"lazy\" decoding=\"async\" id=\"n2-ss-48item1\" alt=\"\" class=\"skip-lazy\" style=\"width:450px;height:auto\" width=\"1123\" height=\"794\" data-skip-lazy=\"1\" src=\"\/\/sites.uel.br\/sustentabilidade\/wp-content\/uploads\/2023\/02\/MODELO-ODS7.gif\" \/><\/a><\/div><\/div><div class=\"n2-ss-layer n2-ow n-uc-1aa08a98dc698\" data-pm=\"absolute\" data-responsiveposition=\"1\" data-desktopportraitleft=\"282\" data-tabletportraitleft=\"-289\" data-mobileportraitleft=\"-397\" data-desktopportraittop=\"-262\" data-tabletportraittop=\"-271\" data-mobileportraittop=\"-449\" data-responsivesize=\"1\" data-desktopportraitwidth=\"530\" data-tabletportraitwidth=\"450\" data-mobileportraitwidth=\"350\" data-desktopportraitheight=\"auto\" data-mobileportraitheight=\"158\" data-desktopportraitalign=\"center\" data-mobileportraitalign=\"center\" data-desktopportraitvalign=\"middle\" data-mobileportraitvalign=\"middle\" data-parentid=\"\" data-desktopportraitparentalign=\"center\" data-desktopportraitparentvalign=\"middle\" data-sstype=\"layer\"><div class=\" n2-ss-item-image-content n2-ss-item-content n2-ow-all\"><a href=\"https:\/\/sites.uel.br\/sustentabilidade\/eficiencia-energetica\/\"><img loading=\"lazy\" decoding=\"async\" id=\"n2-ss-48item2\" alt=\"\" class=\"skip-lazy\" style=\"width:450px;height:auto\" width=\"1123\" height=\"794\" data-skip-lazy=\"1\" src=\"\/\/sites.uel.br\/sustentabilidade\/wp-content\/uploads\/2023\/06\/eficiencia-energetica.jpg\" \/><\/a><\/div><\/div><div class=\"n2-ss-layer n2-ow n-uc-170a48185645b\" data-pm=\"absolute\" data-responsiveposition=\"1\" data-desktopportraitleft=\"-278\" data-tabletportraitleft=\"-289\" data-mobileportraitleft=\"180\" data-desktopportraittop=\"-478\" data-tabletportraittop=\"-443\" data-mobileportraittop=\"-468\" data-responsivesize=\"1\" data-desktopportraitwidth=\"451\" data-tabletportraitwidth=\"450\" data-mobileportraitwidth=\"765\" data-desktopportraitheight=\"82\" data-tabletportraitheight=\"82\" data-mobileportraitheight=\"124\" data-desktopportraitalign=\"center\" data-tabletportraitalign=\"center\" data-mobileportraitalign=\"center\" data-desktopportraitvalign=\"middle\" data-tabletportraitvalign=\"middle\" data-mobileportraitvalign=\"middle\" data-parentid=\"\" data-desktopportraitparentalign=\"center\" data-desktopportraitparentvalign=\"middle\" data-sstype=\"layer\"><div id=\"n2-ss-48item3\" class=\"  n2-ss-item-content n2-ss-text n2-ow\" style=\"display:block;\"><a class=\"n2-ow n2-font-11d1c638541bad9aeeb2454f66620187-hover n2-style-04a29c5cb8de4347f678feccc9d11ee2-heading \" style=\"display:block;\" href=\"https:\/\/sites.uel.br\/sustentabilidade\/auditoria-sistema-fotovoltaicos\/\">Metodologia de auditoria em sistema fotovoltaicos no \u00e2mbito do Programa Renovar-PR<\/a><\/div><\/div><div class=\"n2-ss-layer n2-ow n-uc-14b2e28dd87c4\" data-pm=\"absolute\" data-responsiveposition=\"1\" data-desktopportraitleft=\"282\" data-tabletportraitleft=\"-289\" data-mobileportraitleft=\"180\" data-desktopportraittop=\"-977\" data-tabletportraittop=\"-443\" data-mobileportraittop=\"-468\" data-responsivesize=\"1\" data-desktopportraitwidth=\"451\" data-tabletportraitwidth=\"450\" data-mobileportraitwidth=\"765\" data-desktopportraitheight=\"59\" data-tabletportraitheight=\"82\" data-mobileportraitheight=\"124\" data-desktopportraitalign=\"center\" data-tabletportraitalign=\"center\" data-mobileportraitalign=\"center\" data-desktopportraitvalign=\"bottom\" data-tabletportraitvalign=\"middle\" data-mobileportraitvalign=\"middle\" data-parentid=\"\" data-desktopportraitparentalign=\"center\" data-desktopportraitparentvalign=\"middle\" data-sstype=\"layer\"><div id=\"n2-ss-48item4\" class=\"  n2-ss-item-content n2-ss-text n2-ow\" style=\"display:block;\"><a class=\"n2-ow n2-font-11d1c638541bad9aeeb2454f66620187-hover n2-style-04a29c5cb8de4347f678feccc9d11ee2-heading \" style=\"display:block;\" href=\"https:\/\/sites.uel.br\/sustentabilidade\/eficiencia-energetica\/\">Efici\u00eancia energ\u00e9tica e energia renov\u00e1veis em edifica\u00e7\u00f5es<\/a><\/div><\/div><\/div><\/div><\/div><\/div><\/div>                <\/div>\n                            <\/div>\n        <\/div>\n        <\/div><ss3-loader><\/ss3-loader><\/div><\/div><div class=\"n2_clear\"><\/div><\/div><\/ss3-force-full-width><\/div>","protected":false},"excerpt":{"rendered":"","protected":false},"author":6,"featured_media":0,"parent":0,"menu_order":0,"comment_status":"closed","ping_status":"closed","template":"","meta":{"footnotes":""},"class_list":["post-254","page","type-page","status-publish","hentry"],"acf":[],"_links":{"self":[{"href":"https:\/\/sites.uel.br\/sustentabilidade\/wp-json\/wp\/v2\/pages\/254","targetHints":{"allow":["GET"]}}],"collection":[{"href":"https:\/\/sites.uel.br\/sustentabilidade\/wp-json\/wp\/v2\/pages"}],"about":[{"href":"https:\/\/sites.uel.br\/sustentabilidade\/wp-json\/wp\/v2\/types\/page"}],"author":[{"embeddable":true,"href":"https:\/\/sites.uel.br\/sustentabilidade\/wp-json\/wp\/v2\/users\/6"}],"replies":[{"embeddable":true,"href":"https:\/\/sites.uel.br\/sustentabilidade\/wp-json\/wp\/v2\/comments?post=254"}],"version-history":[{"count":12,"href":"https:\/\/sites.uel.br\/sustentabilidade\/wp-json\/wp\/v2\/pages\/254\/revisions"}],"predecessor-version":[{"id":3411,"href":"https:\/\/sites.uel.br\/sustentabilidade\/wp-json\/wp\/v2\/pages\/254\/revisions\/3411"}],"wp:attachment":[{"href":"https:\/\/sites.uel.br\/sustentabilidade\/wp-json\/wp\/v2\/media?parent=254"}],"curies":[{"name":"wp","href":"https:\/\/api.w.org\/{rel}","templated":true}]}}