{"id":25,"date":"2022-08-26T15:18:38","date_gmt":"2022-08-26T18:18:38","guid":{"rendered":"https:\/\/sites.uel.br\/sustentabilidade\/?page_id=25"},"modified":"2024-07-16T20:28:38","modified_gmt":"2024-07-16T23:28:38","slug":"apresentacao","status":"publish","type":"page","link":"https:\/\/sites.uel.br\/sustentabilidade\/apresentacao\/","title":{"rendered":"Apresenta\u00e7\u00e3o"},"content":{"rendered":"\n<p>O Portal Integrado da UEL tem como objetivo apresentar as iniciativas para o desenvolvimento sustent\u00e1vel promovidas pela Universidade Estadual de Londrina, ampliar a visibilidade dos projetos de pesquisa, ensino e extens\u00e3o, e possibilitar a reflex\u00e3o da comunidade sobre a promo\u00e7\u00e3o de iniciativas integradas no ambiente institucional, com foco no cumprimento dos objetivos do desenvolvimento sustent\u00e1vel.<\/p>\n\n\n\nClick me\n\n\n\n<div class=\"wp-block-media-text alignwide is-stacked-on-mobile is-vertically-aligned-top\"><figure class=\"wp-block-media-text__media\"><img loading=\"lazy\" decoding=\"async\" width=\"557\" height=\"370\" src=\"https:\/\/sites.uel.br\/sustentabilidade\/wp-content\/uploads\/2022\/08\/image-1.png\" alt=\"\" class=\"wp-image-74 size-full\" srcset=\"https:\/\/sites.uel.br\/sustentabilidade\/wp-content\/uploads\/2022\/08\/image-1.png 557w, https:\/\/sites.uel.br\/sustentabilidade\/wp-content\/uploads\/2022\/08\/image-1-300x199.png 300w\" sizes=\"auto, (max-width: 557px) 100vw, 557px\" \/><\/figure><div class=\"wp-block-media-text__content\">\n<p>No Portal Integrado est\u00e3o as atividades desenvolvidas pela institui\u00e7\u00e3o, organizadas a partir dos 17 objetivos do desenvolvimento sustent\u00e1vel indicados na Agenda 2030, pela Organiza\u00e7\u00e3o das Na\u00e7\u00f5es Unidas.<\/p>\n<\/div><\/div>\n\n\n\n<p>As atividades s\u00e3o coordenadas e desenvolvidas com o envolvimento das inst\u00e2ncias administrativas da universidade, centro de estudos, \u00f3rg\u00e3os suplementares e de apoio, prefeitura do campus, e com o envolvimento dos setores acad\u00eamicos, nas a\u00e7\u00f5es programadas pelos cursos de gradua\u00e7\u00e3o ou p\u00f3s-gradua\u00e7\u00e3o, e nas a\u00e7\u00f5es que envolvem pesquisa e extens\u00e3o.<\/p>\n\n\n<form role=\"search\" method=\"get\" action=\"https:\/\/sites.uel.br\/sustentabilidade\/\" class=\"wp-block-search__button-outside wp-block-search__text-button wp-block-search\"    ><label class=\"wp-block-search__label\" for=\"wp-block-search__input-1\" >Pesquisar<\/label><div class=\"wp-block-search__inside-wrapper\" ><input class=\"wp-block-search__input\" id=\"wp-block-search__input-1\" placeholder=\"\" value=\"\" type=\"search\" name=\"s\" required \/><button aria-label=\"Pesquisar\" class=\"wp-block-search__button wp-element-button\" type=\"submit\" >Pesquisar<\/button><\/div><\/form>","protected":false},"excerpt":{"rendered":"<p>O Portal Integrado da UEL tem como objetivo apresentar as iniciativas para o desenvolvimento sustent\u00e1vel promovidas pela Universidade Estadual de Londrina, ampliar a visibilidade dos projetos de pesquisa, ensino e extens\u00e3o, e possibilitar a reflex\u00e3o da comunidade sobre a promo\u00e7\u00e3o de iniciativas integradas no ambiente institucional, com foco no cumprimento dos objetivos do desenvolvimento sustent\u00e1vel. [&hellip;]<\/p>\n","protected":false},"author":5,"featured_media":0,"parent":0,"menu_order":0,"comment_status":"closed","ping_status":"closed","template":"","meta":{"footnotes":""},"class_list":["post-25","page","type-page","status-publish","hentry"],"acf":[],"_links":{"self":[{"href":"https:\/\/sites.uel.br\/sustentabilidade\/wp-json\/wp\/v2\/pages\/25","targetHints":{"allow":["GET"]}}],"collection":[{"href":"https:\/\/sites.uel.br\/sustentabilidade\/wp-json\/wp\/v2\/pages"}],"about":[{"href":"https:\/\/sites.uel.br\/sustentabilidade\/wp-json\/wp\/v2\/types\/page"}],"author":[{"embeddable":true,"href":"https:\/\/sites.uel.br\/sustentabilidade\/wp-json\/wp\/v2\/users\/5"}],"replies":[{"embeddable":true,"href":"https:\/\/sites.uel.br\/sustentabilidade\/wp-json\/wp\/v2\/comments?post=25"}],"version-history":[{"count":14,"href":"https:\/\/sites.uel.br\/sustentabilidade\/wp-json\/wp\/v2\/pages\/25\/revisions"}],"predecessor-version":[{"id":5634,"href":"https:\/\/sites.uel.br\/sustentabilidade\/wp-json\/wp\/v2\/pages\/25\/revisions\/5634"}],"wp:attachment":[{"href":"https:\/\/sites.uel.br\/sustentabilidade\/wp-json\/wp\/v2\/media?parent=25"}],"curies":[{"name":"wp","href":"https:\/\/api.w.org\/{rel}","templated":true}]}}