{"id":167,"date":"2022-09-08T10:41:28","date_gmt":"2022-09-08T13:41:28","guid":{"rendered":"https:\/\/sites.uel.br\/sustentabilidade\/?page_id=167"},"modified":"2026-04-09T10:03:32","modified_gmt":"2026-04-09T13:03:32","slug":"contatos","status":"publish","type":"page","link":"https:\/\/sites.uel.br\/sustentabilidade\/contatos\/","title":{"rendered":"Contatos"},"content":{"rendered":"\n<p><strong>Diretoria de Planejamento e Integra\u00e7\u00e3o Acad\u00eamica<\/strong><\/p>\n\n\n\n<p><strong>e-mail:<\/strong> integracao@uel.br<\/p>\n\n\n\n<p><\/p>\n","protected":false},"excerpt":{"rendered":"<p>Diretoria de Planejamento e Integra\u00e7\u00e3o Acad\u00eamica e-mail: integracao@uel.br<\/p>\n","protected":false},"author":5,"featured_media":0,"parent":0,"menu_order":0,"comment_status":"closed","ping_status":"closed","template":"","meta":{"footnotes":""},"class_list":["post-167","page","type-page","status-publish","hentry"],"acf":[],"_links":{"self":[{"href":"https:\/\/sites.uel.br\/sustentabilidade\/wp-json\/wp\/v2\/pages\/167","targetHints":{"allow":["GET"]}}],"collection":[{"href":"https:\/\/sites.uel.br\/sustentabilidade\/wp-json\/wp\/v2\/pages"}],"about":[{"href":"https:\/\/sites.uel.br\/sustentabilidade\/wp-json\/wp\/v2\/types\/page"}],"author":[{"embeddable":true,"href":"https:\/\/sites.uel.br\/sustentabilidade\/wp-json\/wp\/v2\/users\/5"}],"replies":[{"embeddable":true,"href":"https:\/\/sites.uel.br\/sustentabilidade\/wp-json\/wp\/v2\/comments?post=167"}],"version-history":[{"count":10,"href":"https:\/\/sites.uel.br\/sustentabilidade\/wp-json\/wp\/v2\/pages\/167\/revisions"}],"predecessor-version":[{"id":6008,"href":"https:\/\/sites.uel.br\/sustentabilidade\/wp-json\/wp\/v2\/pages\/167\/revisions\/6008"}],"wp:attachment":[{"href":"https:\/\/sites.uel.br\/sustentabilidade\/wp-json\/wp\/v2\/media?parent=167"}],"curies":[{"name":"wp","href":"https:\/\/api.w.org\/{rel}","templated":true}]}}