{"id":147,"date":"2022-09-06T17:28:08","date_gmt":"2022-09-06T20:28:08","guid":{"rendered":"https:\/\/sites.uel.br\/sustentabilidade\/?page_id=147"},"modified":"2024-02-27T14:46:44","modified_gmt":"2024-02-27T17:46:44","slug":"agua-potavel-e-saneamento","status":"publish","type":"page","link":"https:\/\/sites.uel.br\/sustentabilidade\/agua-potavel-e-saneamento\/","title":{"rendered":"\u00c1gua Pot\u00e1vel e Saneamento"},"content":{"rendered":"<div class=\"n2_clear\"><ss3-force-full-width data-overflow-x=\"body\" data-horizontal-selector=\"body\"><div class=\"n2-section-smartslider fitvidsignore  n2_clear\" data-ssid=\"55\"><div id=\"n2-ss-55-align\" class=\"n2-ss-align\"><div class=\"n2-padding\"><div id=\"n2-ss-55\" data-creator=\"Smart Slider 3\" data-responsive=\"fullwidth\" class=\"n2-ss-slider n2-ow n2-has-hover n2notransition  \">\n        <div class=\"n2-ss-slider-1 n2_ss__touch_element n2-ow\">\n            <div class=\"n2-ss-slider-2 n2-ow\">\n                                                <div class=\"n2-ss-slider-3 n2-ow\">\n\n                    <div class=\"n2-ss-slide-backgrounds n2-ow-all\"><div class=\"n2-ss-slide-background\" data-public-id=\"1\" data-mode=\"fill\"><div data-color=\"RGBA(255,255,255,0)\" style=\"background-color: RGBA(255,255,255,0);\" class=\"n2-ss-slide-background-color\"><\/div><\/div><\/div>                    <div class=\"n2-ss-slider-4 n2-ow\">\n                        <svg xmlns=\"http:\/\/www.w3.org\/2000\/svg\" viewBox=\"0 0 1200 250\" data-related-device=\"desktopPortrait\" class=\"n2-ow n2-ss-preserve-size n2-ss-preserve-size--slider n2-ss-slide-limiter\"><\/svg><div data-first=\"1\" data-slide-duration=\"0\" data-id=\"79\" data-slide-public-id=\"1\" data-title=\"Slide\" class=\"n2-ss-slide n2-ow  n2-ss-slide-79\"><div role=\"note\" class=\"n2-ss-slide--focus\" tabindex=\"-1\">Slide<\/div><div class=\"n2-ss-layers-container n2-ss-slide-limiter n2-ow\"><div class=\"n2-ss-layer n2-ow n-uc-RTk3MREC7f3m\" data-sstype=\"slide\" data-pm=\"default\"><div class=\"n2-ss-layer n2-ow n-uc-vApZKnfzxfUr\" data-pm=\"default\" data-sstype=\"content\" data-hasbackground=\"0\"><div class=\"n2-ss-section-main-content n2-ss-layer-with-background n2-ss-layer-content n2-ow n-uc-vApZKnfzxfUr-inner\"><div class=\"n2-ss-layer n2-ow n-uc-UriGcYL8N6mC\" data-pm=\"absolute\" data-responsiveposition=\"1\" data-desktopportraitleft=\"355\" data-mobileportraitleft=\"412\" data-desktopportraittop=\"0\" data-mobileportraittop=\"0\" data-responsivesize=\"1\" data-desktopportraitwidth=\"250\" data-mobileportraitwidth=\"225\" data-desktopportraitheight=\"auto\" data-mobileportraitheight=\"auto\" data-desktopportraitalign=\"center\" data-mobileportraitalign=\"center\" data-desktopportraitvalign=\"middle\" data-mobileportraitvalign=\"middle\" data-parentid=\"\" data-desktopportraitparentalign=\"center\" data-desktopportraitparentvalign=\"middle\" data-sstype=\"layer\"><div class=\" n2-ss-item-image-content n2-ss-item-content n2-ow-all\"><img loading=\"lazy\" decoding=\"async\" id=\"n2-ss-55item1\" alt=\"\" class=\"skip-lazy\" style=\"width:250px;height:auto\" width=\"466\" height=\"466\" data-skip-lazy=\"1\" src=\"\/\/sites.uel.br\/sustentabilidade\/wp-content\/uploads\/2022\/09\/ods6.png\" \/><\/div><\/div><div class=\"n2-ss-layer n2-ow n-uc-d75LamC3Hblu\" data-pm=\"absolute\" data-responsiveposition=\"1\" data-desktopportraitleft=\"-173\" data-tabletportraitleft=\"-175\" data-mobileportraitleft=\"-174\" data-desktopportraittop=\"37\" data-tabletportraittop=\"0\" data-mobileportraittop=\"-31\" data-responsivesize=\"1\" data-desktopportraitwidth=\"718\" data-desktopportraitheight=\"126\" data-desktopportraitalign=\"center\" data-desktopportraitvalign=\"middle\" data-parentid=\"\" data-desktopportraitparentalign=\"center\" data-desktopportraitparentvalign=\"middle\" data-sstype=\"layer\"><div id=\"n2-ss-55item2\" class=\"n2-font-8052b8b3c87c9486589df713f8b51fc8-hover n2-style-7161d6057a31700d91e130269b7e65ff-heading   n2-ss-item-content n2-ss-text n2-ow\" style=\"display:block;\">Garantir disponibilidade e manejo sustent\u00e1vel da \u00e1gua e saneamento para todos<\/div><\/div><\/div><\/div><\/div><\/div><\/div>                    <\/div>\n\n                                    <\/div>\n            <\/div>\n        <\/div>\n        <\/div><ss3-loader><\/ss3-loader><\/div><\/div><div class=\"n2_clear\"><\/div><\/div><\/ss3-force-full-width><\/div>\n\n<div class=\"n2_clear\"><ss3-force-full-width data-overflow-x=\"none\" data-horizontal-selector=\"body\"><div class=\"n2-section-smartslider fitvidsignore  n2_clear\" data-ssid=\"38\"><div id=\"n2-ss-38-align\" class=\"n2-ss-align\"><div class=\"n2-padding\"><div id=\"n2-ss-38\" data-creator=\"Smart Slider 3\" data-responsive=\"fullwidth\" class=\"n2-ss-slider n2-ow n2-has-hover n2notransition  \">\n        <div class=\"n2-ss-slider-1 n2-ow\">\n            <div class=\"n2-ss-slider-2 n2-ow\">\n                <div class=\"n2-ss-slide-backgrounds n2-ow-all\"><div class=\"n2-ss-slide-background\" data-public-id=\"1\" data-mode=\"fill\"><div data-color=\"RGBA(255,255,255,0)\" style=\"background-color: RGBA(255,255,255,0);\" class=\"n2-ss-slide-background-color\"><\/div><\/div><\/div>                <div class=\"n2-ss-slider-3 n2-ow\">\n                    <svg xmlns=\"http:\/\/www.w3.org\/2000\/svg\" viewBox=\"0 0 1200 1100\" data-related-device=\"desktopPortrait\" class=\"n2-ow n2-ss-preserve-size n2-ss-preserve-size--slider n2-ss-slide-limiter\"><\/svg><div data-first=\"1\" data-slide-duration=\"0\" data-id=\"62\" data-slide-public-id=\"1\" data-title=\"Slide\" class=\"n2-ss-slide n2-ow  n2-ss-slide-62\"><div role=\"note\" class=\"n2-ss-slide--focus\" tabindex=\"-1\">Slide<\/div><div class=\"n2-ss-layers-container n2-ss-slide-limiter n2-ow\"><div class=\"n2-ss-layer n2-ow n-uc-VpYkx0mADFZ2\" data-sstype=\"slide\" data-pm=\"default\"><div class=\"n2-ss-layer n2-ow n-uc-1PzumDYEoLrz\" data-pm=\"default\" data-sstype=\"content\" data-hasbackground=\"0\"><div class=\"n2-ss-section-main-content n2-ss-layer-with-background n2-ss-layer-content n2-ow n-uc-1PzumDYEoLrz-inner\"><div class=\"n2-ss-layer n2-ow n-uc-cQMhuYRzDBUX\" data-pm=\"absolute\" data-responsiveposition=\"1\" data-desktopportraitleft=\"-259\" data-tabletportraitleft=\"-289\" data-mobileportraitleft=\"-392\" data-desktopportraittop=\"-268\" data-tabletportraittop=\"-271\" data-mobileportraittop=\"-438\" data-responsivesize=\"1\" data-desktopportraitwidth=\"539\" data-tabletportraitwidth=\"450\" data-mobileportraitwidth=\"350\" data-desktopportraitheight=\"auto\" data-mobileportraitheight=\"158\" data-desktopportraitalign=\"center\" data-mobileportraitalign=\"center\" data-desktopportraitvalign=\"middle\" data-mobileportraitvalign=\"middle\" data-parentid=\"\" data-desktopportraitparentalign=\"center\" data-desktopportraitparentvalign=\"middle\" data-sstype=\"layer\"><div class=\" n2-ss-item-image-content n2-ss-item-content n2-ow-all\"><a href=\"https:\/\/sites.uel.br\/sustentabilidade\/analise-agua\/\"><img loading=\"lazy\" decoding=\"async\" id=\"n2-ss-38item1\" alt=\"\" class=\"skip-lazy\" style=\"width:450px;height:auto\" width=\"1024\" height=\"724\" data-skip-lazy=\"1\" src=\"\/\/sites.uel.br\/sustentabilidade\/wp-content\/uploads\/2022\/11\/ods2-analise-agua-1024x724-1.jpg\" \/><\/a><\/div><\/div><div class=\"n2-ss-layer n2-ow n-uc-qwCN76kzyhjp\" data-pm=\"absolute\" data-responsiveposition=\"1\" data-desktopportraitleft=\"256\" data-tabletportraitleft=\"269\" data-mobileportraitleft=\"-395\" data-desktopportraittop=\"-268\" data-tabletportraittop=\"-177\" data-mobileportraittop=\"-169\" data-responsivesize=\"1\" data-desktopportraitwidth=\"547\" data-tabletportraitwidth=\"450\" data-mobileportraitwidth=\"350\" data-desktopportraitheight=\"auto\" data-tabletportraitheight=\"auto\" data-mobileportraitheight=\"158\" data-desktopportraitalign=\"center\" data-tabletportraitalign=\"center\" data-mobileportraitalign=\"center\" data-desktopportraitvalign=\"middle\" data-tabletportraitvalign=\"middle\" data-mobileportraitvalign=\"middle\" data-parentid=\"\" data-desktopportraitparentalign=\"center\" data-desktopportraitparentvalign=\"middle\" data-sstype=\"layer\"><div class=\" n2-ss-item-image-content n2-ss-item-content n2-ow-all\"><a href=\"https:\/\/sites.uel.br\/sustentabilidade\/aterrosanitario-lixiviado\/\"><img loading=\"lazy\" decoding=\"async\" id=\"n2-ss-38item2\" alt=\"\" class=\"skip-lazy\" style=\"width:450px;height:auto\" width=\"1123\" height=\"794\" data-skip-lazy=\"1\" src=\"\/\/sites.uel.br\/sustentabilidade\/wp-content\/uploads\/2022\/11\/MODELO-ODS6-1.jpg\" \/><\/a><\/div><\/div><div class=\"n2-ss-layer n2-ow n-uc-VxUnu1Go13SZ\" data-pm=\"absolute\" data-responsiveposition=\"1\" data-desktopportraitleft=\"-259\" data-tabletportraitleft=\"-289\" data-mobileportraitleft=\"-395\" data-desktopportraittop=\"289\" data-tabletportraittop=\"202\" data-mobileportraittop=\"110\" data-responsivesize=\"1\" data-desktopportraitwidth=\"517\" data-tabletportraitwidth=\"450\" data-mobileportraitwidth=\"350\" data-desktopportraitheight=\"auto\" data-mobileportraitheight=\"188\" data-desktopportraitalign=\"center\" data-mobileportraitalign=\"center\" data-desktopportraitvalign=\"middle\" data-mobileportraitvalign=\"middle\" data-parentid=\"\" data-desktopportraitparentalign=\"center\" data-desktopportraitparentvalign=\"middle\" data-sstype=\"layer\"><div class=\" n2-ss-item-image-content n2-ss-item-content n2-ow-all\"><a href=\"https:\/\/sites.uel.br\/sustentabilidade\/evolucao-pseudopimelodidae\/\"><img loading=\"lazy\" decoding=\"async\" id=\"n2-ss-38item3\" alt=\"\" class=\"skip-lazy\" style=\"width:450px;height:auto\" width=\"1123\" height=\"794\" data-skip-lazy=\"1\" src=\"\/\/sites.uel.br\/sustentabilidade\/wp-content\/uploads\/2022\/11\/MODELO-ODS6-3.jpg\" \/><\/a><\/div><\/div><div class=\"n2-ss-layer n2-ow n-uc-12a35d3d9e0d8\" data-pm=\"absolute\" data-responsiveposition=\"1\" data-desktopportraitleft=\"260\" data-tabletportraitleft=\"270\" data-mobileportraitleft=\"-395\" data-desktopportraittop=\"289\" data-tabletportraittop=\"301\" data-mobileportraittop=\"375\" data-responsivesize=\"1\" data-desktopportraitwidth=\"539\" data-tabletportraitwidth=\"450\" data-mobileportraitwidth=\"350\" data-desktopportraitheight=\"auto\" data-mobileportraitheight=\"188\" data-desktopportraitalign=\"center\" data-mobileportraitalign=\"center\" data-desktopportraitvalign=\"middle\" data-mobileportraitvalign=\"middle\" data-parentid=\"\" data-desktopportraitparentalign=\"center\" data-desktopportraitparentvalign=\"middle\" data-sstype=\"layer\"><div class=\" n2-ss-item-image-content n2-ss-item-content n2-ow-all\"><a href=\"https:\/\/sites.uel.br\/sustentabilidade\/contaminantes-interesse-ambiental\/\"><img loading=\"lazy\" decoding=\"async\" id=\"n2-ss-38item4\" alt=\"\" class=\"skip-lazy\" style=\"width:450px;height:auto\" width=\"1123\" height=\"794\" data-skip-lazy=\"1\" src=\"\/\/sites.uel.br\/sustentabilidade\/wp-content\/uploads\/2023\/02\/MODELO-ODS6-1.jpg\" \/><\/a><\/div><\/div><div class=\"n2-ss-layer n2-ow n-uc-csrnqowlExv7\" data-pm=\"absolute\" data-responsiveposition=\"1\" data-desktopportraitleft=\"-259\" data-tabletportraitleft=\"-289\" data-mobileportraitleft=\"184\" data-desktopportraittop=\"-476\" data-tabletportraittop=\"-443\" data-mobileportraittop=\"-454\" data-responsivesize=\"1\" data-desktopportraitwidth=\"450\" data-tabletportraitwidth=\"450\" data-mobileportraitwidth=\"758\" data-desktopportraitheight=\"60\" data-tabletportraitheight=\"82\" data-mobileportraitheight=\"128\" data-desktopportraitalign=\"center\" data-tabletportraitalign=\"center\" data-mobileportraitalign=\"center\" data-desktopportraitvalign=\"middle\" data-tabletportraitvalign=\"middle\" data-mobileportraitvalign=\"middle\" data-parentid=\"\" data-desktopportraitparentalign=\"center\" data-desktopportraitparentvalign=\"middle\" data-sstype=\"layer\"><div id=\"n2-ss-38item5\" class=\"  n2-ss-item-content n2-ss-text n2-ow\" style=\"display:block;\"><a class=\"n2-ow n2-font-11d1c638541bad9aeeb2454f66620187-hover n2-style-ded06a10d1993fa18f31ac03ca1e5887-heading \" style=\"display:block;\" href=\"https:\/\/sites.uel.br\/sustentabilidade\/analise-agua\/\">An\u00e1lise de \u00e1gua \u201ctratada e in natura\u201d para consumo humano<\/a><\/div><\/div><div class=\"n2-ss-layer n2-ow n-uc-FJ0lRdPaZBWa\" data-pm=\"absolute\" data-responsiveposition=\"1\" data-desktopportraitleft=\"256\" data-tabletportraitleft=\"270\" data-mobileportraitleft=\"184\" data-desktopportraittop=\"-488\" data-tabletportraittop=\"-414\" data-mobileportraittop=\"-189\" data-responsivesize=\"1\" data-desktopportraitwidth=\"450\" data-tabletportraitwidth=\"450\" data-mobileportraitwidth=\"758\" data-desktopportraitheight=\"83\" data-tabletportraitheight=\"82\" data-mobileportraitheight=\"124\" data-desktopportraitalign=\"center\" data-tabletportraitalign=\"center\" data-mobileportraitalign=\"center\" data-desktopportraitvalign=\"middle\" data-tabletportraitvalign=\"middle\" data-mobileportraitvalign=\"middle\" data-parentid=\"\" data-desktopportraitparentalign=\"center\" data-desktopportraitparentvalign=\"middle\" data-sstype=\"layer\"><div id=\"n2-ss-38item6\" class=\"  n2-ss-item-content n2-ss-text n2-ow\" style=\"display:block;\"><a class=\"n2-ow n2-font-11d1c638541bad9aeeb2454f66620187-hover n2-style-ded06a10d1993fa18f31ac03ca1e5887-heading \" style=\"display:block;\" href=\"https:\/\/sites.uel.br\/sustentabilidade\/aterrosanitario-lixiviado\/\">Tratamento de lixiviado de aterro sanit\u00e1rio por processo Fenton e  Foto-Fenton<\/a><\/div><\/div><div class=\"n2-ss-layer n2-ow n-uc-lb0ec7aXONPD\" data-pm=\"absolute\" data-responsiveposition=\"1\" data-desktopportraitleft=\"-259\" data-tabletportraitleft=\"-289\" data-mobileportraitleft=\"184\" data-desktopportraittop=\"86\" data-tabletportraittop=\"-2\" data-mobileportraittop=\"77\" data-responsivesize=\"1\" data-desktopportraitwidth=\"450\" data-tabletportraitwidth=\"450\" data-mobileportraitwidth=\"758\" data-desktopportraitheight=\"60\" data-tabletportraitheight=\"82\" data-mobileportraitheight=\"124\" data-desktopportraitalign=\"center\" data-tabletportraitalign=\"center\" data-mobileportraitalign=\"center\" data-desktopportraitvalign=\"middle\" data-tabletportraitvalign=\"middle\" data-mobileportraitvalign=\"middle\" data-parentid=\"\" data-desktopportraitparentalign=\"center\" data-desktopportraitparentvalign=\"middle\" data-sstype=\"layer\"><div id=\"n2-ss-38item7\" class=\"  n2-ss-item-content n2-ss-text n2-ow\" style=\"display:block;\"><a class=\"n2-ow n2-font-11d1c638541bad9aeeb2454f66620187-hover n2-style-ded06a10d1993fa18f31ac03ca1e5887-heading \" style=\"display:block;\" href=\"https:\/\/sites.uel.br\/sustentabilidade\/evolucao-pseudopimelodidae\/\">Sistem\u00e1tica e evolu\u00e7\u00e3o da fam\u00edlia Pseudopimelodidae <\/a><\/div><\/div><div class=\"n2-ss-layer n2-ow n-uc-168662ef5d555\" data-pm=\"absolute\" data-responsiveposition=\"1\" data-desktopportraitleft=\"256\" data-tabletportraitleft=\"270\" data-mobileportraitleft=\"184\" data-desktopportraittop=\"91\" data-tabletportraittop=\"70\" data-mobileportraittop=\"341\" data-responsivesize=\"1\" data-desktopportraitwidth=\"450\" data-tabletportraitwidth=\"450\" data-mobileportraitwidth=\"758\" data-desktopportraitheight=\"105\" data-tabletportraitheight=\"82\" data-mobileportraitheight=\"124\" data-desktopportraitalign=\"center\" data-tabletportraitalign=\"center\" data-mobileportraitalign=\"center\" data-desktopportraitvalign=\"middle\" data-tabletportraitvalign=\"middle\" data-mobileportraitvalign=\"middle\" data-parentid=\"\" data-desktopportraitparentalign=\"center\" data-desktopportraitparentvalign=\"middle\" data-sstype=\"layer\"><div id=\"n2-ss-38item8\" class=\"  n2-ss-item-content n2-ss-text n2-ow\" style=\"display:block;\"><a class=\"n2-ow n2-font-11d1c638541bad9aeeb2454f66620187-hover n2-style-ded06a10d1993fa18f31ac03ca1e5887-heading \" style=\"display:block;\" href=\"https:\/\/sites.uel.br\/sustentabilidade\/contaminantes-interesse-ambiental\/\">Determina\u00e7\u00e3o de <br>contaminantes emergentes em amostras de interesse ambiental<\/a><\/div><\/div><\/div><\/div><\/div><\/div><\/div>                <\/div>\n                            <\/div>\n        <\/div>\n        <\/div><ss3-loader><\/ss3-loader><\/div><\/div><div class=\"n2_clear\"><\/div><\/div><\/ss3-force-full-width><\/div>\n\n<div class=\"n2_clear\"><ss3-force-full-width data-overflow-x=\"none\" data-horizontal-selector=\"body\"><div class=\"n2-section-smartslider fitvidsignore  n2_clear\" data-ssid=\"96\"><div id=\"n2-ss-96-align\" class=\"n2-ss-align\"><div class=\"n2-padding\"><div id=\"n2-ss-96\" data-creator=\"Smart Slider 3\" data-responsive=\"fullwidth\" class=\"n2-ss-slider n2-ow n2-has-hover n2notransition  \">\n        <div class=\"n2-ss-slider-1 n2-ow\">\n            <div class=\"n2-ss-slider-2 n2-ow\">\n                <div class=\"n2-ss-slide-backgrounds n2-ow-all\"><div class=\"n2-ss-slide-background\" data-public-id=\"1\" data-mode=\"fill\"><div data-color=\"RGBA(255,255,255,0)\" style=\"background-color: RGBA(255,255,255,0);\" class=\"n2-ss-slide-background-color\"><\/div><\/div><\/div>                <div class=\"n2-ss-slider-3 n2-ow\">\n                    <svg xmlns=\"http:\/\/www.w3.org\/2000\/svg\" viewBox=\"0 0 1200 1100\" data-related-device=\"desktopPortrait\" class=\"n2-ow n2-ss-preserve-size n2-ss-preserve-size--slider n2-ss-slide-limiter\"><\/svg><div data-first=\"1\" data-slide-duration=\"0\" data-id=\"124\" data-slide-public-id=\"1\" data-title=\"Slide\" class=\"n2-ss-slide n2-ow  n2-ss-slide-124\"><div role=\"note\" class=\"n2-ss-slide--focus\" tabindex=\"-1\">Slide<\/div><div class=\"n2-ss-layers-container n2-ss-slide-limiter n2-ow\"><div class=\"n2-ss-layer n2-ow n-uc-7whNfiQLP97a\" data-sstype=\"slide\" data-pm=\"default\"><div class=\"n2-ss-layer n2-ow n-uc-RSxTD9arvo9v\" data-pm=\"default\" data-sstype=\"content\" data-hasbackground=\"0\"><div class=\"n2-ss-section-main-content n2-ss-layer-with-background n2-ss-layer-content n2-ow n-uc-RSxTD9arvo9v-inner\"><div class=\"n2-ss-layer n2-ow n-uc-1032438efbcb9\" data-pm=\"absolute\" data-responsiveposition=\"1\" data-desktopportraitleft=\"-259\" data-tabletportraitleft=\"-289\" data-mobileportraitleft=\"-392\" data-desktopportraittop=\"-231\" data-tabletportraittop=\"-271\" data-mobileportraittop=\"-438\" data-responsivesize=\"1\" data-desktopportraitwidth=\"503\" data-tabletportraitwidth=\"450\" data-mobileportraitwidth=\"350\" data-desktopportraitheight=\"auto\" data-mobileportraitheight=\"158\" data-desktopportraitalign=\"center\" data-mobileportraitalign=\"center\" data-desktopportraitvalign=\"middle\" data-mobileportraitvalign=\"middle\" data-parentid=\"\" data-desktopportraitparentalign=\"center\" data-desktopportraitparentvalign=\"middle\" data-sstype=\"layer\"><div class=\" n2-ss-item-image-content n2-ss-item-content n2-ow-all\"><a href=\"https:\/\/sites.uel.br\/sustentabilidade\/solventes-supramoleculares-em-aguas\/\"><img loading=\"lazy\" decoding=\"async\" id=\"n2-ss-96item1\" alt=\"\" class=\"skip-lazy\" style=\"width:450px;height:auto\" width=\"1123\" height=\"794\" data-skip-lazy=\"1\" src=\"\/\/sites.uel.br\/sustentabilidade\/wp-content\/uploads\/2023\/09\/S.Verde_.jpg\" \/><\/a><\/div><\/div><div class=\"n2-ss-layer n2-ow n-uc-13140175e7aab\" data-pm=\"absolute\" data-responsiveposition=\"1\" data-desktopportraitleft=\"-259\" data-tabletportraitleft=\"-289\" data-mobileportraitleft=\"184\" data-desktopportraittop=\"-453\" data-tabletportraittop=\"-443\" data-mobileportraittop=\"-454\" data-responsivesize=\"1\" data-desktopportraitwidth=\"450\" data-tabletportraitwidth=\"450\" data-mobileportraitwidth=\"758\" data-desktopportraitheight=\"106\" data-tabletportraitheight=\"82\" data-mobileportraitheight=\"128\" data-desktopportraitalign=\"center\" data-tabletportraitalign=\"center\" data-mobileportraitalign=\"center\" data-desktopportraitvalign=\"middle\" data-tabletportraitvalign=\"middle\" data-mobileportraitvalign=\"middle\" data-parentid=\"\" data-desktopportraitparentalign=\"center\" data-desktopportraitparentvalign=\"middle\" data-sstype=\"layer\"><div id=\"n2-ss-96item2\" class=\"  n2-ss-item-content n2-ss-text n2-ow\" style=\"display:block;\"><a class=\"n2-ow n2-font-11d1c638541bad9aeeb2454f66620187-hover n2-style-ded06a10d1993fa18f31ac03ca1e5887-heading \" style=\"display:block;\" href=\"https:\/\/sites.uel.br\/sustentabilidade\/solventes-supramoleculares-em-aguas\/\">Solventes supramoleculares para extra\u00e7\u00e3o de proticonazol em \u00e1guas industriais e determina\u00e7\u00e3o por cromatografia liquida de alto eficiencia.<\/a><\/div><\/div><\/div><\/div><\/div><\/div><\/div>                <\/div>\n                            <\/div>\n        <\/div>\n        <\/div><ss3-loader><\/ss3-loader><\/div><\/div><div class=\"n2_clear\"><\/div><\/div><\/ss3-force-full-width><\/div>","protected":false},"excerpt":{"rendered":"","protected":false},"author":6,"featured_media":0,"parent":0,"menu_order":0,"comment_status":"closed","ping_status":"closed","template":"","meta":{"footnotes":""},"class_list":["post-147","page","type-page","status-publish","hentry"],"acf":[],"_links":{"self":[{"href":"https:\/\/sites.uel.br\/sustentabilidade\/wp-json\/wp\/v2\/pages\/147","targetHints":{"allow":["GET"]}}],"collection":[{"href":"https:\/\/sites.uel.br\/sustentabilidade\/wp-json\/wp\/v2\/pages"}],"about":[{"href":"https:\/\/sites.uel.br\/sustentabilidade\/wp-json\/wp\/v2\/types\/page"}],"author":[{"embeddable":true,"href":"https:\/\/sites.uel.br\/sustentabilidade\/wp-json\/wp\/v2\/users\/6"}],"replies":[{"embeddable":true,"href":"https:\/\/sites.uel.br\/sustentabilidade\/wp-json\/wp\/v2\/comments?post=147"}],"version-history":[{"count":8,"href":"https:\/\/sites.uel.br\/sustentabilidade\/wp-json\/wp\/v2\/pages\/147\/revisions"}],"predecessor-version":[{"id":5531,"href":"https:\/\/sites.uel.br\/sustentabilidade\/wp-json\/wp\/v2\/pages\/147\/revisions\/5531"}],"wp:attachment":[{"href":"https:\/\/sites.uel.br\/sustentabilidade\/wp-json\/wp\/v2\/media?parent=147"}],"curies":[{"name":"wp","href":"https:\/\/api.w.org\/{rel}","templated":true}]}}