{"id":9091,"date":"2026-02-27T15:17:07","date_gmt":"2026-02-27T18:17:07","guid":{"rendered":"https:\/\/sites.uel.br\/ser\/?page_id=9091"},"modified":"2026-02-27T15:17:07","modified_gmt":"2026-02-27T18:17:07","slug":"programacao-proex","status":"publish","type":"page","link":"https:\/\/sites.uel.br\/ser\/programacao-proex\/","title":{"rendered":"Programa\u00e7\u00e3o PROEX"},"content":{"rendered":"\n<hr class=\"wp-block-separator has-alpha-channel-opacity is-style-wide\" \/>\n\n\n<div class=\"wp-block-image\">\n<figure class=\"aligncenter size-full\"><img loading=\"lazy\" decoding=\"async\" width=\"1279\" height=\"510\" src=\"https:\/\/sites.uel.br\/ser\/wp-content\/uploads\/2025\/03\/topo_ser_uel_2025.png\" alt=\"\" class=\"wp-image-7631\" srcset=\"https:\/\/sites.uel.br\/ser\/wp-content\/uploads\/2025\/03\/topo_ser_uel_2025.png 1279w, https:\/\/sites.uel.br\/ser\/wp-content\/uploads\/2025\/03\/topo_ser_uel_2025-300x120.png 300w, https:\/\/sites.uel.br\/ser\/wp-content\/uploads\/2025\/03\/topo_ser_uel_2025-1024x408.png 1024w, https:\/\/sites.uel.br\/ser\/wp-content\/uploads\/2025\/03\/topo_ser_uel_2025-768x306.png 768w\" sizes=\"auto, (max-width: 1279px) 100vw, 1279px\" \/><\/figure>\n<\/div>\n\n\n<p><strong>Proex realiza II Mostra de Arte &amp; Cultura na Semana de Recep\u00e7\u00e3o dos Ingressantes<\/strong><\/p>\n\n\n\n<figure class=\"wp-block-embed aligncenter is-type-wp-embed is-provider-o-perobal-uel wp-block-embed-o-perobal-uel\"><div class=\"wp-block-embed__wrapper\">\n<blockquote class=\"wp-embedded-content\" data-secret=\"JL8gDUiEyf\"><a href=\"https:\/\/operobal.uel.br\/cultura\/2026\/02\/26\/proex-realiza-mostra-de-arte-cultura\/\">Proex realiza II Mostra de Arte &amp; Cultura na Semana de Recep\u00e7\u00e3o dos Ingressantes<\/a><\/blockquote><iframe loading=\"lazy\" class=\"wp-embedded-content\" sandbox=\"allow-scripts\" security=\"restricted\" style=\"position: absolute; visibility: hidden;\" title=\"&#8220;Proex realiza II Mostra de Arte &amp; Cultura na Semana de Recep\u00e7\u00e3o dos Ingressantes&#8221; &#8212; O Perobal - UEL\" src=\"https:\/\/operobal.uel.br\/cultura\/2026\/02\/26\/proex-realiza-mostra-de-arte-cultura\/embed\/#?secret=FNFbr0MZT4#?secret=JL8gDUiEyf\" data-secret=\"JL8gDUiEyf\" width=\"500\" height=\"282\" frameborder=\"0\" marginwidth=\"0\" marginheight=\"0\" scrolling=\"no\"><\/iframe>\n<\/div><\/figure>\n\n\n\n<p>Est\u00e3o abertas at\u00e9 o dia primeiro de mar\u00e7o as inscri\u00e7\u00f5es para interessados em participar da II Mostra de Arte &amp; Cultura da PROEX.<\/p>\n","protected":false},"excerpt":{"rendered":"<p>Proex realiza II Mostra de Arte &amp; Cultura na Semana de Recep\u00e7\u00e3o dos Ingressantes Est\u00e3o abertas at\u00e9 o dia primeiro de mar\u00e7o as inscri\u00e7\u00f5es para interessados em participar da II Mostra de Arte &amp; Cultura da PROEX.<\/p>\n","protected":false},"author":8,"featured_media":0,"parent":0,"menu_order":0,"comment_status":"closed","ping_status":"closed","template":"","meta":{"_acf_changed":false,"_themeisle_gutenberg_block_has_review":false,"footnotes":""},"class_list":["post-9091","page","type-page","status-publish","hentry"],"acf":[],"_links":{"self":[{"href":"https:\/\/sites.uel.br\/ser\/wp-json\/wp\/v2\/pages\/9091","targetHints":{"allow":["GET"]}}],"collection":[{"href":"https:\/\/sites.uel.br\/ser\/wp-json\/wp\/v2\/pages"}],"about":[{"href":"https:\/\/sites.uel.br\/ser\/wp-json\/wp\/v2\/types\/page"}],"author":[{"embeddable":true,"href":"https:\/\/sites.uel.br\/ser\/wp-json\/wp\/v2\/users\/8"}],"replies":[{"embeddable":true,"href":"https:\/\/sites.uel.br\/ser\/wp-json\/wp\/v2\/comments?post=9091"}],"version-history":[{"count":1,"href":"https:\/\/sites.uel.br\/ser\/wp-json\/wp\/v2\/pages\/9091\/revisions"}],"predecessor-version":[{"id":9092,"href":"https:\/\/sites.uel.br\/ser\/wp-json\/wp\/v2\/pages\/9091\/revisions\/9092"}],"wp:attachment":[{"href":"https:\/\/sites.uel.br\/ser\/wp-json\/wp\/v2\/media?parent=9091"}],"curies":[{"name":"wp","href":"https:\/\/api.w.org\/{rel}","templated":true}]}}