{"id":8365,"date":"2025-06-02T11:16:20","date_gmt":"2025-06-02T14:16:20","guid":{"rendered":"https:\/\/sites.uel.br\/ser\/?page_id=8365"},"modified":"2025-07-11T09:50:20","modified_gmt":"2025-07-11T12:50:20","slug":"premio-boas-praticas-na-recepcao-aos-estudantes-ingressantes-2025-ciencias-sociais-filosofia-historia-letras-espanhol-letras-frances-letras-ingles-letras-port","status":"publish","type":"page","link":"https:\/\/sites.uel.br\/ser\/premio-boas-praticas-na-recepcao-aos-estudantes-ingressantes-2025-ciencias-sociais-filosofia-historia-letras-espanhol-letras-frances-letras-ingles-letras-port\/","title":{"rendered":"Pr\u00eamio Boas Pr\u00e1ticas Solid\u00e1rias na Recep\u00e7\u00e3o aos Estudantes Ingressantes"},"content":{"rendered":"\n<hr class=\"wp-block-separator has-alpha-channel-opacity is-style-wide\" \/>\n\n\n<div class=\"wp-block-image\">\n<figure class=\"aligncenter size-full\"><img loading=\"lazy\" decoding=\"async\" width=\"1279\" height=\"510\" src=\"https:\/\/sites.uel.br\/ser\/wp-content\/uploads\/2025\/03\/topo_ser_uel_2025.png\" alt=\"\" class=\"wp-image-7631\" srcset=\"https:\/\/sites.uel.br\/ser\/wp-content\/uploads\/2025\/03\/topo_ser_uel_2025.png 1279w, https:\/\/sites.uel.br\/ser\/wp-content\/uploads\/2025\/03\/topo_ser_uel_2025-300x120.png 300w, https:\/\/sites.uel.br\/ser\/wp-content\/uploads\/2025\/03\/topo_ser_uel_2025-1024x408.png 1024w, https:\/\/sites.uel.br\/ser\/wp-content\/uploads\/2025\/03\/topo_ser_uel_2025-768x306.png 768w\" sizes=\"auto, (max-width: 1279px) 100vw, 1279px\" \/><\/figure>\n<\/div>\n\n\n<h2 class=\"wp-block-heading\">Cursos Inscritos Premiados<\/h2>\n\n\n\n<h2 class=\"wp-block-heading\">2025<\/h2>\n\n\n\n<h2 class=\"wp-block-heading\">Ci\u00eancias Sociais, Filosofia, Hist\u00f3ria, Letras \u2013 Espanhol, Letras \u2013 Franc\u00eas, Letras \u2013 Ingl\u00eas, Letras \u2013 Portugu\u00eas<\/h2>\n\n\n\n<p><strong>Resumo da A\u00e7\u00e3o:<\/strong><\/p>\n\n\n\n<p>Neste ano os estudantes do CLCH realizaram uma campanha de arrecada\u00e7\u00e3o de livros de literatura para o Complexo Social de Londrina, para contribuir com as a\u00e7\u00f5es voltadas \u00e0 ressocializa\u00e7\u00e3o dos benefici\u00e1rios que possuem medida educativa como condi\u00e7\u00e3o de pena a ser cumprida. <br><br>Em um Centro de Estudos que abriga cursos das \u00e1reas das Ci\u00eancias Humanas e Letras, que t\u00eam na leitura e na reflex\u00e3o as bases de suas forma\u00e7\u00f5es, contribuir para a constitui\u00e7\u00e3o de uma biblioteca de literatura constitui um gesto de milit\u00e2ncia nas fileiras da arte e do conhecimento, al\u00e9m da reafirma\u00e7\u00e3o na convic\u00e7\u00e3o do poder renovador da literatura. <br><br>O CLCH tamb\u00e9m se orgulha do projeto de extens\u00e3o &#8220;Leitura liter\u00e1ria como direito \u00e0 cidadania&#8221;, do curso de Letras &#8211; Portugu\u00eas, vinculado ao Patronato Penitenci\u00e1rio de Londrina e ao projeto Ler para Libertar, que coloca em pr\u00e1tica a leitura de obras liter\u00e1rias como ferramenta de ressocializa\u00e7\u00e3o e de forma\u00e7\u00e3o aos apenados.<\/p>\n\n\n\n<p><\/p>\n\n\n\n<p><em>Obs: texto confeccionado pelos estudantes de Gradua\u00e7\u00e3o e\/ou Coordena\u00e7\u00e3o do curso.<\/em><\/p>\n\n\n\n<div style=\"height:20px\" aria-hidden=\"true\" class=\"wp-block-spacer\"><\/div>\n\n\n\n<p><strong>Veja tamb\u00e9m:<\/strong><\/p>\n\n\n\n<p><a href=\"https:\/\/www.deppen.pr.gov.br\/Noticia\/Ler-Para-Libertar-Complexo-Social-da-PPPR-recebe-doacao-de-384-livros-da-Universidade\" target=\"_blank\" rel=\"noreferrer noopener\">Ler Para Libertar: Complexo Social da PPPR recebe doa\u00e7\u00e3o de 384 livros da Universidade Estadual de Londrina<\/a><\/p>\n\n\n\n<hr class=\"wp-block-separator has-text-color has-cinza-color has-css-opacity has-cinza-background-color has-background is-style-wide\" \/>\n\n\n<div class=\"wp-block-image\">\n<figure class=\"aligncenter size-large\"><img decoding=\"async\" src=\"https:\/\/sites.uel.br\/ser\/wp-content\/uploads\/imagens\/2025\/clch\/01.jpg\" alt=\"\" \/><\/figure>\n<\/div>\n\n<div class=\"wp-block-image\">\n<figure class=\"aligncenter size-large\"><img decoding=\"async\" src=\"https:\/\/sites.uel.br\/ser\/wp-content\/uploads\/imagens\/2025\/clch\/02.jpg\" alt=\"\" \/><\/figure>\n<\/div>\n\n<div class=\"wp-block-image\">\n<figure class=\"aligncenter size-large\"><img decoding=\"async\" src=\"https:\/\/sites.uel.br\/ser\/wp-content\/uploads\/imagens\/2025\/clch\/03.jpg\" alt=\"\" \/><\/figure>\n<\/div>\n\n<div class=\"wp-block-image\">\n<figure class=\"aligncenter size-large\"><img decoding=\"async\" src=\"https:\/\/sites.uel.br\/ser\/wp-content\/uploads\/imagens\/2025\/clch\/04.jpg\" alt=\"\" \/><\/figure>\n<\/div>\n\n<div class=\"wp-block-image\">\n<figure class=\"aligncenter size-large\"><img decoding=\"async\" src=\"https:\/\/sites.uel.br\/ser\/wp-content\/uploads\/imagens\/2025\/clch\/05.jpg\" alt=\"\" \/><\/figure>\n<\/div>\n\n<div class=\"wp-block-image\">\n<figure class=\"aligncenter size-large\"><img decoding=\"async\" src=\"https:\/\/sites.uel.br\/ser\/wp-content\/uploads\/imagens\/2025\/clch\/06.jpg\" alt=\"\" \/><\/figure>\n<\/div>\n\n<div class=\"wp-block-image\">\n<figure class=\"aligncenter size-large\"><img decoding=\"async\" src=\"https:\/\/sites.uel.br\/ser\/wp-content\/uploads\/imagens\/2025\/clch\/07.jpg\" alt=\"\" \/><\/figure>\n<\/div>\n\n<div class=\"wp-block-image\">\n<figure class=\"aligncenter size-large\"><img decoding=\"async\" src=\"https:\/\/sites.uel.br\/ser\/wp-content\/uploads\/imagens\/2025\/clch\/08.jpg\" alt=\"\" \/><\/figure>\n<\/div>\n\n<div class=\"wp-block-image\">\n<figure class=\"aligncenter size-large\"><img decoding=\"async\" src=\"https:\/\/sites.uel.br\/ser\/wp-content\/uploads\/imagens\/2025\/clch\/09.jpg\" alt=\"\" \/><\/figure>\n<\/div>\n\n<div class=\"wp-block-image\">\n<figure class=\"aligncenter size-large\"><img decoding=\"async\" src=\"https:\/\/sites.uel.br\/ser\/wp-content\/uploads\/imagens\/2025\/clch\/10.jpg\" alt=\"\" \/><\/figure>\n<\/div>\n\n<div class=\"wp-block-image\">\n<figure class=\"aligncenter size-large\"><img decoding=\"async\" src=\"https:\/\/sites.uel.br\/ser\/wp-content\/uploads\/imagens\/2025\/clch\/11.jpg\" alt=\"\" \/><\/figure>\n<\/div>\n\n<div class=\"wp-block-image\">\n<figure class=\"aligncenter size-large\"><img decoding=\"async\" src=\"https:\/\/sites.uel.br\/ser\/wp-content\/uploads\/imagens\/2025\/clch\/12.jpg\" alt=\"\" \/><\/figure>\n<\/div>\n\n<div class=\"wp-block-image\">\n<figure class=\"aligncenter size-large\"><img decoding=\"async\" src=\"https:\/\/sites.uel.br\/ser\/wp-content\/uploads\/imagens\/2025\/clch\/13.jpg\" alt=\"\" \/><\/figure>\n<\/div>\n\n<div class=\"wp-block-image\">\n<figure class=\"aligncenter size-large\"><img decoding=\"async\" src=\"https:\/\/sites.uel.br\/ser\/wp-content\/uploads\/imagens\/2025\/clch\/14.jpg\" alt=\"\" \/><\/figure>\n<\/div>\n\n<div class=\"wp-block-image\">\n<figure class=\"aligncenter size-large\"><img decoding=\"async\" src=\"https:\/\/sites.uel.br\/ser\/wp-content\/uploads\/imagens\/2025\/clch\/15.jpg\" alt=\"\" \/><\/figure>\n<\/div>\n\n<div class=\"wp-block-image\">\n<figure class=\"aligncenter size-large\"><img decoding=\"async\" src=\"https:\/\/sites.uel.br\/ser\/wp-content\/uploads\/imagens\/2025\/clch\/16.jpg\" alt=\"\" \/><\/figure>\n<\/div>\n\n<div class=\"wp-block-image\">\n<figure class=\"aligncenter size-large\"><img decoding=\"async\" src=\"https:\/\/sites.uel.br\/ser\/wp-content\/uploads\/imagens\/2025\/clch\/17.jpg\" alt=\"\" \/><\/figure>\n<\/div>\n\n<div class=\"wp-block-image\">\n<figure class=\"aligncenter size-large\"><img decoding=\"async\" src=\"https:\/\/sites.uel.br\/ser\/wp-content\/uploads\/imagens\/2025\/clch\/18.jpg\" alt=\"\" \/><\/figure>\n<\/div>\n\n<div class=\"wp-block-image\">\n<figure class=\"aligncenter size-large\"><img decoding=\"async\" src=\"https:\/\/sites.uel.br\/ser\/wp-content\/uploads\/imagens\/2025\/clch\/19.jpg\" alt=\"\" \/><\/figure>\n<\/div>\n\n<div class=\"wp-block-image\">\n<figure class=\"aligncenter size-large\"><img decoding=\"async\" src=\"https:\/\/sites.uel.br\/ser\/wp-content\/uploads\/imagens\/2025\/clch\/20.jpg\" alt=\"\" \/><\/figure>\n<\/div>\n\n<div class=\"wp-block-image\">\n<figure class=\"aligncenter size-large\"><img decoding=\"async\" src=\"https:\/\/sites.uel.br\/ser\/wp-content\/uploads\/imagens\/2025\/clch\/21.jpg\" alt=\"\" \/><\/figure>\n<\/div>\n\n<div class=\"wp-block-image\">\n<figure class=\"aligncenter size-large\"><img decoding=\"async\" src=\"https:\/\/sites.uel.br\/ser\/wp-content\/uploads\/imagens\/2025\/clch\/22.jpg\" alt=\"\" \/><\/figure>\n<\/div>\n\n<div class=\"wp-block-image\">\n<figure class=\"aligncenter size-large\"><img decoding=\"async\" src=\"https:\/\/sites.uel.br\/ser\/wp-content\/uploads\/imagens\/2025\/clch\/23.jpg\" alt=\"\" \/><\/figure>\n<\/div>\n\n<div class=\"wp-block-image\">\n<figure class=\"aligncenter size-large\"><img decoding=\"async\" src=\"https:\/\/sites.uel.br\/ser\/wp-content\/uploads\/imagens\/2025\/clch\/24.jpg\" alt=\"\" \/><\/figure>\n<\/div>\n\n<div class=\"wp-block-image\">\n<figure class=\"aligncenter size-large\"><img decoding=\"async\" src=\"https:\/\/sites.uel.br\/ser\/wp-content\/uploads\/imagens\/2025\/clch\/25.jpg\" alt=\"\" \/><\/figure>\n<\/div>\n\n\n<hr class=\"wp-block-separator has-text-color has-cinza-color has-css-opacity has-cinza-background-color has-background is-style-wide\" \/>\n\n\n\n<p><strong>ESTUDANTES PARTICIPANTES<\/strong><\/p>\n\n\n\n<p>ALEXANDRE DOS SANTOS FRANCO<br>DANILO LEATI NUNES<br>DIENE QUELE DOS SANTOS<br>GABRIEL VER\u00cdSSIMO DOS SANTOS<br>GIOVANA SCHMIDT DOS SANTOS<br>GIOVANA TEODORO SIQUEIRA<br>ISABELA MEDEIROS TRINDADE<br>ISADORA BITTENCOURT GOUVEIA<br>JULIA STRATICO<br>LARISSA ITINOCE MENDON\u00c7A<br>LARYSSA VIEIRA DA SILVA<br>MARIA EDUARDA RODRIGUES DE SOUZA<br>MARIANA SUENSON SALES<br>MAURO MORAIS NETO<br>RAQUEL DE OLIVEIRA PRETE<br>VICTOR HUGO BENTO DA COSTA TRALDI<\/p>\n\n\n\n<div style=\"height:20px\" aria-hidden=\"true\" class=\"wp-block-spacer\"><\/div>\n\n\n\n<p><strong>DOCENTES PARTICIPANTES<\/strong><\/p>\n\n\n\n<p>ELLEN MARIANY DA SILVA DIAS<br>SHEILA OLIVEIRA LIMA<br>SONIA PASCOLATI<\/p>\n","protected":false},"excerpt":{"rendered":"<p>Cursos Inscritos Premiados 2025 Ci\u00eancias Sociais, Filosofia, Hist\u00f3ria, Letras \u2013 Espanhol, Letras \u2013 Franc\u00eas, Letras \u2013 Ingl\u00eas, Letras \u2013 Portugu\u00eas Resumo da A\u00e7\u00e3o: Neste ano os estudantes do CLCH realizaram uma campanha de arrecada\u00e7\u00e3o de livros de literatura para o Complexo Social de Londrina, para contribuir com as a\u00e7\u00f5es voltadas \u00e0 ressocializa\u00e7\u00e3o dos benefici\u00e1rios que [&hellip;]<\/p>\n","protected":false},"author":8,"featured_media":0,"parent":0,"menu_order":0,"comment_status":"closed","ping_status":"closed","template":"","meta":{"_acf_changed":false,"_themeisle_gutenberg_block_has_review":false,"footnotes":""},"class_list":["post-8365","page","type-page","status-publish","hentry"],"acf":[],"_links":{"self":[{"href":"https:\/\/sites.uel.br\/ser\/wp-json\/wp\/v2\/pages\/8365","targetHints":{"allow":["GET"]}}],"collection":[{"href":"https:\/\/sites.uel.br\/ser\/wp-json\/wp\/v2\/pages"}],"about":[{"href":"https:\/\/sites.uel.br\/ser\/wp-json\/wp\/v2\/types\/page"}],"author":[{"embeddable":true,"href":"https:\/\/sites.uel.br\/ser\/wp-json\/wp\/v2\/users\/8"}],"replies":[{"embeddable":true,"href":"https:\/\/sites.uel.br\/ser\/wp-json\/wp\/v2\/comments?post=8365"}],"version-history":[{"count":11,"href":"https:\/\/sites.uel.br\/ser\/wp-json\/wp\/v2\/pages\/8365\/revisions"}],"predecessor-version":[{"id":8633,"href":"https:\/\/sites.uel.br\/ser\/wp-json\/wp\/v2\/pages\/8365\/revisions\/8633"}],"wp:attachment":[{"href":"https:\/\/sites.uel.br\/ser\/wp-json\/wp\/v2\/media?parent=8365"}],"curies":[{"name":"wp","href":"https:\/\/api.w.org\/{rel}","templated":true}]}}