{"id":8185,"date":"2025-05-28T16:09:45","date_gmt":"2025-05-28T19:09:45","guid":{"rendered":"https:\/\/sites.uel.br\/ser\/?page_id=8185"},"modified":"2025-07-22T11:01:42","modified_gmt":"2025-07-22T14:01:42","slug":"premio-boas-praticas-na-recepcao-aos-estudantes-ingressantes-premiados-2025-zootecnia","status":"publish","type":"page","link":"https:\/\/sites.uel.br\/ser\/premio-boas-praticas-na-recepcao-aos-estudantes-ingressantes-premiados-2025-zootecnia\/","title":{"rendered":"Pr\u00eamio Boas Pr\u00e1ticas Solid\u00e1rias na Recep\u00e7\u00e3o aos Estudantes Ingressantes"},"content":{"rendered":"\n<hr class=\"wp-block-separator has-alpha-channel-opacity is-style-wide\" \/>\n\n\n<div class=\"wp-block-image\">\n<figure class=\"aligncenter size-full\"><img loading=\"lazy\" decoding=\"async\" width=\"1279\" height=\"510\" src=\"https:\/\/sites.uel.br\/ser\/wp-content\/uploads\/2025\/03\/topo_ser_uel_2025.png\" alt=\"\" class=\"wp-image-7631\" srcset=\"https:\/\/sites.uel.br\/ser\/wp-content\/uploads\/2025\/03\/topo_ser_uel_2025.png 1279w, https:\/\/sites.uel.br\/ser\/wp-content\/uploads\/2025\/03\/topo_ser_uel_2025-300x120.png 300w, https:\/\/sites.uel.br\/ser\/wp-content\/uploads\/2025\/03\/topo_ser_uel_2025-1024x408.png 1024w, https:\/\/sites.uel.br\/ser\/wp-content\/uploads\/2025\/03\/topo_ser_uel_2025-768x306.png 768w\" sizes=\"auto, (max-width: 1279px) 100vw, 1279px\" \/><\/figure>\n<\/div>\n\n\n<h2 class=\"wp-block-heading\">Cursos Inscritos Premiados<\/h2>\n\n\n\n<h2 class=\"wp-block-heading\">2025<\/h2>\n\n\n\n<h2 class=\"wp-block-heading\">Zootecnia<\/h2>\n\n\n\n<p><strong>Resumo da A\u00e7\u00e3o:<\/strong><\/p>\n\n\n\n<p>Semana de recep\u00e7\u00e3o dos ingressantes<br>Visita Guiada pelo Campus<br>Apresenta\u00e7\u00e3o das Entidades<br>Apresenta\u00e7\u00e3o dos Grupos de Estudos<br>Apresenta\u00e7\u00e3o da Equipe do CCA<br>Palestra SEBEC<br>Palestra Respeito \u00e0s diferen\u00e7as de g\u00eanero e \u00e9tnico-raciais<br>Palestra Como viver com os macacos no Campus<br>Visita Guiada pela FAZESC<br>Apadrinhamento dos Calouros<br>Manual do Calouro<br>Aula Magna<br>Almo\u00e7o de acolhimento e recep\u00e7\u00e3o<br>Trote solid\u00e1rio, visita e doa\u00e7\u00e3o de alimentos ao asilo S\u00e3o Vicente de Paulo<br>Campanha P\u00e1scoa solid\u00e1ria as crian\u00e7as do Projeto Ciranda da Paz<br>Doa\u00e7\u00e3o de sangue ao hemocentro do HU<br>Campanha do 5S na FAZESC com costelada de encerramento<\/p>\n\n\n\n<p><em>Obs: texto confeccionado pelos estudantes de Gradua\u00e7\u00e3o e\/ou Coordena\u00e7\u00e3o do curso.<\/em><\/p>\n\n\n\n<hr class=\"wp-block-separator has-text-color has-cinza-color has-css-opacity has-cinza-background-color has-background is-style-wide\" \/>\n\n\n\n<figure class=\"wp-block-embed is-type-video is-provider-youtube wp-block-embed-youtube wp-embed-aspect-16-9 wp-has-aspect-ratio\"><div class=\"wp-block-embed__wrapper\">\n<iframe loading=\"lazy\" title=\"Pr\u00eamio Boas Pr\u00e1ticas Solid\u00e1rias na Semana do Estudante Ingressante 2025 (Zootecnia)\" width=\"500\" height=\"281\" src=\"https:\/\/www.youtube.com\/embed\/LfvgzQmJtdk?feature=oembed\" frameborder=\"0\" allow=\"accelerometer; autoplay; clipboard-write; encrypted-media; gyroscope; picture-in-picture; web-share\" referrerpolicy=\"strict-origin-when-cross-origin\" allowfullscreen><\/iframe>\n<\/div><\/figure>\n\n\n<div class=\"wp-block-image\">\n<figure class=\"aligncenter size-large\"><img decoding=\"async\" src=\"https:\/\/sites.uel.br\/ser\/wp-content\/uploads\/imagens\/2025\/zootecnia\/01-scaled.jpeg\" alt=\"\" \/><\/figure>\n<\/div>\n\n<div class=\"wp-block-image\">\n<figure class=\"aligncenter size-large\"><img decoding=\"async\" src=\"https:\/\/sites.uel.br\/ser\/wp-content\/uploads\/imagens\/2025\/zootecnia\/02.jpeg\" alt=\"\" \/><\/figure>\n<\/div>\n\n<div class=\"wp-block-image\">\n<figure class=\"aligncenter size-large\"><img decoding=\"async\" src=\"https:\/\/sites.uel.br\/ser\/wp-content\/uploads\/imagens\/2025\/zootecnia\/03.jpeg\" alt=\"\" \/><\/figure>\n<\/div>\n\n<div class=\"wp-block-image\">\n<figure class=\"aligncenter size-large\"><img decoding=\"async\" src=\"https:\/\/sites.uel.br\/ser\/wp-content\/uploads\/imagens\/2025\/zootecnia\/04.jpeg\" alt=\"\" \/><\/figure>\n<\/div>\n\n<div class=\"wp-block-image\">\n<figure class=\"aligncenter size-large\"><img decoding=\"async\" src=\"https:\/\/sites.uel.br\/ser\/wp-content\/uploads\/imagens\/2025\/zootecnia\/05.jpeg\" alt=\"\" \/><\/figure>\n<\/div>\n\n<div class=\"wp-block-image\">\n<figure class=\"aligncenter size-large\"><img decoding=\"async\" src=\"https:\/\/sites.uel.br\/ser\/wp-content\/uploads\/imagens\/2025\/zootecnia\/06.jpeg\" alt=\"\" \/><\/figure>\n<\/div>\n\n<div class=\"wp-block-image\">\n<figure class=\"aligncenter size-large\"><img decoding=\"async\" src=\"https:\/\/sites.uel.br\/ser\/wp-content\/uploads\/imagens\/2025\/zootecnia\/07.jpeg\" alt=\"\" \/><\/figure>\n<\/div>\n\n\n<hr class=\"wp-block-separator has-text-color has-cinza-color has-css-opacity has-cinza-background-color has-background is-style-wide\" \/>\n\n\n\n<p><strong>ESTUDANTES PARTICIPANTES<\/strong><\/p>\n\n\n\n<p>ANA JULIA S. BARBOSA DA CRUZ<br>ANA JULIA SOARES PAULINO<br>ANA KAORI SAKATA<br>ANA LUZIA DOS SANTOS BRAGA<br>ANA RITA PELLEGRINO DA SILVA<br>ANALICE ALVES PEREIRA<br>ANNELISE DUCATI<br>ANTONIO CARLOS POLONIO<br>ATHINA ONASSIS JAVE SOTO<br>AURIELLY VITORIA LOPES LEAO BARBOSA<br>B\u00c1RBARA LORENA BELLONI SILVA<br>BEATRIZ BARBOSA DE LIMA<br>BEATRIZ MAGALH\u00c3ES DOS SANTOS<br>BIANCA PAIONK PARDINI<br>CAIO HENRIQUE DO AMARAL CAMPOS OKUM<br>CIBELLY AKEMI HIGUCHI<br>ERICKA LORENNA VITORIANO GIMENES<br>FLAVIO ALEXANDRE MOREIRA<br>GABRIEL HORVATICH SANTANA PAULUCCI<br>GABRIELI DUTRA DE FREITAS<br>GEOVANA MERIGUE<br>GUILHERME KAUE DOS REIS GONCALVES<br>HELOISA CARNIETO GOMES<br>IGOR PATSKO GON\u00c7ALVES<br>ISADORA LINO OLIVEIRA<br>ITHALO WILLIAN MERIGUE SAMPAR<br>JENIFER AMANDA ALVES MENDON\u00c7A<br>JENIFER VITORIA ARRUDA JESUS DOS SANTOS<br>JOAO LUCAS DE ASSIS E SILVA<br>JO\u00c3O OT\u00c1VIO CAVALARI COVRE<br>JO\u00c3O PEDRO MASSARIOLLI DE CAMPOS<br>JOAO VITOR FERNANDES DA SILVA<br>JULIA BATISTA DA COSTA<br>JULIA CARVALHO DE LIMA<br>JULIA LIMA SOUZA<br>JULIA RODRIGUES TOLEDO NEVES<br>JULIA SANTOS RUBBO DE S\u00c1<br>JULIANA STEFANY DOMINGOS NORONHA<br>LARISSA FREITAS RAMALHO<br>LEANDRO TAMASHIRO ODA<br>LEONARDO SCHMITT PEREIRA<br>LORENA MARTINS FERREIRA<br>LORENA MONTEIRO DA SILVA<br>LUCAS VIDAL BARBOSA<br>LUIS FELIPE FERNANDES DE SENA<br>MARCOS LEONARDO DA CUNHA<br>MARIA CLARA TAROSSO MAZARO<br>MARIANA DIAS BIONDI DE ANDRADE<br>MARIANA MARTINS ROSSATO<br>MARIANY BRUNIEL SILVA<br>MIGUEL JUNQUETTI MATTOS<br>NATALLIA BASSETO PIRES<br>NAYANNE REIS FERNANDES<br>PEDRO HENRIQUE DE SOUZA PINHATI<br>PEDRO HENRIQUE DONATO COUTINHO<br>REBECA DOS SANTOS NUNES<br>SABRINA YASMIN MARIA<br>SOPHIA SANT\u2019ANA DE MORAIS LEITE<br>STEFANNY OLIVEIRA ALVES LIMA<br>THIAGO BRITTO DOS SANTOS<br>VIN\u00cdCIUS IRENE<\/p>\n\n\n\n<div style=\"height:20px\" aria-hidden=\"true\" class=\"wp-block-spacer\"><\/div>\n\n\n\n<p><strong>DOCENTES PARTICIPANTES<\/strong><\/p>\n\n\n\n<p>ADILSON LUIZ SEIFERT<br>ANA MARIA BRIDI<br>CAROLINA AM\u00c1LIA SOUZA DANTAS MUNIZ<br>IN\u00caS CRISTINA DE BATISTA FONSECA<br>SANDRA GALBEIRO<br>SANDRA MARIA SIMONELLI<br>T\u00c2NIA LUIZA DA SILVA TOFFOLLI<\/p>\n","protected":false},"excerpt":{"rendered":"<p>Cursos Inscritos Premiados 2025 Zootecnia Resumo da A\u00e7\u00e3o: Semana de recep\u00e7\u00e3o dos ingressantesVisita Guiada pelo CampusApresenta\u00e7\u00e3o das EntidadesApresenta\u00e7\u00e3o dos Grupos de EstudosApresenta\u00e7\u00e3o da Equipe do CCAPalestra SEBECPalestra Respeito \u00e0s diferen\u00e7as de g\u00eanero e \u00e9tnico-raciaisPalestra Como viver com os macacos no CampusVisita Guiada pela FAZESCApadrinhamento dos CalourosManual do CalouroAula MagnaAlmo\u00e7o de acolhimento e recep\u00e7\u00e3oTrote solid\u00e1rio, visita [&hellip;]<\/p>\n","protected":false},"author":8,"featured_media":0,"parent":0,"menu_order":0,"comment_status":"closed","ping_status":"closed","template":"","meta":{"_acf_changed":false,"_themeisle_gutenberg_block_has_review":false,"footnotes":""},"class_list":["post-8185","page","type-page","status-publish","hentry"],"acf":[],"_links":{"self":[{"href":"https:\/\/sites.uel.br\/ser\/wp-json\/wp\/v2\/pages\/8185","targetHints":{"allow":["GET"]}}],"collection":[{"href":"https:\/\/sites.uel.br\/ser\/wp-json\/wp\/v2\/pages"}],"about":[{"href":"https:\/\/sites.uel.br\/ser\/wp-json\/wp\/v2\/types\/page"}],"author":[{"embeddable":true,"href":"https:\/\/sites.uel.br\/ser\/wp-json\/wp\/v2\/users\/8"}],"replies":[{"embeddable":true,"href":"https:\/\/sites.uel.br\/ser\/wp-json\/wp\/v2\/comments?post=8185"}],"version-history":[{"count":11,"href":"https:\/\/sites.uel.br\/ser\/wp-json\/wp\/v2\/pages\/8185\/revisions"}],"predecessor-version":[{"id":8661,"href":"https:\/\/sites.uel.br\/ser\/wp-json\/wp\/v2\/pages\/8185\/revisions\/8661"}],"wp:attachment":[{"href":"https:\/\/sites.uel.br\/ser\/wp-json\/wp\/v2\/media?parent=8185"}],"curies":[{"name":"wp","href":"https:\/\/api.w.org\/{rel}","templated":true}]}}