{"id":8178,"date":"2025-05-28T16:09:27","date_gmt":"2025-05-28T19:09:27","guid":{"rendered":"https:\/\/sites.uel.br\/ser\/?page_id=8178"},"modified":"2025-07-11T09:50:41","modified_gmt":"2025-07-11T12:50:41","slug":"premio-boas-praticas-na-recepcao-aos-estudantes-ingressantes-premiados-2025-fisica","status":"publish","type":"page","link":"https:\/\/sites.uel.br\/ser\/premio-boas-praticas-na-recepcao-aos-estudantes-ingressantes-premiados-2025-fisica\/","title":{"rendered":"Pr\u00eamio Boas Pr\u00e1ticas Solid\u00e1rias na Recep\u00e7\u00e3o aos Estudantes Ingressantes"},"content":{"rendered":"\n<hr class=\"wp-block-separator has-alpha-channel-opacity is-style-wide\" \/>\n\n\n<div class=\"wp-block-image\">\n<figure class=\"aligncenter size-full\"><img loading=\"lazy\" decoding=\"async\" width=\"1279\" height=\"510\" src=\"https:\/\/sites.uel.br\/ser\/wp-content\/uploads\/2025\/03\/topo_ser_uel_2025.png\" alt=\"\" class=\"wp-image-7631\" srcset=\"https:\/\/sites.uel.br\/ser\/wp-content\/uploads\/2025\/03\/topo_ser_uel_2025.png 1279w, https:\/\/sites.uel.br\/ser\/wp-content\/uploads\/2025\/03\/topo_ser_uel_2025-300x120.png 300w, https:\/\/sites.uel.br\/ser\/wp-content\/uploads\/2025\/03\/topo_ser_uel_2025-1024x408.png 1024w, https:\/\/sites.uel.br\/ser\/wp-content\/uploads\/2025\/03\/topo_ser_uel_2025-768x306.png 768w\" sizes=\"auto, (max-width: 1279px) 100vw, 1279px\" \/><\/figure>\n<\/div>\n\n\n<h2 class=\"wp-block-heading\">Cursos Inscritos Premiados<\/h2>\n\n\n\n<h2 class=\"wp-block-heading\">2025<\/h2>\n\n\n\n<h2 class=\"wp-block-heading\">F\u00edsica<\/h2>\n\n\n\n<p><strong>Resumo da A\u00e7\u00e3o:<\/strong><\/p>\n\n\n\n<p>Esse ano, o grupo PET F\u00edsica UEL realizou a arrecada\u00e7\u00e3o de tampinhas de garrafa pl\u00e1sticas entre os estudantes rec\u00e9m ingressantes, veteranos e membros do departamento de F\u00edsica da UEL. Foram recolhidas tampas de garrafa pet, ketchup, creme dental, achocolatado, shampoo, condicionador, caixa de leite, amaciante e etc. A coleta foi realizada tanto na Secretaria do Departamento de F\u00edsica quanto na sala do PET F\u00edsica (319-A).<br><br>Os cerca de 4 kg de tampas arrecadadas foram doados ao Hospital do C\u00e2ncer de Londrina, institui\u00e7\u00e3o a qual converte esse material em dinheiro para ajudar a subsidiar suas atividades no tratamento de pacientes.<\/p>\n\n\n\n<p><em>Obs: texto confeccionado pelos estudantes de Gradua\u00e7\u00e3o e\/ou Coordena\u00e7\u00e3o do curso.<\/em><\/p>\n\n\n\n<hr class=\"wp-block-separator has-text-color has-cinza-color has-css-opacity has-cinza-background-color has-background is-style-wide\" \/>\n\n\n<div class=\"wp-block-image\">\n<figure class=\"aligncenter size-large\"><img decoding=\"async\" src=\"https:\/\/sites.uel.br\/ser\/wp-content\/uploads\/imagens\/2025\/fisica\/01-scaled.jpeg\" alt=\"\" \/><\/figure>\n<\/div>\n\n<div class=\"wp-block-image\">\n<figure class=\"aligncenter size-large\"><img decoding=\"async\" src=\"https:\/\/sites.uel.br\/ser\/wp-content\/uploads\/imagens\/2025\/fisica\/02-scaled.jpeg\" alt=\"\" \/><\/figure>\n<\/div>\n\n<div class=\"wp-block-image\">\n<figure class=\"aligncenter size-large\"><img decoding=\"async\" src=\"https:\/\/sites.uel.br\/ser\/wp-content\/uploads\/imagens\/2025\/fisica\/03-scaled.jpeg\" alt=\"\" \/><\/figure>\n<\/div>\n\n\n<hr class=\"wp-block-separator has-text-color has-cinza-color has-css-opacity has-cinza-background-color has-background is-style-wide\" \/>\n\n\n\n<p><strong>ESTUDANTES PARTICIPANTES<\/strong><\/p>\n\n\n\n<p>ANA J\u00daLIA FEITOSA DE SOUZA MARTINS<br>AUGUSTO FELIPE MOURA DE SOUZA FALTA<br>DANILO DESCHAMPS MACHADO<br>ENZO LANFRANCHI GLASER&nbsp;<br>GIOVANNY DE OLIVEIRA GODOI<br>JULIA YAGUI DE ANDRADE<br>LAILSON GUILHERME TOBIAS DE OLIVEIRA<br>MARIELLY SENE MUNHOZ<br>NATHALIA MAROSTICA PAVEZI<br>NATHALY EMY NOGUTI CATARINO<br>RAFAELLA BONI PAULENA<br>THIAGO FARIAS DA SILVA<br>VITOR HUGO DE CARVALHO MENDES<br>YAN GUSTAVO SERET LEOM CORDEIRO<\/p>\n\n\n\n<div style=\"height:20px\" aria-hidden=\"true\" class=\"wp-block-spacer\"><\/div>\n\n\n\n<p><strong>DOCENTES PARTICIPANTES<\/strong><\/p>\n\n\n\n<p>AVACIR CASANOVA ANDRELLO<br>GUSTAVO IACHEL<\/p>\n","protected":false},"excerpt":{"rendered":"<p>Cursos Inscritos Premiados 2025 F\u00edsica Resumo da A\u00e7\u00e3o: Esse ano, o grupo PET F\u00edsica UEL realizou a arrecada\u00e7\u00e3o de tampinhas de garrafa pl\u00e1sticas entre os estudantes rec\u00e9m ingressantes, veteranos e membros do departamento de F\u00edsica da UEL. Foram recolhidas tampas de garrafa pet, ketchup, creme dental, achocolatado, shampoo, condicionador, caixa de leite, amaciante e etc. [&hellip;]<\/p>\n","protected":false},"author":8,"featured_media":0,"parent":0,"menu_order":0,"comment_status":"closed","ping_status":"closed","template":"","meta":{"_acf_changed":false,"_themeisle_gutenberg_block_has_review":false,"footnotes":""},"class_list":["post-8178","page","type-page","status-publish","hentry"],"acf":[],"_links":{"self":[{"href":"https:\/\/sites.uel.br\/ser\/wp-json\/wp\/v2\/pages\/8178","targetHints":{"allow":["GET"]}}],"collection":[{"href":"https:\/\/sites.uel.br\/ser\/wp-json\/wp\/v2\/pages"}],"about":[{"href":"https:\/\/sites.uel.br\/ser\/wp-json\/wp\/v2\/types\/page"}],"author":[{"embeddable":true,"href":"https:\/\/sites.uel.br\/ser\/wp-json\/wp\/v2\/users\/8"}],"replies":[{"embeddable":true,"href":"https:\/\/sites.uel.br\/ser\/wp-json\/wp\/v2\/comments?post=8178"}],"version-history":[{"count":8,"href":"https:\/\/sites.uel.br\/ser\/wp-json\/wp\/v2\/pages\/8178\/revisions"}],"predecessor-version":[{"id":8638,"href":"https:\/\/sites.uel.br\/ser\/wp-json\/wp\/v2\/pages\/8178\/revisions\/8638"}],"wp:attachment":[{"href":"https:\/\/sites.uel.br\/ser\/wp-json\/wp\/v2\/media?parent=8178"}],"curies":[{"name":"wp","href":"https:\/\/api.w.org\/{rel}","templated":true}]}}