{"id":8172,"date":"2025-05-28T16:09:15","date_gmt":"2025-05-28T19:09:15","guid":{"rendered":"https:\/\/sites.uel.br\/ser\/?page_id=8172"},"modified":"2025-07-11T09:50:11","modified_gmt":"2025-07-11T12:50:11","slug":"premio-boas-praticas-na-recepcao-aos-estudantes-ingressantes-premiados-2025-biomedicina","status":"publish","type":"page","link":"https:\/\/sites.uel.br\/ser\/premio-boas-praticas-na-recepcao-aos-estudantes-ingressantes-premiados-2025-biomedicina\/","title":{"rendered":"Pr\u00eamio Boas Pr\u00e1ticas Solid\u00e1rias na Recep\u00e7\u00e3o aos Estudantes Ingressantes"},"content":{"rendered":"\n<hr class=\"wp-block-separator has-alpha-channel-opacity is-style-wide\" \/>\n\n\n<div class=\"wp-block-image\">\n<figure class=\"aligncenter size-full\"><img loading=\"lazy\" decoding=\"async\" width=\"1279\" height=\"510\" src=\"https:\/\/sites.uel.br\/ser\/wp-content\/uploads\/2025\/03\/topo_ser_uel_2025.png\" alt=\"\" class=\"wp-image-7631\" srcset=\"https:\/\/sites.uel.br\/ser\/wp-content\/uploads\/2025\/03\/topo_ser_uel_2025.png 1279w, https:\/\/sites.uel.br\/ser\/wp-content\/uploads\/2025\/03\/topo_ser_uel_2025-300x120.png 300w, https:\/\/sites.uel.br\/ser\/wp-content\/uploads\/2025\/03\/topo_ser_uel_2025-1024x408.png 1024w, https:\/\/sites.uel.br\/ser\/wp-content\/uploads\/2025\/03\/topo_ser_uel_2025-768x306.png 768w\" sizes=\"auto, (max-width: 1279px) 100vw, 1279px\" \/><\/figure>\n<\/div>\n\n\n<h2 class=\"wp-block-heading\">Cursos Inscritos Premiados<\/h2>\n\n\n\n<h2 class=\"wp-block-heading\">2025<\/h2>\n\n\n\n<h2 class=\"wp-block-heading\">Biomedicina<\/h2>\n\n\n\n<p><strong>Resumo da A\u00e7\u00e3o:<\/strong><\/p>\n\n\n\n<p>A Universidade Estadual de Londrina convidou toda a comunidade acad\u00eamica a participar do&nbsp;Passeio Solid\u00e1rio ao Hemocentro, uma a\u00e7\u00e3o de extrema import\u00e2ncia para salvar vidas por meio da doa\u00e7\u00e3o de sangue.<br><br>A Universidade&nbsp;disponibilizou transporte gratuito&nbsp;para os participantes, garantindo comodidade e seguran\u00e7a. Para aqueles que&nbsp;n\u00e3o puderam ou&nbsp;n\u00e3o quiseram&nbsp;doar sangue, ocorreu&nbsp;outra forma de contribuir com a solidariedade: o curso de Geografia, atrav\u00e9s do projeto&nbsp;\u201cGrades em Transgress\u00e3o\u201d,&nbsp;arrecadou&nbsp;barras de chocolate ao leite Lacta&nbsp;para a P\u00e1scoa Solid\u00e1ria das detentas.<\/p>\n\n\n\n<p><em>Obs: texto confeccionado pelos estudantes de Gradua\u00e7\u00e3o e\/ou Coordena\u00e7\u00e3o do curso.<\/em><\/p>\n\n\n\n<hr class=\"wp-block-separator has-text-color has-cinza-color has-css-opacity has-cinza-background-color has-background is-style-wide\" \/>\n\n\n<div class=\"wp-block-image\">\n<figure class=\"aligncenter size-large\"><img decoding=\"async\" src=\"https:\/\/sites.uel.br\/ser\/wp-content\/uploads\/imagens\/2025\/biomedicina\/01.jpg\" alt=\"\" \/><\/figure>\n<\/div>\n\n<div class=\"wp-block-image\">\n<figure class=\"aligncenter size-large\"><img decoding=\"async\" src=\"https:\/\/sites.uel.br\/ser\/wp-content\/uploads\/imagens\/2025\/biomedicina\/02.jpg\" alt=\"\" \/><\/figure>\n<\/div>\n\n<div class=\"wp-block-image\">\n<figure class=\"aligncenter size-large\"><img decoding=\"async\" src=\"https:\/\/sites.uel.br\/ser\/wp-content\/uploads\/imagens\/2025\/biomedicina\/03.jpg\" alt=\"\" \/><\/figure>\n<\/div>\n\n<div class=\"wp-block-image\">\n<figure class=\"aligncenter size-large\"><img decoding=\"async\" src=\"https:\/\/sites.uel.br\/ser\/wp-content\/uploads\/imagens\/2025\/biomedicina\/04.jpg\" alt=\"\" \/><\/figure>\n<\/div>\n\n<div class=\"wp-block-image\">\n<figure class=\"aligncenter size-large\"><img decoding=\"async\" src=\"https:\/\/sites.uel.br\/ser\/wp-content\/uploads\/imagens\/2025\/biomedicina\/05.jpg\" alt=\"\" \/><\/figure>\n<\/div>\n\n<div class=\"wp-block-image\">\n<figure class=\"aligncenter size-large\"><img decoding=\"async\" src=\"https:\/\/sites.uel.br\/ser\/wp-content\/uploads\/imagens\/2025\/biomedicina\/06.jpg\" alt=\"\" \/><\/figure>\n<\/div>\n\n\n<hr class=\"wp-block-separator has-text-color has-cinza-color has-css-opacity has-cinza-background-color has-background is-style-wide\" \/>\n\n\n\n<p><strong>ESTUDANTES PARTICIPANTES<\/strong><\/p>\n\n\n\n<p>\u2060ANA BEATRIZ ALMEIDA DOS SANTOS<br>ANA GABRIELA VILELA DE ARAUJO<br>ANTONIO DE HELD NETO<br>\u2060ARTHUR MIKALIXEN<br>BRENDA DE ALMEIDA SILVA<br>CAROLINA OLIVEIRA MENEZES<br>GABRIELA DE OLIVEIRA<br>\u2060GIOVANA FRAN\u00c7A ZAVIERUCHA<br>GIULIA THAUANY RIGOTO CALHIARI<br>GUSTAVO YASSUO HAGUIHARA<br>\u2060HELLEN CARDOSO PEREIRA<br>ISADORA ALVES OLIVEIRA<br>JOANA LOPES MELERO<br>JO\u00c3O FELIPE DALTO ALONSO<br>JULIA BERTI BRAZ<br>JULIA MIQUELETI HARACEMIO<br>LAURA SANTANA BUSO<br>\u2060LETICIA DE JESUS VIDOTTI<br>\u2060LIVIA MARIA LEONARDI<br>\u2060LUANA LIBA MAFRA<br>\u2060MANUELA YUMI ROCHA KAWAHARA<br>MARIA EDUARDA BISPO PEREIRA<br>MARIA EDUARDA ROSSATO<br>MARIA FERNANDA VICENTE TURIM<br>MARIA J\u00daLIA ANDRADE DE ASSIS<br>\u2060MARIA VIT\u00d3RIA MATSUOCA TEIXEIRA<br>MARIANA LOPES BROCANELLI<br>PEDRO FERNANDES HELMICH<br>\u2060REBECA DORIS DA SILVA HEADLEY<br>RENATA VENDRAME NEVES<br>SIBELY FERREIRA DA SILVA<\/p>\n\n\n\n<div style=\"height:20px\" aria-hidden=\"true\" class=\"wp-block-spacer\"><\/div>\n\n\n\n<p><strong>DOCENTES PARTICIPANTES<\/strong><\/p>\n\n\n\n<p>F\u00c1BIO GOURLART DE ANDRADE<br>KAREN BRAJ\u00c3O DE OLIVEIRA<\/p>\n","protected":false},"excerpt":{"rendered":"<p>Cursos Inscritos Premiados 2025 Biomedicina Resumo da A\u00e7\u00e3o: A Universidade Estadual de Londrina convidou toda a comunidade acad\u00eamica a participar do&nbsp;Passeio Solid\u00e1rio ao Hemocentro, uma a\u00e7\u00e3o de extrema import\u00e2ncia para salvar vidas por meio da doa\u00e7\u00e3o de sangue. A Universidade&nbsp;disponibilizou transporte gratuito&nbsp;para os participantes, garantindo comodidade e seguran\u00e7a. Para aqueles que&nbsp;n\u00e3o puderam ou&nbsp;n\u00e3o quiseram&nbsp;doar sangue, [&hellip;]<\/p>\n","protected":false},"author":8,"featured_media":0,"parent":0,"menu_order":0,"comment_status":"closed","ping_status":"closed","template":"","meta":{"_acf_changed":false,"_themeisle_gutenberg_block_has_review":false,"footnotes":""},"class_list":["post-8172","page","type-page","status-publish","hentry"],"acf":[],"_links":{"self":[{"href":"https:\/\/sites.uel.br\/ser\/wp-json\/wp\/v2\/pages\/8172","targetHints":{"allow":["GET"]}}],"collection":[{"href":"https:\/\/sites.uel.br\/ser\/wp-json\/wp\/v2\/pages"}],"about":[{"href":"https:\/\/sites.uel.br\/ser\/wp-json\/wp\/v2\/types\/page"}],"author":[{"embeddable":true,"href":"https:\/\/sites.uel.br\/ser\/wp-json\/wp\/v2\/users\/8"}],"replies":[{"embeddable":true,"href":"https:\/\/sites.uel.br\/ser\/wp-json\/wp\/v2\/comments?post=8172"}],"version-history":[{"count":10,"href":"https:\/\/sites.uel.br\/ser\/wp-json\/wp\/v2\/pages\/8172\/revisions"}],"predecessor-version":[{"id":8631,"href":"https:\/\/sites.uel.br\/ser\/wp-json\/wp\/v2\/pages\/8172\/revisions\/8631"}],"wp:attachment":[{"href":"https:\/\/sites.uel.br\/ser\/wp-json\/wp\/v2\/media?parent=8172"}],"curies":[{"name":"wp","href":"https:\/\/api.w.org\/{rel}","templated":true}]}}