{"id":8056,"date":"2025-03-13T14:07:36","date_gmt":"2025-03-13T17:07:36","guid":{"rendered":"https:\/\/sites.uel.br\/ser\/?page_id=8056"},"modified":"2026-02-13T13:59:56","modified_gmt":"2026-02-13T16:59:56","slug":"programacao-dos-cursos-de-graduacao","status":"publish","type":"page","link":"https:\/\/sites.uel.br\/ser\/programacao-dos-cursos-de-graduacao\/","title":{"rendered":"Programa\u00e7\u00e3o dos Cursos de Gradua\u00e7\u00e3o"},"content":{"rendered":"\n<hr class=\"wp-block-separator has-alpha-channel-opacity is-style-wide\" \/>\n\n\n<div class=\"wp-block-image\">\n<figure class=\"aligncenter size-full\"><img loading=\"lazy\" decoding=\"async\" width=\"1279\" height=\"510\" src=\"https:\/\/sites.uel.br\/ser\/wp-content\/uploads\/2025\/03\/topo_ser_uel_2025.png\" alt=\"\" class=\"wp-image-7631\" srcset=\"https:\/\/sites.uel.br\/ser\/wp-content\/uploads\/2025\/03\/topo_ser_uel_2025.png 1279w, https:\/\/sites.uel.br\/ser\/wp-content\/uploads\/2025\/03\/topo_ser_uel_2025-300x120.png 300w, https:\/\/sites.uel.br\/ser\/wp-content\/uploads\/2025\/03\/topo_ser_uel_2025-1024x408.png 1024w, https:\/\/sites.uel.br\/ser\/wp-content\/uploads\/2025\/03\/topo_ser_uel_2025-768x306.png 768w\" sizes=\"auto, (max-width: 1279px) 100vw, 1279px\" \/><\/figure>\n<\/div>\n\n\n<p class=\"has-text-align-center\"><a href=\"https:\/\/sites.uel.br\/ser\/administracao\/\">Administra\u00e7\u00e3o<\/a><\/p>\n\n\n\n<p class=\"has-text-align-center\"><a href=\"https:\/\/sites.uel.br\/ser\/agronomia\/\">Agronomia<\/a><\/p>\n\n\n\n<p class=\"has-text-align-center\"><a href=\"https:\/\/sites.uel.br\/ser\/arquitetura-urbanismo\/\">Arquitetura e Urbanismo<\/a><\/p>\n\n\n\n<p class=\"has-text-align-center\"><a href=\"https:\/\/sites.uel.br\/ser\/arquivologia\/\">Arquivologia<\/a><\/p>\n\n\n\n<p class=\"has-text-align-center\"><a href=\"https:\/\/sites.uel.br\/ser\/artes-cenicas\/\">Artes C\u00eanicas<\/a><\/p>\n\n\n\n<p class=\"has-text-align-center\"><a href=\"https:\/\/sites.uel.br\/ser\/artes-visuais\/\">Artes Visuais<\/a><\/p>\n\n\n\n<p class=\"has-text-align-center\"><a href=\"https:\/\/sites.uel.br\/ser\/biblioteconomia\/\">Biblioteconomia<\/a><\/p>\n\n\n\n<p class=\"has-text-align-center\"><a href=\"https:\/\/sites.uel.br\/ser\/biomedicina\/\">Biomedicina<\/a><\/p>\n\n\n\n<p class=\"has-text-align-center\"><a href=\"https:\/\/sites.uel.br\/ser\/biotecnologia\/\">Biotecnologia<\/a><\/p>\n\n\n\n<p class=\"has-text-align-center\"><a href=\"https:\/\/sites.uel.br\/ser\/ciencia-computacao\/\">Ci\u00eancia da Computa\u00e7\u00e3o<\/a><\/p>\n\n\n\n<p class=\"has-text-align-center\"><a href=\"https:\/\/sites.uel.br\/ser\/ciencia-de-dados-e-inteligencia-artificial\/\">Ci\u00eancia de Dados e Intelig\u00eancia Artificial<\/a><\/p>\n\n\n\n<p class=\"has-text-align-center\"><a href=\"https:\/\/sites.uel.br\/ser\/ciencias-biologicas-bacharelado-licenciatura\/\">Ci\u00eancias Biol\u00f3gicas &#8211; Bacharelado e Licenciatura<\/a><\/p>\n\n\n\n<p class=\"has-text-align-center\"><a href=\"https:\/\/sites.uel.br\/ser\/ciencias-contabeis\/\">Ci\u00eancias Cont\u00e1beis<\/a><\/p>\n\n\n\n<p class=\"has-text-align-center\"><a href=\"https:\/\/sites.uel.br\/ser\/ciencias-economicas\/\">Ci\u00eancias Econ\u00f4micas<\/a><\/p>\n\n\n\n<p class=\"has-text-align-center\"><a href=\"https:\/\/sites.uel.br\/ser\/ciencias-sociais-bacharelado_licenciatura\/\">Ci\u00eancias Sociais &#8211; Bacharelado e Licenciatura<\/a><\/p>\n\n\n\n<p class=\"has-text-align-center\"><a href=\"https:\/\/sites.uel.br\/ser\/design-de-moda\/\">Design de Moda<\/a><\/p>\n\n\n\n<p class=\"has-text-align-center\"><a href=\"https:\/\/sites.uel.br\/ser\/design-grafico\/\">Design Gr\u00e1fico<\/a><\/p>\n\n\n\n<p class=\"has-text-align-center\"><a href=\"https:\/\/sites.uel.br\/ser\/direito\/\">Direito<\/a><\/p>\n\n\n\n<p class=\"has-text-align-center\"><a href=\"https:\/\/sites.uel.br\/ser\/educacao-fisica-bacharelado-e-licenciatura\/\">Educa\u00e7\u00e3o F\u00edsica \u2013 Bacharelado e Licenciatura<\/a><\/p>\n\n\n\n<p class=\"has-text-align-center\"><a href=\"https:\/\/sites.uel.br\/ser\/enfermagem\/\">Enfermagem<\/a><\/p>\n\n\n\n<p class=\"has-text-align-center\"><a href=\"https:\/\/sites.uel.br\/ser\/engenharia-engenharia-civil\/\">Engenharia Civil<\/a><\/p>\n\n\n\n<p class=\"has-text-align-center\"><a href=\"https:\/\/sites.uel.br\/ser\/engenharia-engenharia-eletrica\/\">Engenharia El\u00e9trica<\/a><\/p>\n\n\n\n<p class=\"has-text-align-center\"><a href=\"https:\/\/sites.uel.br\/ser\/farmacia\/\">Farm\u00e1cia<\/a><\/p>\n\n\n\n<p class=\"has-text-align-center\"><a href=\"https:\/\/sites.uel.br\/ser\/filosofia\/\">Filosofia<\/a><\/p>\n\n\n\n<p class=\"has-text-align-center\"><a href=\"https:\/\/sites.uel.br\/ser\/fisica-bacharelado_licenciatura\/\">F\u00edsica &#8211; Bacharelado e Licenciatura<\/a><\/p>\n\n\n\n<p class=\"has-text-align-center\"><a href=\"https:\/\/sites.uel.br\/ser\/fisioterapia\/\">Fisioterapia<\/a><\/p>\n\n\n\n<p class=\"has-text-align-center\"><a href=\"https:\/\/sites.uel.br\/ser\/geografia\/\">Geografia &#8211; Bacharelado e Licenciatura<\/a><\/p>\n\n\n\n<p class=\"has-text-align-center\"><a href=\"https:\/\/sites.uel.br\/ser\/historia\/\">Hist\u00f3ria<\/a><\/p>\n\n\n\n<p class=\"has-text-align-center\"><a href=\"https:\/\/sites.uel.br\/ser\/jornalismo\/\">Jornalismo<\/a><\/p>\n\n\n\n<p class=\"has-text-align-center\"><a href=\"https:\/\/sites.uel.br\/ser\/letras-espanhol\/\">Letras Espanhol<\/a><\/p>\n\n\n\n<p class=\"has-text-align-center\"><a href=\"https:\/\/sites.uel.br\/ser\/letras-frances\/\">Letras Franc\u00eas<\/a><\/p>\n\n\n\n<p class=\"has-text-align-center\"><a href=\"https:\/\/sites.uel.br\/ser\/letras-ingles\/\">Letras Ingl\u00eas<\/a><\/p>\n\n\n\n<p class=\"has-text-align-center\"><a href=\"https:\/\/sites.uel.br\/ser\/letras-portugues\/\">Letras Portugu\u00eas<\/a><\/p>\n\n\n\n<p class=\"has-text-align-center\"><a href=\"https:\/\/sites.uel.br\/ser\/matematica-bacharelado_licenciatura\/\">Matem\u00e1tica &#8211; Bacharelado e Licenciatura<\/a><\/p>\n\n\n\n<p class=\"has-text-align-center\"><a href=\"https:\/\/sites.uel.br\/ser\/medicina\/\">Medicina<\/a><\/p>\n\n\n\n<p class=\"has-text-align-center\"><a href=\"https:\/\/sites.uel.br\/ser\/medicina-veterinaria\/\">Medicina Veterin\u00e1ria<\/a><\/p>\n\n\n\n<p class=\"has-text-align-center\"><a href=\"https:\/\/sites.uel.br\/ser\/musica\/\">M\u00fasica<\/a><\/p>\n\n\n\n<p class=\"has-text-align-center\"><a href=\"https:\/\/sites.uel.br\/ser\/nutricao\/\">Nutri\u00e7\u00e3o<\/a><\/p>\n\n\n\n<p class=\"has-text-align-center\"><a href=\"https:\/\/sites.uel.br\/ser\/odontologia\/\">Odontologia<\/a><\/p>\n\n\n\n<p class=\"has-text-align-center\"><a href=\"https:\/\/sites.uel.br\/ser\/pedagogia\/\">Pedagogia<\/a><\/p>\n\n\n\n<p class=\"has-text-align-center\"><a href=\"https:\/\/sites.uel.br\/ser\/psicologia\/\">Psicologia<\/a><\/p>\n\n\n\n<p class=\"has-text-align-center\"><a href=\"https:\/\/sites.uel.br\/ser\/quimica-bacharelado_licenciatura\/\">Qu\u00edmica &#8211; Bacharelado e Licenciatura<\/a><\/p>\n\n\n\n<p class=\"has-text-align-center\"><a href=\"https:\/\/sites.uel.br\/ser\/relacoes-publicas\/\">Rela\u00e7\u00f5es P\u00fablicas<\/a><\/p>\n\n\n\n<p class=\"has-text-align-center\"><a href=\"https:\/\/sites.uel.br\/ser\/secretariado-executivo\/\">Secretariado Executivo<\/a><\/p>\n\n\n\n<p class=\"has-text-align-center\"><a href=\"https:\/\/sites.uel.br\/ser\/servico-social\/\">Servi\u00e7o Social<\/a><\/p>\n\n\n\n<p class=\"has-text-align-center\"><a href=\"https:\/\/sites.uel.br\/ser\/zootecnia\/\">Zootecnia<\/a><\/p>\n","protected":false},"excerpt":{"rendered":"<p>Administra\u00e7\u00e3o Agronomia Arquitetura e Urbanismo Arquivologia Artes C\u00eanicas Artes Visuais Biblioteconomia Biomedicina Biotecnologia Ci\u00eancia da Computa\u00e7\u00e3o Ci\u00eancia de Dados e Intelig\u00eancia Artificial Ci\u00eancias Biol\u00f3gicas &#8211; Bacharelado e Licenciatura Ci\u00eancias Cont\u00e1beis Ci\u00eancias Econ\u00f4micas Ci\u00eancias Sociais &#8211; Bacharelado e Licenciatura Design de Moda Design Gr\u00e1fico Direito Educa\u00e7\u00e3o F\u00edsica \u2013 Bacharelado e Licenciatura Enfermagem Engenharia Civil Engenharia El\u00e9trica [&hellip;]<\/p>\n","protected":false},"author":8,"featured_media":0,"parent":0,"menu_order":0,"comment_status":"closed","ping_status":"closed","template":"","meta":{"_acf_changed":false,"_themeisle_gutenberg_block_has_review":false,"footnotes":""},"class_list":["post-8056","page","type-page","status-publish","hentry"],"acf":[],"_links":{"self":[{"href":"https:\/\/sites.uel.br\/ser\/wp-json\/wp\/v2\/pages\/8056","targetHints":{"allow":["GET"]}}],"collection":[{"href":"https:\/\/sites.uel.br\/ser\/wp-json\/wp\/v2\/pages"}],"about":[{"href":"https:\/\/sites.uel.br\/ser\/wp-json\/wp\/v2\/types\/page"}],"author":[{"embeddable":true,"href":"https:\/\/sites.uel.br\/ser\/wp-json\/wp\/v2\/users\/8"}],"replies":[{"embeddable":true,"href":"https:\/\/sites.uel.br\/ser\/wp-json\/wp\/v2\/comments?post=8056"}],"version-history":[{"count":4,"href":"https:\/\/sites.uel.br\/ser\/wp-json\/wp\/v2\/pages\/8056\/revisions"}],"predecessor-version":[{"id":8978,"href":"https:\/\/sites.uel.br\/ser\/wp-json\/wp\/v2\/pages\/8056\/revisions\/8978"}],"wp:attachment":[{"href":"https:\/\/sites.uel.br\/ser\/wp-json\/wp\/v2\/media?parent=8056"}],"curies":[{"name":"wp","href":"https:\/\/api.w.org\/{rel}","templated":true}]}}