{"id":7610,"date":"2025-03-10T09:29:44","date_gmt":"2025-03-10T12:29:44","guid":{"rendered":"https:\/\/sites.uel.br\/ser\/?page_id=7610"},"modified":"2025-03-13T14:21:53","modified_gmt":"2025-03-13T17:21:53","slug":"denuncie-trote-violento-canais-prefeitura-do-campus-universitario","status":"publish","type":"page","link":"https:\/\/sites.uel.br\/ser\/denuncie-trote-violento-canais-prefeitura-do-campus-universitario\/","title":{"rendered":"Denuncie &#8220;Trote&#8221; Violento (Canais Prefeitura do Campus Universit\u00e1rio)"},"content":{"rendered":"\n<hr class=\"wp-block-separator has-alpha-channel-opacity is-style-wide\" \/>\n\n\n<div class=\"wp-block-image\">\n<figure class=\"aligncenter size-full\"><img loading=\"lazy\" decoding=\"async\" width=\"1279\" height=\"510\" src=\"https:\/\/sites.uel.br\/ser\/wp-content\/uploads\/2025\/03\/topo_ser_uel_2025.png\" alt=\"\" class=\"wp-image-7631\" srcset=\"https:\/\/sites.uel.br\/ser\/wp-content\/uploads\/2025\/03\/topo_ser_uel_2025.png 1279w, https:\/\/sites.uel.br\/ser\/wp-content\/uploads\/2025\/03\/topo_ser_uel_2025-300x120.png 300w, https:\/\/sites.uel.br\/ser\/wp-content\/uploads\/2025\/03\/topo_ser_uel_2025-1024x408.png 1024w, https:\/\/sites.uel.br\/ser\/wp-content\/uploads\/2025\/03\/topo_ser_uel_2025-768x306.png 768w\" sizes=\"auto, (max-width: 1279px) 100vw, 1279px\" \/><\/figure>\n<\/div>\n\n\n<p class=\"has-text-align-center has-verde-escuro-color has-text-color\"><\/p>\n\n\n\n<p><strong>Canais de Atendimento da Divis\u00e3o de Seguran\u00e7a da UEL<\/strong><\/p>\n\n\n\n<p><strong>Central de Seguran\u00e7a da UEL<\/strong><br><br>    \ud83d\udcde 0800-4004474<br>    (Recebe liga\u00e7\u00f5es de qualquer aparelho celular )<br><br>    \ud83d\udcde 3371-4200<br>    (Telefone fixo e tamb\u00e9m dispon\u00edvel no WhatsApp)<br>       <strong> Objetivo: Informa\u00e7\u00f5es detalhadas sobre suspeitos e situa\u00e7\u00f5es de risco.<\/strong><\/p>\n\n\n\n<p><\/p>\n\n\n\n<div style=\"height:20px\" aria-hidden=\"true\" class=\"wp-block-spacer\"><\/div>\n\n\n\n<hr class=\"wp-block-separator has-text-color has-cinza-color has-css-opacity has-cinza-background-color has-background is-style-wide\" \/>\n\n\n\n<p> \ud83d\udcf1 <strong>Aplicativo UEL Mobile<\/strong><br> No aplicativo, voc\u00ea encontra o <strong>\u00edcone do telefone da Central de Seguran\u00e7a<\/strong>. Basta acion\u00e1-lo para realizar a liga\u00e7\u00e3o.<\/p>\n\n\n\n<div style=\"height:20px\" aria-hidden=\"true\" class=\"wp-block-spacer\"><\/div>\n\n\n\n<hr class=\"wp-block-separator has-text-color has-cinza-color has-css-opacity has-cinza-background-color has-background is-style-wide\" \/>\n\n\n\n<p><strong>Canais de For\u00e7as de Seguran\u00e7a<\/strong><\/p>\n\n\n\n<p>Caso necessite de apoio das for\u00e7as de seguran\u00e7a, voc\u00ea pode acionar diretamente:<\/p>\n\n\n\n<p>\ud83d\ude94 <strong>Pol\u00edcia Militar: 190<\/strong><br>\ud83d\ude93 <strong>Guarda Municipal: 153<\/strong><\/p>\n\n\n\n<div style=\"height:20px\" aria-hidden=\"true\" class=\"wp-block-spacer\"><\/div>\n\n\n\n<hr class=\"wp-block-separator has-text-color has-cinza-color has-css-opacity has-cinza-background-color has-background is-style-wide\" \/>\n\n\n\n<p><strong>Em Caso de Acidente com Traumas<\/strong><\/p>\n\n\n\n<p>Se ocorrer um acidente que envolva <strong>traumas<\/strong>, acione o <strong>SIATE<\/strong> atrav\u00e9s do n\u00famero:<\/p>\n\n\n\n<p>\ud83d\ude91 193<\/p>\n","protected":false},"excerpt":{"rendered":"<p>Canais de Atendimento da Divis\u00e3o de Seguran\u00e7a da UEL Central de Seguran\u00e7a da UEL \ud83d\udcde 0800-4004474 (Recebe liga\u00e7\u00f5es de qualquer aparelho celular ) \ud83d\udcde 3371-4200 (Telefone fixo e tamb\u00e9m dispon\u00edvel no WhatsApp) Objetivo: Informa\u00e7\u00f5es detalhadas sobre suspeitos e situa\u00e7\u00f5es de risco. \ud83d\udcf1 Aplicativo UEL Mobile No aplicativo, voc\u00ea encontra o \u00edcone do telefone da Central [&hellip;]<\/p>\n","protected":false},"author":8,"featured_media":0,"parent":0,"menu_order":0,"comment_status":"closed","ping_status":"closed","template":"","meta":{"_acf_changed":false,"_themeisle_gutenberg_block_has_review":false,"footnotes":""},"class_list":["post-7610","page","type-page","status-publish","hentry"],"acf":[],"_links":{"self":[{"href":"https:\/\/sites.uel.br\/ser\/wp-json\/wp\/v2\/pages\/7610","targetHints":{"allow":["GET"]}}],"collection":[{"href":"https:\/\/sites.uel.br\/ser\/wp-json\/wp\/v2\/pages"}],"about":[{"href":"https:\/\/sites.uel.br\/ser\/wp-json\/wp\/v2\/types\/page"}],"author":[{"embeddable":true,"href":"https:\/\/sites.uel.br\/ser\/wp-json\/wp\/v2\/users\/8"}],"replies":[{"embeddable":true,"href":"https:\/\/sites.uel.br\/ser\/wp-json\/wp\/v2\/comments?post=7610"}],"version-history":[{"count":15,"href":"https:\/\/sites.uel.br\/ser\/wp-json\/wp\/v2\/pages\/7610\/revisions"}],"predecessor-version":[{"id":8067,"href":"https:\/\/sites.uel.br\/ser\/wp-json\/wp\/v2\/pages\/7610\/revisions\/8067"}],"wp:attachment":[{"href":"https:\/\/sites.uel.br\/ser\/wp-json\/wp\/v2\/media?parent=7610"}],"curies":[{"name":"wp","href":"https:\/\/api.w.org\/{rel}","templated":true}]}}