{"id":7384,"date":"2024-09-26T14:04:35","date_gmt":"2024-09-26T17:04:35","guid":{"rendered":"https:\/\/sites.uel.br\/ser\/?page_id=7384"},"modified":"2025-06-02T11:22:16","modified_gmt":"2025-06-02T14:22:16","slug":"premio-boas-praticas-na-recepcao-aos-estudantes-ingressantes-2024-ciencias-sociais-filosofia-historia-letras-espanhol-letras-frances-letras-ingles-letras-port","status":"publish","type":"page","link":"https:\/\/sites.uel.br\/ser\/premio-boas-praticas-na-recepcao-aos-estudantes-ingressantes-2024-ciencias-sociais-filosofia-historia-letras-espanhol-letras-frances-letras-ingles-letras-port\/","title":{"rendered":"Pr\u00eamio Boas Pr\u00e1ticas na Recep\u00e7\u00e3o aos Estudantes Ingressantes"},"content":{"rendered":"\n<hr class=\"wp-block-separator has-alpha-channel-opacity is-style-wide\" \/>\n\n\n\n<figure class=\"wp-block-image size-full\"><img decoding=\"async\" src=\"https:\/\/sites.uel.br\/ser\/wp-content\/uploads\/2024\/06\/site-ser.png\" alt=\"\" class=\"wp-image-6163\" \/><\/figure>\n\n\n\n<h2 class=\"wp-block-heading\">Cursos Inscritos Premiados<\/h2>\n\n\n\n<h2 class=\"wp-block-heading\">2024<\/h2>\n\n\n\n<h2 class=\"wp-block-heading\">Ci\u00eancias Sociais, Filosofia, Hist\u00f3ria, Letras \u2013 Espanhol, Letras \u2013 Franc\u00eas, Letras \u2013 Ingl\u00eas, Letras \u2013 Portugu\u00eas<\/h2>\n\n\n\n<p><strong>Resumo da A\u00e7\u00e3o:<\/strong><\/p>\n\n\n\n<p>A campanha solid\u00e1ria de 2024 se iniciou em reuni\u00e3o promovida pela Dire\u00e7\u00e3o do CLCH com os Colegiados dos cursos e os estudantes de Centros Acad\u00eamicos. <\/p>\n\n\n\n<p>Os estudantes, com apoio dos Colegiados, escolheram realizar arrecada\u00e7\u00e3o de donativos &#8211; itens de higiene pessoal &#8211; para uma casa abrigo que acolhe mulheres em situa\u00e7\u00e3o de viol\u00eancia. <\/p>\n\n\n\n<p>A Dire\u00e7\u00e3o contatou a Casa Abrigo Canto de D\u00e1lia, estrutura da Secretaria Municipal de Pol\u00edticas para as Mulheres, que informou suas necessidades mais imediatas e saudou a a\u00e7\u00e3o. <\/p>\n\n\n\n<p>Desde a primeira semana de aulas, em junho, foi instalada uma caixa para recebimento dos donativos em frente \u00e0 Secretaria Geral do CLCH e iniciada campanha no Instagram e divulga\u00e7\u00e3o junto a docentes, agentes universit\u00e1rios e estudantes. <\/p>\n\n\n\n<p>A campanha se encerrar\u00e1 em 04\/10 e nestas \u00faltimas semanas ela foi intensificada: os estudantes do CLCH agregaram colegas de outro Centro de Estudos, numa demonstra\u00e7\u00e3o de interesse e solidariedade, e passaram em todas as salas de aula do CLCH para solicitar mais donativos. <\/p>\n\n\n\n<p>As fotografias d\u00e3o conta de parte dessas a\u00e7\u00f5es.<\/p>\n\n\n\n<p><em>Obs: texto confeccionado pelos estudantes de Gradua\u00e7\u00e3o e\/ou Coordena\u00e7\u00e3o do curso.<\/em><\/p>\n\n\n\n<hr class=\"wp-block-separator has-text-color has-cinza-color has-css-opacity has-cinza-background-color has-background is-style-wide\" \/>\n\n\n<div class=\"wp-block-image\">\n<figure class=\"aligncenter size-full\"><img loading=\"lazy\" decoding=\"async\" width=\"1920\" height=\"2560\" src=\"https:\/\/sites.uel.br\/ser\/wp-content\/uploads\/2024\/09\/premio_boas_praticas_2024_clch_01-scaled.jpg\" alt=\"\" class=\"wp-image-7365\" srcset=\"https:\/\/sites.uel.br\/ser\/wp-content\/uploads\/2024\/09\/premio_boas_praticas_2024_clch_01-scaled.jpg 1920w, https:\/\/sites.uel.br\/ser\/wp-content\/uploads\/2024\/09\/premio_boas_praticas_2024_clch_01-225x300.jpg 225w, https:\/\/sites.uel.br\/ser\/wp-content\/uploads\/2024\/09\/premio_boas_praticas_2024_clch_01-768x1024.jpg 768w, https:\/\/sites.uel.br\/ser\/wp-content\/uploads\/2024\/09\/premio_boas_praticas_2024_clch_01-1152x1536.jpg 1152w, https:\/\/sites.uel.br\/ser\/wp-content\/uploads\/2024\/09\/premio_boas_praticas_2024_clch_01-1536x2048.jpg 1536w\" sizes=\"auto, (max-width: 1920px) 100vw, 1920px\" \/><\/figure>\n<\/div>\n\n<div class=\"wp-block-image\">\n<figure class=\"aligncenter size-full\"><img loading=\"lazy\" decoding=\"async\" width=\"1920\" height=\"2560\" src=\"https:\/\/sites.uel.br\/ser\/wp-content\/uploads\/2024\/09\/premio_boas_praticas_2024_clch_02-scaled.jpg\" alt=\"\" class=\"wp-image-7366\" srcset=\"https:\/\/sites.uel.br\/ser\/wp-content\/uploads\/2024\/09\/premio_boas_praticas_2024_clch_02-scaled.jpg 1920w, https:\/\/sites.uel.br\/ser\/wp-content\/uploads\/2024\/09\/premio_boas_praticas_2024_clch_02-225x300.jpg 225w, https:\/\/sites.uel.br\/ser\/wp-content\/uploads\/2024\/09\/premio_boas_praticas_2024_clch_02-768x1024.jpg 768w, https:\/\/sites.uel.br\/ser\/wp-content\/uploads\/2024\/09\/premio_boas_praticas_2024_clch_02-1152x1536.jpg 1152w, https:\/\/sites.uel.br\/ser\/wp-content\/uploads\/2024\/09\/premio_boas_praticas_2024_clch_02-1536x2048.jpg 1536w\" sizes=\"auto, (max-width: 1920px) 100vw, 1920px\" \/><\/figure>\n<\/div>\n\n<div class=\"wp-block-image\">\n<figure class=\"aligncenter size-full\"><img loading=\"lazy\" decoding=\"async\" width=\"2560\" height=\"1920\" src=\"https:\/\/sites.uel.br\/ser\/wp-content\/uploads\/2024\/09\/premio_boas_praticas_2024_clch_03-scaled.jpg\" alt=\"\" class=\"wp-image-7367\" srcset=\"https:\/\/sites.uel.br\/ser\/wp-content\/uploads\/2024\/09\/premio_boas_praticas_2024_clch_03-scaled.jpg 2560w, https:\/\/sites.uel.br\/ser\/wp-content\/uploads\/2024\/09\/premio_boas_praticas_2024_clch_03-300x225.jpg 300w, https:\/\/sites.uel.br\/ser\/wp-content\/uploads\/2024\/09\/premio_boas_praticas_2024_clch_03-1024x768.jpg 1024w, https:\/\/sites.uel.br\/ser\/wp-content\/uploads\/2024\/09\/premio_boas_praticas_2024_clch_03-768x576.jpg 768w, https:\/\/sites.uel.br\/ser\/wp-content\/uploads\/2024\/09\/premio_boas_praticas_2024_clch_03-1536x1152.jpg 1536w, https:\/\/sites.uel.br\/ser\/wp-content\/uploads\/2024\/09\/premio_boas_praticas_2024_clch_03-2048x1536.jpg 2048w\" sizes=\"auto, (max-width: 2560px) 100vw, 2560px\" \/><\/figure>\n<\/div>\n\n<div class=\"wp-block-image\">\n<figure class=\"aligncenter size-full\"><img loading=\"lazy\" decoding=\"async\" width=\"1920\" height=\"2560\" src=\"https:\/\/sites.uel.br\/ser\/wp-content\/uploads\/2024\/09\/premio_boas_praticas_2024_clch_04-scaled.jpg\" alt=\"\" class=\"wp-image-7369\" srcset=\"https:\/\/sites.uel.br\/ser\/wp-content\/uploads\/2024\/09\/premio_boas_praticas_2024_clch_04-scaled.jpg 1920w, https:\/\/sites.uel.br\/ser\/wp-content\/uploads\/2024\/09\/premio_boas_praticas_2024_clch_04-225x300.jpg 225w, https:\/\/sites.uel.br\/ser\/wp-content\/uploads\/2024\/09\/premio_boas_praticas_2024_clch_04-768x1024.jpg 768w, https:\/\/sites.uel.br\/ser\/wp-content\/uploads\/2024\/09\/premio_boas_praticas_2024_clch_04-1152x1536.jpg 1152w, https:\/\/sites.uel.br\/ser\/wp-content\/uploads\/2024\/09\/premio_boas_praticas_2024_clch_04-1536x2048.jpg 1536w\" sizes=\"auto, (max-width: 1920px) 100vw, 1920px\" \/><\/figure>\n<\/div>\n\n<div class=\"wp-block-image\">\n<figure class=\"aligncenter size-full\"><img loading=\"lazy\" decoding=\"async\" width=\"1920\" height=\"2560\" src=\"https:\/\/sites.uel.br\/ser\/wp-content\/uploads\/2024\/09\/premio_boas_praticas_2024_clch_05-scaled.jpg\" alt=\"\" class=\"wp-image-7370\" srcset=\"https:\/\/sites.uel.br\/ser\/wp-content\/uploads\/2024\/09\/premio_boas_praticas_2024_clch_05-scaled.jpg 1920w, https:\/\/sites.uel.br\/ser\/wp-content\/uploads\/2024\/09\/premio_boas_praticas_2024_clch_05-225x300.jpg 225w, https:\/\/sites.uel.br\/ser\/wp-content\/uploads\/2024\/09\/premio_boas_praticas_2024_clch_05-768x1024.jpg 768w, https:\/\/sites.uel.br\/ser\/wp-content\/uploads\/2024\/09\/premio_boas_praticas_2024_clch_05-1152x1536.jpg 1152w, https:\/\/sites.uel.br\/ser\/wp-content\/uploads\/2024\/09\/premio_boas_praticas_2024_clch_05-1536x2048.jpg 1536w\" sizes=\"auto, (max-width: 1920px) 100vw, 1920px\" \/><\/figure>\n<\/div>\n\n<div class=\"wp-block-image\">\n<figure class=\"aligncenter size-full\"><img loading=\"lazy\" decoding=\"async\" width=\"1920\" height=\"2560\" src=\"https:\/\/sites.uel.br\/ser\/wp-content\/uploads\/2024\/09\/premio_boas_praticas_2024_clch_06-scaled.jpg\" alt=\"\" class=\"wp-image-7371\" srcset=\"https:\/\/sites.uel.br\/ser\/wp-content\/uploads\/2024\/09\/premio_boas_praticas_2024_clch_06-scaled.jpg 1920w, https:\/\/sites.uel.br\/ser\/wp-content\/uploads\/2024\/09\/premio_boas_praticas_2024_clch_06-225x300.jpg 225w, https:\/\/sites.uel.br\/ser\/wp-content\/uploads\/2024\/09\/premio_boas_praticas_2024_clch_06-768x1024.jpg 768w, https:\/\/sites.uel.br\/ser\/wp-content\/uploads\/2024\/09\/premio_boas_praticas_2024_clch_06-1152x1536.jpg 1152w, https:\/\/sites.uel.br\/ser\/wp-content\/uploads\/2024\/09\/premio_boas_praticas_2024_clch_06-1536x2048.jpg 1536w\" sizes=\"auto, (max-width: 1920px) 100vw, 1920px\" \/><\/figure>\n<\/div>\n\n<div class=\"wp-block-image\">\n<figure class=\"aligncenter size-full\"><img loading=\"lazy\" decoding=\"async\" width=\"1080\" height=\"1080\" src=\"https:\/\/sites.uel.br\/ser\/wp-content\/uploads\/2024\/09\/premio_boas_praticas_2024_clch_07.jpeg\" alt=\"\" class=\"wp-image-7372\" srcset=\"https:\/\/sites.uel.br\/ser\/wp-content\/uploads\/2024\/09\/premio_boas_praticas_2024_clch_07.jpeg 1080w, https:\/\/sites.uel.br\/ser\/wp-content\/uploads\/2024\/09\/premio_boas_praticas_2024_clch_07-300x300.jpeg 300w, https:\/\/sites.uel.br\/ser\/wp-content\/uploads\/2024\/09\/premio_boas_praticas_2024_clch_07-1024x1024.jpeg 1024w, https:\/\/sites.uel.br\/ser\/wp-content\/uploads\/2024\/09\/premio_boas_praticas_2024_clch_07-150x150.jpeg 150w, https:\/\/sites.uel.br\/ser\/wp-content\/uploads\/2024\/09\/premio_boas_praticas_2024_clch_07-768x768.jpeg 768w\" sizes=\"auto, (max-width: 1080px) 100vw, 1080px\" \/><\/figure>\n<\/div>\n\n<div class=\"wp-block-image\">\n<figure class=\"aligncenter size-full\"><img loading=\"lazy\" decoding=\"async\" width=\"1080\" height=\"1080\" src=\"https:\/\/sites.uel.br\/ser\/wp-content\/uploads\/2024\/09\/premio_boas_praticas_2024_clch_08.jpeg\" alt=\"\" class=\"wp-image-7373\" srcset=\"https:\/\/sites.uel.br\/ser\/wp-content\/uploads\/2024\/09\/premio_boas_praticas_2024_clch_08.jpeg 1080w, https:\/\/sites.uel.br\/ser\/wp-content\/uploads\/2024\/09\/premio_boas_praticas_2024_clch_08-300x300.jpeg 300w, https:\/\/sites.uel.br\/ser\/wp-content\/uploads\/2024\/09\/premio_boas_praticas_2024_clch_08-1024x1024.jpeg 1024w, https:\/\/sites.uel.br\/ser\/wp-content\/uploads\/2024\/09\/premio_boas_praticas_2024_clch_08-150x150.jpeg 150w, https:\/\/sites.uel.br\/ser\/wp-content\/uploads\/2024\/09\/premio_boas_praticas_2024_clch_08-768x768.jpeg 768w\" sizes=\"auto, (max-width: 1080px) 100vw, 1080px\" \/><\/figure>\n<\/div>\n\n<div class=\"wp-block-image\">\n<figure class=\"aligncenter size-large\"><img loading=\"lazy\" decoding=\"async\" width=\"473\" height=\"1024\" src=\"https:\/\/sites.uel.br\/ser\/wp-content\/uploads\/2024\/09\/premio_boas_praticas_2024_clch_09-473x1024.png\" alt=\"\" class=\"wp-image-7374\" srcset=\"https:\/\/sites.uel.br\/ser\/wp-content\/uploads\/2024\/09\/premio_boas_praticas_2024_clch_09-473x1024.png 473w, https:\/\/sites.uel.br\/ser\/wp-content\/uploads\/2024\/09\/premio_boas_praticas_2024_clch_09-139x300.png 139w, https:\/\/sites.uel.br\/ser\/wp-content\/uploads\/2024\/09\/premio_boas_praticas_2024_clch_09-768x1662.png 768w, https:\/\/sites.uel.br\/ser\/wp-content\/uploads\/2024\/09\/premio_boas_praticas_2024_clch_09-710x1536.png 710w, https:\/\/sites.uel.br\/ser\/wp-content\/uploads\/2024\/09\/premio_boas_praticas_2024_clch_09.png 828w\" sizes=\"auto, (max-width: 473px) 100vw, 473px\" \/><\/figure>\n<\/div>\n\n<div class=\"wp-block-image\">\n<figure class=\"aligncenter size-large\"><img loading=\"lazy\" decoding=\"async\" width=\"473\" height=\"1024\" src=\"https:\/\/sites.uel.br\/ser\/wp-content\/uploads\/2024\/09\/premio_boas_praticas_2024_clch_10-473x1024.png\" alt=\"\" class=\"wp-image-7375\" srcset=\"https:\/\/sites.uel.br\/ser\/wp-content\/uploads\/2024\/09\/premio_boas_praticas_2024_clch_10-473x1024.png 473w, https:\/\/sites.uel.br\/ser\/wp-content\/uploads\/2024\/09\/premio_boas_praticas_2024_clch_10-139x300.png 139w, https:\/\/sites.uel.br\/ser\/wp-content\/uploads\/2024\/09\/premio_boas_praticas_2024_clch_10-768x1662.png 768w, https:\/\/sites.uel.br\/ser\/wp-content\/uploads\/2024\/09\/premio_boas_praticas_2024_clch_10-710x1536.png 710w, https:\/\/sites.uel.br\/ser\/wp-content\/uploads\/2024\/09\/premio_boas_praticas_2024_clch_10.png 828w\" sizes=\"auto, (max-width: 473px) 100vw, 473px\" \/><\/figure>\n<\/div>\n\n<div class=\"wp-block-image\">\n<figure class=\"aligncenter size-large\"><img loading=\"lazy\" decoding=\"async\" width=\"473\" height=\"1024\" src=\"https:\/\/sites.uel.br\/ser\/wp-content\/uploads\/2024\/09\/premio_boas_praticas_2024_clch_11-473x1024.png\" alt=\"\" class=\"wp-image-7378\" srcset=\"https:\/\/sites.uel.br\/ser\/wp-content\/uploads\/2024\/09\/premio_boas_praticas_2024_clch_11-473x1024.png 473w, https:\/\/sites.uel.br\/ser\/wp-content\/uploads\/2024\/09\/premio_boas_praticas_2024_clch_11-139x300.png 139w, https:\/\/sites.uel.br\/ser\/wp-content\/uploads\/2024\/09\/premio_boas_praticas_2024_clch_11-768x1662.png 768w, https:\/\/sites.uel.br\/ser\/wp-content\/uploads\/2024\/09\/premio_boas_praticas_2024_clch_11-710x1536.png 710w, https:\/\/sites.uel.br\/ser\/wp-content\/uploads\/2024\/09\/premio_boas_praticas_2024_clch_11.png 828w\" sizes=\"auto, (max-width: 473px) 100vw, 473px\" \/><\/figure>\n<\/div>\n\n<div class=\"wp-block-image\">\n<figure class=\"aligncenter size-large\"><img loading=\"lazy\" decoding=\"async\" width=\"473\" height=\"1024\" src=\"https:\/\/sites.uel.br\/ser\/wp-content\/uploads\/2024\/09\/premio_boas_praticas_2024_clch_12-473x1024.png\" alt=\"\" class=\"wp-image-7379\" srcset=\"https:\/\/sites.uel.br\/ser\/wp-content\/uploads\/2024\/09\/premio_boas_praticas_2024_clch_12-473x1024.png 473w, https:\/\/sites.uel.br\/ser\/wp-content\/uploads\/2024\/09\/premio_boas_praticas_2024_clch_12-139x300.png 139w, https:\/\/sites.uel.br\/ser\/wp-content\/uploads\/2024\/09\/premio_boas_praticas_2024_clch_12-768x1662.png 768w, https:\/\/sites.uel.br\/ser\/wp-content\/uploads\/2024\/09\/premio_boas_praticas_2024_clch_12-710x1536.png 710w, https:\/\/sites.uel.br\/ser\/wp-content\/uploads\/2024\/09\/premio_boas_praticas_2024_clch_12.png 828w\" sizes=\"auto, (max-width: 473px) 100vw, 473px\" \/><\/figure>\n<\/div>\n\n<div class=\"wp-block-image\">\n<figure class=\"aligncenter size-large\"><img loading=\"lazy\" decoding=\"async\" width=\"473\" height=\"1024\" src=\"https:\/\/sites.uel.br\/ser\/wp-content\/uploads\/2024\/09\/premio_boas_praticas_2024_clch_13-473x1024.png\" alt=\"\" class=\"wp-image-7380\" srcset=\"https:\/\/sites.uel.br\/ser\/wp-content\/uploads\/2024\/09\/premio_boas_praticas_2024_clch_13-473x1024.png 473w, https:\/\/sites.uel.br\/ser\/wp-content\/uploads\/2024\/09\/premio_boas_praticas_2024_clch_13-139x300.png 139w, https:\/\/sites.uel.br\/ser\/wp-content\/uploads\/2024\/09\/premio_boas_praticas_2024_clch_13-768x1662.png 768w, https:\/\/sites.uel.br\/ser\/wp-content\/uploads\/2024\/09\/premio_boas_praticas_2024_clch_13-710x1536.png 710w, https:\/\/sites.uel.br\/ser\/wp-content\/uploads\/2024\/09\/premio_boas_praticas_2024_clch_13.png 828w\" sizes=\"auto, (max-width: 473px) 100vw, 473px\" \/><\/figure>\n<\/div>\n\n<div class=\"wp-block-image\">\n<figure class=\"aligncenter size-large\"><img loading=\"lazy\" decoding=\"async\" width=\"473\" height=\"1024\" src=\"https:\/\/sites.uel.br\/ser\/wp-content\/uploads\/2024\/09\/premio_boas_praticas_2024_clch_14-473x1024.png\" alt=\"\" class=\"wp-image-7381\" srcset=\"https:\/\/sites.uel.br\/ser\/wp-content\/uploads\/2024\/09\/premio_boas_praticas_2024_clch_14-473x1024.png 473w, https:\/\/sites.uel.br\/ser\/wp-content\/uploads\/2024\/09\/premio_boas_praticas_2024_clch_14-139x300.png 139w, https:\/\/sites.uel.br\/ser\/wp-content\/uploads\/2024\/09\/premio_boas_praticas_2024_clch_14-768x1662.png 768w, https:\/\/sites.uel.br\/ser\/wp-content\/uploads\/2024\/09\/premio_boas_praticas_2024_clch_14-710x1536.png 710w, https:\/\/sites.uel.br\/ser\/wp-content\/uploads\/2024\/09\/premio_boas_praticas_2024_clch_14.png 828w\" sizes=\"auto, (max-width: 473px) 100vw, 473px\" \/><\/figure>\n<\/div>\n\n<div class=\"wp-block-image\">\n<figure class=\"aligncenter size-large\"><img loading=\"lazy\" decoding=\"async\" width=\"473\" height=\"1024\" src=\"https:\/\/sites.uel.br\/ser\/wp-content\/uploads\/2024\/09\/premio_boas_praticas_2024_clch_15-473x1024.png\" alt=\"\" class=\"wp-image-7382\" srcset=\"https:\/\/sites.uel.br\/ser\/wp-content\/uploads\/2024\/09\/premio_boas_praticas_2024_clch_15-473x1024.png 473w, https:\/\/sites.uel.br\/ser\/wp-content\/uploads\/2024\/09\/premio_boas_praticas_2024_clch_15-139x300.png 139w, https:\/\/sites.uel.br\/ser\/wp-content\/uploads\/2024\/09\/premio_boas_praticas_2024_clch_15-768x1662.png 768w, https:\/\/sites.uel.br\/ser\/wp-content\/uploads\/2024\/09\/premio_boas_praticas_2024_clch_15-710x1536.png 710w, https:\/\/sites.uel.br\/ser\/wp-content\/uploads\/2024\/09\/premio_boas_praticas_2024_clch_15.png 828w\" sizes=\"auto, (max-width: 473px) 100vw, 473px\" \/><\/figure>\n<\/div>\n\n<div class=\"wp-block-image\">\n<figure class=\"aligncenter size-full\"><img loading=\"lazy\" decoding=\"async\" width=\"640\" height=\"480\" src=\"https:\/\/sites.uel.br\/ser\/wp-content\/uploads\/2024\/10\/premio_boas_praticas_2024_clch_16.jpg\" alt=\"\" class=\"wp-image-7446\" srcset=\"https:\/\/sites.uel.br\/ser\/wp-content\/uploads\/2024\/10\/premio_boas_praticas_2024_clch_16.jpg 640w, https:\/\/sites.uel.br\/ser\/wp-content\/uploads\/2024\/10\/premio_boas_praticas_2024_clch_16-300x225.jpg 300w\" sizes=\"auto, (max-width: 640px) 100vw, 640px\" \/><\/figure>\n<\/div>\n\n<div class=\"wp-block-image\">\n<figure class=\"aligncenter size-full\"><img loading=\"lazy\" decoding=\"async\" width=\"640\" height=\"480\" src=\"https:\/\/sites.uel.br\/ser\/wp-content\/uploads\/2024\/10\/premio_boas_praticas_2024_clch_17.jpg\" alt=\"\" class=\"wp-image-7447\" srcset=\"https:\/\/sites.uel.br\/ser\/wp-content\/uploads\/2024\/10\/premio_boas_praticas_2024_clch_17.jpg 640w, https:\/\/sites.uel.br\/ser\/wp-content\/uploads\/2024\/10\/premio_boas_praticas_2024_clch_17-300x225.jpg 300w\" sizes=\"auto, (max-width: 640px) 100vw, 640px\" \/><\/figure>\n<\/div>\n\n<div class=\"wp-block-image\">\n<figure class=\"aligncenter size-full\"><img loading=\"lazy\" decoding=\"async\" width=\"1600\" height=\"1200\" src=\"https:\/\/sites.uel.br\/ser\/wp-content\/uploads\/2024\/10\/premio_boas_praticas_2024_clch_18.jpg\" alt=\"\" class=\"wp-image-7448\" srcset=\"https:\/\/sites.uel.br\/ser\/wp-content\/uploads\/2024\/10\/premio_boas_praticas_2024_clch_18.jpg 1600w, https:\/\/sites.uel.br\/ser\/wp-content\/uploads\/2024\/10\/premio_boas_praticas_2024_clch_18-300x225.jpg 300w, https:\/\/sites.uel.br\/ser\/wp-content\/uploads\/2024\/10\/premio_boas_praticas_2024_clch_18-1024x768.jpg 1024w, https:\/\/sites.uel.br\/ser\/wp-content\/uploads\/2024\/10\/premio_boas_praticas_2024_clch_18-768x576.jpg 768w, https:\/\/sites.uel.br\/ser\/wp-content\/uploads\/2024\/10\/premio_boas_praticas_2024_clch_18-1536x1152.jpg 1536w\" sizes=\"auto, (max-width: 1600px) 100vw, 1600px\" \/><\/figure>\n<\/div>\n\n\n<hr class=\"wp-block-separator has-text-color has-cinza-color has-css-opacity has-cinza-background-color has-background is-style-wide\" \/>\n\n\n\n<p><strong>ESTUDANTES PARTICIPANTES<\/strong><\/p>\n\n\n\n<p>GABRIEL VER\u00cdSSIMO<br>GEOVANA CAROLINE DE AZEVEDO PAI\u00c3O<br>IONNY SANTANA<br>ISABELLI MARIA RODRIGUES BARBOSA<br>JULIA LINAI PICCIRILLI<br>MATHEUS AVELINO DIAS<\/p>\n","protected":false},"excerpt":{"rendered":"<p>Cursos Inscritos Premiados 2024 Ci\u00eancias Sociais, Filosofia, Hist\u00f3ria, Letras \u2013 Espanhol, Letras \u2013 Franc\u00eas, Letras \u2013 Ingl\u00eas, Letras \u2013 Portugu\u00eas Resumo da A\u00e7\u00e3o: A campanha solid\u00e1ria de 2024 se iniciou em reuni\u00e3o promovida pela Dire\u00e7\u00e3o do CLCH com os Colegiados dos cursos e os estudantes de Centros Acad\u00eamicos. Os estudantes, com apoio dos Colegiados, escolheram [&hellip;]<\/p>\n","protected":false},"author":8,"featured_media":0,"parent":0,"menu_order":0,"comment_status":"closed","ping_status":"closed","template":"","meta":{"_acf_changed":false,"_themeisle_gutenberg_block_has_review":false,"footnotes":""},"class_list":["post-7384","page","type-page","status-publish","hentry"],"acf":[],"_links":{"self":[{"href":"https:\/\/sites.uel.br\/ser\/wp-json\/wp\/v2\/pages\/7384","targetHints":{"allow":["GET"]}}],"collection":[{"href":"https:\/\/sites.uel.br\/ser\/wp-json\/wp\/v2\/pages"}],"about":[{"href":"https:\/\/sites.uel.br\/ser\/wp-json\/wp\/v2\/types\/page"}],"author":[{"embeddable":true,"href":"https:\/\/sites.uel.br\/ser\/wp-json\/wp\/v2\/users\/8"}],"replies":[{"embeddable":true,"href":"https:\/\/sites.uel.br\/ser\/wp-json\/wp\/v2\/comments?post=7384"}],"version-history":[{"count":4,"href":"https:\/\/sites.uel.br\/ser\/wp-json\/wp\/v2\/pages\/7384\/revisions"}],"predecessor-version":[{"id":7449,"href":"https:\/\/sites.uel.br\/ser\/wp-json\/wp\/v2\/pages\/7384\/revisions\/7449"}],"wp:attachment":[{"href":"https:\/\/sites.uel.br\/ser\/wp-json\/wp\/v2\/media?parent=7384"}],"curies":[{"name":"wp","href":"https:\/\/api.w.org\/{rel}","templated":true}]}}