{"id":7076,"date":"2024-08-05T15:50:48","date_gmt":"2024-08-05T18:50:48","guid":{"rendered":"https:\/\/sites.uel.br\/ser\/?page_id=7076"},"modified":"2024-09-27T10:06:00","modified_gmt":"2024-09-27T13:06:00","slug":"premio-boas-praticas-na-recepcao-aos-estudantes-ingressantes-premiados-2024-relacoes-publicas","status":"publish","type":"page","link":"https:\/\/sites.uel.br\/ser\/premio-boas-praticas-na-recepcao-aos-estudantes-ingressantes-premiados-2024-relacoes-publicas\/","title":{"rendered":"Pr\u00eamio Boas Pr\u00e1ticas na Recep\u00e7\u00e3o aos Estudantes Ingressantes"},"content":{"rendered":"\n<hr class=\"wp-block-separator has-alpha-channel-opacity is-style-wide\" \/>\n\n\n\n<figure class=\"wp-block-image size-full\"><img decoding=\"async\" src=\"https:\/\/sites.uel.br\/ser\/wp-content\/uploads\/2024\/06\/site-ser.png\" alt=\"\" class=\"wp-image-6163\" \/><\/figure>\n\n\n\n<h2 class=\"wp-block-heading\">Cursos Inscritos Premiados<\/h2>\n\n\n\n<h2 class=\"wp-block-heading\">2024<\/h2>\n\n\n\n<h2 class=\"wp-block-heading\">Rela\u00e7\u00f5es P\u00fablicas<\/h2>\n\n\n\n<p><strong>Resumo da A\u00e7\u00e3o:<\/strong><\/p>\n\n\n\n<p>A a\u00e7\u00e3o realizada foi uma arrecada\u00e7\u00e3o de caixas de leite para o HC (Hospital das Cl\u00ednicas). A ideia partiu de uma liga\u00e7\u00e3o, na qual conversando com o servi\u00e7o social do Hospital, descobrimos que seu estoque de leite estava zerado. As arrecada\u00e7\u00f5es iniciaram no dia 16 de Junho de 2024, e foram finalizadas no dia 15 de Julho.<br><br>Orientados pelos alunos do segundo ano noturno, a turma do primeiro ano noturno se uniu e, juntos conseguiram arrecadar dinheiro e compraram 9 packs de leite (cada uma contendo 12 unidades, sendo assim, 108 caixas de 1L).<br><br>Todos os leites foram entregues na data de 18 de Julho, para a Luc\u00e9lia, que foi respons\u00e1vel por nos ajudar com essa pr\u00e1tica.<\/p>\n\n\n\n<p><em>Obs: texto confeccionado pelos estudantes de Gradua\u00e7\u00e3o e\/ou Coordena\u00e7\u00e3o do curso.<\/em><\/p>\n\n\n\n<hr class=\"wp-block-separator has-text-color has-cinza-color has-css-opacity has-cinza-background-color has-background is-style-wide\" \/>\n\n\n<div class=\"wp-block-image\">\n<figure class=\"aligncenter size-full\"><img loading=\"lazy\" decoding=\"async\" width=\"1200\" height=\"1600\" src=\"https:\/\/sites.uel.br\/ser\/wp-content\/uploads\/2024\/08\/premio_boas_praticas_2024_relacoes_publicas_01.jpeg\" alt=\"\" class=\"wp-image-7252\" srcset=\"https:\/\/sites.uel.br\/ser\/wp-content\/uploads\/2024\/08\/premio_boas_praticas_2024_relacoes_publicas_01.jpeg 1200w, https:\/\/sites.uel.br\/ser\/wp-content\/uploads\/2024\/08\/premio_boas_praticas_2024_relacoes_publicas_01-225x300.jpeg 225w, https:\/\/sites.uel.br\/ser\/wp-content\/uploads\/2024\/08\/premio_boas_praticas_2024_relacoes_publicas_01-768x1024.jpeg 768w, https:\/\/sites.uel.br\/ser\/wp-content\/uploads\/2024\/08\/premio_boas_praticas_2024_relacoes_publicas_01-1152x1536.jpeg 1152w\" sizes=\"auto, (max-width: 1200px) 100vw, 1200px\" \/><\/figure>\n<\/div>\n\n<div class=\"wp-block-image\">\n<figure class=\"aligncenter size-full\"><img loading=\"lazy\" decoding=\"async\" width=\"2560\" height=\"1920\" src=\"https:\/\/sites.uel.br\/ser\/wp-content\/uploads\/2024\/08\/premio_boas_praticas_2024_relacoes_publicas_02-scaled.jpeg\" alt=\"\" class=\"wp-image-7254\" srcset=\"https:\/\/sites.uel.br\/ser\/wp-content\/uploads\/2024\/08\/premio_boas_praticas_2024_relacoes_publicas_02-scaled.jpeg 2560w, https:\/\/sites.uel.br\/ser\/wp-content\/uploads\/2024\/08\/premio_boas_praticas_2024_relacoes_publicas_02-300x225.jpeg 300w, https:\/\/sites.uel.br\/ser\/wp-content\/uploads\/2024\/08\/premio_boas_praticas_2024_relacoes_publicas_02-1024x768.jpeg 1024w, https:\/\/sites.uel.br\/ser\/wp-content\/uploads\/2024\/08\/premio_boas_praticas_2024_relacoes_publicas_02-768x576.jpeg 768w, https:\/\/sites.uel.br\/ser\/wp-content\/uploads\/2024\/08\/premio_boas_praticas_2024_relacoes_publicas_02-1536x1152.jpeg 1536w, https:\/\/sites.uel.br\/ser\/wp-content\/uploads\/2024\/08\/premio_boas_praticas_2024_relacoes_publicas_02-2048x1536.jpeg 2048w\" sizes=\"auto, (max-width: 2560px) 100vw, 2560px\" \/><\/figure>\n<\/div>\n\n<div class=\"wp-block-image\">\n<figure class=\"aligncenter size-full\"><img loading=\"lazy\" decoding=\"async\" width=\"1080\" height=\"1080\" src=\"https:\/\/sites.uel.br\/ser\/wp-content\/uploads\/2024\/09\/premio_boas_praticas_2024_relacoes_publicas_03.jpeg\" alt=\"\" class=\"wp-image-7426\" srcset=\"https:\/\/sites.uel.br\/ser\/wp-content\/uploads\/2024\/09\/premio_boas_praticas_2024_relacoes_publicas_03.jpeg 1080w, https:\/\/sites.uel.br\/ser\/wp-content\/uploads\/2024\/09\/premio_boas_praticas_2024_relacoes_publicas_03-300x300.jpeg 300w, https:\/\/sites.uel.br\/ser\/wp-content\/uploads\/2024\/09\/premio_boas_praticas_2024_relacoes_publicas_03-1024x1024.jpeg 1024w, https:\/\/sites.uel.br\/ser\/wp-content\/uploads\/2024\/09\/premio_boas_praticas_2024_relacoes_publicas_03-150x150.jpeg 150w, https:\/\/sites.uel.br\/ser\/wp-content\/uploads\/2024\/09\/premio_boas_praticas_2024_relacoes_publicas_03-768x768.jpeg 768w\" sizes=\"auto, (max-width: 1080px) 100vw, 1080px\" \/><\/figure>\n<\/div>\n\n<div class=\"wp-block-image\">\n<figure class=\"aligncenter size-full\"><img loading=\"lazy\" decoding=\"async\" width=\"900\" height=\"1600\" src=\"https:\/\/sites.uel.br\/ser\/wp-content\/uploads\/2024\/08\/premio_boas_praticas_2024_relacoes_publicas_04.jpeg\" alt=\"\" class=\"wp-image-7255\" srcset=\"https:\/\/sites.uel.br\/ser\/wp-content\/uploads\/2024\/08\/premio_boas_praticas_2024_relacoes_publicas_04.jpeg 900w, https:\/\/sites.uel.br\/ser\/wp-content\/uploads\/2024\/08\/premio_boas_praticas_2024_relacoes_publicas_04-169x300.jpeg 169w, https:\/\/sites.uel.br\/ser\/wp-content\/uploads\/2024\/08\/premio_boas_praticas_2024_relacoes_publicas_04-576x1024.jpeg 576w, https:\/\/sites.uel.br\/ser\/wp-content\/uploads\/2024\/08\/premio_boas_praticas_2024_relacoes_publicas_04-768x1365.jpeg 768w, https:\/\/sites.uel.br\/ser\/wp-content\/uploads\/2024\/08\/premio_boas_praticas_2024_relacoes_publicas_04-864x1536.jpeg 864w\" sizes=\"auto, (max-width: 900px) 100vw, 900px\" \/><\/figure>\n<\/div>\n\n\n<hr class=\"wp-block-separator has-text-color has-cinza-color has-css-opacity has-cinza-background-color has-background is-style-wide\" \/>\n\n\n\n<p><strong>ESTUDANTES PARTICIPANTES<\/strong><\/p>\n\n\n\n<p>AMANDA LOPES DA SILVA<br>ANA LIS GON\u00c7ALVES CHAVES<br>\u2060ANNA GABRIELA SAKAMOTO<br>\u2060ANNA KAROLINA COLLE<br>ANNALICE MOLIN<br>\u2060ARIEL ROSSI TIROLI<br>BARBARA CRUZ GONZALES<br>\u2060BEATRIZ FERNANDA FIRMINO<br>BEATRIZ RODRIGUES DOMICIANO<br>BRUNA APARECIDA PERRUD DE FARIA<br>\u2060BRUNA NEVES RIBEIRO<br>BRUNA RIZZO<br>CAMILA MASSUMI LIMA ONO<br>DOUGLAS AUGUSTO PORF\u00cdRIO VILELA<br>GABRIELA BENDER NEGR\u00c3O<br>\u2060GUILHERME SANTA CLARA DE PAULA<br>ISABELLA FERNANDA QUEIROZ DOS SANTOS<br>JEFERSON FERREIRA<br>JENNIFER FERNANDA AP. DA SILVA BRASILINO<br>\u2060JO\u00c3O PAULO RETUCI SILV\u00c9RIO<br>JO\u00c3O PEGO FERREIRA<br>\u2060JO\u00c3O SAAVEDRA NOGUEIRA<br>J\u00daLIA PEREIRA DOMINGOS DINIZ<br>JULIA RIOS PERRUCHE<br>KARINY INGRID SILVA DA COSTA<br>\u2060KEIZE TONCHICHI<br>KLEBERSON SILVA SANTOS<br>\u2060LARISSA GARCIA SCHIAVON<br>\u2060LAURAH PIETRA DE AZEVEDO ANDRADE<br>\u2060LUANA VIT\u00d3RIA GOMES CARVALHO<br>MARCUS VINICIUS LEAL VENTURA RODES<br>MARIA CLARA BERTAIA AUGUSTO<br>MARIA EDUARDA ANTUNES<br>MARIA EDUARDA GOMES VITORINO<br>MARIA EDUARDA SIM\u00d5ES ARAUJO<br>\u2060MARIA REGINA ROSA DA SILVA<br>\u2060MATHEUS GIOVANY NASCIMENTO<br>\u2060PRICILA NASCENTE OLIVEIRA<br>\u2060RAFAEL JORGE FRAN\u00c7A<br>SARA ZANCHIETA<br>SOFIA CAVALCANTE FIORE<br>STHEFANY MOTTA BRAGA PORTO<br>\u2060THAYNARA GIRALDI MANZUTTI<br>\u2060VITORIA ROSA CASTRO<\/p>\n","protected":false},"excerpt":{"rendered":"<p>Cursos Inscritos Premiados 2024 Rela\u00e7\u00f5es P\u00fablicas Resumo da A\u00e7\u00e3o: A a\u00e7\u00e3o realizada foi uma arrecada\u00e7\u00e3o de caixas de leite para o HC (Hospital das Cl\u00ednicas). A ideia partiu de uma liga\u00e7\u00e3o, na qual conversando com o servi\u00e7o social do Hospital, descobrimos que seu estoque de leite estava zerado. As arrecada\u00e7\u00f5es iniciaram no dia 16 de [&hellip;]<\/p>\n","protected":false},"author":8,"featured_media":0,"parent":0,"menu_order":0,"comment_status":"closed","ping_status":"closed","template":"","meta":{"_acf_changed":false,"_themeisle_gutenberg_block_has_review":false,"footnotes":""},"class_list":["post-7076","page","type-page","status-publish","hentry"],"acf":[],"_links":{"self":[{"href":"https:\/\/sites.uel.br\/ser\/wp-json\/wp\/v2\/pages\/7076","targetHints":{"allow":["GET"]}}],"collection":[{"href":"https:\/\/sites.uel.br\/ser\/wp-json\/wp\/v2\/pages"}],"about":[{"href":"https:\/\/sites.uel.br\/ser\/wp-json\/wp\/v2\/types\/page"}],"author":[{"embeddable":true,"href":"https:\/\/sites.uel.br\/ser\/wp-json\/wp\/v2\/users\/8"}],"replies":[{"embeddable":true,"href":"https:\/\/sites.uel.br\/ser\/wp-json\/wp\/v2\/comments?post=7076"}],"version-history":[{"count":7,"href":"https:\/\/sites.uel.br\/ser\/wp-json\/wp\/v2\/pages\/7076\/revisions"}],"predecessor-version":[{"id":7427,"href":"https:\/\/sites.uel.br\/ser\/wp-json\/wp\/v2\/pages\/7076\/revisions\/7427"}],"wp:attachment":[{"href":"https:\/\/sites.uel.br\/ser\/wp-json\/wp\/v2\/media?parent=7076"}],"curies":[{"name":"wp","href":"https:\/\/api.w.org\/{rel}","templated":true}]}}