{"id":7075,"date":"2024-08-05T15:49:44","date_gmt":"2024-08-05T18:49:44","guid":{"rendered":"https:\/\/sites.uel.br\/ser\/?page_id=7075"},"modified":"2024-09-27T09:29:34","modified_gmt":"2024-09-27T12:29:34","slug":"premio-boas-praticas-na-recepcao-aos-estudantes-ingressantes-premiados-2024-psicologia","status":"publish","type":"page","link":"https:\/\/sites.uel.br\/ser\/premio-boas-praticas-na-recepcao-aos-estudantes-ingressantes-premiados-2024-psicologia\/","title":{"rendered":"Pr\u00eamio Boas Pr\u00e1ticas na Recep\u00e7\u00e3o aos Estudantes Ingressantes"},"content":{"rendered":"\n<hr class=\"wp-block-separator has-alpha-channel-opacity is-style-wide\" \/>\n\n\n\n<figure class=\"wp-block-image size-full\"><img decoding=\"async\" src=\"https:\/\/sites.uel.br\/ser\/wp-content\/uploads\/2024\/06\/site-ser.png\" alt=\"\" class=\"wp-image-6163\" \/><\/figure>\n\n\n\n<h2 class=\"wp-block-heading\">Cursos Inscritos Premiados<\/h2>\n\n\n\n<h2 class=\"wp-block-heading\">2024<\/h2>\n\n\n\n<h2 class=\"wp-block-heading\">Psicologia<\/h2>\n\n\n\n<p><strong>Resumo da A\u00e7\u00e3o:<\/strong><\/p>\n\n\n\n<p>A Psico A\u00e7\u00e3o Solid\u00e1ria \u00e9 uma iniciativa organizada para a semana de recep\u00e7\u00e3o dos calouros, abrangendo n\u00e3o apenas o curso de Psicologia, mas tamb\u00e9m diversos outros Centros Acad\u00eamicos, Atl\u00e9ticas, Projetos de Extens\u00e3o e Empresas Juniores. <br><br>A a\u00e7\u00e3o consiste na arrecada\u00e7\u00e3o de alimentos n\u00e3o perec\u00edveis, itens de higiene pessoal, ra\u00e7\u00e3o para c\u00e3es e gatos, vestimentas em bom estado, cobertores e travesseiros e itens de limpeza. <br><br>As doa\u00e7\u00f5es ser\u00e3o destinadas parcialmente ao Rio Grande do Sul e a comunidades locais em situa\u00e7\u00e3o de vulnerabilidade, incluindo o projeto Ciranda e o projeto Grades em Transgress\u00e3o. <br><br>A arrecada\u00e7\u00e3o ocorrer\u00e1 de 17 a 28 de junho de 2024, com diversos pontos de coleta espalhados pelo campus da UEL, e as doa\u00e7\u00f5es ser\u00e3o recolhidas diariamente para controle. Internamente, no curso de Psicologia, a arrecada\u00e7\u00e3o far\u00e1 parte da gincana dos calouros, com uma tabela de pontua\u00e7\u00e3o e pr\u00eamios (que nos foram doados por institui\u00e7\u00f5es e profissionais apoiadores) para os grupos que mais arrecadarem. <br><br>Criamos um perfil no Instagram (@psicoacaosolidaria) para divulgar os locais de coleta, itens que podem ser doados, apoiadores, e outras informa\u00e7\u00f5es. <br><br>Nosso lema \u00e9: &#8220;Juntos podemos mudar a vida de muitas pessoas&#8221;.<\/p>\n\n\n\n<p><em>Obs: texto confeccionado pelos estudantes de Gradua\u00e7\u00e3o e\/ou Coordena\u00e7\u00e3o do curso.<\/em><\/p>\n\n\n\n<hr class=\"wp-block-separator has-text-color has-cinza-color has-css-opacity has-cinza-background-color has-background is-style-wide\" \/>\n\n\n\n<figure class=\"wp-block-embed is-type-video is-provider-youtube wp-block-embed-youtube wp-embed-aspect-16-9 wp-has-aspect-ratio\"><div class=\"wp-block-embed__wrapper\">\n<iframe loading=\"lazy\" title=\"Pr\u00eamio Boas Pr\u00e1ticas Solid\u00e1rias na Semana do Estudante Ingressante 2024 (Psicologia)\" width=\"500\" height=\"281\" src=\"https:\/\/www.youtube.com\/embed\/9HhsGB44x4g?feature=oembed\" frameborder=\"0\" allow=\"accelerometer; autoplay; clipboard-write; encrypted-media; gyroscope; picture-in-picture; web-share\" referrerpolicy=\"strict-origin-when-cross-origin\" allowfullscreen><\/iframe>\n<\/div><\/figure>\n\n\n<div class=\"wp-block-image\">\n<figure class=\"aligncenter size-full\"><img loading=\"lazy\" decoding=\"async\" width=\"2560\" height=\"1920\" src=\"https:\/\/sites.uel.br\/ser\/wp-content\/uploads\/2024\/08\/premio_boas_praticas_2024_psicologia_01-scaled.jpeg\" alt=\"\" class=\"wp-image-7238\" srcset=\"https:\/\/sites.uel.br\/ser\/wp-content\/uploads\/2024\/08\/premio_boas_praticas_2024_psicologia_01-scaled.jpeg 2560w, https:\/\/sites.uel.br\/ser\/wp-content\/uploads\/2024\/08\/premio_boas_praticas_2024_psicologia_01-300x225.jpeg 300w, https:\/\/sites.uel.br\/ser\/wp-content\/uploads\/2024\/08\/premio_boas_praticas_2024_psicologia_01-1024x768.jpeg 1024w, https:\/\/sites.uel.br\/ser\/wp-content\/uploads\/2024\/08\/premio_boas_praticas_2024_psicologia_01-768x576.jpeg 768w, https:\/\/sites.uel.br\/ser\/wp-content\/uploads\/2024\/08\/premio_boas_praticas_2024_psicologia_01-1536x1152.jpeg 1536w, https:\/\/sites.uel.br\/ser\/wp-content\/uploads\/2024\/08\/premio_boas_praticas_2024_psicologia_01-2048x1536.jpeg 2048w\" sizes=\"auto, (max-width: 2560px) 100vw, 2560px\" \/><\/figure>\n<\/div>\n\n<div class=\"wp-block-image\">\n<figure class=\"aligncenter size-full\"><img loading=\"lazy\" decoding=\"async\" width=\"1920\" height=\"2560\" src=\"https:\/\/sites.uel.br\/ser\/wp-content\/uploads\/2024\/08\/premio_boas_praticas_2024_psicologia_02-scaled.jpeg\" alt=\"\" class=\"wp-image-7240\" srcset=\"https:\/\/sites.uel.br\/ser\/wp-content\/uploads\/2024\/08\/premio_boas_praticas_2024_psicologia_02-scaled.jpeg 1920w, https:\/\/sites.uel.br\/ser\/wp-content\/uploads\/2024\/08\/premio_boas_praticas_2024_psicologia_02-225x300.jpeg 225w, https:\/\/sites.uel.br\/ser\/wp-content\/uploads\/2024\/08\/premio_boas_praticas_2024_psicologia_02-768x1024.jpeg 768w, https:\/\/sites.uel.br\/ser\/wp-content\/uploads\/2024\/08\/premio_boas_praticas_2024_psicologia_02-1152x1536.jpeg 1152w, https:\/\/sites.uel.br\/ser\/wp-content\/uploads\/2024\/08\/premio_boas_praticas_2024_psicologia_02-1536x2048.jpeg 1536w\" sizes=\"auto, (max-width: 1920px) 100vw, 1920px\" \/><\/figure>\n<\/div>\n\n<div class=\"wp-block-image\">\n<figure class=\"aligncenter size-full\"><img loading=\"lazy\" decoding=\"async\" width=\"1920\" height=\"2560\" src=\"https:\/\/sites.uel.br\/ser\/wp-content\/uploads\/2024\/08\/premio_boas_praticas_2024_psicologia_03-scaled.jpeg\" alt=\"\" class=\"wp-image-7241\" srcset=\"https:\/\/sites.uel.br\/ser\/wp-content\/uploads\/2024\/08\/premio_boas_praticas_2024_psicologia_03-scaled.jpeg 1920w, https:\/\/sites.uel.br\/ser\/wp-content\/uploads\/2024\/08\/premio_boas_praticas_2024_psicologia_03-225x300.jpeg 225w, https:\/\/sites.uel.br\/ser\/wp-content\/uploads\/2024\/08\/premio_boas_praticas_2024_psicologia_03-768x1024.jpeg 768w, https:\/\/sites.uel.br\/ser\/wp-content\/uploads\/2024\/08\/premio_boas_praticas_2024_psicologia_03-1152x1536.jpeg 1152w, https:\/\/sites.uel.br\/ser\/wp-content\/uploads\/2024\/08\/premio_boas_praticas_2024_psicologia_03-1536x2048.jpeg 1536w\" sizes=\"auto, (max-width: 1920px) 100vw, 1920px\" \/><\/figure>\n<\/div>\n\n<div class=\"wp-block-image\">\n<figure class=\"aligncenter size-full\"><img loading=\"lazy\" decoding=\"async\" width=\"1920\" height=\"2560\" src=\"https:\/\/sites.uel.br\/ser\/wp-content\/uploads\/2024\/08\/premio_boas_praticas_2024_psicologia_04-scaled.jpeg\" alt=\"\" class=\"wp-image-7242\" srcset=\"https:\/\/sites.uel.br\/ser\/wp-content\/uploads\/2024\/08\/premio_boas_praticas_2024_psicologia_04-scaled.jpeg 1920w, https:\/\/sites.uel.br\/ser\/wp-content\/uploads\/2024\/08\/premio_boas_praticas_2024_psicologia_04-225x300.jpeg 225w, https:\/\/sites.uel.br\/ser\/wp-content\/uploads\/2024\/08\/premio_boas_praticas_2024_psicologia_04-768x1024.jpeg 768w, https:\/\/sites.uel.br\/ser\/wp-content\/uploads\/2024\/08\/premio_boas_praticas_2024_psicologia_04-1152x1536.jpeg 1152w, https:\/\/sites.uel.br\/ser\/wp-content\/uploads\/2024\/08\/premio_boas_praticas_2024_psicologia_04-1536x2048.jpeg 1536w\" sizes=\"auto, (max-width: 1920px) 100vw, 1920px\" \/><\/figure>\n<\/div>\n\n<div class=\"wp-block-image\">\n<figure class=\"aligncenter size-full\"><img loading=\"lazy\" decoding=\"async\" width=\"1600\" height=\"1200\" src=\"https:\/\/sites.uel.br\/ser\/wp-content\/uploads\/2024\/08\/premio_boas_praticas_2024_psicologia_05.jpeg\" alt=\"\" class=\"wp-image-7244\" srcset=\"https:\/\/sites.uel.br\/ser\/wp-content\/uploads\/2024\/08\/premio_boas_praticas_2024_psicologia_05.jpeg 1600w, https:\/\/sites.uel.br\/ser\/wp-content\/uploads\/2024\/08\/premio_boas_praticas_2024_psicologia_05-300x225.jpeg 300w, https:\/\/sites.uel.br\/ser\/wp-content\/uploads\/2024\/08\/premio_boas_praticas_2024_psicologia_05-1024x768.jpeg 1024w, https:\/\/sites.uel.br\/ser\/wp-content\/uploads\/2024\/08\/premio_boas_praticas_2024_psicologia_05-768x576.jpeg 768w, https:\/\/sites.uel.br\/ser\/wp-content\/uploads\/2024\/08\/premio_boas_praticas_2024_psicologia_05-1536x1152.jpeg 1536w\" sizes=\"auto, (max-width: 1600px) 100vw, 1600px\" \/><\/figure>\n<\/div>\n\n<div class=\"wp-block-image\">\n<figure class=\"aligncenter size-full\"><img loading=\"lazy\" decoding=\"async\" width=\"1181\" height=\"2560\" src=\"https:\/\/sites.uel.br\/ser\/wp-content\/uploads\/2024\/08\/premio_boas_praticas_2024_psicologia_06-scaled.jpeg\" alt=\"\" class=\"wp-image-7245\" srcset=\"https:\/\/sites.uel.br\/ser\/wp-content\/uploads\/2024\/08\/premio_boas_praticas_2024_psicologia_06-scaled.jpeg 1181w, https:\/\/sites.uel.br\/ser\/wp-content\/uploads\/2024\/08\/premio_boas_praticas_2024_psicologia_06-138x300.jpeg 138w, https:\/\/sites.uel.br\/ser\/wp-content\/uploads\/2024\/08\/premio_boas_praticas_2024_psicologia_06-472x1024.jpeg 472w, https:\/\/sites.uel.br\/ser\/wp-content\/uploads\/2024\/08\/premio_boas_praticas_2024_psicologia_06-768x1665.jpeg 768w, https:\/\/sites.uel.br\/ser\/wp-content\/uploads\/2024\/08\/premio_boas_praticas_2024_psicologia_06-709x1536.jpeg 709w, https:\/\/sites.uel.br\/ser\/wp-content\/uploads\/2024\/08\/premio_boas_praticas_2024_psicologia_06-945x2048.jpeg 945w\" sizes=\"auto, (max-width: 1181px) 100vw, 1181px\" \/><\/figure>\n<\/div>\n\n<div class=\"wp-block-image\">\n<figure class=\"aligncenter size-full\"><img loading=\"lazy\" decoding=\"async\" width=\"1181\" height=\"2560\" src=\"https:\/\/sites.uel.br\/ser\/wp-content\/uploads\/2024\/08\/premio_boas_praticas_2024_psicologia_07-scaled.jpeg\" alt=\"\" class=\"wp-image-7247\" srcset=\"https:\/\/sites.uel.br\/ser\/wp-content\/uploads\/2024\/08\/premio_boas_praticas_2024_psicologia_07-scaled.jpeg 1181w, https:\/\/sites.uel.br\/ser\/wp-content\/uploads\/2024\/08\/premio_boas_praticas_2024_psicologia_07-138x300.jpeg 138w, https:\/\/sites.uel.br\/ser\/wp-content\/uploads\/2024\/08\/premio_boas_praticas_2024_psicologia_07-472x1024.jpeg 472w, https:\/\/sites.uel.br\/ser\/wp-content\/uploads\/2024\/08\/premio_boas_praticas_2024_psicologia_07-768x1665.jpeg 768w, https:\/\/sites.uel.br\/ser\/wp-content\/uploads\/2024\/08\/premio_boas_praticas_2024_psicologia_07-709x1536.jpeg 709w, https:\/\/sites.uel.br\/ser\/wp-content\/uploads\/2024\/08\/premio_boas_praticas_2024_psicologia_07-945x2048.jpeg 945w\" sizes=\"auto, (max-width: 1181px) 100vw, 1181px\" \/><\/figure>\n<\/div>\n\n<div class=\"wp-block-image\">\n<figure class=\"aligncenter size-full\"><img loading=\"lazy\" decoding=\"async\" width=\"1181\" height=\"2560\" src=\"https:\/\/sites.uel.br\/ser\/wp-content\/uploads\/2024\/08\/premio_boas_praticas_2024_psicologia_08-scaled.jpeg\" alt=\"\" class=\"wp-image-7248\" srcset=\"https:\/\/sites.uel.br\/ser\/wp-content\/uploads\/2024\/08\/premio_boas_praticas_2024_psicologia_08-scaled.jpeg 1181w, https:\/\/sites.uel.br\/ser\/wp-content\/uploads\/2024\/08\/premio_boas_praticas_2024_psicologia_08-138x300.jpeg 138w, https:\/\/sites.uel.br\/ser\/wp-content\/uploads\/2024\/08\/premio_boas_praticas_2024_psicologia_08-472x1024.jpeg 472w, https:\/\/sites.uel.br\/ser\/wp-content\/uploads\/2024\/08\/premio_boas_praticas_2024_psicologia_08-768x1665.jpeg 768w, https:\/\/sites.uel.br\/ser\/wp-content\/uploads\/2024\/08\/premio_boas_praticas_2024_psicologia_08-709x1536.jpeg 709w, https:\/\/sites.uel.br\/ser\/wp-content\/uploads\/2024\/08\/premio_boas_praticas_2024_psicologia_08-945x2048.jpeg 945w\" sizes=\"auto, (max-width: 1181px) 100vw, 1181px\" \/><\/figure>\n<\/div>\n\n<div class=\"wp-block-image\">\n<figure class=\"aligncenter size-full\"><img loading=\"lazy\" decoding=\"async\" width=\"1181\" height=\"2560\" src=\"https:\/\/sites.uel.br\/ser\/wp-content\/uploads\/2024\/08\/premio_boas_praticas_2024_psicologia_09-scaled.jpeg\" alt=\"\" class=\"wp-image-7249\" srcset=\"https:\/\/sites.uel.br\/ser\/wp-content\/uploads\/2024\/08\/premio_boas_praticas_2024_psicologia_09-scaled.jpeg 1181w, https:\/\/sites.uel.br\/ser\/wp-content\/uploads\/2024\/08\/premio_boas_praticas_2024_psicologia_09-138x300.jpeg 138w, https:\/\/sites.uel.br\/ser\/wp-content\/uploads\/2024\/08\/premio_boas_praticas_2024_psicologia_09-472x1024.jpeg 472w, https:\/\/sites.uel.br\/ser\/wp-content\/uploads\/2024\/08\/premio_boas_praticas_2024_psicologia_09-768x1665.jpeg 768w, https:\/\/sites.uel.br\/ser\/wp-content\/uploads\/2024\/08\/premio_boas_praticas_2024_psicologia_09-709x1536.jpeg 709w, https:\/\/sites.uel.br\/ser\/wp-content\/uploads\/2024\/08\/premio_boas_praticas_2024_psicologia_09-945x2048.jpeg 945w\" sizes=\"auto, (max-width: 1181px) 100vw, 1181px\" \/><\/figure>\n<\/div>\n\n<div class=\"wp-block-image\">\n<figure class=\"aligncenter size-full\"><img loading=\"lazy\" decoding=\"async\" width=\"1290\" height=\"403\" src=\"https:\/\/sites.uel.br\/ser\/wp-content\/uploads\/2024\/08\/premio_boas_praticas_2024_psicologia_10.jpg\" alt=\"\" class=\"wp-image-7250\" srcset=\"https:\/\/sites.uel.br\/ser\/wp-content\/uploads\/2024\/08\/premio_boas_praticas_2024_psicologia_10.jpg 1290w, https:\/\/sites.uel.br\/ser\/wp-content\/uploads\/2024\/08\/premio_boas_praticas_2024_psicologia_10-300x94.jpg 300w, https:\/\/sites.uel.br\/ser\/wp-content\/uploads\/2024\/08\/premio_boas_praticas_2024_psicologia_10-1024x320.jpg 1024w, https:\/\/sites.uel.br\/ser\/wp-content\/uploads\/2024\/08\/premio_boas_praticas_2024_psicologia_10-768x240.jpg 768w\" sizes=\"auto, (max-width: 1290px) 100vw, 1290px\" \/><\/figure>\n<\/div>\n\n\n<hr class=\"wp-block-separator has-text-color has-cinza-color has-css-opacity has-cinza-background-color has-background is-style-wide\" \/>\n\n\n\n<p><strong>ESTUDANTES PARTICIPANTES<\/strong><\/p>\n\n\n\n<p>ADRIELLI DIAS DO PRADO<br>ALEXANDER M\u00c1RCIO RODRIGUES DOS SANTOS<br>ALEXANDRE GODOI DE MELO<br>ALEXANDRINA FY R\u00c1 DE ALMEIDA<br>ANA CAROLINA DE AGUIAR GON\u00c7ALVES<br>ANA CLARA DE ALMEIDA VALONGA ANDREATTA<br>ANA CLARA PEREIRA CARVALHO<br>ANA CLARA YURIE YOSHIMOTO<br>ANA CLARA ZANONI DO REGO<br>ANA JULIA DALAQUA DE SANTI<br>ANA LAURA CAMPOS DOS SANTOS<br>ANA L\u00cdVIA MELLO<br>ANA LIVIA VALENTE LIMA<br>ANA PAULA DE FRAN\u00c7A<br>ANNE ELIS FERREIRA DINIZ RAMOS<br>BEATRIZ RODRIGUES MARTINEZ<br>BRUCE KENSHIN ZENKE E DIAS<br>BRUNA LET\u00cdCIA EG\u00cdDIO<br>CAMILA EMY HIRASHIMA<br>CAMILE DIAS DA SILVA<br>CHRISTINY VIT\u00d3RIA FIGUEIREDO GOMES<br>CISSA SANTIAGO DIORIO SOUZA<br>CLARA DE SOUZA LULA SANCHES<br>CLARA LUISA MENDES DE SOUZA<br>CLARA PAVANELO GARBELINI<br>DANIELLE SAYURI OKUNO<br>D\u00c9BORA DE SOUZA SICHINEL<br>DIEGO AURELIANO RIBEIRO<br>EDUARDO MARTINS DA SILVA<br>ELLEN CRISTINA APARECIDA DE AZEVEDO<br>ELOISA MIRANDA LIMA<br>ESTER PELOIA SANTOS<br>FELIPE DAMASIO COELHO<br>GABRIEL VINICIUS BOLETI MANTOVANI<br>GABRIELLA NASCIMENTO RAMOS<br>GIOVANNA KAWANA LIMA<br>GIULIA MARIA MORIS DE ALMEIDA<br>GUILHERME HENRIQUE DE OLIVEIRA<br>GUSTAVO FERREIRA MARTINS<br>HELOISA SAYURI TERADA<br>ISABEL JUNKO NARIMATSU<br>ISABELA ARMENI CASSINELLI<br>ISABELA MARIA DE SOUZA<br>ISABELA ODA DE PAIVA<br>ISABELA SASAKI SERATTI<br>ISABELLA GON\u00c7ALVES CARAVELI<br>ISABELLA MELLO TURETA<br>ISABELLA SOARES DE OLIVEIRA NADER<br>ISABELLE FERNANDA DOS SANTOS LOPES<br>ISABELLY VIT\u00d3RIA LANDIM SILVA<br>ISADORA APARECIDA GON\u00c7ALVES ALVES<br>ISADORA FRANCISCA MOURA DOI<br>JENIFER FL\u00c1VIA MUNIZ JERONYMO<br>JO\u00c3O PEDRO SANTANA MAZIERO<br>JO\u00c3O VICTOR MARCON PENNA<br>JO\u00c3O VICTOR RODRIGUES GIROLDO<br>JO\u00c3O VICTOR SILVA ALVES<br>JO\u00c3O VITOR DE SOUZA MARCELINO<br>JOS\u00c9 ANGELO KIELLANDER TAGLIARI<br>JULIA ABID DOS SANTOS<br>JULIA ALCARDE ARA\u00daJO<br>J\u00daLIA DA SILVA GON\u00c7ALVES<br>J\u00daLIA FAUNE SZENCZUK<br>JULIA GALDIN ROCHA<br>KAIO AUGUSTO CANDIDO NARTIS<br>KAREN EMY NISHIMURA<br>KARLA MARILEIDE MARTINS MEDEIROS<br>KARLOS EDUARDO ORSI MARTINS<br>KAROLINE AGNES DUHATSCHEK HAMPF<br>LARISSA CARVALHO CANDIDO<br>LAURA BERNARDI CAROCIA<br>LAURA GABRIELE RADTKE<br>LAYS FERREIRA DE SOUZA<br>LET\u00cdCIA VIEIRA SALLES<br>L\u00cdVIA EDUARDA LEMOS ALEXANDRE<br>LIVIA MARIA DE OLIVEIRA MACEDO<br>LOUIS SPICA DE OLIVEIRA MACEDO<br>LUANA RIBEIRO DE AZEVEDO<br>LUCAS RENATO DEUNGARO<br>LUIS FERNANDO PASSOS DE SOUZA<br>LUIS FERNANDO ROSA DA SILVA<br>LU\u00cdSA SEGUIN RABELO<br>MANUELA MORAES VOLLERTT<br>MARCELLO CHRISTIANO GORLA JUNIOR<br>MARCOS HIROKI IDA<br>MARIA EDUARDA HIROMI YOSHIDA<br>MARIA EDUARDA SANCHES DOS ANJOS<br>MARIA EDUARDA SEMCOVICI NOZI<br>MARIA FERNANDA GARCIA MIRANDA<br>MARIA LUIZA DE FRAN\u00c7A CAMARGO<br>MARIA LUIZA DO PRADO TEIXEIRA<br>MARIANA DOS SANTOS ALVES<br>MARIANA MERCI DOS SANTOS<br>MARIANE ALVES VIEGAS<br>MARINA BERG ARAUJO<br>MIGUEL AUGUSTO DA SILVA<br>MILENA DOS SANTOS FERREIRA<br>NARA FERREIRA ROSA PEREIRA<br>PAOLA DA COSTA MANSO LIMA<br>PEDRO MIGUEL FERREIRA<br>SAMUEL BELLO STRASS<br>SARA LUANA DO VALE CARNEIRO<br>SARAH ISABELE SANTOS NEVES<br>S\u00c9RGIO AUGUSTO KENZO YAMAMOTO<br>SOFIA GASPARINO MALVEZZ<br>SOFIA ROMAGNOLO PEREIRA DA SILVA<br>SOPHIA MARIA DONATO JACHSTET<br>STEFANI GIOVANA DA SILVA<br>STEFANY LORRAINE DIAS DA SILVA<br>TAINARA ARCANJO DA SILVA<br>TALITA DA SILVA GUERINI<br>THA\u00cdS DIAS PEREIRA<br>TIELEN TAILA DA SILVA TAMURA<br>VINICIUS APARECIDO DUARTE MARTINS<br>VITOR ROMEIRO ETINGER<\/p>\n\n\n\n<div style=\"height:20px\" aria-hidden=\"true\" class=\"wp-block-spacer\"><\/div>\n\n\n\n<p><strong>DOCENTES PARTICIPANTES<\/strong><\/p>\n\n\n\n<p>ALEJANDRA ASTRID LEON CEDNO<br>MAIANGO DIAS<\/p>\n","protected":false},"excerpt":{"rendered":"<p>Cursos Inscritos Premiados 2024 Psicologia Resumo da A\u00e7\u00e3o: A Psico A\u00e7\u00e3o Solid\u00e1ria \u00e9 uma iniciativa organizada para a semana de recep\u00e7\u00e3o dos calouros, abrangendo n\u00e3o apenas o curso de Psicologia, mas tamb\u00e9m diversos outros Centros Acad\u00eamicos, Atl\u00e9ticas, Projetos de Extens\u00e3o e Empresas Juniores. A a\u00e7\u00e3o consiste na arrecada\u00e7\u00e3o de alimentos n\u00e3o perec\u00edveis, itens de higiene [&hellip;]<\/p>\n","protected":false},"author":8,"featured_media":0,"parent":0,"menu_order":0,"comment_status":"closed","ping_status":"closed","template":"","meta":{"_acf_changed":false,"_themeisle_gutenberg_block_has_review":false,"footnotes":""},"class_list":["post-7075","page","type-page","status-publish","hentry"],"acf":[],"_links":{"self":[{"href":"https:\/\/sites.uel.br\/ser\/wp-json\/wp\/v2\/pages\/7075","targetHints":{"allow":["GET"]}}],"collection":[{"href":"https:\/\/sites.uel.br\/ser\/wp-json\/wp\/v2\/pages"}],"about":[{"href":"https:\/\/sites.uel.br\/ser\/wp-json\/wp\/v2\/types\/page"}],"author":[{"embeddable":true,"href":"https:\/\/sites.uel.br\/ser\/wp-json\/wp\/v2\/users\/8"}],"replies":[{"embeddable":true,"href":"https:\/\/sites.uel.br\/ser\/wp-json\/wp\/v2\/comments?post=7075"}],"version-history":[{"count":22,"href":"https:\/\/sites.uel.br\/ser\/wp-json\/wp\/v2\/pages\/7075\/revisions"}],"predecessor-version":[{"id":7425,"href":"https:\/\/sites.uel.br\/ser\/wp-json\/wp\/v2\/pages\/7075\/revisions\/7425"}],"wp:attachment":[{"href":"https:\/\/sites.uel.br\/ser\/wp-json\/wp\/v2\/media?parent=7075"}],"curies":[{"name":"wp","href":"https:\/\/api.w.org\/{rel}","templated":true}]}}