{"id":7074,"date":"2024-08-05T15:49:29","date_gmt":"2024-08-05T18:49:29","guid":{"rendered":"https:\/\/sites.uel.br\/ser\/?page_id=7074"},"modified":"2024-09-27T09:29:17","modified_gmt":"2024-09-27T12:29:17","slug":"premio-boas-praticas-na-recepcao-aos-estudantes-ingressantes-premiados-2024-pedagogia","status":"publish","type":"page","link":"https:\/\/sites.uel.br\/ser\/premio-boas-praticas-na-recepcao-aos-estudantes-ingressantes-premiados-2024-pedagogia\/","title":{"rendered":"Pr\u00eamio Boas Pr\u00e1ticas na Recep\u00e7\u00e3o aos Estudantes Ingressantes"},"content":{"rendered":"\n<hr class=\"wp-block-separator has-alpha-channel-opacity is-style-wide\" \/>\n\n\n\n<figure class=\"wp-block-image size-full\"><img decoding=\"async\" src=\"https:\/\/sites.uel.br\/ser\/wp-content\/uploads\/2024\/06\/site-ser.png\" alt=\"\" class=\"wp-image-6163\" \/><\/figure>\n\n\n\n<h2 class=\"wp-block-heading\">Cursos Inscritos Premiados<\/h2>\n\n\n\n<h2 class=\"wp-block-heading\">2024<\/h2>\n\n\n\n<h2 class=\"wp-block-heading\">Pedagogia<\/h2>\n\n\n\n<p><strong>Resumo da A\u00e7\u00e3o:<\/strong><\/p>\n\n\n\n<p>Campanha para doa\u00e7\u00e3o de bonecas no curso de Pedagogia da UEL &#8211; ingressantes 2024<br>(Bonecas novas e\/ou em bom estado de conserva\u00e7\u00e3o).<br><br>Parceria: SEBEC, NEAB, Faculdade de Educa\u00e7\u00e3o da UFRGS, UNIAFRO\/UFRGS<br><br>Objetivo: Arrecadar bonecas para serem doadas \u00e0s crian\u00e7as do Rio Grande do Sul que est\u00e3o nos abrigos tempor\u00e1rios.<br><br>A\u00e7\u00e3o em parceria com projeto Uniafro \u2013 Pol\u00edtica de Igualdade Racial na escola \u2013 coordenado pela Profa Dra. Tanara Forte Furtado &#8211; Faculdade de Educa\u00e7\u00e3o da UFRGSFACED\/UFRGS.<\/p>\n\n\n\n<p><em>Obs: texto confeccionado pelos estudantes de Gradua\u00e7\u00e3o e\/ou Coordena\u00e7\u00e3o do curso.<\/em><\/p>\n\n\n\n<hr class=\"wp-block-separator has-text-color has-cinza-color has-css-opacity has-cinza-background-color has-background is-style-wide\" \/>\n\n\n\n<figure class=\"wp-block-embed is-type-video is-provider-youtube wp-block-embed-youtube wp-embed-aspect-16-9 wp-has-aspect-ratio\"><div class=\"wp-block-embed__wrapper\">\n<iframe loading=\"lazy\" title=\"Pr\u00eamio Boas Pr\u00e1ticas Solid\u00e1rias na Semana do Estudante Ingressante 2024 (Pedagogia)\" width=\"500\" height=\"281\" src=\"https:\/\/www.youtube.com\/embed\/wkcBv83Stw0?feature=oembed\" frameborder=\"0\" allow=\"accelerometer; autoplay; clipboard-write; encrypted-media; gyroscope; picture-in-picture; web-share\" referrerpolicy=\"strict-origin-when-cross-origin\" allowfullscreen><\/iframe>\n<\/div><\/figure>\n\n\n<div class=\"wp-block-image\">\n<figure class=\"aligncenter size-full\"><img loading=\"lazy\" decoding=\"async\" width=\"2560\" height=\"1920\" src=\"https:\/\/sites.uel.br\/ser\/wp-content\/uploads\/2024\/08\/premio_boas_praticas_2024_pedagogia_01-scaled.jpg\" alt=\"\" class=\"wp-image-7234\" srcset=\"https:\/\/sites.uel.br\/ser\/wp-content\/uploads\/2024\/08\/premio_boas_praticas_2024_pedagogia_01-scaled.jpg 2560w, https:\/\/sites.uel.br\/ser\/wp-content\/uploads\/2024\/08\/premio_boas_praticas_2024_pedagogia_01-300x225.jpg 300w, https:\/\/sites.uel.br\/ser\/wp-content\/uploads\/2024\/08\/premio_boas_praticas_2024_pedagogia_01-1024x768.jpg 1024w, https:\/\/sites.uel.br\/ser\/wp-content\/uploads\/2024\/08\/premio_boas_praticas_2024_pedagogia_01-768x576.jpg 768w, https:\/\/sites.uel.br\/ser\/wp-content\/uploads\/2024\/08\/premio_boas_praticas_2024_pedagogia_01-1536x1152.jpg 1536w, https:\/\/sites.uel.br\/ser\/wp-content\/uploads\/2024\/08\/premio_boas_praticas_2024_pedagogia_01-2048x1536.jpg 2048w\" sizes=\"auto, (max-width: 2560px) 100vw, 2560px\" \/><\/figure>\n<\/div>\n\n<div class=\"wp-block-image\">\n<figure class=\"aligncenter size-full\"><img loading=\"lazy\" decoding=\"async\" width=\"1920\" height=\"2560\" src=\"https:\/\/sites.uel.br\/ser\/wp-content\/uploads\/2024\/08\/premio_boas_praticas_2024_pedagogia_02-scaled.jpg\" alt=\"\" class=\"wp-image-7236\" srcset=\"https:\/\/sites.uel.br\/ser\/wp-content\/uploads\/2024\/08\/premio_boas_praticas_2024_pedagogia_02-scaled.jpg 1920w, https:\/\/sites.uel.br\/ser\/wp-content\/uploads\/2024\/08\/premio_boas_praticas_2024_pedagogia_02-225x300.jpg 225w, https:\/\/sites.uel.br\/ser\/wp-content\/uploads\/2024\/08\/premio_boas_praticas_2024_pedagogia_02-768x1024.jpg 768w, https:\/\/sites.uel.br\/ser\/wp-content\/uploads\/2024\/08\/premio_boas_praticas_2024_pedagogia_02-1152x1536.jpg 1152w, https:\/\/sites.uel.br\/ser\/wp-content\/uploads\/2024\/08\/premio_boas_praticas_2024_pedagogia_02-1536x2048.jpg 1536w\" sizes=\"auto, (max-width: 1920px) 100vw, 1920px\" \/><\/figure>\n<\/div>\n\n\n<hr class=\"wp-block-separator has-text-color has-cinza-color has-css-opacity has-cinza-background-color has-background is-style-wide\" \/>\n\n\n\n<p><strong>ESTUDANTES PARTICIPANTES<\/strong><\/p>\n\n\n\n<p>ALANA MENDES GOMES<br>AMANDA CAROLINE DA SILVA<br>ANA BEATRIZ DE SOUZA DA SILVA<br>ANA J\u00daLIA DE ALMEIDA<br>ANA JULIA FLORIANO MELHADO<br>ANA MARIA PALAGANO<br>ANA PAULA DA SILVA AMARAL<br>ANY CAROLINE DA CRUZ LINARDI<br>BEATRIZ DE AQUINO IL\u00c1RIO<br>BEATRIZ PLATH GOMES DA COSTA<br>BRUNA MARIA LUCENA IZIDORO DOS SANTOS<br>ELLEN YUKARI KAMIKAWA COSTA<br>ELLYSA DE OLIVEIRA<br>EVELYN HARUMI TERASHIMA<br>GABRIELA BARROS FERREIRA<br>GABRIELA CAZOTE<br>GEOVANNA THEISE TRINDADE<br>GUILHERME AUGUSTO RESENDE DA SILVA<br>HELO\u00cdSA RODRIGUES<br>HELOISA TIRONI VAINASKI<br>HENRI SPOSITO DA SILVA CAMPOS<br>HENRIQUE ALVES PEREIRA PERSEGHIERI<br>ISABELA BARBOSA PAULETI<br>ISABELA LOPEZ ANDR\u00c9<br>ISABELI MARESTONE RODRIGUES<br>ISABELLY BRUNIEL FEITOZA<br>IZABELI OLIVEIRA DA SILVA<br>JACKELINE SOUZA GUADANHIN,<br>KAUANE ANDRESSA GON\u00c7ALVES Q.RUBBO<br>KAUANY DA SILVA SOUZA<br>LARISSA CORREA<br>LIVIA GABRIELA DE FREITAS<br>LUANA DE OLIVEIRA BEGALE<br>LUCIANA OLIVEIRA DOS SANTOS<br>MARIA EDUARDA ALENCAR DE MORAIS<br>MARIA EDUARDA FRANCO DE MORAES<br>MARIA EDUARDA SILVA DE CABRAL DE JESUS<br>MARIA EDUARDA ZANON<br>MARIA PAULA CHAVES MONTEIRO<br>NAT\u00c1LIA SOARES<br>NAYARA CAROLINE GARCIA DE MORAES SILVA<br>NAYRA LOPES<br>NAYRA MARGONAR DA COSTA<br>PATRICIA MARTINS GERTRUDES SILVA<br>VALDELI DE OLIVEIRA<br>YASMIN RIBEIRO DA MOTA<\/p>\n\n\n\n<div style=\"height:20px\" aria-hidden=\"true\" class=\"wp-block-spacer\"><\/div>\n\n\n\n<p><strong>DOCENTES PARTICIPANTES<\/strong><\/p>\n\n\n\n<p>CLEIDE VITOR MUSSINI BATISTA<br>JACINTA DE F\u00c1TIMA DUARTE CRUZ<br>MARTA SILENE FERREIRA BARROS<br>SANDRA REGINA MANTOVANI LEITE<\/p>\n","protected":false},"excerpt":{"rendered":"<p>Cursos Inscritos Premiados 2024 Pedagogia Resumo da A\u00e7\u00e3o: Campanha para doa\u00e7\u00e3o de bonecas no curso de Pedagogia da UEL &#8211; ingressantes 2024(Bonecas novas e\/ou em bom estado de conserva\u00e7\u00e3o). Parceria: SEBEC, NEAB, Faculdade de Educa\u00e7\u00e3o da UFRGS, UNIAFRO\/UFRGS Objetivo: Arrecadar bonecas para serem doadas \u00e0s crian\u00e7as do Rio Grande do Sul que est\u00e3o nos abrigos [&hellip;]<\/p>\n","protected":false},"author":8,"featured_media":0,"parent":0,"menu_order":0,"comment_status":"closed","ping_status":"closed","template":"","meta":{"_acf_changed":false,"_themeisle_gutenberg_block_has_review":false,"footnotes":""},"class_list":["post-7074","page","type-page","status-publish","hentry"],"acf":[],"_links":{"self":[{"href":"https:\/\/sites.uel.br\/ser\/wp-json\/wp\/v2\/pages\/7074","targetHints":{"allow":["GET"]}}],"collection":[{"href":"https:\/\/sites.uel.br\/ser\/wp-json\/wp\/v2\/pages"}],"about":[{"href":"https:\/\/sites.uel.br\/ser\/wp-json\/wp\/v2\/types\/page"}],"author":[{"embeddable":true,"href":"https:\/\/sites.uel.br\/ser\/wp-json\/wp\/v2\/users\/8"}],"replies":[{"embeddable":true,"href":"https:\/\/sites.uel.br\/ser\/wp-json\/wp\/v2\/comments?post=7074"}],"version-history":[{"count":8,"href":"https:\/\/sites.uel.br\/ser\/wp-json\/wp\/v2\/pages\/7074\/revisions"}],"predecessor-version":[{"id":7424,"href":"https:\/\/sites.uel.br\/ser\/wp-json\/wp\/v2\/pages\/7074\/revisions\/7424"}],"wp:attachment":[{"href":"https:\/\/sites.uel.br\/ser\/wp-json\/wp\/v2\/media?parent=7074"}],"curies":[{"name":"wp","href":"https:\/\/api.w.org\/{rel}","templated":true}]}}