{"id":7073,"date":"2024-08-05T15:49:15","date_gmt":"2024-08-05T18:49:15","guid":{"rendered":"https:\/\/sites.uel.br\/ser\/?page_id=7073"},"modified":"2024-09-27T09:29:02","modified_gmt":"2024-09-27T12:29:02","slug":"premio-boas-praticas-na-recepcao-aos-estudantes-ingressantes-premiados-2024-medicina-veterinaria","status":"publish","type":"page","link":"https:\/\/sites.uel.br\/ser\/premio-boas-praticas-na-recepcao-aos-estudantes-ingressantes-premiados-2024-medicina-veterinaria\/","title":{"rendered":"Pr\u00eamio Boas Pr\u00e1ticas na Recep\u00e7\u00e3o aos Estudantes Ingressantes"},"content":{"rendered":"\n<hr class=\"wp-block-separator has-alpha-channel-opacity is-style-wide\" \/>\n\n\n\n<figure class=\"wp-block-image size-full\"><img decoding=\"async\" src=\"https:\/\/sites.uel.br\/ser\/wp-content\/uploads\/2024\/06\/site-ser.png\" alt=\"\" class=\"wp-image-6163\" \/><\/figure>\n\n\n\n<h2 class=\"wp-block-heading\">Cursos Inscritos Premiados<\/h2>\n\n\n\n<h2 class=\"wp-block-heading\">2024<\/h2>\n\n\n\n<h2 class=\"wp-block-heading\">Medicina Veterin\u00e1ria<\/h2>\n\n\n\n<p><strong>Resumo da A\u00e7\u00e3o:<\/strong><\/p>\n\n\n\n<p>As entidades: Centro acad\u00eamico -CAVET, VET-Jr, Atl\u00e9tica e v\u00e1rios grupos de estudo uniram-se ao Colegiado para uma a\u00e7\u00e3o em prol dos animais v\u00edtimas das enchentes no Rio Grande do Sul. Foi organizado um curso, chamado: Semana de Emerg\u00eancia em Pequenos Animais, no qual os palestrantes foram todos docentes do Departamento de Cl\u00ednicas Veterin\u00e1rias do curso de Medicina Veterin\u00e1ria CCA-UEL. Os alunos volunt\u00e1rios foram respons\u00e1veis por toda a organiza\u00e7\u00e3o, arrecada\u00e7\u00e3o, certifica\u00e7\u00e3o e divulga\u00e7\u00e3o. Tivemos mais de 454 inscritos e uma arrecada\u00e7\u00e3o de aproximadamente R$ 12.000,00, al\u00e9m de ra\u00e7\u00f5es e 100% da arrecada\u00e7\u00e3o foi doada ao Rio Grande do Sul. <br><br>&#8220;A primeira etapa foi a realiza\u00e7\u00e3o do curso online, com participantes do Brasil inteiro, realizado nos dias 27, 28, 29 e 30 de Maio, comandado e apresentado pelos veteranos e colegiado. Nessa etapa tivemos alguns calouros j\u00e1 inscritos como participantes. Durante o m\u00eas de Junho (de 01\/06 \u00e0 30\/06) foi realizada a segunda etapa da atividade, a qual contou com ingressantes e veteranos que foi a certifica\u00e7\u00e3o dos inscritos, divulga\u00e7\u00e3o dos resultados e entrega de ra\u00e7\u00f5es e valores para as entidades respons\u00e1veis pelos animais v\u00edtimas das enchentes do Rio Grande do Sul. Segue abaixo depoimento da Prof. Lara (veterin\u00e1ria do RS, respons\u00e1vel pelo recebimento das nossas doa\u00e7\u00f5es):<\/p>\n\n\n\n<p>&#8220;Me chamo Lara Fabre, sou m\u00e9dica veterin\u00e1ria e estive na linha de frente na recep\u00e7\u00e3o dos animais resgatados da enchente em maio de 2024 no RS, na cidade de Canoas. O abrigo onde fiz trabalho volunt\u00e1rio chegou a ter cerca de 4 mil animais, em meio a esse caos, veterin\u00e1rios e civis do Brasil todo vieram pra nos ajudar na manuten\u00e7\u00e3o do m\u00ednimo de qualidade de vida para os animais, mas conforme os dias foram passando, todos n\u00f3s percebemos que a \u00fanica solu\u00e7\u00e3o para os animais abrigados \u00e9 ter uma vida digna fora dos abrigos, onde n\u00e3o h\u00e1 um ambiente estressante e imunossupressor, onde passam suas vidas acorrentados numa baia de 1x1m, merecem carinho, um lar aquecido, especialmente de calor humano. Desde ent\u00e3o a nossa miss\u00e3o foi tentar encontrar adotantes para esses animais fora do estado, j\u00e1 que todas as pessoas pr\u00f3ximas j\u00e1 se mobilizaram e ajudaram adotando, mas o n\u00famero de animais \u00e9 enorme, muitos tinham fam\u00edlias que perderam tudo e n\u00e3o ir\u00e3o voltar para as suas casas, n\u00e3o tem condi\u00e7\u00f5es de arcar com os custos de ter um animal e acabaram abdicando, e outro grupo grande de animais eram de rua. A maioria dos animais n\u00e3o castrados, ent\u00e3o a popula\u00e7\u00e3o de animais s\u00f3 crescia na cidade.<br><br>Diante disso, iniciamos os pedidos de ajuda para a ado\u00e7\u00e3o fora do estado e consequentemente o transporte deles at\u00e9 as suas novas casas. Conseguimos adotantes, locais para realiza\u00e7\u00e3o de feiras de ado\u00e7\u00e3o e gra\u00e7as a equipe da Universidade Estadual de Londrina (UEL) e outras pessoas, foi poss\u00edvel fretar um \u00f4nibus com 30 animais para S\u00e3o Bernardo do Campo em S\u00e3o Paulo onde esses animais foram adotados e est\u00e3o tendo a vida que merecem.<br><br>Ainda h\u00e1 muito a ser feito, hoje dia 29 de julho de 2024 ainda temos em torno de 900 animais no abrigo, os animais dos abrigos que fecharam est\u00e3o sendo direcionados ao abrigo da ULBRA \u2013 Instituto Palmira Gobb e Centro de bem estar animal de Canoas; mas sabemos que cada um fazendo um pouquinho, n\u00f3s conseguiremos seguir ajudando e mudando a vida desses animais sobreviventes.<br><br>Gratid\u00e3o a toda equipe da UEL que se mobilizou em prol dessa causa, n\u00f3s seguimos lutando por esses animais e pelo bem estar deles. Obrigada pelas colabora\u00e7\u00f5es, pelo tempo dedicado a isso e pelo esfor\u00e7o para nos ajudar na causa. Muito obrigada.&#8221;<\/p>\n\n\n\n<p>Segue abaixo depoimento da aluna Laura Siqueira Bruder do primeiro ano, que assistiu o curso como participante:<\/p>\n\n\n\n<p>&#8220;Foi sensacional! Todas as palestras foram super did\u00e1ticas e mesmo n\u00e3o tendo tanto conhecimento acerca do termos t\u00e9cnicos, aprendi muitos deles!&#8221;<\/p>\n\n\n\n<p><\/p>\n\n\n\n<p><em>Obs: texto confeccionado pelos estudantes de Gradua\u00e7\u00e3o e\/ou Coordena\u00e7\u00e3o do curso.<\/em><\/p>\n\n\n\n<hr class=\"wp-block-separator has-text-color has-cinza-color has-css-opacity has-cinza-background-color has-background is-style-wide\" \/>\n\n\n<div class=\"wp-block-image\">\n<figure class=\"aligncenter size-full\"><img loading=\"lazy\" decoding=\"async\" width=\"508\" height=\"506\" src=\"https:\/\/sites.uel.br\/ser\/wp-content\/uploads\/2024\/08\/premio_boas_praticas_2024_medicina_veterinaria_01.jpeg\" alt=\"\" class=\"wp-image-7227\" srcset=\"https:\/\/sites.uel.br\/ser\/wp-content\/uploads\/2024\/08\/premio_boas_praticas_2024_medicina_veterinaria_01.jpeg 508w, https:\/\/sites.uel.br\/ser\/wp-content\/uploads\/2024\/08\/premio_boas_praticas_2024_medicina_veterinaria_01-300x300.jpeg 300w, https:\/\/sites.uel.br\/ser\/wp-content\/uploads\/2024\/08\/premio_boas_praticas_2024_medicina_veterinaria_01-150x150.jpeg 150w\" sizes=\"auto, (max-width: 508px) 100vw, 508px\" \/><\/figure>\n<\/div>\n\n<div class=\"wp-block-image\">\n<figure class=\"aligncenter size-full\"><img loading=\"lazy\" decoding=\"async\" width=\"731\" height=\"636\" src=\"https:\/\/sites.uel.br\/ser\/wp-content\/uploads\/2024\/08\/premio_boas_praticas_2024_medicina_veterinaria_02.jpeg\" alt=\"\" class=\"wp-image-7228\" srcset=\"https:\/\/sites.uel.br\/ser\/wp-content\/uploads\/2024\/08\/premio_boas_praticas_2024_medicina_veterinaria_02.jpeg 731w, https:\/\/sites.uel.br\/ser\/wp-content\/uploads\/2024\/08\/premio_boas_praticas_2024_medicina_veterinaria_02-300x261.jpeg 300w\" sizes=\"auto, (max-width: 731px) 100vw, 731px\" \/><\/figure>\n<\/div>\n\n<div class=\"wp-block-image\">\n<figure class=\"aligncenter size-full\"><img loading=\"lazy\" decoding=\"async\" width=\"893\" height=\"1600\" src=\"https:\/\/sites.uel.br\/ser\/wp-content\/uploads\/2024\/08\/premio_boas_praticas_2024_medicina_veterinaria_03.jpeg\" alt=\"\" class=\"wp-image-7229\" srcset=\"https:\/\/sites.uel.br\/ser\/wp-content\/uploads\/2024\/08\/premio_boas_praticas_2024_medicina_veterinaria_03.jpeg 893w, https:\/\/sites.uel.br\/ser\/wp-content\/uploads\/2024\/08\/premio_boas_praticas_2024_medicina_veterinaria_03-167x300.jpeg 167w, https:\/\/sites.uel.br\/ser\/wp-content\/uploads\/2024\/08\/premio_boas_praticas_2024_medicina_veterinaria_03-572x1024.jpeg 572w, https:\/\/sites.uel.br\/ser\/wp-content\/uploads\/2024\/08\/premio_boas_praticas_2024_medicina_veterinaria_03-768x1376.jpeg 768w, https:\/\/sites.uel.br\/ser\/wp-content\/uploads\/2024\/08\/premio_boas_praticas_2024_medicina_veterinaria_03-857x1536.jpeg 857w\" sizes=\"auto, (max-width: 893px) 100vw, 893px\" \/><\/figure>\n<\/div>\n\n<div class=\"wp-block-image\">\n<figure class=\"aligncenter size-full\"><img loading=\"lazy\" decoding=\"async\" width=\"1280\" height=\"591\" src=\"https:\/\/sites.uel.br\/ser\/wp-content\/uploads\/2024\/08\/premio_boas_praticas_2024_medicina_veterinaria_04.jpeg\" alt=\"\" class=\"wp-image-7230\" srcset=\"https:\/\/sites.uel.br\/ser\/wp-content\/uploads\/2024\/08\/premio_boas_praticas_2024_medicina_veterinaria_04.jpeg 1280w, https:\/\/sites.uel.br\/ser\/wp-content\/uploads\/2024\/08\/premio_boas_praticas_2024_medicina_veterinaria_04-300x139.jpeg 300w, https:\/\/sites.uel.br\/ser\/wp-content\/uploads\/2024\/08\/premio_boas_praticas_2024_medicina_veterinaria_04-1024x473.jpeg 1024w, https:\/\/sites.uel.br\/ser\/wp-content\/uploads\/2024\/08\/premio_boas_praticas_2024_medicina_veterinaria_04-768x355.jpeg 768w\" sizes=\"auto, (max-width: 1280px) 100vw, 1280px\" \/><\/figure>\n<\/div>\n\n<div class=\"wp-block-image\">\n<figure class=\"aligncenter size-full\"><img loading=\"lazy\" decoding=\"async\" width=\"1280\" height=\"591\" src=\"https:\/\/sites.uel.br\/ser\/wp-content\/uploads\/2024\/08\/premio_boas_praticas_2024_medicina_veterinaria_05.jpeg\" alt=\"\" class=\"wp-image-7231\" srcset=\"https:\/\/sites.uel.br\/ser\/wp-content\/uploads\/2024\/08\/premio_boas_praticas_2024_medicina_veterinaria_05.jpeg 1280w, https:\/\/sites.uel.br\/ser\/wp-content\/uploads\/2024\/08\/premio_boas_praticas_2024_medicina_veterinaria_05-300x139.jpeg 300w, https:\/\/sites.uel.br\/ser\/wp-content\/uploads\/2024\/08\/premio_boas_praticas_2024_medicina_veterinaria_05-1024x473.jpeg 1024w, https:\/\/sites.uel.br\/ser\/wp-content\/uploads\/2024\/08\/premio_boas_praticas_2024_medicina_veterinaria_05-768x355.jpeg 768w\" sizes=\"auto, (max-width: 1280px) 100vw, 1280px\" \/><\/figure>\n<\/div>\n\n\n<hr class=\"wp-block-separator has-text-color has-cinza-color has-css-opacity has-cinza-background-color has-background is-style-wide\" \/>\n\n\n\n<p><strong>ESTUDANTES PARTICIPANTES<\/strong><\/p>\n\n\n\n<p>AMANDA SARAIVA DE LIMA<br>ANA CAROLINE AOKI DE ASSIS<br>ANA VIT\u00d3RIA DE BRITO HELER<br>AN\u00c1LIA TEIXEIRA BARRETO<br>ANGELA AKEMI HIROISHI<br>ANNA LUIZA DE GODOY LIMA<br>ANTONELLA RILLO MARTINUSSI<br>CAIO GARCIA BARBOSA DA SILVA<br>CATARINA MERLO RODRIGUES<br>CEC\u00cdLIA CORBACHO MACIEL<br>\u00c9RIKA FERNANDA DA SILVA<br>ESTELA CARAMORI GILSOGAMO DE OLIVEIRA<br>EVELYN DOS SANTOS PRADO<br>GABRIELA POSSI YAZAKI<br>GEOVANI DAS MERC\u00caS MUNHOZ<br>HELENA BRUNO BARBAR PINTO<br>ISABELA REIS TEN\u00d3RIO CAVALCANTI<br>ISABELLE LETICIA DA SILVA MELO<br>ISADORA NOGUEIRA SALOM\u00c3O<br>JULIA BATISTELA GIUSTI<br>JULIA BEATRIZ DE LIMA SANTOS<br>JULIA CHAGAS CAPELOTO<br>JULIA GUIMAR\u00c3ES POMPEU<br>LARA ANTONIA G. DOS PASSOS SARMENTO<br>LARA FRASSON ARA\u00daJO<br>LAURA SIQUEIRA BRUDER<br>LAUREN RAPHAELY DE OLIVEIRA B. E SILVA<br>LETHICIA MENDES NINO<br>LET\u00cdCIA PALACIO DA SILVA<br>LIDIA LAIANA NOGUEIRA DE PAULA<br>LORENA ALMEIDA<br>LU\u00cdZA MACHADO E CARDOSO<br>MANOELE REIS DE OLIVEIRA<br>MARCOS A RIBEIRO DE LIMA PAULO<br>MARIA CLARA GUIMAR\u00c3ES ULIAN<br>MARIA EDUARDA DE ANDRADE PINTO<br>MARIA EDUARDA DE LIMA OLIVEIRA<br>MARIA FERNANDA FRASSON PONTES<br>MARIA FERNANDA RODRIGUES DE SOUSA<br>MARIA J\u00daLIA PAPIN FILADELFO<br>MARIANA TOLARI DE FRAN\u00c7A<br>MARINA ALABY BRANDANE<br>MATHEUS ALVES DE SOUSA<br>NATASHA KARINA MAGALH\u00c3ES UENO<br>NATHALIA CRISTINA C\u00c2NDIDO DE REZENDE<br>PAOLA ZANIM MICHELAZZO<br>PEDRO TADEU FASSINA BARBOSA<br>REBEXA BALIEGO<br>RENATA CAROLINE GON\u00c7ALVES<br>ROSANA NOIVO DE AZEVEDO REIS<br>SABRINA SENRA DE OLIVEIRA NASCIMENTO<br>SAMANTHA APARECIDA LOPES SENA<br>SAMARA APARECIDA LOPES SENA<br>YOLANDA SIM\u00d5ES ORSI<br>YURI LUIS REDONDO DE MORAIS<\/p>\n\n\n\n<div style=\"height:20px\" aria-hidden=\"true\" class=\"wp-block-spacer\"><\/div>\n\n\n\n<p><strong>DOCENTES PARTICIPANTES:<\/strong><\/p>\n\n\n\n<p>CARMEN LUCIA SCORTECCI HILST<br>F\u00c1BIO NELSON GAVA<br>FERNANDO DE BIASI<br>GUILHERME SCHIESS CARDOSO<br>JANIS REGINA MESSIAS GONZ\u00c1LES<br>LUCAS AL\u00c9CIO GOMES<br>MARIA ISABEL MELLO MARTINS<br>MIRIAN SILIANE BATISTA DE SOUZA<br>M\u00d4NICA VICKY BAHR ARIAS<br>PATRICIA MENDES PEREIRA<\/p>\n","protected":false},"excerpt":{"rendered":"<p>Cursos Inscritos Premiados 2024 Medicina Veterin\u00e1ria Resumo da A\u00e7\u00e3o: As entidades: Centro acad\u00eamico -CAVET, VET-Jr, Atl\u00e9tica e v\u00e1rios grupos de estudo uniram-se ao Colegiado para uma a\u00e7\u00e3o em prol dos animais v\u00edtimas das enchentes no Rio Grande do Sul. Foi organizado um curso, chamado: Semana de Emerg\u00eancia em Pequenos Animais, no qual os palestrantes foram [&hellip;]<\/p>\n","protected":false},"author":8,"featured_media":0,"parent":0,"menu_order":0,"comment_status":"closed","ping_status":"closed","template":"","meta":{"_acf_changed":false,"_themeisle_gutenberg_block_has_review":false,"footnotes":""},"class_list":["post-7073","page","type-page","status-publish","hentry"],"acf":[],"_links":{"self":[{"href":"https:\/\/sites.uel.br\/ser\/wp-json\/wp\/v2\/pages\/7073","targetHints":{"allow":["GET"]}}],"collection":[{"href":"https:\/\/sites.uel.br\/ser\/wp-json\/wp\/v2\/pages"}],"about":[{"href":"https:\/\/sites.uel.br\/ser\/wp-json\/wp\/v2\/types\/page"}],"author":[{"embeddable":true,"href":"https:\/\/sites.uel.br\/ser\/wp-json\/wp\/v2\/users\/8"}],"replies":[{"embeddable":true,"href":"https:\/\/sites.uel.br\/ser\/wp-json\/wp\/v2\/comments?post=7073"}],"version-history":[{"count":8,"href":"https:\/\/sites.uel.br\/ser\/wp-json\/wp\/v2\/pages\/7073\/revisions"}],"predecessor-version":[{"id":7423,"href":"https:\/\/sites.uel.br\/ser\/wp-json\/wp\/v2\/pages\/7073\/revisions\/7423"}],"wp:attachment":[{"href":"https:\/\/sites.uel.br\/ser\/wp-json\/wp\/v2\/media?parent=7073"}],"curies":[{"name":"wp","href":"https:\/\/api.w.org\/{rel}","templated":true}]}}