{"id":7072,"date":"2024-08-05T15:48:58","date_gmt":"2024-08-05T18:48:58","guid":{"rendered":"https:\/\/sites.uel.br\/ser\/?page_id=7072"},"modified":"2024-10-29T10:36:34","modified_gmt":"2024-10-29T13:36:34","slug":"premio-boas-praticas-na-recepcao-aos-estudantes-ingressantes-premiados-2024-matematica","status":"publish","type":"page","link":"https:\/\/sites.uel.br\/ser\/premio-boas-praticas-na-recepcao-aos-estudantes-ingressantes-premiados-2024-matematica\/","title":{"rendered":"Pr\u00eamio Boas Pr\u00e1ticas na Recep\u00e7\u00e3o aos Estudantes Ingressantes"},"content":{"rendered":"\n<hr class=\"wp-block-separator has-alpha-channel-opacity is-style-wide\" \/>\n\n\n\n<figure class=\"wp-block-image size-full\"><img decoding=\"async\" src=\"https:\/\/sites.uel.br\/ser\/wp-content\/uploads\/2024\/06\/site-ser.png\" alt=\"\" class=\"wp-image-6163\" \/><\/figure>\n\n\n\n<h2 class=\"wp-block-heading\">Cursos Inscritos Premiados<\/h2>\n\n\n\n<h2 class=\"wp-block-heading\">2024<\/h2>\n\n\n\n<h2 class=\"wp-block-heading\">Matem\u00e1tica<\/h2>\n\n\n\n<p><strong>Resumo da A\u00e7\u00e3o:<\/strong><\/p>\n\n\n\n<p>Os veteranos elaboraram um Manual do Ingressante com v\u00e1rias informa\u00e7\u00f5es pertinentes ao curso para auxiliar os ingressantes.<\/p>\n\n\n\n<p><em>Obs: texto confeccionado pelos estudantes de Gradua\u00e7\u00e3o e\/ou Coordena\u00e7\u00e3o do curso.<\/em><\/p>\n\n\n\n<p class=\"has-text-align-center has-verde-claro-background-color has-background\"><strong><a href=\"https:\/\/sites.uel.br\/ser\/wp-content\/uploads\/2024\/08\/manual_ingressante_matematica_2024.pdf\" target=\"_blank\" rel=\"noreferrer noopener\">Manual do Ingressante UEL Matem\u00e1tica<\/a><\/strong><\/p>\n\n\n\n<hr class=\"wp-block-separator has-text-color has-cinza-color has-css-opacity has-cinza-background-color has-background is-style-wide\" \/>\n\n\n\n<figure class=\"wp-block-embed is-type-video is-provider-youtube wp-block-embed-youtube wp-embed-aspect-16-9 wp-has-aspect-ratio\"><div class=\"wp-block-embed__wrapper\">\n<iframe loading=\"lazy\" title=\"Pr\u00eamio Boas Pr\u00e1ticas Solid\u00e1rias na Semana do Estudante Ingressante 2024 (Matem\u00e1tica)\" width=\"500\" height=\"375\" src=\"https:\/\/www.youtube.com\/embed\/I_LxsEXocGc?feature=oembed\" frameborder=\"0\" allow=\"accelerometer; autoplay; clipboard-write; encrypted-media; gyroscope; picture-in-picture; web-share\" referrerpolicy=\"strict-origin-when-cross-origin\" allowfullscreen><\/iframe>\n<\/div><\/figure>\n\n\n<div class=\"wp-block-image\">\n<figure class=\"aligncenter size-full\"><img loading=\"lazy\" decoding=\"async\" width=\"1600\" height=\"900\" src=\"https:\/\/sites.uel.br\/ser\/wp-content\/uploads\/2024\/08\/premio_boas_praticas_2024_matematica_01.jpeg\" alt=\"\" class=\"wp-image-7225\" srcset=\"https:\/\/sites.uel.br\/ser\/wp-content\/uploads\/2024\/08\/premio_boas_praticas_2024_matematica_01.jpeg 1600w, https:\/\/sites.uel.br\/ser\/wp-content\/uploads\/2024\/08\/premio_boas_praticas_2024_matematica_01-300x169.jpeg 300w, https:\/\/sites.uel.br\/ser\/wp-content\/uploads\/2024\/08\/premio_boas_praticas_2024_matematica_01-1024x576.jpeg 1024w, https:\/\/sites.uel.br\/ser\/wp-content\/uploads\/2024\/08\/premio_boas_praticas_2024_matematica_01-768x432.jpeg 768w, https:\/\/sites.uel.br\/ser\/wp-content\/uploads\/2024\/08\/premio_boas_praticas_2024_matematica_01-1536x864.jpeg 1536w\" sizes=\"auto, (max-width: 1600px) 100vw, 1600px\" \/><\/figure>\n<\/div>\n\n<div class=\"wp-block-image\">\n<figure class=\"aligncenter size-full\"><img loading=\"lazy\" decoding=\"async\" width=\"1241\" height=\"1755\" src=\"https:\/\/sites.uel.br\/ser\/wp-content\/uploads\/2024\/10\/premio_boas_praticas_2024_matematica_02.jpg\" alt=\"\" class=\"wp-image-7444\" srcset=\"https:\/\/sites.uel.br\/ser\/wp-content\/uploads\/2024\/10\/premio_boas_praticas_2024_matematica_02.jpg 1241w, https:\/\/sites.uel.br\/ser\/wp-content\/uploads\/2024\/10\/premio_boas_praticas_2024_matematica_02-212x300.jpg 212w, https:\/\/sites.uel.br\/ser\/wp-content\/uploads\/2024\/10\/premio_boas_praticas_2024_matematica_02-724x1024.jpg 724w, https:\/\/sites.uel.br\/ser\/wp-content\/uploads\/2024\/10\/premio_boas_praticas_2024_matematica_02-768x1086.jpg 768w, https:\/\/sites.uel.br\/ser\/wp-content\/uploads\/2024\/10\/premio_boas_praticas_2024_matematica_02-1086x1536.jpg 1086w\" sizes=\"auto, (max-width: 1241px) 100vw, 1241px\" \/><\/figure>\n<\/div>\n\n\n<hr class=\"wp-block-separator has-text-color has-cinza-color has-css-opacity has-cinza-background-color has-background is-style-wide\" \/>\n\n\n\n<p><strong>ESTUDANTES PARTICIPANTES<\/strong><\/p>\n\n\n\n<p>AYUMI YOSHIOKA PASCUETO<br>BENJAMIN SILVA HILE<br>EDUARDO HENRIQUE DE SANTANA<br>FELIPE MANCINI RAMOS<br>JO\u00c3O ALEXANDRE ZAMBALDI GARCIA<br>LUCAS QUEIROZ DALLOLIO<br>MIGUEL COSTENARO ANDRIELLI<br>PABLO ARBOLEYA<br>PEDRO SILVA BUFALO<br>VICTOR LUCAS BATISTA DE AVILA<\/p>\n","protected":false},"excerpt":{"rendered":"<p>Cursos Inscritos Premiados 2024 Matem\u00e1tica Resumo da A\u00e7\u00e3o: Os veteranos elaboraram um Manual do Ingressante com v\u00e1rias informa\u00e7\u00f5es pertinentes ao curso para auxiliar os ingressantes. Obs: texto confeccionado pelos estudantes de Gradua\u00e7\u00e3o e\/ou Coordena\u00e7\u00e3o do curso. Manual do Ingressante UEL Matem\u00e1tica ESTUDANTES PARTICIPANTES AYUMI YOSHIOKA PASCUETOBENJAMIN SILVA HILEEDUARDO HENRIQUE DE SANTANAFELIPE MANCINI RAMOSJO\u00c3O ALEXANDRE ZAMBALDI [&hellip;]<\/p>\n","protected":false},"author":8,"featured_media":0,"parent":0,"menu_order":0,"comment_status":"closed","ping_status":"closed","template":"","meta":{"_acf_changed":false,"_themeisle_gutenberg_block_has_review":false,"footnotes":""},"class_list":["post-7072","page","type-page","status-publish","hentry"],"acf":[],"_links":{"self":[{"href":"https:\/\/sites.uel.br\/ser\/wp-json\/wp\/v2\/pages\/7072","targetHints":{"allow":["GET"]}}],"collection":[{"href":"https:\/\/sites.uel.br\/ser\/wp-json\/wp\/v2\/pages"}],"about":[{"href":"https:\/\/sites.uel.br\/ser\/wp-json\/wp\/v2\/types\/page"}],"author":[{"embeddable":true,"href":"https:\/\/sites.uel.br\/ser\/wp-json\/wp\/v2\/users\/8"}],"replies":[{"embeddable":true,"href":"https:\/\/sites.uel.br\/ser\/wp-json\/wp\/v2\/comments?post=7072"}],"version-history":[{"count":11,"href":"https:\/\/sites.uel.br\/ser\/wp-json\/wp\/v2\/pages\/7072\/revisions"}],"predecessor-version":[{"id":7445,"href":"https:\/\/sites.uel.br\/ser\/wp-json\/wp\/v2\/pages\/7072\/revisions\/7445"}],"wp:attachment":[{"href":"https:\/\/sites.uel.br\/ser\/wp-json\/wp\/v2\/media?parent=7072"}],"curies":[{"name":"wp","href":"https:\/\/api.w.org\/{rel}","templated":true}]}}