{"id":7071,"date":"2024-08-05T15:48:44","date_gmt":"2024-08-05T18:48:44","guid":{"rendered":"https:\/\/sites.uel.br\/ser\/?page_id=7071"},"modified":"2024-09-26T15:38:24","modified_gmt":"2024-09-26T18:38:24","slug":"premio-boas-praticas-na-recepcao-aos-estudantes-ingressantes-premiados-2024-geografia","status":"publish","type":"page","link":"https:\/\/sites.uel.br\/ser\/premio-boas-praticas-na-recepcao-aos-estudantes-ingressantes-premiados-2024-geografia\/","title":{"rendered":"Pr\u00eamio Boas Pr\u00e1ticas na Recep\u00e7\u00e3o aos Estudantes Ingressantes"},"content":{"rendered":"\n<hr class=\"wp-block-separator has-alpha-channel-opacity is-style-wide\" \/>\n\n\n\n<figure class=\"wp-block-image size-full\"><img decoding=\"async\" src=\"https:\/\/sites.uel.br\/ser\/wp-content\/uploads\/2024\/06\/site-ser.png\" alt=\"\" class=\"wp-image-6163\" \/><\/figure>\n\n\n\n<h2 class=\"wp-block-heading\">Cursos Inscritos Premiados<\/h2>\n\n\n\n<h2 class=\"wp-block-heading\">2024<\/h2>\n\n\n\n<h2 class=\"wp-block-heading\">Geografia<\/h2>\n\n\n\n<p><strong>Resumo da A\u00e7\u00e3o:<\/strong><\/p>\n\n\n\n<p>Neste ano o curso de Geografia escolheu a Casa do Caminho para fazer o acolhimento com o Pr\u00eamio Boas Pr\u00e1ticas. E o leite foi o item apontando pela institui\u00e7\u00e3o como um dos itens de necessidade para as crian\u00e7as. <br><br>Essa Institui\u00e7\u00e3o tem como miss\u00e3o educar, amparar, auxiliar, socorrer, estendendo as m\u00e3os ao pr\u00f3ximo sem esquecer que todos somos esp\u00edritos imortais, sempre necessitados do amparo Divino. E acreditam que \u00e9 poss\u00edvel construir uma sociedade fraterna, justa e solid\u00e1ria para todos. <br><br>Em raz\u00e3o disso realizam um trabalho pedag\u00f3gico com crian\u00e7as e adolescentes na educa\u00e7\u00e3o infantil e no apoio s\u00f3cio educativo, respectivamente, objetivando propiciar condi\u00e7\u00f5es para que os educandos se desenvolvam cognitivamente e alicercem valores morais, com a finalidade de que atuem perante a sociedade com consci\u00eancia, humanidade e cidadania. <br><br>Dessa forma, desde o inicio do ano letivo realizamos a campanha junto aos ingressantes e veteranos a fim de angariar o m\u00e1ximo de doa\u00e7\u00f5es poss\u00edveis para as crian\u00e7as da Casa do Caminho.<\/p>\n\n\n\n<p><em>Obs: texto confeccionado pelos estudantes de Gradua\u00e7\u00e3o e\/ou Coordena\u00e7\u00e3o do curso.<\/em><\/p>\n\n\n\n<hr class=\"wp-block-separator has-text-color has-cinza-color has-css-opacity has-cinza-background-color has-background is-style-wide\" \/>\n\n\n<div class=\"wp-block-image\">\n<figure class=\"aligncenter size-full\"><img loading=\"lazy\" decoding=\"async\" width=\"1599\" height=\"899\" src=\"https:\/\/sites.uel.br\/ser\/wp-content\/uploads\/2024\/08\/premio_boas_praticas_2024_geografia_01.jpeg\" alt=\"\" class=\"wp-image-7221\" srcset=\"https:\/\/sites.uel.br\/ser\/wp-content\/uploads\/2024\/08\/premio_boas_praticas_2024_geografia_01.jpeg 1599w, https:\/\/sites.uel.br\/ser\/wp-content\/uploads\/2024\/08\/premio_boas_praticas_2024_geografia_01-300x169.jpeg 300w, https:\/\/sites.uel.br\/ser\/wp-content\/uploads\/2024\/08\/premio_boas_praticas_2024_geografia_01-1024x576.jpeg 1024w, https:\/\/sites.uel.br\/ser\/wp-content\/uploads\/2024\/08\/premio_boas_praticas_2024_geografia_01-768x432.jpeg 768w, https:\/\/sites.uel.br\/ser\/wp-content\/uploads\/2024\/08\/premio_boas_praticas_2024_geografia_01-1536x864.jpeg 1536w\" sizes=\"auto, (max-width: 1599px) 100vw, 1599px\" \/><\/figure>\n<\/div>\n\n<div class=\"wp-block-image\">\n<figure class=\"aligncenter size-full\"><img loading=\"lazy\" decoding=\"async\" width=\"720\" height=\"1600\" src=\"https:\/\/sites.uel.br\/ser\/wp-content\/uploads\/2024\/08\/premio_boas_praticas_2024_geografia_02.jpeg\" alt=\"\" class=\"wp-image-7222\" srcset=\"https:\/\/sites.uel.br\/ser\/wp-content\/uploads\/2024\/08\/premio_boas_praticas_2024_geografia_02.jpeg 720w, https:\/\/sites.uel.br\/ser\/wp-content\/uploads\/2024\/08\/premio_boas_praticas_2024_geografia_02-135x300.jpeg 135w, https:\/\/sites.uel.br\/ser\/wp-content\/uploads\/2024\/08\/premio_boas_praticas_2024_geografia_02-461x1024.jpeg 461w, https:\/\/sites.uel.br\/ser\/wp-content\/uploads\/2024\/08\/premio_boas_praticas_2024_geografia_02-691x1536.jpeg 691w\" sizes=\"auto, (max-width: 720px) 100vw, 720px\" \/><\/figure>\n<\/div>\n\n<div class=\"wp-block-image\">\n<figure class=\"aligncenter size-full\"><img loading=\"lazy\" decoding=\"async\" width=\"720\" height=\"1600\" src=\"https:\/\/sites.uel.br\/ser\/wp-content\/uploads\/2024\/08\/premio_boas_praticas_2024_geografia_03.jpeg\" alt=\"\" class=\"wp-image-7223\" srcset=\"https:\/\/sites.uel.br\/ser\/wp-content\/uploads\/2024\/08\/premio_boas_praticas_2024_geografia_03.jpeg 720w, https:\/\/sites.uel.br\/ser\/wp-content\/uploads\/2024\/08\/premio_boas_praticas_2024_geografia_03-135x300.jpeg 135w, https:\/\/sites.uel.br\/ser\/wp-content\/uploads\/2024\/08\/premio_boas_praticas_2024_geografia_03-461x1024.jpeg 461w, https:\/\/sites.uel.br\/ser\/wp-content\/uploads\/2024\/08\/premio_boas_praticas_2024_geografia_03-691x1536.jpeg 691w\" sizes=\"auto, (max-width: 720px) 100vw, 720px\" \/><\/figure>\n<\/div>\n\n<div class=\"wp-block-image\">\n<figure class=\"aligncenter size-full\"><img loading=\"lazy\" decoding=\"async\" width=\"1600\" height=\"720\" src=\"https:\/\/sites.uel.br\/ser\/wp-content\/uploads\/2024\/08\/premio_boas_praticas_2024_geografia_04.jpeg\" alt=\"\" class=\"wp-image-7355\" srcset=\"https:\/\/sites.uel.br\/ser\/wp-content\/uploads\/2024\/08\/premio_boas_praticas_2024_geografia_04.jpeg 1600w, https:\/\/sites.uel.br\/ser\/wp-content\/uploads\/2024\/08\/premio_boas_praticas_2024_geografia_04-300x135.jpeg 300w, https:\/\/sites.uel.br\/ser\/wp-content\/uploads\/2024\/08\/premio_boas_praticas_2024_geografia_04-1024x461.jpeg 1024w, https:\/\/sites.uel.br\/ser\/wp-content\/uploads\/2024\/08\/premio_boas_praticas_2024_geografia_04-768x346.jpeg 768w, https:\/\/sites.uel.br\/ser\/wp-content\/uploads\/2024\/08\/premio_boas_praticas_2024_geografia_04-1536x691.jpeg 1536w\" sizes=\"auto, (max-width: 1600px) 100vw, 1600px\" \/><\/figure>\n<\/div>\n\n\n<hr class=\"wp-block-separator has-text-color has-cinza-color has-css-opacity has-cinza-background-color has-background is-style-wide\" \/>\n\n\n\n<p><strong>ESTUDANTES PARTICIPANTES<\/strong><\/p>\n\n\n\n<p>AMANDA CRISTINA SANTOS DE LIMA<br>ANDRESA DOMINGUES SCITKO DA SILVA<br>ANTONIO FONSECA PEREIRA SILVA<br>ARTHUR JOSE BEZERRA DA SILVA<br>CAIQUE RODRIGUES DA SILVA ROCHA<br>CAMILA DANUBIA COLENET RODRIGUES<br>CAMILLE TOPAN BOTELHO<br>CARLOS ALBERTO ROSA<br>CARLOS EDUARDO MARCHI SANTOS<br>CARLOS HENRIQUE RODRIGUES DA SILVA<br>CLAUDEMIR JOSE FREIRE FERNANDO<br>EDUARDO OGLEARI<br>FELIPE ANGELINI LIMA CASTRO<br>FRANCIS AZEVEDO DA SILVA<br>GABRIEL APARECIDO RIBEIRO PAULINO<br>GABRIEL GALLO KAVABATA DE QUEIROZ<br>GABRIEL HENRIQUE RIBEIRO DE SOUZA<br>GIULIA ROBERTA CODATO GAVA SANTOS<br>GLORIA FIAMMA SOLER H. DOS SANTOS ROSA<br>GUILHERME RENATO PIRES MILLIATI<br>JOAO CARLOS D. DOS SANTOS RODRIGUES<br>JOAO PEDRO DUARTE MARQUES<br>JOAO VITOR PIMENTA<br>JOELI DE SOUZA<br>JOSE EDUARDO MORENO MACARINI<br>JOSILAINE ELIZENA NOGUEIRA<br>LETICIA DANIELLE DA SILVA<br>LUCAS DONATO BOLONECKER<br>LUIZ FELIPE ARRABACA APOLINARIO<br>MARCIO AURELIO DA SILVA<br>MATEUS HENRIQUE DE OLIVEIRA SENA<br>MYLENA BARBOSA FABRIS<br>PABLO HENRIQUE CORNETA DOS SANTOS<br>PEDRO AUGUSTO DOS SANTOS SILVA<br>RENAN MATHEUS MESSIAS<br>RONALDO DE OLIVEIRA NASCIMENTO<br>STEFANY MARTINS FERREIRA<br>STENIO J. DIAS<br>THEO FILIPI OLIVEIRA SILVA<br>THEO GOULART TAVARES DE LIMA ARAUJO<br>TIAGO HENRIQUE STORCH LIMA<br>VALMER CESAR BARBOSA SEMPREBOM<br>VERONICE DOS SANTOS ALVES<br>VICTOR MARTINEZ RINO<br>WESLEY MATHEUS DOS SANTOS<br>WILGNER GALAN FERREIRA DA SILVA<\/p>\n","protected":false},"excerpt":{"rendered":"<p>Cursos Inscritos Premiados 2024 Geografia Resumo da A\u00e7\u00e3o: Neste ano o curso de Geografia escolheu a Casa do Caminho para fazer o acolhimento com o Pr\u00eamio Boas Pr\u00e1ticas. E o leite foi o item apontando pela institui\u00e7\u00e3o como um dos itens de necessidade para as crian\u00e7as. Essa Institui\u00e7\u00e3o tem como miss\u00e3o educar, amparar, auxiliar, socorrer, [&hellip;]<\/p>\n","protected":false},"author":8,"featured_media":0,"parent":0,"menu_order":0,"comment_status":"closed","ping_status":"closed","template":"","meta":{"_acf_changed":false,"_themeisle_gutenberg_block_has_review":false,"footnotes":""},"class_list":["post-7071","page","type-page","status-publish","hentry"],"acf":[],"_links":{"self":[{"href":"https:\/\/sites.uel.br\/ser\/wp-json\/wp\/v2\/pages\/7071","targetHints":{"allow":["GET"]}}],"collection":[{"href":"https:\/\/sites.uel.br\/ser\/wp-json\/wp\/v2\/pages"}],"about":[{"href":"https:\/\/sites.uel.br\/ser\/wp-json\/wp\/v2\/types\/page"}],"author":[{"embeddable":true,"href":"https:\/\/sites.uel.br\/ser\/wp-json\/wp\/v2\/users\/8"}],"replies":[{"embeddable":true,"href":"https:\/\/sites.uel.br\/ser\/wp-json\/wp\/v2\/comments?post=7071"}],"version-history":[{"count":7,"href":"https:\/\/sites.uel.br\/ser\/wp-json\/wp\/v2\/pages\/7071\/revisions"}],"predecessor-version":[{"id":7407,"href":"https:\/\/sites.uel.br\/ser\/wp-json\/wp\/v2\/pages\/7071\/revisions\/7407"}],"wp:attachment":[{"href":"https:\/\/sites.uel.br\/ser\/wp-json\/wp\/v2\/media?parent=7071"}],"curies":[{"name":"wp","href":"https:\/\/api.w.org\/{rel}","templated":true}]}}